{"id":5521,"date":"2024-01-03T11:00:07","date_gmt":"2024-01-03T11:00:07","guid":{"rendered":"https:\/\/www.62n.fo\/?page_id=5521"},"modified":"2024-01-03T11:00:09","modified_gmt":"2024-01-03T11:00:09","slug":"kopi-incoming-links-til-mice-sidur","status":"publish","type":"page","link":"https:\/\/www.62n.fo\/en\/kopi-incoming-links-til-mice-sidur\/","title":{"rendered":"KOPI &#8211; Incoming\/links til MICE s\u00ed\u00f0ur"},"content":{"rendered":"\n<div id=\"cover-swiper_block_26e3d1b4ac0aaa8a48e39750525c3d7b\" class=\"lunnar-cover-swiper alignwide \">\n    \n            <div class=\"cover-swiper swiper\">\n            <div class=\"swiper-wrapper\">\n                                    <div class=\"swiper-slide cover\">\n                                                    <img loading=\"lazy\" decoding=\"async\" src=\"https:\/\/www.62n.fo\/wp-content\/uploads\/2023\/12\/shutterstock_1499497988-1600x1068.jpg\" width=\"1600\" height=\"1068\">\n                        \n                                                    <div class=\"cover-text\">\n                                                                    <h1>Funningsfj\u00f8r\u00f0ur<\/h1>\n                                \n                                                                    Chilling in the stunning Faroese nature, pure bliss.                                \n                                                            <\/div>\n                                            <\/div>\n                                    <div class=\"swiper-slide cover\">\n                                                    <img loading=\"lazy\" decoding=\"async\" src=\"https:\/\/www.62n.fo\/wp-content\/uploads\/2023\/12\/shutterstock_2124984956-1600x1066.jpg\" width=\"1600\" height=\"1066\">\n                        \n                                                    <div class=\"cover-text\">\n                                                                    <h1>Kirkjub\u00f8ur<\/h1>\n                                \n                                                                    Embark on a cultural journey through the Faroese heritage, exploring the epic cathedral and quaint farmer village of Kirkjub\u00f8ur.                                \n                                                            <\/div>\n                                            <\/div>\n                                    <div class=\"swiper-slide cover\">\n                                                    <img loading=\"lazy\" decoding=\"async\" src=\"https:\/\/www.62n.fo\/wp-content\/uploads\/2023\/12\/shutterstock_2320251867-1600x900.jpg\" width=\"1600\" height=\"900\">\n                        \n                                                    <div class=\"cover-text\">\n                                                                    <h1>Tr\u00e6lan\u00edpan and Leitisvatn<\/h1>\n                                \n                                                                    Discover the captivating Slave Cliff, where the convergence of a lake above the ocean creates a mesmerizing meeting point with the sea.                                \n                                                            <\/div>\n                                            <\/div>\n                            <\/div>\n\n            <div class=\"swiper-buttons\">\n                <div class=\"swiper-button-prev\"><\/div>\n\n                <div class=\"swiper-button-next\"><\/div>\n            <\/div>\n        <\/div>\n    <\/div>\n\n\n<div style=\"height:160px\" aria-hidden=\"true\" class=\"wp-block-spacer\"><\/div>\n\n\n\n<div id=\"shortcuts_block_805c3fc15d4b04593bd04d483a27ac01\" class=\"lunnar-shortcuts alignwide per-row-3\">\n\n            <a href=\"https:\/\/www.62n.fo\/incoming\/conferences-incentives\/\" class=\"shortcut-item\">\n            <div class=\"shortcut-item--image\">\n                            <\/div>\n\n            <div class=\"shortcut-item--action\">\n                <h3>Conferences &amp; Incentives<\/h3>\n\n                <img decoding=\"async\" src=\"https:\/\/www.62n.fo\/wp-content\/themes\/lunnar-62n-2023\/images\/icon-circle-chevron.svg\" class=\"injectable\" \/>            <\/div>\n        <\/a>\n            <a href=\"https:\/\/www.62n.fo\/incoming\/package-tours\/\" class=\"shortcut-item\">\n            <div class=\"shortcut-item--image\">\n                                    <img decoding=\"async\" src=\"https:\/\/www.62n.fo\/wp-content\/uploads\/2023\/12\/conference6.jpeg\" alt=\"\" \/>\n                            <\/div>\n\n            <div class=\"shortcut-item--action\">\n                <h3>Business Trips<\/h3>\n\n                <img decoding=\"async\" src=\"https:\/\/www.62n.fo\/wp-content\/themes\/lunnar-62n-2023\/images\/icon-circle-chevron.svg\" class=\"injectable\" \/>            <\/div>\n        <\/a>\n            <a href=\"https:\/\/www.62n.fo\/incoming\/day-yours\/\" class=\"shortcut-item\">\n            <div class=\"shortcut-item--image\">\n                                    <img decoding=\"async\" src=\"https:\/\/www.62n.fo\/wp-content\/uploads\/2022\/10\/RIB.jpg\" alt=\"\" \/>\n                            <\/div>\n\n            <div class=\"shortcut-item--action\">\n                <h3>Activities<\/h3>\n\n                <img decoding=\"async\" src=\"https:\/\/www.62n.fo\/wp-content\/themes\/lunnar-62n-2023\/images\/icon-circle-chevron.svg\" class=\"injectable\" \/>            <\/div>\n        <\/a>\n    <\/div>\n\n\n<div style=\"height:100px\" aria-hidden=\"true\" class=\"wp-block-spacer\"><\/div>\n\n\n\n<div id=\"destinations_block_6ecb84f7adfde85058631e9ed83c5747\" class=\"lunnar-destinations alignwide\">\n    \n            <div class=\"destinations-background\">\n            <div class=\"destinations-background--image\">\n                <img loading=\"lazy\" decoding=\"async\" src=\"https:\/\/www.62n.fo\/wp-content\/uploads\/2023\/11\/square-image.jpg\" width=\"1432\" height=\"621\">\n            <\/div>\n\n            <h1>Fer\u00f0ast um f\u00f8royska veturin<\/h1>\n        <\/div>\n\n        <div class=\"swiper lunnar-destinations-swiper\">\n            <div class=\"swiper-wrapper\">\n                                                        <div class=\"destination-column swiper-slide\">\n                        <div class=\"destination-heading\">\n                            <h1>1<\/h1>\n\n                            <h3>\n                                Spania                            <\/h3>\n                        <\/div>\n\n                        <div class=\"destination-club--text\">\n                            The Puffins and Gannets love this place. You will too. Get nature under your skin on this magnificent and wondrous journey to the &#8220;Islands of the Birds&#8221;                        <\/div>\n                    <\/div>\n                                                        <div class=\"destination-column swiper-slide\">\n                        <div class=\"destination-heading\">\n                            <h1>2<\/h1>\n\n                            <h3>\n                                Gran Canaria                            <\/h3>\n                        <\/div>\n\n                        <div class=\"destination-club--text\">\n                            An easy and beautiful walk along the Faroe Islands&#8217; largest lake to the beautiful waterfall B\u00f8sdalafossur in Mi\u00f0v\u00e1gur.                        <\/div>\n                    <\/div>\n                                                        <div class=\"destination-column swiper-slide\">\n                        <div class=\"destination-heading\">\n                            <h1>3<\/h1>\n\n                            <h3>\n                                Mallorca                            <\/h3>\n                        <\/div>\n\n                        <div class=\"destination-club--text\">\n                            On Sl\u00e6ttaratindur, you have all of the Faroe Islands at your feet. Do not miss the opportunity to enjoy the fabulous view from the islands&#8217; tallest mountain.                        <\/div>\n                    <\/div>\n                                                        <div class=\"destination-column swiper-slide\">\n                        <div class=\"destination-heading\">\n                            <h1>4<\/h1>\n\n                            <h3>\n                                Cruise                            <\/h3>\n                        <\/div>\n\n                        <div class=\"destination-club--text\">\n                            A nice trip along the old mountain path to the beautiful old village of Kirkjub\u00f8ur                        <\/div>\n                    <\/div>\n                                                        <div class=\"destination-column swiper-slide\">\n                        <div class=\"destination-heading\">\n                            <h1>5<\/h1>\n\n                            <h3>\n                                Italia                            <\/h3>\n                        <\/div>\n\n                        <div class=\"destination-club--text\">\n                            Lorem ipsum, dolor sit amet consectetur adipisicing elit. Deleniti unde repudiandae quis molestias cupiditate nesciunt reiciendis soluta omnis et beatae?                        <\/div>\n                    <\/div>\n                                                        <div class=\"destination-column swiper-slide\">\n                        <div class=\"destination-heading\">\n                            <h1>6<\/h1>\n\n                            <h3>\n                                Skotland                            <\/h3>\n                        <\/div>\n\n                        <div class=\"destination-club--text\">\n                            Lorem ipsum, dolor sit amet consectetur adipisicing elit. Deleniti unde repudiandae quis molestias cupiditate nesciunt reiciendis soluta omnis et beatae?                        <\/div>\n                    <\/div>\n                                                        <div class=\"destination-column swiper-slide\">\n                        <div class=\"destination-heading\">\n                            <h1>7<\/h1>\n\n                            <h3>\n                                Portugal                            <\/h3>\n                        <\/div>\n\n                        <div class=\"destination-club--text\">\n                                                    <\/div>\n                    <\/div>\n                                                        <div class=\"destination-column swiper-slide\">\n                        <div class=\"destination-heading\">\n                            <h1>8<\/h1>\n\n                            <h3>\n                                Lorem ipsum                            <\/h3>\n                        <\/div>\n\n                        <div class=\"destination-club--text\">\n                            Lorem ipsum, dolor sit amet consectetur adipisicing elit. Deleniti unde repudiandae quis molestias cupiditate nesciunt reiciendis soluta omnis et beatae?                        <\/div>\n                    <\/div>\n                \n            <\/div>\n\n            <div class=\"swiper-pagination\"><\/div>\n\n        <\/div>\n    <\/div>\n\n\n<div style=\"height:100px\" aria-hidden=\"true\" class=\"wp-block-spacer\"><\/div>\n\n\n\n<div id=\"selected-trips_block_8035c88d6508cfb4937949fa6a979e26\" class=\"lunnar-selected-trips alignwide\">\n            <a href=\"https:\/\/www.62n.fo\/en\/trip\/la-cacciatora\/\" class=\"selected-trip--item\">\n            <div class=\"selected-trip--image\">\n                                    <img loading=\"lazy\" decoding=\"async\" src=\"https:\/\/www.62n.fo\/wp-content\/uploads\/2023\/11\/Mynd-23.jpg\" width=\"340\" height=\"340\" style=\"object-position: 50% 50%;\" \/>\n                \n                                                        <div class=\"selected-trip--country\">\n                        <img decoding=\"async\" src=\"https:\/\/flagsapi.com\/IT\/flat\/64.png\" alt=\"IT\" \/>\n                        Canazei                    <\/div>\n                \n                <div class=\"selected-trip--image-overlay\"><\/div>\n            <\/div>\n\n            <div class=\"selected-trip--content\">\n                                    <div class=\"selected-trip--nights\">\n                        4 nights                    <\/div>\n                \n                <h3>La Cacciatora ****<\/h3>\n\n                                    <div class=\"selected-trip--price\">\n                        From 5.945 DKK                    <\/div>\n                            <\/div>\n        <\/a>\n            <a href=\"https:\/\/www.62n.fo\/?post_type=trip&#038;p=915\" class=\"selected-trip--item\">\n            <div class=\"selected-trip--image\">\n                                    <img loading=\"lazy\" decoding=\"async\" src=\"https:\/\/www.62n.fo\/wp-content\/uploads\/2023\/11\/MON_03_aerial-view-800x533.jpg\" width=\"800\" height=\"533\" style=\"object-position: 45.3157% 77.6250%;\" \/>\n                \n                \n                <div class=\"selected-trip--image-overlay\"><\/div>\n            <\/div>\n\n            <div class=\"selected-trip--content\">\n                                    <div class=\"selected-trip--nights\">\n                        7 nights                    <\/div>\n                \n                <h3>Aqua Hotel Montagut Suites****<\/h3>\n\n                                    <div class=\"selected-trip--price\">\n                        From 5395 DKK                    <\/div>\n                            <\/div>\n        <\/a>\n    <\/div>\n\n\n<div style=\"height:120px\" aria-hidden=\"true\" class=\"wp-block-spacer\"><\/div>\n","protected":false},"excerpt":{"rendered":"","protected":false},"author":3,"featured_media":0,"parent":0,"menu_order":0,"comment_status":"closed","ping_status":"closed","template":"","meta":{"_acf_changed":false,"_uag_custom_page_level_css":"","footnotes":""},"class_list":["post-5521","page","type-page","status-publish","hentry"],"acf":[],"yoast_head":"<!-- This site is optimized with the Yoast SEO plugin v27.4 - https:\/\/yoast.com\/product\/yoast-seo-wordpress\/ -->\n<title>KOPI - Incoming\/links til MICE s\u00ed\u00f0ur - 62N<\/title>\n<meta name=\"robots\" content=\"index, follow, max-snippet:-1, max-image-preview:large, max-video-preview:-1\" \/>\n<link rel=\"canonical\" href=\"https:\/\/www.62n.fo\/en\/kopi-incoming-links-til-mice-sidur\/\" \/>\n<meta property=\"og:locale\" content=\"en_US\" \/>\n<meta property=\"og:type\" content=\"article\" \/>\n<meta property=\"og:title\" content=\"KOPI - Incoming\/links til MICE s\u00ed\u00f0ur - 62N\" \/>\n<meta property=\"og:url\" content=\"https:\/\/www.62n.fo\/en\/kopi-incoming-links-til-mice-sidur\/\" \/>\n<meta property=\"og:site_name\" content=\"62N\" \/>\n<meta property=\"article:modified_time\" content=\"2024-01-03T11:00:09+00:00\" \/>\n<meta name=\"twitter:card\" content=\"summary_large_image\" \/>\n<script type=\"application\/ld+json\" class=\"yoast-schema-graph\">{\"@context\":\"https:\\\/\\\/schema.org\",\"@graph\":[{\"@type\":\"WebPage\",\"@id\":\"https:\\\/\\\/www.62n.fo\\\/en\\\/kopi-incoming-links-til-mice-sidur\\\/\",\"url\":\"https:\\\/\\\/www.62n.fo\\\/en\\\/kopi-incoming-links-til-mice-sidur\\\/\",\"name\":\"KOPI - Incoming\\\/links til MICE s\u00ed\u00f0ur - 62N\",\"isPartOf\":{\"@id\":\"https:\\\/\\\/www.62n.fo\\\/en\\\/#website\"},\"datePublished\":\"2024-01-03T11:00:07+00:00\",\"dateModified\":\"2024-01-03T11:00:09+00:00\",\"breadcrumb\":{\"@id\":\"https:\\\/\\\/www.62n.fo\\\/en\\\/kopi-incoming-links-til-mice-sidur\\\/#breadcrumb\"},\"inLanguage\":\"en-US\",\"potentialAction\":[{\"@type\":\"ReadAction\",\"target\":[\"https:\\\/\\\/www.62n.fo\\\/en\\\/kopi-incoming-links-til-mice-sidur\\\/\"]}]},{\"@type\":\"BreadcrumbList\",\"@id\":\"https:\\\/\\\/www.62n.fo\\\/en\\\/kopi-incoming-links-til-mice-sidur\\\/#breadcrumb\",\"itemListElement\":[{\"@type\":\"ListItem\",\"position\":1,\"name\":\"Home\",\"item\":\"https:\\\/\\\/www.62n.fo\\\/en\\\/\"},{\"@type\":\"ListItem\",\"position\":2,\"name\":\"KOPI &#8211; Incoming\\\/links til MICE s\u00ed\u00f0ur\"}]},{\"@type\":\"WebSite\",\"@id\":\"https:\\\/\\\/www.62n.fo\\\/en\\\/#website\",\"url\":\"https:\\\/\\\/www.62n.fo\\\/en\\\/\",\"name\":\"62N\",\"description\":\"Just another WordPress site\",\"potentialAction\":[{\"@type\":\"SearchAction\",\"target\":{\"@type\":\"EntryPoint\",\"urlTemplate\":\"https:\\\/\\\/www.62n.fo\\\/en\\\/?s={search_term_string}\"},\"query-input\":{\"@type\":\"PropertyValueSpecification\",\"valueRequired\":true,\"valueName\":\"search_term_string\"}}],\"inLanguage\":\"en-US\"}]}<\/script>\n<!-- \/ Yoast SEO plugin. -->","yoast_head_json":{"title":"KOPI - Incoming\/links til MICE s\u00ed\u00f0ur - 62N","robots":{"index":"index","follow":"follow","max-snippet":"max-snippet:-1","max-image-preview":"max-image-preview:large","max-video-preview":"max-video-preview:-1"},"canonical":"https:\/\/www.62n.fo\/en\/kopi-incoming-links-til-mice-sidur\/","og_locale":"en_US","og_type":"article","og_title":"KOPI - Incoming\/links til MICE s\u00ed\u00f0ur - 62N","og_url":"https:\/\/www.62n.fo\/en\/kopi-incoming-links-til-mice-sidur\/","og_site_name":"62N","article_modified_time":"2024-01-03T11:00:09+00:00","twitter_card":"summary_large_image","schema":{"@context":"https:\/\/schema.org","@graph":[{"@type":"WebPage","@id":"https:\/\/www.62n.fo\/en\/kopi-incoming-links-til-mice-sidur\/","url":"https:\/\/www.62n.fo\/en\/kopi-incoming-links-til-mice-sidur\/","name":"KOPI - Incoming\/links til MICE s\u00ed\u00f0ur - 62N","isPartOf":{"@id":"https:\/\/www.62n.fo\/en\/#website"},"datePublished":"2024-01-03T11:00:07+00:00","dateModified":"2024-01-03T11:00:09+00:00","breadcrumb":{"@id":"https:\/\/www.62n.fo\/en\/kopi-incoming-links-til-mice-sidur\/#breadcrumb"},"inLanguage":"en-US","potentialAction":[{"@type":"ReadAction","target":["https:\/\/www.62n.fo\/en\/kopi-incoming-links-til-mice-sidur\/"]}]},{"@type":"BreadcrumbList","@id":"https:\/\/www.62n.fo\/en\/kopi-incoming-links-til-mice-sidur\/#breadcrumb","itemListElement":[{"@type":"ListItem","position":1,"name":"Home","item":"https:\/\/www.62n.fo\/en\/"},{"@type":"ListItem","position":2,"name":"KOPI &#8211; Incoming\/links til MICE s\u00ed\u00f0ur"}]},{"@type":"WebSite","@id":"https:\/\/www.62n.fo\/en\/#website","url":"https:\/\/www.62n.fo\/en\/","name":"62N","description":"Just another WordPress site","potentialAction":[{"@type":"SearchAction","target":{"@type":"EntryPoint","urlTemplate":"https:\/\/www.62n.fo\/en\/?s={search_term_string}"},"query-input":{"@type":"PropertyValueSpecification","valueRequired":true,"valueName":"search_term_string"}}],"inLanguage":"en-US"}]}},"uagb_featured_image_src":{"full":false,"thumbnail":false,"medium":false,"medium_large":false,"large":false,"1536x1536":false,"2048x2048":false},"uagb_author_info":{"display_name":"olav@62n.fo","author_link":"https:\/\/www.62n.fo\/en\/author\/olav62n-fo\/"},"uagb_comment_info":0,"uagb_excerpt":null,"_links":{"self":[{"href":"https:\/\/www.62n.fo\/en\/wp-json\/wp\/v2\/pages\/5521","targetHints":{"allow":["GET"]}}],"collection":[{"href":"https:\/\/www.62n.fo\/en\/wp-json\/wp\/v2\/pages"}],"about":[{"href":"https:\/\/www.62n.fo\/en\/wp-json\/wp\/v2\/types\/page"}],"author":[{"embeddable":true,"href":"https:\/\/www.62n.fo\/en\/wp-json\/wp\/v2\/users\/3"}],"replies":[{"embeddable":true,"href":"https:\/\/www.62n.fo\/en\/wp-json\/wp\/v2\/comments?post=5521"}],"version-history":[{"count":1,"href":"https:\/\/www.62n.fo\/en\/wp-json\/wp\/v2\/pages\/5521\/revisions"}],"predecessor-version":[{"id":5522,"href":"https:\/\/www.62n.fo\/en\/wp-json\/wp\/v2\/pages\/5521\/revisions\/5522"}],"wp:attachment":[{"href":"https:\/\/www.62n.fo\/en\/wp-json\/wp\/v2\/media?parent=5521"}],"curies":[{"name":"wp","href":"https:\/\/api.w.org\/{rel}","templated":true}]}}