{"id":17338,"date":"2025-02-07T15:34:43","date_gmt":"2025-02-07T15:34:43","guid":{"rendered":"https:\/\/www.62n.fo\/?page_id=17338"},"modified":"2025-02-07T16:05:28","modified_gmt":"2025-02-07T16:05:28","slug":"organisers","status":"publish","type":"page","link":"https:\/\/www.62n.fo\/en\/27th-ervo-meeting\/organisers\/","title":{"rendered":"Organisers"},"content":{"rendered":"\n<div id=\"cover-swiper_block_e88340f017dcb457977065b2c0334f6f\" class=\"lunnar-cover-swiper alignwide \">\n    \n            <div class=\"cover-swiper swiper\">\n            <div class=\"swiper-wrapper\">\n                                    <div class=\"swiper-slide cover\">\n                                                    <img loading=\"lazy\" decoding=\"async\" src=\"https:\/\/www.62n.fo\/wp-content\/uploads\/2022\/10\/lundar.jpg\" width=\"1600\" height=\"1066\">\n                        \n                                                    <div class=\"cover-text\">\n                                                                    <h1>Organisers<\/h1>\n                                \n                                \n                                                            <\/div>\n                                            <\/div>\n                            <\/div>\n\n            <div class=\"swiper-buttons\">\n                <div class=\"swiper-button-prev\"><\/div>\n\n                <div class=\"swiper-button-next\"><\/div>\n            <\/div>\n        <\/div>\n    <\/div>\n\n\n<div style=\"height:70px\" aria-hidden=\"true\" class=\"wp-block-spacer\"><\/div>\n\n\n\n<div class=\"wp-block-columns is-layout-flex wp-container-core-columns-is-layout-9d6595d7 wp-block-columns-is-layout-flex\">\n<div class=\"wp-block-column is-layout-flow wp-block-column-is-layout-flow\">\n<h2 class=\"wp-block-heading\">The 27th ERVO Meeting is Organised by the Following Organisations<\/h2>\n<\/div>\n\n\n\n<div class=\"wp-block-column is-vertically-aligned-center is-layout-flow wp-block-column-is-layout-flow\">\n<div class=\"wp-block-uagb-buttons uagb-buttons__outer-wrap uagb-btn__default-btn uagb-btn-tablet__default-btn uagb-btn-mobile__default-btn uagb-block-31f0a921\"><div class=\"uagb-buttons__wrap uagb-buttons-layout-wrap \">\n<div class=\"wp-block-uagb-buttons-child uagb-buttons__outer-wrap uagb-block-4df83a09 wp-block-button\"><div class=\"uagb-button__wrapper\"><a class=\"uagb-buttons-repeater wp-block-button__link\" aria-label=\"\" href=\"https:\/\/www.62n.fo\/en\/27th-ervo-meeting\/\" rel=\"follow noopener\" target=\"_self\" role=\"button\"><div class=\"uagb-button__link\">Return to Front Page<\/div><\/a><\/div><\/div>\n<\/div><\/div>\n<\/div>\n<\/div>\n\n\n\n<div class=\"wp-block-uagb-container uagb-block-87aa2197 alignfull uagb-is-root-container\"><div class=\"uagb-container-inner-blocks-wrap\">\n<div class=\"wp-block-uagb-container uagb-block-c920cc52\">\n<div class=\"wp-block-uagb-image uagb-block-0c5a13c3 wp-block-uagb-image--layout-default wp-block-uagb-image--effect-static wp-block-uagb-image--align-none\"><figure class=\"wp-block-uagb-image__figure\"><img decoding=\"async\" srcset=\"https:\/\/www.62n.fo\/wp-content\/uploads\/2025\/01\/Bumerki-Havstovan-1.png ,https:\/\/www.62n.fo\/wp-content\/uploads\/2025\/01\/Bumerki-Havstovan-1.png 780w, https:\/\/www.62n.fo\/wp-content\/uploads\/2025\/01\/Bumerki-Havstovan-1.png 360w\" sizes=\"auto, (max-width: 480px) 150px\" src=\"https:\/\/www.62n.fo\/wp-content\/uploads\/2025\/01\/Bumerki-Havstovan-1.png\" alt=\"\" class=\"uag-image-16647\" width=\"1361\" height=\"281\" title=\"Bumerki-Havstovan-1\" loading=\"lazy\" role=\"img\"\/><\/figure><\/div>\n<\/div>\n\n\n\n<div class=\"wp-block-uagb-container uagb-block-3dfaae86\">\n<div class=\"wp-block-uagb-image uagb-block-3ca65fed wp-block-uagb-image--layout-default wp-block-uagb-image--effect-static wp-block-uagb-image--align-none\"><figure class=\"wp-block-uagb-image__figure\"><img decoding=\"async\" srcset=\"https:\/\/www.62n.fo\/wp-content\/uploads\/2025\/01\/logo_cores02_positivo-1600x1132.jpg ,https:\/\/www.62n.fo\/wp-content\/uploads\/2025\/01\/logo_cores02_positivo.jpg 780w, https:\/\/www.62n.fo\/wp-content\/uploads\/2025\/01\/logo_cores02_positivo.jpg 360w\" sizes=\"auto, (max-width: 480px) 150px\" src=\"https:\/\/www.62n.fo\/wp-content\/uploads\/2025\/01\/logo_cores02_positivo-1600x1132.jpg\" alt=\"\" class=\"uag-image-16650\" width=\"287\" height=\"202\" title=\"logo_cores02_positivo\" loading=\"lazy\" role=\"img\"\/><\/figure><\/div>\n<\/div>\n\n\n\n<div class=\"wp-block-uagb-container uagb-block-d1796180\">\n<div class=\"wp-block-group is-layout-constrained wp-block-group-is-layout-constrained\">\n<p>Havstovan is the Marine Research Institute of the Faroe Islands and is an independent advisory institution under the Ministry of Fisheries.<\/p>\n\n\n\n<p>Havstovan conducts research on the Faroese marine environment and its living resources, provides advice to authorities on the sustainable exploitation of fish stocks, collects data from surveys conducted in collaboration with the fishing industry or onboard research vessels, participates in international cooperation, including within ICES, and disseminates research findings.<\/p>\n\n\n\n<p>Havstovan&#8217;s activities specifically include stock assessments of Faroese demersal fish stocks, pelagic fish in cooperation with neighboring coastal states, and other fish stocks of Faroese interest.<\/p>\n\n\n\n<p>Additionally, Havstovan carries out studies of the marine environment and all factors that enhance understanding of the influences on fish resources. This includes oceanographic measurements of physical and chemical conditions in the sea, such as seabed mapping, current measurements, seismic studies, and related activities.<\/p>\n\n\n\n<p>All research conducted by the marine research vessel <em>J\u00e1kup Sverri<\/em> contributes to knowledge about the marine environment.<\/p>\n\n\n\n<p>Havstovan works towards the sustainable management of fish stocks and ecosystems, with the aim of ensuring enduring income from fisheries for the Faroe Islands.<\/p>\n<\/div>\n\n\n\n<div class=\"wp-block-group is-layout-constrained wp-block-group-is-layout-constrained\">\n<p><strong>Address: N\u00f3at\u00fan 1, 100 T\u00f3rshavn, Faroe Islands<\/strong><\/p>\n\n\n\n<p><strong>Phone: +298 353900<\/strong><\/p>\n\n\n\n<p><strong>E-mail: hav@hav.fo<\/strong><\/p>\n\n\n\n<p><strong>Website: www.hav.fo<\/strong><\/p>\n<\/div>\n<\/div>\n\n\n\n<div class=\"wp-block-uagb-container uagb-block-e0243279\">\n<div class=\"wp-block-group is-layout-constrained wp-block-group-is-layout-constrained\">\n<p>The European Research Vessels Operators (ERVO) is an organisation of research vessel operators that promote the co-ordination of small to medium-sized research vessels in Europe.<\/p>\n\n\n\n<p>It was founded in 1999 as a complement to the Ocean Fleets Exchange Group (OFEG) (see www.ofeg.org ) and International Ship operators Meeting (ISOM) (see www.irso.info ), both established a few years earlier.<\/p>\n\n\n\n<p>ERVO is an open, member driven, non-profit group of European research vessel operators, and therefore does not report to any other group, organization or authority.<\/p>\n\n\n\n<p>The ERVO general assembly is the governing body of ERVO and consists of all ERVO members present at the annual ERVO meeting.<\/p>\n\n\n\n<p>ERVO membership is open to all European research vessel owners\/operators from governmental organizations. New members will be formally accepted at the annual ERVO meetings.<\/p>\n\n\n\n<p>EurOcean (see www.eurocean.org ) and the EUROFLEETS project(s) (see www.eurofleets.eu) are considered as ERVO partners.<\/p>\n\n\n\n<p>Private research vessel operators\/companies, insurance companies, naval architects, policy makers, classification societies, scientists and other interested parties are welcome to attend, as guests, at the annual ERVO meetings<\/p>\n<\/div>\n\n\n\n<div class=\"wp-block-group is-layout-constrained wp-block-group-is-layout-constrained\">\n<p><strong>Contact:<\/strong> <strong>Aodhan Fitzgerald, Chairman ERVO<\/strong><\/p>\n\n\n\n<p><strong>E-mail:<\/strong> <strong>afitzgerald@marine.ie<\/strong><\/p>\n\n\n\n<p><strong>Website: www.ervo-group.eu<\/strong><\/p>\n<\/div>\n<\/div>\n<\/div><\/div>\n\n\n\n<div style=\"height:50px\" aria-hidden=\"true\" class=\"wp-block-spacer\"><\/div>\n\n\n\n<h2 class=\"wp-block-heading has-normal-font-size\">Practical Organiser<\/h2>\n\n\n\n<p>62\u00b0N takes care of every practical detail involved in the conference planning and organization.<\/p>\n\n\n\n<p>Established in 1963, 62\u00b0N is the leading and most experienced travel agency and operator in the Faroe Islands. With a team of dedicated and innovative specialists, the agency provides exceptional travel experiences and unforgettable events. Their expertise covers all aspects of travel and event organization, ensuring successful and memorable meetings, incentives, conferences, and events.<\/p>\n\n\n\n<p><strong>For any inquiries about the conference or the Faroe Islands, please reach out to 62\u00b0N at:<\/strong><\/p>\n\n\n\n<p><\/p>\n\n\n\n<h2 class=\"wp-block-heading has-text-align-center\">+298 34 00 00 \/ <a href=\"mailto:mice@62n.fo\">mice@62n.fo<\/a><\/h2>\n","protected":false},"excerpt":{"rendered":"<p>The 27th ERVO Meeting is Organised by the Following Organisations Havstovan is the Marine Research Institute of the Faroe Islands and is an independent advisory institution under the Ministry of Fisheries. Havstovan conducts research on the Faroese marine environment and its living resources, provides advice to authorities on the sustainable exploitation of fish stocks, collects [&hellip;]<\/p>\n","protected":false},"author":5,"featured_media":0,"parent":15966,"menu_order":0,"comment_status":"closed","ping_status":"closed","template":"","meta":{"_acf_changed":false,"_uag_custom_page_level_css":"","footnotes":""},"class_list":["post-17338","page","type-page","status-publish","hentry"],"acf":[],"yoast_head":"<!-- This site is optimized with the Yoast SEO plugin v27.4 - https:\/\/yoast.com\/product\/yoast-seo-wordpress\/ -->\n<title>Organisers - 62N<\/title>\n<meta name=\"robots\" content=\"index, follow, max-snippet:-1, max-image-preview:large, max-video-preview:-1\" \/>\n<link rel=\"canonical\" href=\"https:\/\/www.62n.fo\/en\/27th-ervo-meeting\/organisers\/\" \/>\n<meta property=\"og:locale\" content=\"en_US\" \/>\n<meta property=\"og:type\" content=\"article\" \/>\n<meta property=\"og:title\" content=\"Organisers - 62N\" \/>\n<meta property=\"og:description\" content=\"The 27th ERVO Meeting is Organised by the Following Organisations Havstovan is the Marine Research Institute of the Faroe Islands and is an independent advisory institution under the Ministry of Fisheries. Havstovan conducts research on the Faroese marine environment and its living resources, provides advice to authorities on the sustainable exploitation of fish stocks, collects [&hellip;]\" \/>\n<meta property=\"og:url\" content=\"https:\/\/www.62n.fo\/en\/27th-ervo-meeting\/organisers\/\" \/>\n<meta property=\"og:site_name\" content=\"62N\" \/>\n<meta property=\"article:modified_time\" content=\"2025-02-07T16:05:28+00:00\" \/>\n<meta property=\"og:image\" content=\"https:\/\/www.62n.fo\/wp-content\/uploads\/2025\/01\/Bumerki-Havstovan-1.png\" \/>\n<meta name=\"twitter:card\" content=\"summary_large_image\" \/>\n<meta name=\"twitter:label1\" content=\"Est. reading time\" \/>\n\t<meta name=\"twitter:data1\" content=\"3 minutes\" \/>\n<script type=\"application\/ld+json\" class=\"yoast-schema-graph\">{\"@context\":\"https:\\\/\\\/schema.org\",\"@graph\":[{\"@type\":\"WebPage\",\"@id\":\"https:\\\/\\\/www.62n.fo\\\/en\\\/27th-ervo-meeting\\\/organisers\\\/\",\"url\":\"https:\\\/\\\/www.62n.fo\\\/en\\\/27th-ervo-meeting\\\/organisers\\\/\",\"name\":\"Organisers - 62N\",\"isPartOf\":{\"@id\":\"https:\\\/\\\/www.62n.fo\\\/en\\\/#website\"},\"primaryImageOfPage\":{\"@id\":\"https:\\\/\\\/www.62n.fo\\\/en\\\/27th-ervo-meeting\\\/organisers\\\/#primaryimage\"},\"image\":{\"@id\":\"https:\\\/\\\/www.62n.fo\\\/en\\\/27th-ervo-meeting\\\/organisers\\\/#primaryimage\"},\"thumbnailUrl\":\"https:\\\/\\\/www.62n.fo\\\/wp-content\\\/uploads\\\/2025\\\/01\\\/Bumerki-Havstovan-1.png\",\"datePublished\":\"2025-02-07T15:34:43+00:00\",\"dateModified\":\"2025-02-07T16:05:28+00:00\",\"breadcrumb\":{\"@id\":\"https:\\\/\\\/www.62n.fo\\\/en\\\/27th-ervo-meeting\\\/organisers\\\/#breadcrumb\"},\"inLanguage\":\"en-US\",\"potentialAction\":[{\"@type\":\"ReadAction\",\"target\":[\"https:\\\/\\\/www.62n.fo\\\/en\\\/27th-ervo-meeting\\\/organisers\\\/\"]}]},{\"@type\":\"ImageObject\",\"inLanguage\":\"en-US\",\"@id\":\"https:\\\/\\\/www.62n.fo\\\/en\\\/27th-ervo-meeting\\\/organisers\\\/#primaryimage\",\"url\":\"https:\\\/\\\/www.62n.fo\\\/wp-content\\\/uploads\\\/2025\\\/01\\\/Bumerki-Havstovan-1.png\",\"contentUrl\":\"https:\\\/\\\/www.62n.fo\\\/wp-content\\\/uploads\\\/2025\\\/01\\\/Bumerki-Havstovan-1.png\"},{\"@type\":\"BreadcrumbList\",\"@id\":\"https:\\\/\\\/www.62n.fo\\\/en\\\/27th-ervo-meeting\\\/organisers\\\/#breadcrumb\",\"itemListElement\":[{\"@type\":\"ListItem\",\"position\":1,\"name\":\"Home\",\"item\":\"https:\\\/\\\/www.62n.fo\\\/en\\\/\"},{\"@type\":\"ListItem\",\"position\":2,\"name\":\"27th ERVO Meeting\",\"item\":\"https:\\\/\\\/www.62n.fo\\\/en\\\/27th-ervo-meeting\\\/\"},{\"@type\":\"ListItem\",\"position\":3,\"name\":\"Organisers\"}]},{\"@type\":\"WebSite\",\"@id\":\"https:\\\/\\\/www.62n.fo\\\/en\\\/#website\",\"url\":\"https:\\\/\\\/www.62n.fo\\\/en\\\/\",\"name\":\"62N\",\"description\":\"Just another WordPress site\",\"potentialAction\":[{\"@type\":\"SearchAction\",\"target\":{\"@type\":\"EntryPoint\",\"urlTemplate\":\"https:\\\/\\\/www.62n.fo\\\/en\\\/?s={search_term_string}\"},\"query-input\":{\"@type\":\"PropertyValueSpecification\",\"valueRequired\":true,\"valueName\":\"search_term_string\"}}],\"inLanguage\":\"en-US\"}]}<\/script>\n<!-- \/ Yoast SEO plugin. -->","yoast_head_json":{"title":"Organisers - 62N","robots":{"index":"index","follow":"follow","max-snippet":"max-snippet:-1","max-image-preview":"max-image-preview:large","max-video-preview":"max-video-preview:-1"},"canonical":"https:\/\/www.62n.fo\/en\/27th-ervo-meeting\/organisers\/","og_locale":"en_US","og_type":"article","og_title":"Organisers - 62N","og_description":"The 27th ERVO Meeting is Organised by the Following Organisations Havstovan is the Marine Research Institute of the Faroe Islands and is an independent advisory institution under the Ministry of Fisheries. Havstovan conducts research on the Faroese marine environment and its living resources, provides advice to authorities on the sustainable exploitation of fish stocks, collects [&hellip;]","og_url":"https:\/\/www.62n.fo\/en\/27th-ervo-meeting\/organisers\/","og_site_name":"62N","article_modified_time":"2025-02-07T16:05:28+00:00","og_image":[{"url":"https:\/\/www.62n.fo\/wp-content\/uploads\/2025\/01\/Bumerki-Havstovan-1.png","type":"","width":"","height":""}],"twitter_card":"summary_large_image","twitter_misc":{"Est. reading time":"3 minutes"},"schema":{"@context":"https:\/\/schema.org","@graph":[{"@type":"WebPage","@id":"https:\/\/www.62n.fo\/en\/27th-ervo-meeting\/organisers\/","url":"https:\/\/www.62n.fo\/en\/27th-ervo-meeting\/organisers\/","name":"Organisers - 62N","isPartOf":{"@id":"https:\/\/www.62n.fo\/en\/#website"},"primaryImageOfPage":{"@id":"https:\/\/www.62n.fo\/en\/27th-ervo-meeting\/organisers\/#primaryimage"},"image":{"@id":"https:\/\/www.62n.fo\/en\/27th-ervo-meeting\/organisers\/#primaryimage"},"thumbnailUrl":"https:\/\/www.62n.fo\/wp-content\/uploads\/2025\/01\/Bumerki-Havstovan-1.png","datePublished":"2025-02-07T15:34:43+00:00","dateModified":"2025-02-07T16:05:28+00:00","breadcrumb":{"@id":"https:\/\/www.62n.fo\/en\/27th-ervo-meeting\/organisers\/#breadcrumb"},"inLanguage":"en-US","potentialAction":[{"@type":"ReadAction","target":["https:\/\/www.62n.fo\/en\/27th-ervo-meeting\/organisers\/"]}]},{"@type":"ImageObject","inLanguage":"en-US","@id":"https:\/\/www.62n.fo\/en\/27th-ervo-meeting\/organisers\/#primaryimage","url":"https:\/\/www.62n.fo\/wp-content\/uploads\/2025\/01\/Bumerki-Havstovan-1.png","contentUrl":"https:\/\/www.62n.fo\/wp-content\/uploads\/2025\/01\/Bumerki-Havstovan-1.png"},{"@type":"BreadcrumbList","@id":"https:\/\/www.62n.fo\/en\/27th-ervo-meeting\/organisers\/#breadcrumb","itemListElement":[{"@type":"ListItem","position":1,"name":"Home","item":"https:\/\/www.62n.fo\/en\/"},{"@type":"ListItem","position":2,"name":"27th ERVO Meeting","item":"https:\/\/www.62n.fo\/en\/27th-ervo-meeting\/"},{"@type":"ListItem","position":3,"name":"Organisers"}]},{"@type":"WebSite","@id":"https:\/\/www.62n.fo\/en\/#website","url":"https:\/\/www.62n.fo\/en\/","name":"62N","description":"Just another WordPress site","potentialAction":[{"@type":"SearchAction","target":{"@type":"EntryPoint","urlTemplate":"https:\/\/www.62n.fo\/en\/?s={search_term_string}"},"query-input":{"@type":"PropertyValueSpecification","valueRequired":true,"valueName":"search_term_string"}}],"inLanguage":"en-US"}]}},"uagb_featured_image_src":{"full":false,"thumbnail":false,"medium":false,"medium_large":false,"large":false,"1536x1536":false,"2048x2048":false},"uagb_author_info":{"display_name":"rannva@62n.fo","author_link":"https:\/\/www.62n.fo\/en\/author\/rannva62n-fo\/"},"uagb_comment_info":0,"uagb_excerpt":"The 27th ERVO Meeting is Organised by the Following Organisations Havstovan is the Marine Research Institute of the Faroe Islands and is an independent advisory institution under the Ministry of Fisheries. Havstovan conducts research on the Faroese marine environment and its living resources, provides advice to authorities on the sustainable exploitation of fish stocks, collects&hellip;","_links":{"self":[{"href":"https:\/\/www.62n.fo\/en\/wp-json\/wp\/v2\/pages\/17338","targetHints":{"allow":["GET"]}}],"collection":[{"href":"https:\/\/www.62n.fo\/en\/wp-json\/wp\/v2\/pages"}],"about":[{"href":"https:\/\/www.62n.fo\/en\/wp-json\/wp\/v2\/types\/page"}],"author":[{"embeddable":true,"href":"https:\/\/www.62n.fo\/en\/wp-json\/wp\/v2\/users\/5"}],"replies":[{"embeddable":true,"href":"https:\/\/www.62n.fo\/en\/wp-json\/wp\/v2\/comments?post=17338"}],"version-history":[{"count":4,"href":"https:\/\/www.62n.fo\/en\/wp-json\/wp\/v2\/pages\/17338\/revisions"}],"predecessor-version":[{"id":17370,"href":"https:\/\/www.62n.fo\/en\/wp-json\/wp\/v2\/pages\/17338\/revisions\/17370"}],"up":[{"embeddable":true,"href":"https:\/\/www.62n.fo\/en\/wp-json\/wp\/v2\/pages\/15966"}],"wp:attachment":[{"href":"https:\/\/www.62n.fo\/en\/wp-json\/wp\/v2\/media?parent=17338"}],"curies":[{"name":"wp","href":"https:\/\/api.w.org\/{rel}","templated":true}]}}