{"id":17318,"date":"2025-02-07T15:05:29","date_gmt":"2025-02-07T15:05:29","guid":{"rendered":"https:\/\/www.62n.fo\/?page_id=17318"},"modified":"2025-05-26T12:46:35","modified_gmt":"2025-05-26T11:46:35","slug":"program","status":"publish","type":"page","link":"https:\/\/www.62n.fo\/en\/nusct\/program\/","title":{"rendered":"Programme"},"content":{"rendered":"\n<div id=\"cover-swiper_block_c99c2db1fcd8958d7d89dd3e27108d12\" class=\"lunnar-cover-swiper alignwide \">\n    \n            <div class=\"cover-swiper swiper\">\n            <div class=\"swiper-wrapper\">\n                                    <div class=\"swiper-slide cover\">\n                                                    <img loading=\"lazy\" decoding=\"async\" src=\"https:\/\/www.62n.fo\/wp-content\/uploads\/2024\/02\/shutterstock_160377008-1600x1067.jpg\" width=\"1600\" height=\"1067\">\n                        \n                                            <\/div>\n                            <\/div>\n\n            <div class=\"swiper-buttons\">\n                <div class=\"swiper-button-prev\"><\/div>\n\n                <div class=\"swiper-button-next\"><\/div>\n            <\/div>\n        <\/div>\n    <\/div>\n\n\n<div style=\"height:70px\" aria-hidden=\"true\" class=\"wp-block-spacer\"><\/div>\n\n\n\n<div class=\"wp-block-columns is-layout-flex wp-container-core-columns-is-layout-9d6595d7 wp-block-columns-is-layout-flex\">\n<div class=\"wp-block-column is-layout-flow wp-block-column-is-layout-flow\">\n<h3 class=\"wp-block-heading has-large-font-size\">NUSCT History Conference Meeting Agenda<\/h3>\n<\/div>\n\n\n\n<div class=\"wp-block-column is-vertically-aligned-center is-layout-flow wp-block-column-is-layout-flow\">\n<div class=\"wp-block-uagb-buttons uagb-buttons__outer-wrap uagb-btn__default-btn uagb-btn-tablet__default-btn uagb-btn-mobile__default-btn uagb-block-31f0a921\"><div class=\"uagb-buttons__wrap uagb-buttons-layout-wrap \">\n<div class=\"wp-block-uagb-buttons-child uagb-buttons__outer-wrap uagb-block-4df83a09 wp-block-button\"><div class=\"uagb-button__wrapper\"><a class=\"uagb-buttons-repeater wp-block-button__link\" aria-label=\"\" href=\"https:\/\/www.62n.fo\/en\/nusct\/keynote-speakers\/\" rel=\"follow noopener\" target=\"_self\" role=\"button\"><div class=\"uagb-button__link\">Speakers<\/div><\/a><\/div><\/div>\n\n\n\n<div class=\"wp-block-uagb-buttons-child uagb-buttons__outer-wrap uagb-block-3a33a4ac wp-block-button\"><div class=\"uagb-button__wrapper\"><a class=\"uagb-buttons-repeater wp-block-button__link\" aria-label=\"\" href=\"https:\/\/www.62n.fo\/en\/nusct\" rel=\"follow noopener\" target=\"_self\" role=\"button\"><div class=\"uagb-button__link\">Return to Front Page<\/div><\/a><\/div><\/div>\n<\/div><\/div>\n<\/div>\n<\/div>\n\n\n\n<div style=\"height:20px\" aria-hidden=\"true\" class=\"wp-block-spacer\"><\/div>\n\n\n\n<p>The meeting agenda (first draft) will include an ice-breaker welcome reception on the evening of Sunday, 1st June.<\/p>\n\n\n\n<p><strong>Sunday 1. June<\/strong><\/p>\n\n\n\n<p>19.00 \u2013 20.00 Hotel Hilton, Ice-breaker in bar<\/p>\n\n\n\n<p><strong>Monday 2. June<\/strong><\/p>\n\n\n\n<p>08.30 Welcome and registration<\/p>\n\n\n\n<p>09.00 Introduction<\/p>\n\n\n\n<p>09:15 <strong>Sigri M. Gaini, F\u00f8royar<\/strong>: <em><em>Academic Freedom in Small Scale Societies<\/em><\/em><\/p>\n\n\n\n<p>09.45 <strong>Runa Preeti \u00cdsfeld<\/strong>, F\u00f8royar: <em>Demographic challenges \u2013 societal role of universities in terms of migration and gender<\/em><\/p>\n\n\n\n<p>10.15<strong> Erling Isholm, F\u00f8royar: <\/strong>Comparing different origins of universities from small countries and territories.<\/p>\n\n\n\n<p>10.45 <strong>Coffee<\/strong><\/p>\n\n\n\n<p>11.15 <strong>Sigur\u00f0ur Kristinsson and Anna \u00d3lafsd\u00f3ttir, Iceland<\/strong>: <em>The democratic value of universities in small-scale societies<\/em><\/p>\n\n\n\n<p>11.45 <strong>Jens Christian Svabo Justinussen, F\u00f8royar<\/strong>: <em>Small universities in small scale societies and the trade-off between specialisation and diversification<\/em><\/p>\n\n\n\n<p>12.15 <strong>Roberto Paci Dal\u00f2 and Alessandro Renzi, San Marino<\/strong>: <em>The Power of Radio<\/em><\/p>\n\n\n\n<p>12.45 \u2013 13.45 <strong>Lunch<\/strong><\/p>\n\n\n\n<p>13.45 Key-Note speaker:&nbsp; <strong>Gu\u00f0ni Thorlacius J\u00f3hannesson<\/strong>: <em>The last bastions of nationalism in academic circles<\/em><\/p>\n\n\n\n<p>14.30 <strong>Dewan Ahsen, Denmark:<\/strong> <em>Why Collaboration Between Universities, Industry, and Communities is Critical for Achieving Sustainability<\/em><\/p>\n\n\n\n<p>15.00 <strong>Coffee<\/strong><\/p>\n\n\n\n<p>15.30 <strong>Karen Venturini, San Marino<\/strong><em>: Developing innovative educational approaches to gender-based&nbsp;violence: the case of the University of San Marino<\/em><\/p>\n\n\n\n<p>16.00 <strong>Neboj\u0161a B. Vu\u010dini\u0107 and Sanja Grbovi\u0107, Montenegro: <\/strong><em>The Role of Universities in Montenegro in Preserving and Promoting Montenegrin Culture and Language in the Digital Age<\/em><\/p>\n\n\n\n<p>16.30&nbsp;<strong>END<\/strong><\/p>\n\n\n\n<p>17.30 \u2013 18.45 Optional sightseeing tour in the oldest part of T\u00f3rshavn. <em>Walking distance from venue to no-host dinner at Katrina Christiansen<\/em><\/p>\n\n\n\n<p><strong>Tuesday 3. June<\/strong><\/p>\n\n\n\n<p>09.00&nbsp;<strong>Montserrat Casalprim Ramonet og Cristina Y\u00e1\u00f1ez de Aldecoa<\/strong>: <em>The University of Andorra as a driver of social mobility and employability<\/em><\/p>\n\n\n\n<p>09.30 <strong>B\u00e1r\u00f0ur Larsen, F\u00f8royar:<\/strong> <em>Universities and the problem of academic authority in small societies<\/em><\/p>\n\n\n\n<p>10.00 <strong>Matthias Kokorsch, Iceland:<\/strong> <em>The University Centre og the Westfjords turns 20 \u2013 A success story in regional transformation and community development?<\/em><\/p>\n\n\n\n<p>10.30 <strong>Coffee<\/strong><\/p>\n\n\n\n<p>11.00 <strong>Erland Viberg Joensen, F\u00f8royar: <\/strong><em>The evolution of the Faroese University and other cultural and scientific institutions and the Faroese society in the 1950s and 1960s<\/em><\/p>\n\n\n\n<p>11.30 <strong>Marco Greggi, San Marino<\/strong>: <em>Small Societies and Special Needs: The Case for a Coherent Tax Policy<\/em><\/p>\n\n\n\n<p>12.15 \u2013 13.00<strong> Lunch<\/strong><\/p>\n\n\n\n<p>13.00 \u2013 18.00 <strong>Excursion to the island of V\u00e1gar,<\/strong> visiting M\u00falafoss, coffee &amp; cake in the small village B\u00f8 and guided tour to WW2 museum<\/p>\n\n\n\n<p>19.00 Arrival from hotel to Conference dinner in the historical village, <strong>Kirkjub\u00f8<\/strong><\/p>\n\n\n\n<p>19.15 \u2013 22.00<strong> Dinner <\/strong>in the old farm, Roykstovan<\/p>\n\n\n\n<p>22.00 \u2013 Taxi transport &nbsp;to the hotel&nbsp;<\/p>\n\n\n\n<div style=\"height:20px\" aria-hidden=\"true\" class=\"wp-block-spacer\"><\/div>\n\n\n\n<p><strong>KEYNOTE SPEAKER<\/strong><\/p>\n\n\n\n<div class=\"wp-block-uagb-container uagb-block-5fe717dd alignfull uagb-is-root-container\"><div class=\"uagb-container-inner-blocks-wrap\">\n<div class=\"wp-block-uagb-container uagb-block-a4fccb79\">\n<figure class=\"wp-block-image size-large\"><img loading=\"lazy\" decoding=\"async\" width=\"1367\" height=\"1600\" src=\"https:\/\/www.62n.fo\/wp-content\/uploads\/2025\/02\/Gudni-Th.-Johannesson-1367x1600.jpg\" alt=\"\" class=\"wp-image-18006\" srcset=\"https:\/\/www.62n.fo\/wp-content\/uploads\/2025\/02\/Gudni-Th.-Johannesson-1367x1600.jpg 1367w, https:\/\/www.62n.fo\/wp-content\/uploads\/2025\/02\/Gudni-Th.-Johannesson-683x800.jpg 683w, https:\/\/www.62n.fo\/wp-content\/uploads\/2025\/02\/Gudni-Th.-Johannesson-768x899.jpg 768w, https:\/\/www.62n.fo\/wp-content\/uploads\/2025\/02\/Gudni-Th.-Johannesson-1312x1536.jpg 1312w, https:\/\/www.62n.fo\/wp-content\/uploads\/2025\/02\/Gudni-Th.-Johannesson-1750x2048.jpg 1750w, https:\/\/www.62n.fo\/wp-content\/uploads\/2025\/02\/Gudni-Th.-Johannesson.jpg 2000w\" sizes=\"auto, (max-width: 1367px) 100vw, 1367px\" \/><\/figure>\n<\/div>\n\n\n\n<div class=\"wp-block-uagb-container uagb-block-a215d2d1\">\n<div class=\"wp-block-uagb-advanced-heading uagb-block-d0bc748e\"><h2 class=\"uagb-heading-text\"><strong><strong>Gu\u00f0ni Thorlacius J\u00f3hannesson<\/strong><\/strong><\/h2><\/div>\n\n\n\n<p><strong>Gu\u00f0ni Thorlacius J\u00f3hannesson<\/strong> is a professor of history at the university of Iceland and former president of Iceland<\/p>\n<\/div>\n<\/div><\/div>\n\n\n\n<div style=\"height:20px\" aria-hidden=\"true\" class=\"wp-block-spacer\"><\/div>\n\n\n\n<div style=\"height:50px\" aria-hidden=\"true\" class=\"wp-block-spacer\"><\/div>\n\n\n\n<div class=\"wp-block-columns is-layout-flex wp-container-core-columns-is-layout-9d6595d7 wp-block-columns-is-layout-flex\">\n<div class=\"wp-block-column is-layout-flow wp-block-column-is-layout-flow\">\n<div style=\"height:46px\" aria-hidden=\"true\" class=\"wp-block-spacer\"><\/div>\n\n\n\n<figure class=\"wp-block-image alignright size-full is-resized\"><img loading=\"lazy\" decoding=\"async\" width=\"421\" height=\"135\" src=\"https:\/\/www.62n.fo\/wp-content\/uploads\/2025\/02\/image-1.jpg\" alt=\"\" class=\"wp-image-17010\" style=\"width:318px;height:auto\"\/><\/figure>\n\n\n\n<div style=\"height:20px\" aria-hidden=\"true\" class=\"wp-block-spacer\"><\/div>\n<\/div>\n\n\n\n<div class=\"wp-block-column is-layout-flow wp-block-column-is-layout-flow\">\n<div style=\"height:23px\" aria-hidden=\"true\" class=\"wp-block-spacer\"><\/div>\n\n\n\n<div class=\"wp-block-columns is-layout-flex wp-container-core-columns-is-layout-9d6595d7 wp-block-columns-is-layout-flex\">\n<div class=\"wp-block-column is-layout-flow wp-block-column-is-layout-flow\" style=\"flex-basis:25%\">\n<div class=\"wp-block-columns is-layout-flex wp-container-core-columns-is-layout-9d6595d7 wp-block-columns-is-layout-flex\">\n<div class=\"wp-block-column is-layout-flow wp-block-column-is-layout-flow\"><\/div>\n<\/div>\n<\/div>\n\n\n\n<div class=\"wp-block-column is-vertically-aligned-top is-layout-flow wp-block-column-is-layout-flow\" style=\"flex-basis:50%\">\n<figure class=\"wp-block-image aligncenter size-full is-resized\"><img loading=\"lazy\" decoding=\"async\" width=\"362\" height=\"342\" src=\"https:\/\/www.62n.fo\/wp-content\/uploads\/2025\/02\/image-2.png\" alt=\"\" class=\"wp-image-17457\" style=\"width:149px;height:auto\"\/><\/figure>\n<\/div>\n\n\n\n<div class=\"wp-block-column is-layout-flow wp-block-column-is-layout-flow\"><\/div>\n\n\n\n<div class=\"wp-block-column is-layout-flow wp-block-column-is-layout-flow\" style=\"flex-basis:25%\"><\/div>\n<\/div>\n\n\n\n<div style=\"height:28px\" aria-hidden=\"true\" class=\"wp-block-spacer\"><\/div>\n<\/div>\n<\/div>\n\n\n\n<div style=\"height:50px\" aria-hidden=\"true\" class=\"wp-block-spacer\"><\/div>\n\n\n\n<p class=\"has-text-align-center\"><strong>For any inquiries about the conference or the Faroe Islands, please reach out to 62\u00b0N at:<\/strong><\/p>\n\n\n\n<p><\/p>\n\n\n\n<h2 class=\"wp-block-heading has-text-align-center\">+298 34 00 00 \/ <a href=\"mailto:mice@62n.fo\">mice@62n.fo<\/a><\/h2>\n","protected":false},"excerpt":{"rendered":"<p>NUSCT History Conference Meeting Agenda The meeting agenda (first draft) will include an ice-breaker welcome reception on the evening of Sunday, 1st June. Sunday 1. June 19.00 \u2013 20.00 Hotel Hilton, Ice-breaker in bar Monday 2. June 08.30 Welcome and registration 09.00 Introduction 09:15 Sigri M. Gaini, F\u00f8royar: Academic Freedom in Small Scale Societies 09.45 [&hellip;]<\/p>\n","protected":false},"author":3,"featured_media":0,"parent":17002,"menu_order":0,"comment_status":"closed","ping_status":"closed","template":"","meta":{"_acf_changed":false,"_uag_custom_page_level_css":"","footnotes":""},"class_list":["post-17318","page","type-page","status-publish","hentry"],"acf":[],"yoast_head":"<!-- This site is optimized with the Yoast SEO plugin v27.3 - https:\/\/yoast.com\/product\/yoast-seo-wordpress\/ -->\n<title>Programme - 62N<\/title>\n<meta name=\"robots\" content=\"index, follow, max-snippet:-1, max-image-preview:large, max-video-preview:-1\" \/>\n<link rel=\"canonical\" href=\"https:\/\/www.62n.fo\/en\/nusct\/program\/\" \/>\n<meta property=\"og:locale\" content=\"en_US\" \/>\n<meta property=\"og:type\" content=\"article\" \/>\n<meta property=\"og:title\" content=\"Programme - 62N\" \/>\n<meta property=\"og:description\" content=\"NUSCT History Conference Meeting Agenda The meeting agenda (first draft) will include an ice-breaker welcome reception on the evening of Sunday, 1st June. Sunday 1. June 19.00 \u2013 20.00 Hotel Hilton, Ice-breaker in bar Monday 2. June 08.30 Welcome and registration 09.00 Introduction 09:15 Sigri M. Gaini, F\u00f8royar: Academic Freedom in Small Scale Societies 09.45 [&hellip;]\" \/>\n<meta property=\"og:url\" content=\"https:\/\/www.62n.fo\/en\/nusct\/program\/\" \/>\n<meta property=\"og:site_name\" content=\"62N\" \/>\n<meta property=\"article:modified_time\" content=\"2025-05-26T11:46:35+00:00\" \/>\n<meta property=\"og:image\" content=\"https:\/\/www.62n.fo\/wp-content\/uploads\/2025\/02\/Gudni-Th.-Johannesson-1367x1600.jpg\" \/>\n<meta name=\"twitter:card\" content=\"summary_large_image\" \/>\n<meta name=\"twitter:label1\" content=\"Est. reading time\" \/>\n\t<meta name=\"twitter:data1\" content=\"3 minutes\" \/>\n<script type=\"application\/ld+json\" class=\"yoast-schema-graph\">{\"@context\":\"https:\\\/\\\/schema.org\",\"@graph\":[{\"@type\":\"WebPage\",\"@id\":\"https:\\\/\\\/www.62n.fo\\\/en\\\/nusct\\\/program\\\/\",\"url\":\"https:\\\/\\\/www.62n.fo\\\/en\\\/nusct\\\/program\\\/\",\"name\":\"Programme - 62N\",\"isPartOf\":{\"@id\":\"https:\\\/\\\/www.62n.fo\\\/en\\\/#website\"},\"primaryImageOfPage\":{\"@id\":\"https:\\\/\\\/www.62n.fo\\\/en\\\/nusct\\\/program\\\/#primaryimage\"},\"image\":{\"@id\":\"https:\\\/\\\/www.62n.fo\\\/en\\\/nusct\\\/program\\\/#primaryimage\"},\"thumbnailUrl\":\"https:\\\/\\\/www.62n.fo\\\/wp-content\\\/uploads\\\/2025\\\/02\\\/Gudni-Th.-Johannesson-1367x1600.jpg\",\"datePublished\":\"2025-02-07T15:05:29+00:00\",\"dateModified\":\"2025-05-26T11:46:35+00:00\",\"breadcrumb\":{\"@id\":\"https:\\\/\\\/www.62n.fo\\\/en\\\/nusct\\\/program\\\/#breadcrumb\"},\"inLanguage\":\"en-US\",\"potentialAction\":[{\"@type\":\"ReadAction\",\"target\":[\"https:\\\/\\\/www.62n.fo\\\/en\\\/nusct\\\/program\\\/\"]}]},{\"@type\":\"ImageObject\",\"inLanguage\":\"en-US\",\"@id\":\"https:\\\/\\\/www.62n.fo\\\/en\\\/nusct\\\/program\\\/#primaryimage\",\"url\":\"https:\\\/\\\/www.62n.fo\\\/wp-content\\\/uploads\\\/2025\\\/02\\\/Gudni-Th.-Johannesson-1367x1600.jpg\",\"contentUrl\":\"https:\\\/\\\/www.62n.fo\\\/wp-content\\\/uploads\\\/2025\\\/02\\\/Gudni-Th.-Johannesson-1367x1600.jpg\"},{\"@type\":\"BreadcrumbList\",\"@id\":\"https:\\\/\\\/www.62n.fo\\\/en\\\/nusct\\\/program\\\/#breadcrumb\",\"itemListElement\":[{\"@type\":\"ListItem\",\"position\":1,\"name\":\"Home\",\"item\":\"https:\\\/\\\/www.62n.fo\\\/en\\\/\"},{\"@type\":\"ListItem\",\"position\":2,\"name\":\"NUSCT\",\"item\":\"https:\\\/\\\/www.62n.fo\\\/en\\\/nusct\\\/\"},{\"@type\":\"ListItem\",\"position\":3,\"name\":\"Programme\"}]},{\"@type\":\"WebSite\",\"@id\":\"https:\\\/\\\/www.62n.fo\\\/en\\\/#website\",\"url\":\"https:\\\/\\\/www.62n.fo\\\/en\\\/\",\"name\":\"62N\",\"description\":\"Just another WordPress site\",\"potentialAction\":[{\"@type\":\"SearchAction\",\"target\":{\"@type\":\"EntryPoint\",\"urlTemplate\":\"https:\\\/\\\/www.62n.fo\\\/en\\\/?s={search_term_string}\"},\"query-input\":{\"@type\":\"PropertyValueSpecification\",\"valueRequired\":true,\"valueName\":\"search_term_string\"}}],\"inLanguage\":\"en-US\"}]}<\/script>\n<!-- \/ Yoast SEO plugin. -->","yoast_head_json":{"title":"Programme - 62N","robots":{"index":"index","follow":"follow","max-snippet":"max-snippet:-1","max-image-preview":"max-image-preview:large","max-video-preview":"max-video-preview:-1"},"canonical":"https:\/\/www.62n.fo\/en\/nusct\/program\/","og_locale":"en_US","og_type":"article","og_title":"Programme - 62N","og_description":"NUSCT History Conference Meeting Agenda The meeting agenda (first draft) will include an ice-breaker welcome reception on the evening of Sunday, 1st June. Sunday 1. June 19.00 \u2013 20.00 Hotel Hilton, Ice-breaker in bar Monday 2. June 08.30 Welcome and registration 09.00 Introduction 09:15 Sigri M. Gaini, F\u00f8royar: Academic Freedom in Small Scale Societies 09.45 [&hellip;]","og_url":"https:\/\/www.62n.fo\/en\/nusct\/program\/","og_site_name":"62N","article_modified_time":"2025-05-26T11:46:35+00:00","og_image":[{"url":"https:\/\/www.62n.fo\/wp-content\/uploads\/2025\/02\/Gudni-Th.-Johannesson-1367x1600.jpg","type":"","width":"","height":""}],"twitter_card":"summary_large_image","twitter_misc":{"Est. reading time":"3 minutes"},"schema":{"@context":"https:\/\/schema.org","@graph":[{"@type":"WebPage","@id":"https:\/\/www.62n.fo\/en\/nusct\/program\/","url":"https:\/\/www.62n.fo\/en\/nusct\/program\/","name":"Programme - 62N","isPartOf":{"@id":"https:\/\/www.62n.fo\/en\/#website"},"primaryImageOfPage":{"@id":"https:\/\/www.62n.fo\/en\/nusct\/program\/#primaryimage"},"image":{"@id":"https:\/\/www.62n.fo\/en\/nusct\/program\/#primaryimage"},"thumbnailUrl":"https:\/\/www.62n.fo\/wp-content\/uploads\/2025\/02\/Gudni-Th.-Johannesson-1367x1600.jpg","datePublished":"2025-02-07T15:05:29+00:00","dateModified":"2025-05-26T11:46:35+00:00","breadcrumb":{"@id":"https:\/\/www.62n.fo\/en\/nusct\/program\/#breadcrumb"},"inLanguage":"en-US","potentialAction":[{"@type":"ReadAction","target":["https:\/\/www.62n.fo\/en\/nusct\/program\/"]}]},{"@type":"ImageObject","inLanguage":"en-US","@id":"https:\/\/www.62n.fo\/en\/nusct\/program\/#primaryimage","url":"https:\/\/www.62n.fo\/wp-content\/uploads\/2025\/02\/Gudni-Th.-Johannesson-1367x1600.jpg","contentUrl":"https:\/\/www.62n.fo\/wp-content\/uploads\/2025\/02\/Gudni-Th.-Johannesson-1367x1600.jpg"},{"@type":"BreadcrumbList","@id":"https:\/\/www.62n.fo\/en\/nusct\/program\/#breadcrumb","itemListElement":[{"@type":"ListItem","position":1,"name":"Home","item":"https:\/\/www.62n.fo\/en\/"},{"@type":"ListItem","position":2,"name":"NUSCT","item":"https:\/\/www.62n.fo\/en\/nusct\/"},{"@type":"ListItem","position":3,"name":"Programme"}]},{"@type":"WebSite","@id":"https:\/\/www.62n.fo\/en\/#website","url":"https:\/\/www.62n.fo\/en\/","name":"62N","description":"Just another WordPress site","potentialAction":[{"@type":"SearchAction","target":{"@type":"EntryPoint","urlTemplate":"https:\/\/www.62n.fo\/en\/?s={search_term_string}"},"query-input":{"@type":"PropertyValueSpecification","valueRequired":true,"valueName":"search_term_string"}}],"inLanguage":"en-US"}]}},"uagb_featured_image_src":{"full":false,"thumbnail":false,"medium":false,"medium_large":false,"large":false,"1536x1536":false,"2048x2048":false},"uagb_author_info":{"display_name":"olav@62n.fo","author_link":"https:\/\/www.62n.fo\/en\/author\/olav62n-fo\/"},"uagb_comment_info":0,"uagb_excerpt":"NUSCT History Conference Meeting Agenda The meeting agenda (first draft) will include an ice-breaker welcome reception on the evening of Sunday, 1st June. Sunday 1. June 19.00 \u2013 20.00 Hotel Hilton, Ice-breaker in bar Monday 2. June 08.30 Welcome and registration 09.00 Introduction 09:15 Sigri M. Gaini, F\u00f8royar: Academic Freedom in Small Scale Societies 09.45&hellip;","_links":{"self":[{"href":"https:\/\/www.62n.fo\/en\/wp-json\/wp\/v2\/pages\/17318","targetHints":{"allow":["GET"]}}],"collection":[{"href":"https:\/\/www.62n.fo\/en\/wp-json\/wp\/v2\/pages"}],"about":[{"href":"https:\/\/www.62n.fo\/en\/wp-json\/wp\/v2\/types\/page"}],"author":[{"embeddable":true,"href":"https:\/\/www.62n.fo\/en\/wp-json\/wp\/v2\/users\/3"}],"replies":[{"embeddable":true,"href":"https:\/\/www.62n.fo\/en\/wp-json\/wp\/v2\/comments?post=17318"}],"version-history":[{"count":64,"href":"https:\/\/www.62n.fo\/en\/wp-json\/wp\/v2\/pages\/17318\/revisions"}],"predecessor-version":[{"id":18432,"href":"https:\/\/www.62n.fo\/en\/wp-json\/wp\/v2\/pages\/17318\/revisions\/18432"}],"up":[{"embeddable":true,"href":"https:\/\/www.62n.fo\/en\/wp-json\/wp\/v2\/pages\/17002"}],"wp:attachment":[{"href":"https:\/\/www.62n.fo\/en\/wp-json\/wp\/v2\/media?parent=17318"}],"curies":[{"name":"wp","href":"https:\/\/api.w.org\/{rel}","templated":true}]}}