{"id":17278,"date":"2025-02-07T14:00:56","date_gmt":"2025-02-07T14:00:56","guid":{"rendered":"https:\/\/www.62n.fo\/?page_id=17278"},"modified":"2025-02-19T10:22:15","modified_gmt":"2025-02-19T10:22:15","slug":"venue","status":"publish","type":"page","link":"https:\/\/www.62n.fo\/en\/nusct\/venue\/","title":{"rendered":"Venue"},"content":{"rendered":"\n<div id=\"cover-swiper_block_c90e88b91d729bc2f896f7242d8632f1\" class=\"lunnar-cover-swiper alignwide \">\n    \n            <div class=\"cover-swiper swiper\">\n            <div class=\"swiper-wrapper\">\n                                    <div class=\"swiper-slide cover\">\n                                                    <img loading=\"lazy\" decoding=\"async\" src=\"https:\/\/www.62n.fo\/wp-content\/uploads\/2025\/02\/shutterstock_2545471621-1600x1200.jpg\" width=\"1600\" height=\"1200\">\n                        \n                                            <\/div>\n                            <\/div>\n\n            <div class=\"swiper-buttons\">\n                <div class=\"swiper-button-prev\"><\/div>\n\n                <div class=\"swiper-button-next\"><\/div>\n            <\/div>\n        <\/div>\n    <\/div>\n\n\n<div style=\"height:70px\" aria-hidden=\"true\" class=\"wp-block-spacer\"><\/div>\n\n\n\n<div class=\"wp-block-group is-layout-constrained wp-block-group-is-layout-constrained\">\n<div class=\"wp-block-columns is-layout-flex wp-container-core-columns-is-layout-9d6595d7 wp-block-columns-is-layout-flex\">\n<div class=\"wp-block-column is-layout-flow wp-block-column-is-layout-flow\">\n<h2 class=\"wp-block-heading\">Fr\u00f3\u00f0skaparsetur F\u00f8roya<\/h2>\n<\/div>\n\n\n\n<div class=\"wp-block-column is-vertically-aligned-center is-layout-flow wp-block-column-is-layout-flow\">\n<div class=\"wp-block-uagb-buttons uagb-buttons__outer-wrap uagb-btn__default-btn uagb-btn-tablet__default-btn uagb-btn-mobile__default-btn uagb-block-31f0a921\"><div class=\"uagb-buttons__wrap uagb-buttons-layout-wrap \">\n<div class=\"wp-block-uagb-buttons-child uagb-buttons__outer-wrap uagb-block-4df83a09 wp-block-button\"><div class=\"uagb-button__wrapper\"><a class=\"uagb-buttons-repeater wp-block-button__link\" aria-label=\"\" href=\"https:\/\/www.62n.fo\/en\/nusct\/\" rel=\"follow noopener\" target=\"_self\" role=\"button\"><div class=\"uagb-button__link\">Return to Front Page<\/div><\/a><\/div><\/div>\n<\/div><\/div>\n<\/div>\n<\/div>\n<\/div>\n\n\n\n<div style=\"height:5px\" aria-hidden=\"true\" class=\"wp-block-spacer\"><\/div>\n\n\n\n<div class=\"wp-block-columns is-layout-flex wp-container-core-columns-is-layout-9d6595d7 wp-block-columns-is-layout-flex\">\n<div class=\"wp-block-column is-layout-flow wp-block-column-is-layout-flow\" style=\"flex-basis:100%\">\n<div class=\"wp-block-group is-layout-constrained wp-block-group-is-layout-constrained\">\n<p>The first NUSCT conference will be held at the Faculty of History and Social Sciences, J. Broncksg\u00f8ta 25, T\u00f3rshavn.<\/p>\n\n\n\n<p>The faculty is ideally located in the central part of the city, close to important cultural and educational institutions.<\/p>\n<\/div>\n<\/div>\n<\/div>\n\n\n\n<p class=\"has-text-align-left\"><strong>Address:  J\u00f3nas Broncksg\u00f8ta 25, 100 T\u00f3rshavn, Faroe Islands<\/strong><\/p>\n\n\n\n<div style=\"height:30px\" aria-hidden=\"true\" class=\"wp-block-spacer\"><\/div>\n\n\n\n<div id=\"gallery-slider_block_3d08466bd77814e59106ddcfbf872616\" class=\"lunnar-gallery-slider\">\n\n    \n            <div class=\"gallery-slider\">\n                            <div class=\"gallery-swiper--item\">\n                    <img loading=\"lazy\" decoding=\"async\" src=\"https:\/\/www.62n.fo\/wp-content\/uploads\/2025\/02\/jbrcksgota-3.jpg\" width=\"614\" height=\"768\" alt=\"\" \/>\n                <\/div>\n                            <div class=\"gallery-swiper--item\">\n                    <img loading=\"lazy\" decoding=\"async\" src=\"https:\/\/www.62n.fo\/wp-content\/uploads\/2025\/02\/jbrcksgota-1-800x533.jpg\" width=\"800\" height=\"533\" alt=\"\" \/>\n                <\/div>\n                    <\/div>\n    <\/div>\n\n\n<div style=\"height:70px\" aria-hidden=\"true\" class=\"wp-block-spacer\"><\/div>\n\n\n\n<h3 class=\"wp-block-heading\">Show on Map<\/h3>\n\n\n\n<iframe src=\"https:\/\/www.google.com\/maps\/embed?pb=!1m18!1m12!1m3!1d1630.1129788286305!2d-6.767099151661411!3d62.009728202029244!2m3!1f0!2f0!3f0!3m2!1i1024!2i768!4f13.1!3m3!1m2!1s0x48bc2e021e47603f%3A0x214221be012364e1!2zMjUgSsOzbmFzIEJyb25ja3Nnw7h0YSwgVMOzcnNoYXZuIDEwMCwgRsOmcsO4ZXJuZQ!5e0!3m2!1sda!2s!4v1738938949145!5m2!1sda!2s\" width=\"1100\" height=\"550\" style=\"border:0;\" allowfullscreen=\"\" loading=\"lazy\" referrerpolicy=\"no-referrer-when-downgrade\"><\/iframe>\n\n\n\n<div style=\"height:50px\" aria-hidden=\"true\" class=\"wp-block-spacer\"><\/div>\n\n\n\n<div class=\"wp-block-columns is-layout-flex wp-container-core-columns-is-layout-9d6595d7 wp-block-columns-is-layout-flex\">\n<div class=\"wp-block-column is-layout-flow wp-block-column-is-layout-flow\">\n<div style=\"height:46px\" aria-hidden=\"true\" class=\"wp-block-spacer\"><\/div>\n\n\n\n<figure class=\"wp-block-image alignright size-full is-resized\"><img loading=\"lazy\" decoding=\"async\" width=\"421\" height=\"135\" src=\"https:\/\/www.62n.fo\/wp-content\/uploads\/2025\/02\/image-1.jpg\" alt=\"\" class=\"wp-image-17010\" style=\"width:318px;height:auto\"\/><\/figure>\n\n\n\n<div style=\"height:20px\" aria-hidden=\"true\" class=\"wp-block-spacer\"><\/div>\n<\/div>\n\n\n\n<div class=\"wp-block-column is-layout-flow wp-block-column-is-layout-flow\">\n<div style=\"height:23px\" aria-hidden=\"true\" class=\"wp-block-spacer\"><\/div>\n\n\n\n<div class=\"wp-block-columns is-layout-flex wp-container-core-columns-is-layout-9d6595d7 wp-block-columns-is-layout-flex\">\n<div class=\"wp-block-column is-layout-flow wp-block-column-is-layout-flow\" style=\"flex-basis:25%\">\n<div class=\"wp-block-columns is-layout-flex wp-container-core-columns-is-layout-9d6595d7 wp-block-columns-is-layout-flex\">\n<div class=\"wp-block-column is-layout-flow wp-block-column-is-layout-flow\"><\/div>\n<\/div>\n<\/div>\n\n\n\n<div class=\"wp-block-column is-vertically-aligned-top is-layout-flow wp-block-column-is-layout-flow\" style=\"flex-basis:50%\">\n<figure class=\"wp-block-image aligncenter size-full is-resized\"><img loading=\"lazy\" decoding=\"async\" width=\"362\" height=\"342\" src=\"https:\/\/www.62n.fo\/wp-content\/uploads\/2025\/02\/image-2.png\" alt=\"\" class=\"wp-image-17457\" style=\"width:149px;height:auto\"\/><\/figure>\n<\/div>\n\n\n\n<div class=\"wp-block-column is-layout-flow wp-block-column-is-layout-flow\"><\/div>\n\n\n\n<div class=\"wp-block-column is-layout-flow wp-block-column-is-layout-flow\" style=\"flex-basis:25%\"><\/div>\n<\/div>\n\n\n\n<div style=\"height:28px\" aria-hidden=\"true\" class=\"wp-block-spacer\"><\/div>\n<\/div>\n<\/div>\n\n\n\n<div style=\"height:50px\" aria-hidden=\"true\" class=\"wp-block-spacer\"><\/div>\n\n\n\n<p class=\"has-text-align-center\"><strong>For any inquiries about the conference or the Faroe Islands, please reach out to 62\u00b0N at:<\/strong><\/p>\n\n\n\n<p><\/p>\n\n\n\n<h2 class=\"wp-block-heading has-text-align-center\">+298 34 00 00 \/ <a href=\"mailto:mice@62n.fo\">mice@62n.fo<\/a><\/h2>\n","protected":false},"excerpt":{"rendered":"<p>Fr\u00f3\u00f0skaparsetur F\u00f8roya The first NUSCT conference will be held at the Faculty of History and Social Sciences, J. Broncksg\u00f8ta 25, T\u00f3rshavn. The faculty is ideally located in the central part of the city, close to important cultural and educational institutions. Address: J\u00f3nas Broncksg\u00f8ta 25, 100 T\u00f3rshavn, Faroe Islands Show on Map For any inquiries about [&hellip;]<\/p>\n","protected":false},"author":3,"featured_media":0,"parent":17002,"menu_order":0,"comment_status":"closed","ping_status":"closed","template":"","meta":{"_acf_changed":false,"_uag_custom_page_level_css":"","footnotes":""},"class_list":["post-17278","page","type-page","status-publish","hentry"],"acf":[],"yoast_head":"<!-- This site is optimized with the Yoast SEO plugin v27.4 - https:\/\/yoast.com\/product\/yoast-seo-wordpress\/ -->\n<title>Venue - 62N<\/title>\n<meta name=\"robots\" content=\"index, follow, max-snippet:-1, max-image-preview:large, max-video-preview:-1\" \/>\n<link rel=\"canonical\" href=\"https:\/\/www.62n.fo\/en\/nusct\/venue\/\" \/>\n<meta property=\"og:locale\" content=\"en_US\" \/>\n<meta property=\"og:type\" content=\"article\" \/>\n<meta property=\"og:title\" content=\"Venue - 62N\" \/>\n<meta property=\"og:description\" content=\"Fr\u00f3\u00f0skaparsetur F\u00f8roya The first NUSCT conference will be held at the Faculty of History and Social Sciences, J. Broncksg\u00f8ta 25, T\u00f3rshavn. The faculty is ideally located in the central part of the city, close to important cultural and educational institutions. Address: J\u00f3nas Broncksg\u00f8ta 25, 100 T\u00f3rshavn, Faroe Islands Show on Map For any inquiries about [&hellip;]\" \/>\n<meta property=\"og:url\" content=\"https:\/\/www.62n.fo\/en\/nusct\/venue\/\" \/>\n<meta property=\"og:site_name\" content=\"62N\" \/>\n<meta property=\"article:modified_time\" content=\"2025-02-19T10:22:15+00:00\" \/>\n<meta property=\"og:image\" content=\"https:\/\/www.62n.fo\/wp-content\/uploads\/2025\/02\/image-1.jpg\" \/>\n<meta name=\"twitter:card\" content=\"summary_large_image\" \/>\n<meta name=\"twitter:label1\" content=\"Est. reading time\" \/>\n\t<meta name=\"twitter:data1\" content=\"1 minute\" \/>\n<script type=\"application\/ld+json\" class=\"yoast-schema-graph\">{\"@context\":\"https:\\\/\\\/schema.org\",\"@graph\":[{\"@type\":\"WebPage\",\"@id\":\"https:\\\/\\\/www.62n.fo\\\/en\\\/nusct\\\/venue\\\/\",\"url\":\"https:\\\/\\\/www.62n.fo\\\/en\\\/nusct\\\/venue\\\/\",\"name\":\"Venue - 62N\",\"isPartOf\":{\"@id\":\"https:\\\/\\\/www.62n.fo\\\/en\\\/#website\"},\"primaryImageOfPage\":{\"@id\":\"https:\\\/\\\/www.62n.fo\\\/en\\\/nusct\\\/venue\\\/#primaryimage\"},\"image\":{\"@id\":\"https:\\\/\\\/www.62n.fo\\\/en\\\/nusct\\\/venue\\\/#primaryimage\"},\"thumbnailUrl\":\"https:\\\/\\\/www.62n.fo\\\/wp-content\\\/uploads\\\/2025\\\/02\\\/image-1.jpg\",\"datePublished\":\"2025-02-07T14:00:56+00:00\",\"dateModified\":\"2025-02-19T10:22:15+00:00\",\"breadcrumb\":{\"@id\":\"https:\\\/\\\/www.62n.fo\\\/en\\\/nusct\\\/venue\\\/#breadcrumb\"},\"inLanguage\":\"en-US\",\"potentialAction\":[{\"@type\":\"ReadAction\",\"target\":[\"https:\\\/\\\/www.62n.fo\\\/en\\\/nusct\\\/venue\\\/\"]}]},{\"@type\":\"ImageObject\",\"inLanguage\":\"en-US\",\"@id\":\"https:\\\/\\\/www.62n.fo\\\/en\\\/nusct\\\/venue\\\/#primaryimage\",\"url\":\"https:\\\/\\\/www.62n.fo\\\/wp-content\\\/uploads\\\/2025\\\/02\\\/image-1.jpg\",\"contentUrl\":\"https:\\\/\\\/www.62n.fo\\\/wp-content\\\/uploads\\\/2025\\\/02\\\/image-1.jpg\"},{\"@type\":\"BreadcrumbList\",\"@id\":\"https:\\\/\\\/www.62n.fo\\\/en\\\/nusct\\\/venue\\\/#breadcrumb\",\"itemListElement\":[{\"@type\":\"ListItem\",\"position\":1,\"name\":\"Home\",\"item\":\"https:\\\/\\\/www.62n.fo\\\/en\\\/\"},{\"@type\":\"ListItem\",\"position\":2,\"name\":\"NUSCT\",\"item\":\"https:\\\/\\\/www.62n.fo\\\/en\\\/nusct\\\/\"},{\"@type\":\"ListItem\",\"position\":3,\"name\":\"Venue\"}]},{\"@type\":\"WebSite\",\"@id\":\"https:\\\/\\\/www.62n.fo\\\/en\\\/#website\",\"url\":\"https:\\\/\\\/www.62n.fo\\\/en\\\/\",\"name\":\"62N\",\"description\":\"Just another WordPress site\",\"potentialAction\":[{\"@type\":\"SearchAction\",\"target\":{\"@type\":\"EntryPoint\",\"urlTemplate\":\"https:\\\/\\\/www.62n.fo\\\/en\\\/?s={search_term_string}\"},\"query-input\":{\"@type\":\"PropertyValueSpecification\",\"valueRequired\":true,\"valueName\":\"search_term_string\"}}],\"inLanguage\":\"en-US\"}]}<\/script>\n<!-- \/ Yoast SEO plugin. -->","yoast_head_json":{"title":"Venue - 62N","robots":{"index":"index","follow":"follow","max-snippet":"max-snippet:-1","max-image-preview":"max-image-preview:large","max-video-preview":"max-video-preview:-1"},"canonical":"https:\/\/www.62n.fo\/en\/nusct\/venue\/","og_locale":"en_US","og_type":"article","og_title":"Venue - 62N","og_description":"Fr\u00f3\u00f0skaparsetur F\u00f8roya The first NUSCT conference will be held at the Faculty of History and Social Sciences, J. Broncksg\u00f8ta 25, T\u00f3rshavn. The faculty is ideally located in the central part of the city, close to important cultural and educational institutions. Address: J\u00f3nas Broncksg\u00f8ta 25, 100 T\u00f3rshavn, Faroe Islands Show on Map For any inquiries about [&hellip;]","og_url":"https:\/\/www.62n.fo\/en\/nusct\/venue\/","og_site_name":"62N","article_modified_time":"2025-02-19T10:22:15+00:00","og_image":[{"url":"https:\/\/www.62n.fo\/wp-content\/uploads\/2025\/02\/image-1.jpg","type":"","width":"","height":""}],"twitter_card":"summary_large_image","twitter_misc":{"Est. reading time":"1 minute"},"schema":{"@context":"https:\/\/schema.org","@graph":[{"@type":"WebPage","@id":"https:\/\/www.62n.fo\/en\/nusct\/venue\/","url":"https:\/\/www.62n.fo\/en\/nusct\/venue\/","name":"Venue - 62N","isPartOf":{"@id":"https:\/\/www.62n.fo\/en\/#website"},"primaryImageOfPage":{"@id":"https:\/\/www.62n.fo\/en\/nusct\/venue\/#primaryimage"},"image":{"@id":"https:\/\/www.62n.fo\/en\/nusct\/venue\/#primaryimage"},"thumbnailUrl":"https:\/\/www.62n.fo\/wp-content\/uploads\/2025\/02\/image-1.jpg","datePublished":"2025-02-07T14:00:56+00:00","dateModified":"2025-02-19T10:22:15+00:00","breadcrumb":{"@id":"https:\/\/www.62n.fo\/en\/nusct\/venue\/#breadcrumb"},"inLanguage":"en-US","potentialAction":[{"@type":"ReadAction","target":["https:\/\/www.62n.fo\/en\/nusct\/venue\/"]}]},{"@type":"ImageObject","inLanguage":"en-US","@id":"https:\/\/www.62n.fo\/en\/nusct\/venue\/#primaryimage","url":"https:\/\/www.62n.fo\/wp-content\/uploads\/2025\/02\/image-1.jpg","contentUrl":"https:\/\/www.62n.fo\/wp-content\/uploads\/2025\/02\/image-1.jpg"},{"@type":"BreadcrumbList","@id":"https:\/\/www.62n.fo\/en\/nusct\/venue\/#breadcrumb","itemListElement":[{"@type":"ListItem","position":1,"name":"Home","item":"https:\/\/www.62n.fo\/en\/"},{"@type":"ListItem","position":2,"name":"NUSCT","item":"https:\/\/www.62n.fo\/en\/nusct\/"},{"@type":"ListItem","position":3,"name":"Venue"}]},{"@type":"WebSite","@id":"https:\/\/www.62n.fo\/en\/#website","url":"https:\/\/www.62n.fo\/en\/","name":"62N","description":"Just another WordPress site","potentialAction":[{"@type":"SearchAction","target":{"@type":"EntryPoint","urlTemplate":"https:\/\/www.62n.fo\/en\/?s={search_term_string}"},"query-input":{"@type":"PropertyValueSpecification","valueRequired":true,"valueName":"search_term_string"}}],"inLanguage":"en-US"}]}},"uagb_featured_image_src":{"full":false,"thumbnail":false,"medium":false,"medium_large":false,"large":false,"1536x1536":false,"2048x2048":false},"uagb_author_info":{"display_name":"olav@62n.fo","author_link":"https:\/\/www.62n.fo\/en\/author\/olav62n-fo\/"},"uagb_comment_info":0,"uagb_excerpt":"Fr\u00f3\u00f0skaparsetur F\u00f8roya The first NUSCT conference will be held at the Faculty of History and Social Sciences, J. Broncksg\u00f8ta 25, T\u00f3rshavn. The faculty is ideally located in the central part of the city, close to important cultural and educational institutions. Address: J\u00f3nas Broncksg\u00f8ta 25, 100 T\u00f3rshavn, Faroe Islands Show on Map For any inquiries about&hellip;","_links":{"self":[{"href":"https:\/\/www.62n.fo\/en\/wp-json\/wp\/v2\/pages\/17278","targetHints":{"allow":["GET"]}}],"collection":[{"href":"https:\/\/www.62n.fo\/en\/wp-json\/wp\/v2\/pages"}],"about":[{"href":"https:\/\/www.62n.fo\/en\/wp-json\/wp\/v2\/types\/page"}],"author":[{"embeddable":true,"href":"https:\/\/www.62n.fo\/en\/wp-json\/wp\/v2\/users\/3"}],"replies":[{"embeddable":true,"href":"https:\/\/www.62n.fo\/en\/wp-json\/wp\/v2\/comments?post=17278"}],"version-history":[{"count":21,"href":"https:\/\/www.62n.fo\/en\/wp-json\/wp\/v2\/pages\/17278\/revisions"}],"predecessor-version":[{"id":17942,"href":"https:\/\/www.62n.fo\/en\/wp-json\/wp\/v2\/pages\/17278\/revisions\/17942"}],"up":[{"embeddable":true,"href":"https:\/\/www.62n.fo\/en\/wp-json\/wp\/v2\/pages\/17002"}],"wp:attachment":[{"href":"https:\/\/www.62n.fo\/en\/wp-json\/wp\/v2\/media?parent=17278"}],"curies":[{"name":"wp","href":"https:\/\/api.w.org\/{rel}","templated":true}]}}