{"id":15980,"date":"2025-01-07T11:03:47","date_gmt":"2025-01-07T11:03:47","guid":{"rendered":"https:\/\/www.62n.fo\/?page_id=15980"},"modified":"2025-05-28T10:07:38","modified_gmt":"2025-05-28T09:07:38","slug":"programme","status":"publish","type":"page","link":"https:\/\/www.62n.fo\/en\/27th-ervo-meeting\/programme\/","title":{"rendered":"Programme"},"content":{"rendered":"\n<div id=\"cover-swiper_block_50f1873d1a1f130e5002a3713f7d33d9\" class=\"lunnar-cover-swiper alignwide \">\n    \n            <div class=\"cover-swiper swiper\">\n            <div class=\"swiper-wrapper\">\n                                    <div class=\"swiper-slide cover\">\n                                                    <img loading=\"lazy\" decoding=\"async\" src=\"https:\/\/www.62n.fo\/wp-content\/uploads\/2023\/12\/Richard-Tilney-Bassett-190907-120024-2581-800x533-1.jpg\" width=\"800\" height=\"533\">\n                        \n                                                    <div class=\"cover-text\">\n                                                                    <h1>Programme<\/h1>\n                                \n                                \n                                                            <\/div>\n                                            <\/div>\n                            <\/div>\n\n            <div class=\"swiper-buttons\">\n                <div class=\"swiper-button-prev\"><\/div>\n\n                <div class=\"swiper-button-next\"><\/div>\n            <\/div>\n        <\/div>\n    <\/div>\n\n\n<div style=\"height:70px\" aria-hidden=\"true\" class=\"wp-block-spacer\"><\/div>\n\n\n\n<div class=\"wp-block-columns is-layout-flex wp-container-core-columns-is-layout-9d6595d7 wp-block-columns-is-layout-flex\">\n<div class=\"wp-block-column is-layout-flow wp-block-column-is-layout-flow\">\n<div class=\"wp-block-uagb-advanced-heading uagb-block-f9092e0f\"><h2 class=\"uagb-heading-text\">27th ERVO Meeting Agenda<\/h2><\/div>\n<\/div>\n\n\n\n<div class=\"wp-block-column is-vertically-aligned-center is-layout-flow wp-block-column-is-layout-flow\">\n<div class=\"wp-block-uagb-buttons uagb-buttons__outer-wrap uagb-btn__default-btn uagb-btn-tablet__default-btn uagb-btn-mobile__default-btn uagb-block-31f0a921\"><div class=\"uagb-buttons__wrap uagb-buttons-layout-wrap \">\n<div class=\"wp-block-uagb-buttons-child uagb-buttons__outer-wrap uagb-block-4df83a09 wp-block-button\"><div class=\"uagb-button__wrapper\"><a class=\"uagb-buttons-repeater wp-block-button__link\" aria-label=\"\" href=\"https:\/\/www.62n.fo\/en\/27th-ervo-meeting\" rel=\"follow noopener\" target=\"_self\" role=\"button\"><div class=\"uagb-button__link\">Return to Front Page<\/div><\/a><\/div><\/div>\n<\/div><\/div>\n<\/div>\n<\/div>\n\n\n\n<div style=\"height:5px\" aria-hidden=\"true\" class=\"wp-block-spacer\"><\/div>\n\n\n\n<p>The meeting agenda (first draft) will include a welcome reception on the evening of Monday 2nd June,&nbsp; and &nbsp;&nbsp;1.5&nbsp; days of formal meetings (3<sup>rd<\/sup>&nbsp;&nbsp;&amp; 4<sup>th<\/sup>&nbsp;of&nbsp;June), and the ERVO official networking dinner on the evening of 3<sup>rd<\/sup>&nbsp;of &nbsp;June. The meeting will take place at the&nbsp;<a href=\"https:\/\/www.62n.fo\/en\/27th-ervo-meeting\/venue\/\">Kongsh\u00f8ll<\/a>&nbsp;meeting hall. The Meeting will officially close at noon on the 4th June, which will be followed by a visit to MEST shipyard including a visit to &nbsp;RV &nbsp;J\u00e1kup Sverri.<\/p>\n\n\n\n<div style=\"height:20px\" aria-hidden=\"true\" class=\"wp-block-spacer\"><\/div>\n\n\n\n<div class=\"wp-block-uagb-container uagb-block-c24ad52a alignfull uagb-is-root-container\"><div class=\"uagb-container-inner-blocks-wrap\">\n<div class=\"wp-block-uagb-container uagb-block-c51077c7\">\n<div class=\"wp-block-uagb-image uagb-block-8ee0117d wp-block-uagb-image--layout-default wp-block-uagb-image--effect-static wp-block-uagb-image--align-none\"><figure class=\"wp-block-uagb-image__figure\"><img decoding=\"async\" srcset=\"https:\/\/www.62n.fo\/wp-content\/uploads\/2025\/02\/MEST.png ,https:\/\/www.62n.fo\/wp-content\/uploads\/2025\/02\/MEST.png 780w, https:\/\/www.62n.fo\/wp-content\/uploads\/2025\/02\/MEST.png 360w\" sizes=\"auto, (max-width: 480px) 150px\" src=\"https:\/\/www.62n.fo\/wp-content\/uploads\/2025\/02\/MEST.png\" alt=\"\" class=\"uag-image-17173\" width=\"143\" height=\"44\" title=\"MEST\" loading=\"lazy\" role=\"img\"\/><\/figure><\/div>\n<\/div>\n\n\n\n<div class=\"wp-block-uagb-container uagb-block-26799d61\">\n<div class=\"wp-block-uagb-image uagb-block-507b2918 wp-block-uagb-image--layout-default wp-block-uagb-image--effect-static wp-block-uagb-image--align-none\"><figure class=\"wp-block-uagb-image__figure\"><img decoding=\"async\" srcset=\"https:\/\/www.62n.fo\/wp-content\/uploads\/2025\/02\/Torshavnar-Kommuna.jpg ,https:\/\/www.62n.fo\/wp-content\/uploads\/2025\/02\/Torshavnar-Kommuna.jpg 780w, https:\/\/www.62n.fo\/wp-content\/uploads\/2025\/02\/Torshavnar-Kommuna.jpg 360w\" sizes=\"auto, (max-width: 480px) 150px\" src=\"https:\/\/www.62n.fo\/wp-content\/uploads\/2025\/02\/Torshavnar-Kommuna.jpg\" alt=\"\" class=\"uag-image-17236\" width=\"63\" height=\"59\" title=\"T\u00f3rshavnar Kommuna\" loading=\"lazy\" role=\"img\"\/><\/figure><\/div>\n<\/div>\n\n\n\n<div class=\"wp-block-uagb-container uagb-block-037a0f5d\">\n<div class=\"wp-block-uagb-image uagb-block-cf4ebcaa wp-block-uagb-image--layout-default wp-block-uagb-image--effect-static wp-block-uagb-image--align-none\"><figure class=\"wp-block-uagb-image__figure\"><img decoding=\"async\" srcset=\"https:\/\/www.62n.fo\/wp-content\/uploads\/2025\/02\/KONGSBERG_logo_horizontal.png ,https:\/\/www.62n.fo\/wp-content\/uploads\/2025\/02\/KONGSBERG_logo_horizontal.png 780w, https:\/\/www.62n.fo\/wp-content\/uploads\/2025\/02\/KONGSBERG_logo_horizontal.png 360w\" sizes=\"auto, (max-width: 480px) 150px\" src=\"https:\/\/www.62n.fo\/wp-content\/uploads\/2025\/02\/KONGSBERG_logo_horizontal.png\" alt=\"\" class=\"uag-image-17240\" width=\"175\" height=\"33\" title=\"KONGSBERG_logo_horizontal\" loading=\"lazy\" role=\"img\"\/><\/figure><\/div>\n<\/div>\n\n\n\n<div class=\"wp-block-uagb-container uagb-block-fec6ebf3\">\n<div class=\"wp-block-uagb-image uagb-block-b605d9cb wp-block-uagb-image--layout-default wp-block-uagb-image--effect-static wp-block-uagb-image--align-none\"><figure class=\"wp-block-uagb-image__figure\"><img decoding=\"async\" srcset=\"https:\/\/www.62n.fo\/wp-content\/uploads\/2025\/02\/PO.png ,https:\/\/www.62n.fo\/wp-content\/uploads\/2025\/02\/PO.png 780w, https:\/\/www.62n.fo\/wp-content\/uploads\/2025\/02\/PO.png 360w\" sizes=\"auto, (max-width: 480px) 150px\" src=\"https:\/\/www.62n.fo\/wp-content\/uploads\/2025\/02\/PO.png\" alt=\"\" class=\"uag-image-17228\" width=\"134\" height=\"58\" title=\"P&amp;O\" loading=\"lazy\" role=\"img\"\/><\/figure><\/div>\n<\/div>\n<\/div><\/div>\n\n\n\n<div style=\"height:20px\" aria-hidden=\"true\" class=\"wp-block-spacer\"><\/div>\n\n\n\n<p><strong>Monday 2<sup>nd<\/sup> June<\/strong><\/p>\n\n\n\n<p>18:30 Welcome Reception and Icebreaker at Kongsh\u00f8ll meeting hall, Silo<\/p>\n\n\n\n<div style=\"height:50px\" aria-hidden=\"true\" class=\"wp-block-spacer\"><\/div>\n\n\n\n<p><strong>Tuesday 3<sup>rd<\/sup> June<\/strong><\/p>\n\n\n\n<p>8:30 ERVO Annual Meeting registration &#8211; Posters installation<br>8:45 Practical arrangements for Day 1 \/ L. Smith<br>8:50 Opening 27th ERVO and round Table \/ A. Fitzgerald<br>9:05 HAVSTOVAN presentation \/ TBC<br>9:10 Review and approval of ERVO 2024 minutes \/ J. Parker<br><br><em><strong>Theme 1: Delegates Reports of Activity<\/strong><\/em><br>9:15 RV Odon De Buen Sea trials in Antarctica \/ J. Sorribas<br>9:30 RV Gaia Blu: current status and future investments \/ L. Evangelista<br>9:45 Greenland Research Vessels activity \/ K. Trolle Nedergaard<br>10:00 RV Jakup Sverri update on performance operations \/ L. Smith <br><br><strong>10:15 Coffee Break &amp; National Update Posters \u2022 Pausa Caff\u00e8 \u2022 Kaffiste\u00f0gur<\/strong><br><br>10:40 CMRE NATO update \/ D. DeBruyn<br>10.55 RV Polarstern. Running an ageing research icebreaker and first PC2 Newbuild newbuilding insights \/ C.Freudinger \/ J.Rogenhagen<br>Theme 2: New build \/ modifications<br>11:10 METEOR IV New Building Project \/ L. Meinders<br>11:25 New French RV update \/ G. Peltier<br>11:40 Planning for a refit for RV Simon Stevin in 2027 \/ A. Cattrisse<br>11:55 New RV \u00de\u00f3runn \u00de\u00f3r\u00f0ard\u00f3ttir &#8211; Iceland\u2019s new RV \/ S. E. Stef\u00e1nsson<br>12:10 New AFBI RV Presentation \/ P. Jeffares<br>12:25 NIOZ RV build program update \/ Z. Erdem<br>12:35 New Swedish Polar Icebreaker \/ L. Thorell\/TBC<br>12:50 Spanish fleet strategic plan: New Building \/ J. Sorribas<br><br><strong>13:05 Lunch + Group Picture<\/strong><br><br><strong><em>Theme 3: Manning, Safety and training<br><\/em><\/strong>14:05 Safety protocols to manage equipment with lithium batteries on board Research Vessels&#8221; \/ N.Buyreu<br><br><em><strong>Theme 4: RV Technology<\/strong><\/em><br>14:20 Mission Critical \u2013 Handling solutions journey from James Cook to Sir David Attenborough \/ B. Brevik<br>14:35 PC02 Measurement Presentation \u2013 JPI oceans \/ T. Gkritzalis<br>14:50 PC02 challenges from ship operators\u2019 technical perspective \/ G. Furey<br>15:05 Discussion<br><strong><em><br>Theme 5: Cooperation and Outreach<\/em><\/strong><br>15:20 Eurofleets AISBL \/ G. Magnifico<br><br><strong>15:30 Coffee Break \u2022 Pausa Caff\u00e8 \u2022 Kaffiste\u00f0gur<\/strong><br><br>16:00 Swedish ship operators network: \u201cSON\u201d \/ L. Thorrell<br>16:15 INFOMAR &#8211; A national seabed mapping success story! \/ T. Furey<br>16.30 FAROE Islands Seabed mapping program and strategy \/ G. Roberts<br>16:45 Collecting Ocean Science data from vessels and uncrewed platforms \/ T. Algroy<br>17:00 Discussion \/ All<br>17:15 Polarin Update &amp; Aquarius Update \/ A. Fitzgerald<br>17:25 IRSO 2025 Bergen \/ G. Magnifico<br><br><strong>17:30 End Day 1<\/strong><br><br><strong>19:00 ERVO Official networking reception and Dinner at: Katrina Christiansen, Hotel Hafnia<\/strong><\/p>\n\n\n\n<div style=\"height:50px\" aria-hidden=\"true\" class=\"wp-block-spacer\"><\/div>\n\n\n\n<p><strong>Wednesday 4th June<\/strong><\/p>\n\n\n\n<p>9:00 Opening and practical arrangements of Day 2 \/ A. Fitzgerald<br><em><br><\/em><strong><em>Theme 6: Communications \/ ICT<\/em><\/strong><em><br>9:05 The advantages of secured multi-WAN maritime connectivity M. Chartouny OmniAccess<br>9:20 ICT upgrade for RV Laura Bassi \/ M. Iurcev<br>9:35 MFP latest developments \/ B. Mass<\/em><br><em>9:50 MFP Implementation at MI \/ User Group Session@ ERVO Meetings<\/em> <em>R. Butler <\/em><br><br><strong>10:05 Coffee Break &amp; National Update Posters \u2022 Pausa Caff\u00e8 \u2022 Kaffiste\u00f0gur<\/strong><em><br><\/em><br><em><strong>Theme 7: Remote Operations incl. Operations with Autonomous Vehicles<\/strong><br>10:35 RV Operations in Polar code regions &amp; challenges etc. \/ B. Kavanagh<br>10:50 Laura Bassi \u2013 The latest Antarctic Expedition, new installations and other contingencies \/ R. Codiglia<br><\/em><br><em><strong>Theme 8: Energy Efficiency, alternative energy sources &amp; zero impact<\/strong><br>11:05 ICES Working group on greening the research vessel fleet \/ C. Freudinger<br>11:20 Mest shipyard presentation \/ Mouritz Mohr, CEO<\/em><br><em>11:35 Topics, date &amp; place ERVO 2026 \/ A. Fitzgerald. \/ R Codiglia<br>11:55 Closing of ERVO 2025 \/ A. Fitzgerald<br><\/em><br><strong>12:00 Lunch sponsored by MEST (Kongsh\u00f8ll)<\/strong><br><em><br><\/em><strong>12:30 \u2013 17:00 Visit to RV Jakup Sverri at MEST Shipyard (walking)<\/strong><\/p>\n\n\n\n<div style=\"height:50px\" aria-hidden=\"true\" class=\"wp-block-spacer\"><\/div>\n\n\n\n<h2 class=\"wp-block-heading\">Presentations are Invited under the Following Themes<\/h2>\n\n\n\n<p><em>Theme 1: Delegates Reports of Activity<\/em><\/p>\n\n\n\n<p><em>Theme 2: RV builds, Modifications and performance<\/em><\/p>\n\n\n\n<p>Theme 3: Manning, Safety and Training<\/p>\n\n\n\n<p><em>Theme 4: Cooperation, Communications and Outreach<\/em><\/p>\n\n\n\n<p>Theme 5: Support &amp; Operations to Ocean Observing Systems Remote Operations &amp; underwater Vehicles<\/p>\n\n\n\n<p>Theme 6:&nbsp; Energy Efficiency, alternative energy sources &amp; zero impact<\/p>\n\n\n\n<p>Theme 7:&nbsp; Shipbuilding innovation and sustainability<\/p>\n\n\n\n<div style=\"height:50px\" aria-hidden=\"true\" class=\"wp-block-spacer\"><\/div>\n\n\n\n<div class=\"wp-block-uagb-container uagb-block-87aa2197 alignfull uagb-is-root-container\"><div class=\"uagb-container-inner-blocks-wrap\">\n<div class=\"wp-block-uagb-container uagb-block-c920cc52\">\n<div class=\"wp-block-uagb-image uagb-block-0c5a13c3 wp-block-uagb-image--layout-default wp-block-uagb-image--effect-static wp-block-uagb-image--align-none\"><figure class=\"wp-block-uagb-image__figure\"><img decoding=\"async\" srcset=\"https:\/\/www.62n.fo\/wp-content\/uploads\/2025\/01\/Bumerki-Havstovan-1.png ,https:\/\/www.62n.fo\/wp-content\/uploads\/2025\/01\/Bumerki-Havstovan-1.png 780w, https:\/\/www.62n.fo\/wp-content\/uploads\/2025\/01\/Bumerki-Havstovan-1.png 360w\" sizes=\"auto, (max-width: 480px) 150px\" src=\"https:\/\/www.62n.fo\/wp-content\/uploads\/2025\/01\/Bumerki-Havstovan-1.png\" alt=\"\" class=\"uag-image-16647\" width=\"1361\" height=\"281\" title=\"Bumerki-Havstovan-1\" loading=\"lazy\" role=\"img\"\/><\/figure><\/div>\n<\/div>\n\n\n\n<div class=\"wp-block-uagb-container uagb-block-3dfaae86\">\n<div class=\"wp-block-uagb-image uagb-block-3ca65fed wp-block-uagb-image--layout-default wp-block-uagb-image--effect-static wp-block-uagb-image--align-none\"><figure class=\"wp-block-uagb-image__figure\"><img decoding=\"async\" srcset=\"https:\/\/www.62n.fo\/wp-content\/uploads\/2025\/01\/logo_cores02_positivo-1600x1132.jpg ,https:\/\/www.62n.fo\/wp-content\/uploads\/2025\/01\/logo_cores02_positivo.jpg 780w, https:\/\/www.62n.fo\/wp-content\/uploads\/2025\/01\/logo_cores02_positivo.jpg 360w\" sizes=\"auto, (max-width: 480px) 150px\" src=\"https:\/\/www.62n.fo\/wp-content\/uploads\/2025\/01\/logo_cores02_positivo-1600x1132.jpg\" alt=\"\" class=\"uag-image-16650\" width=\"287\" height=\"202\" title=\"logo_cores02_positivo\" loading=\"lazy\" role=\"img\"\/><\/figure><\/div>\n<\/div>\n<\/div><\/div>\n\n\n\n<div style=\"height:50px\" aria-hidden=\"true\" class=\"wp-block-spacer\"><\/div>\n\n\n\n<p class=\"has-text-align-center\"><strong>For any inquiries about the conference or the Faroe Islands, please reach out to 62\u00b0N at:<\/strong><\/p>\n\n\n\n<p><\/p>\n\n\n\n<h2 class=\"wp-block-heading has-text-align-center\">+298 34 00 00 \/ <a href=\"mailto:mice@62n.fo\">mice@62n.fo<\/a><\/h2>\n","protected":false},"excerpt":{"rendered":"<p>27th ERVO Meeting Agenda The meeting agenda (first draft) will include a welcome reception on the evening of Monday 2nd June,&nbsp; and &nbsp;&nbsp;1.5&nbsp; days of formal meetings (3rd&nbsp;&nbsp;&amp; 4th&nbsp;of&nbsp;June), and the ERVO official networking dinner on the evening of 3rd&nbsp;of &nbsp;June. The meeting will take place at the&nbsp;Kongsh\u00f8ll&nbsp;meeting hall. The Meeting will officially close at [&hellip;]<\/p>\n","protected":false},"author":3,"featured_media":0,"parent":15966,"menu_order":0,"comment_status":"closed","ping_status":"closed","template":"","meta":{"_acf_changed":false,"_uag_custom_page_level_css":"","footnotes":""},"class_list":["post-15980","page","type-page","status-publish","hentry"],"acf":[],"yoast_head":"<!-- This site is optimized with the Yoast SEO plugin v27.4 - https:\/\/yoast.com\/product\/yoast-seo-wordpress\/ -->\n<title>Programme - 62N<\/title>\n<meta name=\"robots\" content=\"index, follow, max-snippet:-1, max-image-preview:large, max-video-preview:-1\" \/>\n<link rel=\"canonical\" href=\"https:\/\/www.62n.fo\/en\/27th-ervo-meeting\/programme\/\" \/>\n<meta property=\"og:locale\" content=\"en_US\" \/>\n<meta property=\"og:type\" content=\"article\" \/>\n<meta property=\"og:title\" content=\"Programme - 62N\" \/>\n<meta property=\"og:description\" content=\"27th ERVO Meeting Agenda The meeting agenda (first draft) will include a welcome reception on the evening of Monday 2nd June,&nbsp; and &nbsp;&nbsp;1.5&nbsp; days of formal meetings (3rd&nbsp;&nbsp;&amp; 4th&nbsp;of&nbsp;June), and the ERVO official networking dinner on the evening of 3rd&nbsp;of &nbsp;June. The meeting will take place at the&nbsp;Kongsh\u00f8ll&nbsp;meeting hall. The Meeting will officially close at [&hellip;]\" \/>\n<meta property=\"og:url\" content=\"https:\/\/www.62n.fo\/en\/27th-ervo-meeting\/programme\/\" \/>\n<meta property=\"og:site_name\" content=\"62N\" \/>\n<meta property=\"article:modified_time\" content=\"2025-05-28T09:07:38+00:00\" \/>\n<meta property=\"og:image\" content=\"https:\/\/www.62n.fo\/wp-content\/uploads\/2025\/02\/MEST.png\" \/>\n<meta name=\"twitter:card\" content=\"summary_large_image\" \/>\n<meta name=\"twitter:label1\" content=\"Est. reading time\" \/>\n\t<meta name=\"twitter:data1\" content=\"5 minutes\" \/>\n<script type=\"application\/ld+json\" class=\"yoast-schema-graph\">{\"@context\":\"https:\\\/\\\/schema.org\",\"@graph\":[{\"@type\":\"WebPage\",\"@id\":\"https:\\\/\\\/www.62n.fo\\\/en\\\/27th-ervo-meeting\\\/programme\\\/\",\"url\":\"https:\\\/\\\/www.62n.fo\\\/en\\\/27th-ervo-meeting\\\/programme\\\/\",\"name\":\"Programme - 62N\",\"isPartOf\":{\"@id\":\"https:\\\/\\\/www.62n.fo\\\/en\\\/#website\"},\"primaryImageOfPage\":{\"@id\":\"https:\\\/\\\/www.62n.fo\\\/en\\\/27th-ervo-meeting\\\/programme\\\/#primaryimage\"},\"image\":{\"@id\":\"https:\\\/\\\/www.62n.fo\\\/en\\\/27th-ervo-meeting\\\/programme\\\/#primaryimage\"},\"thumbnailUrl\":\"https:\\\/\\\/www.62n.fo\\\/wp-content\\\/uploads\\\/2025\\\/02\\\/MEST.png\",\"datePublished\":\"2025-01-07T11:03:47+00:00\",\"dateModified\":\"2025-05-28T09:07:38+00:00\",\"breadcrumb\":{\"@id\":\"https:\\\/\\\/www.62n.fo\\\/en\\\/27th-ervo-meeting\\\/programme\\\/#breadcrumb\"},\"inLanguage\":\"en-US\",\"potentialAction\":[{\"@type\":\"ReadAction\",\"target\":[\"https:\\\/\\\/www.62n.fo\\\/en\\\/27th-ervo-meeting\\\/programme\\\/\"]}]},{\"@type\":\"ImageObject\",\"inLanguage\":\"en-US\",\"@id\":\"https:\\\/\\\/www.62n.fo\\\/en\\\/27th-ervo-meeting\\\/programme\\\/#primaryimage\",\"url\":\"https:\\\/\\\/www.62n.fo\\\/wp-content\\\/uploads\\\/2025\\\/02\\\/MEST.png\",\"contentUrl\":\"https:\\\/\\\/www.62n.fo\\\/wp-content\\\/uploads\\\/2025\\\/02\\\/MEST.png\"},{\"@type\":\"BreadcrumbList\",\"@id\":\"https:\\\/\\\/www.62n.fo\\\/en\\\/27th-ervo-meeting\\\/programme\\\/#breadcrumb\",\"itemListElement\":[{\"@type\":\"ListItem\",\"position\":1,\"name\":\"Home\",\"item\":\"https:\\\/\\\/www.62n.fo\\\/en\\\/\"},{\"@type\":\"ListItem\",\"position\":2,\"name\":\"27th ERVO Meeting\",\"item\":\"https:\\\/\\\/www.62n.fo\\\/en\\\/27th-ervo-meeting\\\/\"},{\"@type\":\"ListItem\",\"position\":3,\"name\":\"Programme\"}]},{\"@type\":\"WebSite\",\"@id\":\"https:\\\/\\\/www.62n.fo\\\/en\\\/#website\",\"url\":\"https:\\\/\\\/www.62n.fo\\\/en\\\/\",\"name\":\"62N\",\"description\":\"Just another WordPress site\",\"potentialAction\":[{\"@type\":\"SearchAction\",\"target\":{\"@type\":\"EntryPoint\",\"urlTemplate\":\"https:\\\/\\\/www.62n.fo\\\/en\\\/?s={search_term_string}\"},\"query-input\":{\"@type\":\"PropertyValueSpecification\",\"valueRequired\":true,\"valueName\":\"search_term_string\"}}],\"inLanguage\":\"en-US\"}]}<\/script>\n<!-- \/ Yoast SEO plugin. -->","yoast_head_json":{"title":"Programme - 62N","robots":{"index":"index","follow":"follow","max-snippet":"max-snippet:-1","max-image-preview":"max-image-preview:large","max-video-preview":"max-video-preview:-1"},"canonical":"https:\/\/www.62n.fo\/en\/27th-ervo-meeting\/programme\/","og_locale":"en_US","og_type":"article","og_title":"Programme - 62N","og_description":"27th ERVO Meeting Agenda The meeting agenda (first draft) will include a welcome reception on the evening of Monday 2nd June,&nbsp; and &nbsp;&nbsp;1.5&nbsp; days of formal meetings (3rd&nbsp;&nbsp;&amp; 4th&nbsp;of&nbsp;June), and the ERVO official networking dinner on the evening of 3rd&nbsp;of &nbsp;June. The meeting will take place at the&nbsp;Kongsh\u00f8ll&nbsp;meeting hall. The Meeting will officially close at [&hellip;]","og_url":"https:\/\/www.62n.fo\/en\/27th-ervo-meeting\/programme\/","og_site_name":"62N","article_modified_time":"2025-05-28T09:07:38+00:00","og_image":[{"url":"https:\/\/www.62n.fo\/wp-content\/uploads\/2025\/02\/MEST.png","type":"","width":"","height":""}],"twitter_card":"summary_large_image","twitter_misc":{"Est. reading time":"5 minutes"},"schema":{"@context":"https:\/\/schema.org","@graph":[{"@type":"WebPage","@id":"https:\/\/www.62n.fo\/en\/27th-ervo-meeting\/programme\/","url":"https:\/\/www.62n.fo\/en\/27th-ervo-meeting\/programme\/","name":"Programme - 62N","isPartOf":{"@id":"https:\/\/www.62n.fo\/en\/#website"},"primaryImageOfPage":{"@id":"https:\/\/www.62n.fo\/en\/27th-ervo-meeting\/programme\/#primaryimage"},"image":{"@id":"https:\/\/www.62n.fo\/en\/27th-ervo-meeting\/programme\/#primaryimage"},"thumbnailUrl":"https:\/\/www.62n.fo\/wp-content\/uploads\/2025\/02\/MEST.png","datePublished":"2025-01-07T11:03:47+00:00","dateModified":"2025-05-28T09:07:38+00:00","breadcrumb":{"@id":"https:\/\/www.62n.fo\/en\/27th-ervo-meeting\/programme\/#breadcrumb"},"inLanguage":"en-US","potentialAction":[{"@type":"ReadAction","target":["https:\/\/www.62n.fo\/en\/27th-ervo-meeting\/programme\/"]}]},{"@type":"ImageObject","inLanguage":"en-US","@id":"https:\/\/www.62n.fo\/en\/27th-ervo-meeting\/programme\/#primaryimage","url":"https:\/\/www.62n.fo\/wp-content\/uploads\/2025\/02\/MEST.png","contentUrl":"https:\/\/www.62n.fo\/wp-content\/uploads\/2025\/02\/MEST.png"},{"@type":"BreadcrumbList","@id":"https:\/\/www.62n.fo\/en\/27th-ervo-meeting\/programme\/#breadcrumb","itemListElement":[{"@type":"ListItem","position":1,"name":"Home","item":"https:\/\/www.62n.fo\/en\/"},{"@type":"ListItem","position":2,"name":"27th ERVO Meeting","item":"https:\/\/www.62n.fo\/en\/27th-ervo-meeting\/"},{"@type":"ListItem","position":3,"name":"Programme"}]},{"@type":"WebSite","@id":"https:\/\/www.62n.fo\/en\/#website","url":"https:\/\/www.62n.fo\/en\/","name":"62N","description":"Just another WordPress site","potentialAction":[{"@type":"SearchAction","target":{"@type":"EntryPoint","urlTemplate":"https:\/\/www.62n.fo\/en\/?s={search_term_string}"},"query-input":{"@type":"PropertyValueSpecification","valueRequired":true,"valueName":"search_term_string"}}],"inLanguage":"en-US"}]}},"uagb_featured_image_src":{"full":false,"thumbnail":false,"medium":false,"medium_large":false,"large":false,"1536x1536":false,"2048x2048":false},"uagb_author_info":{"display_name":"olav@62n.fo","author_link":"https:\/\/www.62n.fo\/en\/author\/olav62n-fo\/"},"uagb_comment_info":0,"uagb_excerpt":"27th ERVO Meeting Agenda The meeting agenda (first draft) will include a welcome reception on the evening of Monday 2nd June,&nbsp; and &nbsp;&nbsp;1.5&nbsp; days of formal meetings (3rd&nbsp;&nbsp;&amp; 4th&nbsp;of&nbsp;June), and the ERVO official networking dinner on the evening of 3rd&nbsp;of &nbsp;June. The meeting will take place at the&nbsp;Kongsh\u00f8ll&nbsp;meeting hall. The Meeting will officially close at&hellip;","_links":{"self":[{"href":"https:\/\/www.62n.fo\/en\/wp-json\/wp\/v2\/pages\/15980","targetHints":{"allow":["GET"]}}],"collection":[{"href":"https:\/\/www.62n.fo\/en\/wp-json\/wp\/v2\/pages"}],"about":[{"href":"https:\/\/www.62n.fo\/en\/wp-json\/wp\/v2\/types\/page"}],"author":[{"embeddable":true,"href":"https:\/\/www.62n.fo\/en\/wp-json\/wp\/v2\/users\/3"}],"replies":[{"embeddable":true,"href":"https:\/\/www.62n.fo\/en\/wp-json\/wp\/v2\/comments?post=15980"}],"version-history":[{"count":34,"href":"https:\/\/www.62n.fo\/en\/wp-json\/wp\/v2\/pages\/15980\/revisions"}],"predecessor-version":[{"id":18442,"href":"https:\/\/www.62n.fo\/en\/wp-json\/wp\/v2\/pages\/15980\/revisions\/18442"}],"up":[{"embeddable":true,"href":"https:\/\/www.62n.fo\/en\/wp-json\/wp\/v2\/pages\/15966"}],"wp:attachment":[{"href":"https:\/\/www.62n.fo\/en\/wp-json\/wp\/v2\/media?parent=15980"}],"curies":[{"name":"wp","href":"https:\/\/api.w.org\/{rel}","templated":true}]}}