{"id":15976,"date":"2025-01-07T11:01:41","date_gmt":"2025-01-07T11:01:41","guid":{"rendered":"https:\/\/www.62n.fo\/?page_id=15976"},"modified":"2025-02-07T16:58:17","modified_gmt":"2025-02-07T16:58:17","slug":"events","status":"publish","type":"page","link":"https:\/\/www.62n.fo\/en\/27th-ervo-meeting\/events\/","title":{"rendered":"Social Events"},"content":{"rendered":"\n<div id=\"cover-swiper_block_91f7891ea6fd1baab22f85dd1196c227\" class=\"lunnar-cover-swiper alignwide \">\n    \n            <div class=\"cover-swiper swiper\">\n            <div class=\"swiper-wrapper\">\n                                    <div class=\"swiper-slide cover\">\n                                                    <img loading=\"lazy\" decoding=\"async\" src=\"https:\/\/www.62n.fo\/wp-content\/uploads\/2023\/12\/conference9-800x533-1.jpeg\" width=\"800\" height=\"533\">\n                        \n                                                    <div class=\"cover-text\">\n                                                                    <h1>Social Events<\/h1>\n                                \n                                \n                                                            <\/div>\n                                            <\/div>\n                            <\/div>\n\n            <div class=\"swiper-buttons\">\n                <div class=\"swiper-button-prev\"><\/div>\n\n                <div class=\"swiper-button-next\"><\/div>\n            <\/div>\n        <\/div>\n    <\/div>\n\n\n<div style=\"height:70px\" aria-hidden=\"true\" class=\"wp-block-spacer\"><\/div>\n\n\n\n<div class=\"wp-block-columns is-layout-flex wp-container-core-columns-is-layout-9d6595d7 wp-block-columns-is-layout-flex\">\n<div class=\"wp-block-column is-layout-flow wp-block-column-is-layout-flow\">\n<h2 class=\"wp-block-heading\">Social Events<\/h2>\n<\/div>\n\n\n\n<div class=\"wp-block-column is-vertically-aligned-center is-layout-flow wp-block-column-is-layout-flow\">\n<div class=\"wp-block-uagb-buttons uagb-buttons__outer-wrap uagb-btn__default-btn uagb-btn-tablet__default-btn uagb-btn-mobile__default-btn uagb-block-31f0a921\"><div class=\"uagb-buttons__wrap uagb-buttons-layout-wrap \">\n<div class=\"wp-block-uagb-buttons-child uagb-buttons__outer-wrap uagb-block-4df83a09 wp-block-button\"><div class=\"uagb-button__wrapper\"><a class=\"uagb-buttons-repeater wp-block-button__link\" aria-label=\"\" href=\"https:\/\/www.62n.fo\/en\/27th-ervo-meeting\/\" rel=\"follow noopener\" target=\"_self\" role=\"button\"><div class=\"uagb-button__link\">Return to Front Page<\/div><\/a><\/div><\/div>\n<\/div><\/div>\n<\/div>\n<\/div>\n\n\n\n<div style=\"height:10px\" aria-hidden=\"true\" class=\"wp-block-spacer\"><\/div>\n\n\n\n<p>Here, you will find an overview and detailed information about the various social events taking place during the conference.<\/p>\n\n\n\n<div style=\"height:10px\" aria-hidden=\"true\" class=\"wp-block-spacer\"><\/div>\n\n\n\n<div class=\"wp-block-uagb-container uagb-block-c24ad52a alignfull uagb-is-root-container\"><div class=\"uagb-container-inner-blocks-wrap\">\n<div class=\"wp-block-uagb-container uagb-block-c51077c7\">\n<div class=\"wp-block-uagb-image uagb-block-8ee0117d wp-block-uagb-image--layout-default wp-block-uagb-image--effect-static wp-block-uagb-image--align-none\"><figure class=\"wp-block-uagb-image__figure\"><img decoding=\"async\" srcset=\"https:\/\/www.62n.fo\/wp-content\/uploads\/2025\/02\/MEST.png ,https:\/\/www.62n.fo\/wp-content\/uploads\/2025\/02\/MEST.png 780w, https:\/\/www.62n.fo\/wp-content\/uploads\/2025\/02\/MEST.png 360w\" sizes=\"auto, (max-width: 480px) 150px\" src=\"https:\/\/www.62n.fo\/wp-content\/uploads\/2025\/02\/MEST.png\" alt=\"\" class=\"uag-image-17173\" width=\"143\" height=\"44\" title=\"MEST\" loading=\"lazy\" role=\"img\"\/><\/figure><\/div>\n<\/div>\n\n\n\n<div class=\"wp-block-uagb-container uagb-block-26799d61\">\n<div class=\"wp-block-uagb-image uagb-block-507b2918 wp-block-uagb-image--layout-default wp-block-uagb-image--effect-static wp-block-uagb-image--align-none\"><figure class=\"wp-block-uagb-image__figure\"><img decoding=\"async\" srcset=\"https:\/\/www.62n.fo\/wp-content\/uploads\/2025\/02\/Torshavnar-Kommuna.jpg ,https:\/\/www.62n.fo\/wp-content\/uploads\/2025\/02\/Torshavnar-Kommuna.jpg 780w, https:\/\/www.62n.fo\/wp-content\/uploads\/2025\/02\/Torshavnar-Kommuna.jpg 360w\" sizes=\"auto, (max-width: 480px) 150px\" src=\"https:\/\/www.62n.fo\/wp-content\/uploads\/2025\/02\/Torshavnar-Kommuna.jpg\" alt=\"\" class=\"uag-image-17236\" width=\"63\" height=\"59\" title=\"T\u00f3rshavnar Kommuna\" loading=\"lazy\" role=\"img\"\/><\/figure><\/div>\n<\/div>\n\n\n\n<div class=\"wp-block-uagb-container uagb-block-037a0f5d\">\n<div class=\"wp-block-uagb-image uagb-block-cf4ebcaa wp-block-uagb-image--layout-default wp-block-uagb-image--effect-static wp-block-uagb-image--align-none\"><figure class=\"wp-block-uagb-image__figure\"><img decoding=\"async\" srcset=\"https:\/\/www.62n.fo\/wp-content\/uploads\/2025\/02\/KONGSBERG_logo_horizontal.png ,https:\/\/www.62n.fo\/wp-content\/uploads\/2025\/02\/KONGSBERG_logo_horizontal.png 780w, https:\/\/www.62n.fo\/wp-content\/uploads\/2025\/02\/KONGSBERG_logo_horizontal.png 360w\" sizes=\"auto, (max-width: 480px) 150px\" src=\"https:\/\/www.62n.fo\/wp-content\/uploads\/2025\/02\/KONGSBERG_logo_horizontal.png\" alt=\"\" class=\"uag-image-17240\" width=\"175\" height=\"33\" title=\"KONGSBERG_logo_horizontal\" loading=\"lazy\" role=\"img\"\/><\/figure><\/div>\n<\/div>\n\n\n\n<div class=\"wp-block-uagb-container uagb-block-fec6ebf3\">\n<div class=\"wp-block-uagb-image uagb-block-b605d9cb wp-block-uagb-image--layout-default wp-block-uagb-image--effect-static wp-block-uagb-image--align-none\"><figure class=\"wp-block-uagb-image__figure\"><img decoding=\"async\" srcset=\"https:\/\/www.62n.fo\/wp-content\/uploads\/2025\/02\/PO.png ,https:\/\/www.62n.fo\/wp-content\/uploads\/2025\/02\/PO.png 780w, https:\/\/www.62n.fo\/wp-content\/uploads\/2025\/02\/PO.png 360w\" sizes=\"auto, (max-width: 480px) 150px\" src=\"https:\/\/www.62n.fo\/wp-content\/uploads\/2025\/02\/PO.png\" alt=\"\" class=\"uag-image-17228\" width=\"134\" height=\"58\" title=\"P&amp;O\" loading=\"lazy\" role=\"img\"\/><\/figure><\/div>\n<\/div>\n<\/div><\/div>\n\n\n\n<div style=\"height:30px\" aria-hidden=\"true\" class=\"wp-block-spacer\"><\/div>\n\n\n\n<h4 class=\"wp-block-heading has-small-font-size\"><strong>SOCIAL<\/strong> <strong>EVENTS PART OF THE CONFERENCE PROGRAMME<\/strong><\/h4>\n\n\n\n<div id=\"shortcuts_block_df244d5d8261add2474cfefd5b335f90\" class=\"lunnar-shortcuts per-row-4\">\n\n            <a href=\"https:\/\/www.62n.fo\/en\/trip\/welcome-reception-icebreaker\/\" class=\"shortcut-item\">\n            <div class=\"shortcut-item--image\">\n                                    <img decoding=\"async\" src=\"https:\/\/www.62n.fo\/wp-content\/uploads\/2025\/02\/silo2-1030x686-1.jpg\" alt=\"\" \/>\n                            <\/div>\n\n            <div class=\"shortcut-item--action\">\n                <h3>Welcome\u00a0Reception &#038; Icebreaker<\/h3>\n\n                <img decoding=\"async\" src=\"https:\/\/www.62n.fo\/wp-content\/themes\/lunnar-62n-2023\/images\/icon-circle-chevron.svg\" class=\"injectable\" \/>            <\/div>\n        <\/a>\n            <a href=\"https:\/\/www.62n.fo\/en\/trip\/official-networking-dinner\/\" class=\"shortcut-item\">\n            <div class=\"shortcut-item--image\">\n                                    <img decoding=\"async\" src=\"https:\/\/www.62n.fo\/wp-content\/uploads\/2025\/02\/preview_COLOURBOX60964741.jpg\" alt=\"\" \/>\n                            <\/div>\n\n            <div class=\"shortcut-item--action\">\n                <h3>Official Networking Dinner<\/h3>\n\n                <img decoding=\"async\" src=\"https:\/\/www.62n.fo\/wp-content\/themes\/lunnar-62n-2023\/images\/icon-circle-chevron.svg\" class=\"injectable\" \/>            <\/div>\n        <\/a>\n            <a href=\"https:\/\/www.62n.fo\/en\/trip\/visit-to-rv-jakup-sverri-and-mest-shipyard\/\" class=\"shortcut-item\">\n            <div class=\"shortcut-item--image\">\n                                    <img decoding=\"async\" src=\"https:\/\/www.62n.fo\/wp-content\/uploads\/2025\/02\/Jakup-Sverri_Hangarluka-opin.jpg\" alt=\"\" \/>\n                            <\/div>\n\n            <div class=\"shortcut-item--action\">\n                <h3>Visit to RV J\u00e1kup Sverri and\u00a0MEST Shipyard<\/h3>\n\n                <img decoding=\"async\" src=\"https:\/\/www.62n.fo\/wp-content\/themes\/lunnar-62n-2023\/images\/icon-circle-chevron.svg\" class=\"injectable\" \/>            <\/div>\n        <\/a>\n            <a href=\"https:\/\/www.62n.fo\/en\/trip\/optional-field-trip-on-thursday-june-5th\/\" class=\"shortcut-item\">\n            <div class=\"shortcut-item--image\">\n                                    <img decoding=\"async\" src=\"https:\/\/www.62n.fo\/wp-content\/uploads\/2025\/02\/Kirkjubour-7.jpg\" alt=\"\" \/>\n                            <\/div>\n\n            <div class=\"shortcut-item--action\">\n                <h3>Optional Field Trip on Thursday, June 5th<\/h3>\n\n                <img decoding=\"async\" src=\"https:\/\/www.62n.fo\/wp-content\/themes\/lunnar-62n-2023\/images\/icon-circle-chevron.svg\" class=\"injectable\" \/>            <\/div>\n        <\/a>\n    <\/div>\n\n\n<div class=\"wp-block-group is-layout-constrained wp-block-group-is-layout-constrained\">\n<div style=\"height:50px\" aria-hidden=\"true\" class=\"wp-block-spacer\"><\/div>\n<\/div>\n\n\n\n<div class=\"wp-block-group is-layout-constrained wp-block-group-is-layout-constrained\">\n<h4 class=\"wp-block-heading has-small-font-size\"> <strong>OPTIONAL <strong>PRE-CONFERENCE EXCURSIONS AT AN ADDITIONAL COST<\/strong><\/strong><\/h4>\n\n\n\n<h4 class=\"wp-block-heading has-small-font-size\">On Monday, June 2nd:<\/h4>\n<\/div>\n\n\n\n<div id=\"shortcuts_block_008772ad77f6ee51c0a11a6770380460\" class=\"lunnar-shortcuts aligncenter per-row-4\">\n\n            <a href=\"https:\/\/www.62n.fo\/en\/trip\/wonderful-streymoy-golden-circle-pt-1\/\" class=\"shortcut-item\">\n            <div class=\"shortcut-item--image\">\n                                    <img decoding=\"async\" src=\"https:\/\/www.62n.fo\/wp-content\/uploads\/2025\/02\/Tjornuvik-5.jpg\" alt=\"\" \/>\n                            <\/div>\n\n            <div class=\"shortcut-item--action\">\n                <h3>Wonderful Streymoy | Golden Circle pt.1<\/h3>\n\n                <img decoding=\"async\" src=\"https:\/\/www.62n.fo\/wp-content\/themes\/lunnar-62n-2023\/images\/icon-circle-chevron.svg\" class=\"injectable\" \/>            <\/div>\n        <\/a>\n            <a href=\"https:\/\/www.62n.fo\/en\/trip\/fishing-experience-in-the-faroe-islands\/\" class=\"shortcut-item\">\n            <div class=\"shortcut-item--image\">\n                                    <img decoding=\"async\" src=\"https:\/\/www.62n.fo\/wp-content\/uploads\/2025\/02\/TSA.avif\" alt=\"\" \/>\n                            <\/div>\n\n            <div class=\"shortcut-item--action\">\n                <h3>Fishing Experience in the Faroe Islands<\/h3>\n\n                <img decoding=\"async\" src=\"https:\/\/www.62n.fo\/wp-content\/themes\/lunnar-62n-2023\/images\/icon-circle-chevron.svg\" class=\"injectable\" \/>            <\/div>\n        <\/a>\n    <\/div>\n\n\n<div style=\"height:50px\" aria-hidden=\"true\" class=\"wp-block-spacer\"><\/div>\n\n\n\n<div class=\"wp-block-group is-layout-constrained wp-block-group-is-layout-constrained\">\n<h4 class=\"wp-block-heading has-small-font-size\"> <strong>OPTIONAL EXCURSIONS FOR ACCOMPANYING GUESTS DURING THE CONFERENCE<\/strong><\/h4>\n\n\n\n<p>We encourage you to take the opportunity to explore the Faroe Islands while your spouse, friend, or family member is occupied with the conference.<\/p>\n\n\n\n<h4 class=\"wp-block-heading has-small-font-size\">On Tuesday, June 3rd:<\/h4>\n<\/div>\n\n\n\n<div id=\"shortcuts_block_e891673c54d872bc85a5382572ebecf4\" class=\"lunnar-shortcuts aligncenter per-row-4\">\n\n            <a href=\"https:\/\/www.62n.fo\/en\/trip\/beautiful-eysturoy-golden-circle-pt-2\/\" class=\"shortcut-item\">\n            <div class=\"shortcut-item--image\">\n                                    <img decoding=\"async\" src=\"https:\/\/www.62n.fo\/wp-content\/uploads\/2025\/02\/Gjogv.jpg\" alt=\"\" \/>\n                            <\/div>\n\n            <div class=\"shortcut-item--action\">\n                <h3>Beautiful Eysturoy | Golden Circle pt.2<\/h3>\n\n                <img decoding=\"async\" src=\"https:\/\/www.62n.fo\/wp-content\/themes\/lunnar-62n-2023\/images\/icon-circle-chevron.svg\" class=\"injectable\" \/>            <\/div>\n        <\/a>\n            <a href=\"https:\/\/www.62n.fo\/en\/trip\/james-bond-007-official-faroe-islands-tour\/\" class=\"shortcut-item\">\n            <div class=\"shortcut-item--image\">\n                                    <img decoding=\"async\" src=\"https:\/\/www.62n.fo\/wp-content\/uploads\/2025\/02\/Kalsoy-4.jpg\" alt=\"\" \/>\n                            <\/div>\n\n            <div class=\"shortcut-item--action\">\n                <h3>James Bond 007 | Official Faroe Islands Tour<\/h3>\n\n                <img decoding=\"async\" src=\"https:\/\/www.62n.fo\/wp-content\/themes\/lunnar-62n-2023\/images\/icon-circle-chevron.svg\" class=\"injectable\" \/>            <\/div>\n        <\/a>\n    <\/div>\n\n\n<div style=\"height:20px\" aria-hidden=\"true\" class=\"wp-block-spacer\"><\/div>\n\n\n\n<div class=\"wp-block-group is-layout-constrained wp-block-group-is-layout-constrained\">\n<h4 class=\"wp-block-heading has-small-font-size\">On Wednesday, June 4th:<\/h4>\n<\/div>\n\n\n\n<div id=\"shortcuts_block_a7449b94c6a2d19fe49a227f76d2cc40\" class=\"lunnar-shortcuts aligncenter per-row-4\">\n\n            <a href=\"https:\/\/www.62n.fo\/en\/trip\/vagar-island-highlights-gasadalur-bour-sandavagur\/\" class=\"shortcut-item\">\n            <div class=\"shortcut-item--image\">\n                                    <img decoding=\"async\" src=\"https:\/\/www.62n.fo\/wp-content\/uploads\/2022\/10\/Gasadalur.jpg\" alt=\"\" \/>\n                            <\/div>\n\n            <div class=\"shortcut-item--action\">\n                <h3>V\u00e1gar Island Highlights<\/h3>\n\n                <img decoding=\"async\" src=\"https:\/\/www.62n.fo\/wp-content\/themes\/lunnar-62n-2023\/images\/icon-circle-chevron.svg\" class=\"injectable\" \/>            <\/div>\n        <\/a>\n            <a href=\"https:\/\/www.62n.fo\/en\/trip\/vagar-island-highlights-gasadalur-bour-sandavagur-incl-hike-to-traelanipan\/\" class=\"shortcut-item\">\n            <div class=\"shortcut-item--image\">\n                                    <img decoding=\"async\" src=\"https:\/\/www.62n.fo\/wp-content\/uploads\/2025\/02\/Traelanipan-1.jpg\" alt=\"\" \/>\n                            <\/div>\n\n            <div class=\"shortcut-item--action\">\n                <h3>V\u00e1gar Island Highlights incl. Hike to Tr\u00e6lan\u00edpan<\/h3>\n\n                <img decoding=\"async\" src=\"https:\/\/www.62n.fo\/wp-content\/themes\/lunnar-62n-2023\/images\/icon-circle-chevron.svg\" class=\"injectable\" \/>            <\/div>\n        <\/a>\n            <a href=\"https:\/\/www.62n.fo\/en\/trip\/fishing-experience-in-the-faroe-islands\/\" class=\"shortcut-item\">\n            <div class=\"shortcut-item--image\">\n                                    <img decoding=\"async\" src=\"https:\/\/www.62n.fo\/wp-content\/uploads\/2025\/02\/TSA.avif\" alt=\"\" \/>\n                            <\/div>\n\n            <div class=\"shortcut-item--action\">\n                <h3>Fishing Experience in the Faroe Islands<\/h3>\n\n                <img decoding=\"async\" src=\"https:\/\/www.62n.fo\/wp-content\/themes\/lunnar-62n-2023\/images\/icon-circle-chevron.svg\" class=\"injectable\" \/>            <\/div>\n        <\/a>\n    <\/div>\n\n\n<div style=\"height:50px\" aria-hidden=\"true\" class=\"wp-block-spacer\"><\/div>\n\n\n\n<div class=\"wp-block-uagb-container uagb-block-87aa2197 alignfull uagb-is-root-container\"><div class=\"uagb-container-inner-blocks-wrap\">\n<div class=\"wp-block-uagb-container uagb-block-c920cc52\">\n<div class=\"wp-block-uagb-image uagb-block-0c5a13c3 wp-block-uagb-image--layout-default wp-block-uagb-image--effect-static wp-block-uagb-image--align-none\"><figure class=\"wp-block-uagb-image__figure\"><img decoding=\"async\" srcset=\"https:\/\/www.62n.fo\/wp-content\/uploads\/2025\/01\/Bumerki-Havstovan-1.png ,https:\/\/www.62n.fo\/wp-content\/uploads\/2025\/01\/Bumerki-Havstovan-1.png 780w, https:\/\/www.62n.fo\/wp-content\/uploads\/2025\/01\/Bumerki-Havstovan-1.png 360w\" sizes=\"auto, (max-width: 480px) 150px\" src=\"https:\/\/www.62n.fo\/wp-content\/uploads\/2025\/01\/Bumerki-Havstovan-1.png\" alt=\"\" class=\"uag-image-16647\" width=\"1361\" height=\"281\" title=\"Bumerki-Havstovan-1\" loading=\"lazy\" role=\"img\"\/><\/figure><\/div>\n<\/div>\n\n\n\n<div class=\"wp-block-uagb-container uagb-block-3dfaae86\">\n<div class=\"wp-block-uagb-image uagb-block-3ca65fed wp-block-uagb-image--layout-default wp-block-uagb-image--effect-static wp-block-uagb-image--align-none\"><figure class=\"wp-block-uagb-image__figure\"><img decoding=\"async\" srcset=\"https:\/\/www.62n.fo\/wp-content\/uploads\/2025\/01\/logo_cores02_positivo-1600x1132.jpg ,https:\/\/www.62n.fo\/wp-content\/uploads\/2025\/01\/logo_cores02_positivo.jpg 780w, https:\/\/www.62n.fo\/wp-content\/uploads\/2025\/01\/logo_cores02_positivo.jpg 360w\" sizes=\"auto, (max-width: 480px) 150px\" src=\"https:\/\/www.62n.fo\/wp-content\/uploads\/2025\/01\/logo_cores02_positivo-1600x1132.jpg\" alt=\"\" class=\"uag-image-16650\" width=\"287\" height=\"202\" title=\"logo_cores02_positivo\" loading=\"lazy\" role=\"img\"\/><\/figure><\/div>\n<\/div>\n<\/div><\/div>\n\n\n\n<div style=\"height:50px\" aria-hidden=\"true\" class=\"wp-block-spacer\"><\/div>\n\n\n\n<p class=\"has-text-align-center\"><strong>For any inquiries about the conference or the Faroe Islands, please reach out to 62\u00b0N at:<\/strong><\/p>\n\n\n\n<p><\/p>\n\n\n\n<h2 class=\"wp-block-heading has-text-align-center\">+298 34 00 00 \/ <a href=\"mailto:mice@62n.fo\">mice@62n.fo<\/a><\/h2>\n","protected":false},"excerpt":{"rendered":"<p>Social Events Here, you will find an overview and detailed information about the various social events taking place during the conference. SOCIAL EVENTS PART OF THE CONFERENCE PROGRAMME OPTIONAL PRE-CONFERENCE EXCURSIONS AT AN ADDITIONAL COST On Monday, June 2nd: OPTIONAL EXCURSIONS FOR ACCOMPANYING GUESTS DURING THE CONFERENCE We encourage you to take the opportunity to [&hellip;]<\/p>\n","protected":false},"author":5,"featured_media":0,"parent":15966,"menu_order":0,"comment_status":"closed","ping_status":"closed","template":"","meta":{"_acf_changed":false,"_uag_custom_page_level_css":"","footnotes":""},"class_list":["post-15976","page","type-page","status-publish","hentry"],"acf":[],"yoast_head":"<!-- This site is optimized with the Yoast SEO plugin v27.3 - https:\/\/yoast.com\/product\/yoast-seo-wordpress\/ -->\n<title>Social Events - 62N<\/title>\n<meta name=\"robots\" content=\"index, follow, max-snippet:-1, max-image-preview:large, max-video-preview:-1\" \/>\n<link rel=\"canonical\" href=\"https:\/\/www.62n.fo\/en\/27th-ervo-meeting\/events\/\" \/>\n<meta property=\"og:locale\" content=\"en_US\" \/>\n<meta property=\"og:type\" content=\"article\" \/>\n<meta property=\"og:title\" content=\"Social Events - 62N\" \/>\n<meta property=\"og:description\" content=\"Social Events Here, you will find an overview and detailed information about the various social events taking place during the conference. SOCIAL EVENTS PART OF THE CONFERENCE PROGRAMME OPTIONAL PRE-CONFERENCE EXCURSIONS AT AN ADDITIONAL COST On Monday, June 2nd: OPTIONAL EXCURSIONS FOR ACCOMPANYING GUESTS DURING THE CONFERENCE We encourage you to take the opportunity to [&hellip;]\" \/>\n<meta property=\"og:url\" content=\"https:\/\/www.62n.fo\/en\/27th-ervo-meeting\/events\/\" \/>\n<meta property=\"og:site_name\" content=\"62N\" \/>\n<meta property=\"article:modified_time\" content=\"2025-02-07T16:58:17+00:00\" \/>\n<meta property=\"og:image\" content=\"https:\/\/www.62n.fo\/wp-content\/uploads\/2025\/02\/MEST.png\" \/>\n<meta name=\"twitter:card\" content=\"summary_large_image\" \/>\n<meta name=\"twitter:label1\" content=\"Est. reading time\" \/>\n\t<meta name=\"twitter:data1\" content=\"2 minutes\" \/>\n<script type=\"application\/ld+json\" class=\"yoast-schema-graph\">{\"@context\":\"https:\\\/\\\/schema.org\",\"@graph\":[{\"@type\":\"WebPage\",\"@id\":\"https:\\\/\\\/www.62n.fo\\\/en\\\/27th-ervo-meeting\\\/events\\\/\",\"url\":\"https:\\\/\\\/www.62n.fo\\\/en\\\/27th-ervo-meeting\\\/events\\\/\",\"name\":\"Social Events - 62N\",\"isPartOf\":{\"@id\":\"https:\\\/\\\/www.62n.fo\\\/en\\\/#website\"},\"primaryImageOfPage\":{\"@id\":\"https:\\\/\\\/www.62n.fo\\\/en\\\/27th-ervo-meeting\\\/events\\\/#primaryimage\"},\"image\":{\"@id\":\"https:\\\/\\\/www.62n.fo\\\/en\\\/27th-ervo-meeting\\\/events\\\/#primaryimage\"},\"thumbnailUrl\":\"https:\\\/\\\/www.62n.fo\\\/wp-content\\\/uploads\\\/2025\\\/02\\\/MEST.png\",\"datePublished\":\"2025-01-07T11:01:41+00:00\",\"dateModified\":\"2025-02-07T16:58:17+00:00\",\"breadcrumb\":{\"@id\":\"https:\\\/\\\/www.62n.fo\\\/en\\\/27th-ervo-meeting\\\/events\\\/#breadcrumb\"},\"inLanguage\":\"en-US\",\"potentialAction\":[{\"@type\":\"ReadAction\",\"target\":[\"https:\\\/\\\/www.62n.fo\\\/en\\\/27th-ervo-meeting\\\/events\\\/\"]}]},{\"@type\":\"ImageObject\",\"inLanguage\":\"en-US\",\"@id\":\"https:\\\/\\\/www.62n.fo\\\/en\\\/27th-ervo-meeting\\\/events\\\/#primaryimage\",\"url\":\"https:\\\/\\\/www.62n.fo\\\/wp-content\\\/uploads\\\/2025\\\/02\\\/MEST.png\",\"contentUrl\":\"https:\\\/\\\/www.62n.fo\\\/wp-content\\\/uploads\\\/2025\\\/02\\\/MEST.png\"},{\"@type\":\"BreadcrumbList\",\"@id\":\"https:\\\/\\\/www.62n.fo\\\/en\\\/27th-ervo-meeting\\\/events\\\/#breadcrumb\",\"itemListElement\":[{\"@type\":\"ListItem\",\"position\":1,\"name\":\"Home\",\"item\":\"https:\\\/\\\/www.62n.fo\\\/en\\\/\"},{\"@type\":\"ListItem\",\"position\":2,\"name\":\"27th ERVO Meeting\",\"item\":\"https:\\\/\\\/www.62n.fo\\\/en\\\/27th-ervo-meeting\\\/\"},{\"@type\":\"ListItem\",\"position\":3,\"name\":\"Social Events\"}]},{\"@type\":\"WebSite\",\"@id\":\"https:\\\/\\\/www.62n.fo\\\/en\\\/#website\",\"url\":\"https:\\\/\\\/www.62n.fo\\\/en\\\/\",\"name\":\"62N\",\"description\":\"Just another WordPress site\",\"potentialAction\":[{\"@type\":\"SearchAction\",\"target\":{\"@type\":\"EntryPoint\",\"urlTemplate\":\"https:\\\/\\\/www.62n.fo\\\/en\\\/?s={search_term_string}\"},\"query-input\":{\"@type\":\"PropertyValueSpecification\",\"valueRequired\":true,\"valueName\":\"search_term_string\"}}],\"inLanguage\":\"en-US\"}]}<\/script>\n<!-- \/ Yoast SEO plugin. -->","yoast_head_json":{"title":"Social Events - 62N","robots":{"index":"index","follow":"follow","max-snippet":"max-snippet:-1","max-image-preview":"max-image-preview:large","max-video-preview":"max-video-preview:-1"},"canonical":"https:\/\/www.62n.fo\/en\/27th-ervo-meeting\/events\/","og_locale":"en_US","og_type":"article","og_title":"Social Events - 62N","og_description":"Social Events Here, you will find an overview and detailed information about the various social events taking place during the conference. SOCIAL EVENTS PART OF THE CONFERENCE PROGRAMME OPTIONAL PRE-CONFERENCE EXCURSIONS AT AN ADDITIONAL COST On Monday, June 2nd: OPTIONAL EXCURSIONS FOR ACCOMPANYING GUESTS DURING THE CONFERENCE We encourage you to take the opportunity to [&hellip;]","og_url":"https:\/\/www.62n.fo\/en\/27th-ervo-meeting\/events\/","og_site_name":"62N","article_modified_time":"2025-02-07T16:58:17+00:00","og_image":[{"url":"https:\/\/www.62n.fo\/wp-content\/uploads\/2025\/02\/MEST.png","type":"","width":"","height":""}],"twitter_card":"summary_large_image","twitter_misc":{"Est. reading time":"2 minutes"},"schema":{"@context":"https:\/\/schema.org","@graph":[{"@type":"WebPage","@id":"https:\/\/www.62n.fo\/en\/27th-ervo-meeting\/events\/","url":"https:\/\/www.62n.fo\/en\/27th-ervo-meeting\/events\/","name":"Social Events - 62N","isPartOf":{"@id":"https:\/\/www.62n.fo\/en\/#website"},"primaryImageOfPage":{"@id":"https:\/\/www.62n.fo\/en\/27th-ervo-meeting\/events\/#primaryimage"},"image":{"@id":"https:\/\/www.62n.fo\/en\/27th-ervo-meeting\/events\/#primaryimage"},"thumbnailUrl":"https:\/\/www.62n.fo\/wp-content\/uploads\/2025\/02\/MEST.png","datePublished":"2025-01-07T11:01:41+00:00","dateModified":"2025-02-07T16:58:17+00:00","breadcrumb":{"@id":"https:\/\/www.62n.fo\/en\/27th-ervo-meeting\/events\/#breadcrumb"},"inLanguage":"en-US","potentialAction":[{"@type":"ReadAction","target":["https:\/\/www.62n.fo\/en\/27th-ervo-meeting\/events\/"]}]},{"@type":"ImageObject","inLanguage":"en-US","@id":"https:\/\/www.62n.fo\/en\/27th-ervo-meeting\/events\/#primaryimage","url":"https:\/\/www.62n.fo\/wp-content\/uploads\/2025\/02\/MEST.png","contentUrl":"https:\/\/www.62n.fo\/wp-content\/uploads\/2025\/02\/MEST.png"},{"@type":"BreadcrumbList","@id":"https:\/\/www.62n.fo\/en\/27th-ervo-meeting\/events\/#breadcrumb","itemListElement":[{"@type":"ListItem","position":1,"name":"Home","item":"https:\/\/www.62n.fo\/en\/"},{"@type":"ListItem","position":2,"name":"27th ERVO Meeting","item":"https:\/\/www.62n.fo\/en\/27th-ervo-meeting\/"},{"@type":"ListItem","position":3,"name":"Social Events"}]},{"@type":"WebSite","@id":"https:\/\/www.62n.fo\/en\/#website","url":"https:\/\/www.62n.fo\/en\/","name":"62N","description":"Just another WordPress site","potentialAction":[{"@type":"SearchAction","target":{"@type":"EntryPoint","urlTemplate":"https:\/\/www.62n.fo\/en\/?s={search_term_string}"},"query-input":{"@type":"PropertyValueSpecification","valueRequired":true,"valueName":"search_term_string"}}],"inLanguage":"en-US"}]}},"uagb_featured_image_src":{"full":false,"thumbnail":false,"medium":false,"medium_large":false,"large":false,"1536x1536":false,"2048x2048":false},"uagb_author_info":{"display_name":"rannva@62n.fo","author_link":"https:\/\/www.62n.fo\/en\/author\/rannva62n-fo\/"},"uagb_comment_info":0,"uagb_excerpt":"Social Events Here, you will find an overview and detailed information about the various social events taking place during the conference. SOCIAL EVENTS PART OF THE CONFERENCE PROGRAMME OPTIONAL PRE-CONFERENCE EXCURSIONS AT AN ADDITIONAL COST On Monday, June 2nd: OPTIONAL EXCURSIONS FOR ACCOMPANYING GUESTS DURING THE CONFERENCE We encourage you to take the opportunity to&hellip;","_links":{"self":[{"href":"https:\/\/www.62n.fo\/en\/wp-json\/wp\/v2\/pages\/15976","targetHints":{"allow":["GET"]}}],"collection":[{"href":"https:\/\/www.62n.fo\/en\/wp-json\/wp\/v2\/pages"}],"about":[{"href":"https:\/\/www.62n.fo\/en\/wp-json\/wp\/v2\/types\/page"}],"author":[{"embeddable":true,"href":"https:\/\/www.62n.fo\/en\/wp-json\/wp\/v2\/users\/5"}],"replies":[{"embeddable":true,"href":"https:\/\/www.62n.fo\/en\/wp-json\/wp\/v2\/comments?post=15976"}],"version-history":[{"count":66,"href":"https:\/\/www.62n.fo\/en\/wp-json\/wp\/v2\/pages\/15976\/revisions"}],"predecessor-version":[{"id":17396,"href":"https:\/\/www.62n.fo\/en\/wp-json\/wp\/v2\/pages\/15976\/revisions\/17396"}],"up":[{"embeddable":true,"href":"https:\/\/www.62n.fo\/en\/wp-json\/wp\/v2\/pages\/15966"}],"wp:attachment":[{"href":"https:\/\/www.62n.fo\/en\/wp-json\/wp\/v2\/media?parent=15976"}],"curies":[{"name":"wp","href":"https:\/\/api.w.org\/{rel}","templated":true}]}}