{"id":13821,"date":"2024-03-08T14:21:47","date_gmt":"2024-03-08T14:21:47","guid":{"rendered":"https:\/\/www.62n.fo\/?page_id=13821"},"modified":"2024-04-16T17:02:42","modified_gmt":"2024-04-16T16:02:42","slug":"driving-in-the-faroe-islands","status":"publish","type":"page","link":"https:\/\/www.62n.fo\/en\/car-rental\/information\/driving-in-the-faroe-islands\/","title":{"rendered":"Car &#8211; Driving in the Faroe Islands"},"content":{"rendered":"\n<div id=\"cover-swiper_block_cb7aad16c6f703fb0ab7329ef7c41388\" class=\"lunnar-cover-swiper alignwide \">\n    \n            <div class=\"cover-swiper swiper\">\n            <div class=\"swiper-wrapper\">\n                                    <div class=\"swiper-slide cover\">\n                                                    <img loading=\"lazy\" decoding=\"async\" src=\"https:\/\/www.62n.fo\/wp-content\/uploads\/2024\/02\/philipp-waldhauer-Iay5RmQZo8Q-unsplash-7-1600x900.jpg\" width=\"1600\" height=\"900\">\n                        \n                                                    <div class=\"cover-text\">\n                                                                    <h1>DRIVING IN THE FAROE ISLANDS<\/h1>\n                                \n                                \n                                                            <\/div>\n                                            <\/div>\n                            <\/div>\n\n            <div class=\"swiper-buttons\">\n                <div class=\"swiper-button-prev\"><\/div>\n\n                <div class=\"swiper-button-next\"><\/div>\n            <\/div>\n        <\/div>\n    <\/div>\n\n\n<div style=\"height:100px\" aria-hidden=\"true\" class=\"wp-block-spacer\"><\/div>\n\n\n\n<div class=\"wp-block-columns is-layout-flex wp-container-core-columns-is-layout-9d6595d7 wp-block-columns-is-layout-flex\">\n<div class=\"wp-block-column is-layout-flow wp-block-column-is-layout-flow\" style=\"flex-basis:33.33%\">\n<h2 class=\"wp-block-heading\" style=\"text-transform:uppercase\">easy and flexible<\/h2>\n<\/div>\n\n\n\n<div class=\"wp-block-column is-layout-flow wp-block-column-is-layout-flow\" style=\"flex-basis:66.66%\">\n<p>Renting a car is a very popular way to get around. It&#8217;s easy and gives you the possibility to decide your own route.&nbsp;Most of the islands are connected&nbsp;via bridges and subsea tunnels, making it effortless to drive around.<\/p>\n<\/div>\n<\/div>\n\n\n\n<div style=\"height:100px\" aria-hidden=\"true\" class=\"wp-block-spacer\"><\/div>\n\n\n\n<div class=\"wp-block-group alignfull has-grey-background-color has-background is-layout-constrained wp-block-group-is-layout-constrained\">\n<div class=\"wp-block-columns are-vertically-aligned-top is-layout-flex wp-container-core-columns-is-layout-9d6595d7 wp-block-columns-is-layout-flex\">\n<div class=\"wp-block-column is-vertically-aligned-top is-layout-flow wp-block-column-is-layout-flow\" style=\"flex-basis:100%\">\n<div style=\"height:100px\" aria-hidden=\"true\" class=\"wp-block-spacer\"><\/div>\n\n\n\n<h2 class=\"wp-block-heading has-text-align-left\" style=\"text-transform:uppercase\">Driving in the faroe islands<\/h2>\n\n\n\n<div class=\"wp-block-group is-layout-constrained wp-block-group-is-layout-constrained\">\n<p>Most islands are connected by an excellent infrastructure of roads, bridges and subsea tunnels, making it effortless to get around. <br>All toll roads will be deducted from the deposit payment, which is paid upon arrival.<\/p>\n\n\n\n<p>To illustrate the flexibility of getting around by car, you can take in the majestic view of M\u00falafossur waterfall in G\u00e1sadalur, explore the breathtaking gorge in Gj\u00f3gv and hike out to the Kallurin lighthouse on Kalsoy all in one day \u2013 and even make it back in time for a lamb roast dinner in T\u00f3rshavn. (This depends on how many photos you plan on taking at each location \u2013 which is usually quite a lot!)<br><br><\/p>\n\n\n\n<p><strong>PLEASE READ BEFORE DRIVING IN THE FAROE ISLANDS<\/strong><br><br>All major highways are paved, but some roads, especially to the smaller villages, are still gravel roads. Navigate these roads carefully, as loose gravel can make driving difficult. Many roads and tunnels leading to villages can be narrow, so please choose a safe speed according to the conditions. To keep traffic flowing, these roads have lay-bys (widened sections formed to one side to leave the road free for others to pass). <br><strong>These lay-bys are NOT to be used for parking.<\/strong><\/p>\n\n\n\n<p>The general speed limit is 50 km\/h in urban areas and 80 km\/h on asphalt and gravel roads in rural areas. Road maps help, so bring one along before you start your journey, or use GPS navigation. Maps can be picked up for free at our rental desk upon arrival.<\/p>\n\n\n\n<p>Motorists are legally obliged to use headlights at all times, day and night. Passengers in an automobile&#8217;s front and back seats must wear safety belts. Talking on a mobile phone and driving under the influence of alcohol is strongly prohibited.<\/p>\n\n\n\n<p><em>TIP<\/em><br>If a car behind you blinks its lights twice, it politely asks to pass you. Locals are used to driving on narrow, winding roads and prefer to drive faster, so they will appreciate your pulling over.<\/p>\n<\/div>\n<\/div>\n<\/div>\n\n\n\n<div class=\"wp-block-group alignfull has-grey-background-color has-background is-layout-constrained wp-block-group-is-layout-constrained\">\n<div style=\"height:100px\" aria-hidden=\"true\" class=\"wp-block-spacer\"><\/div>\n\n\n\n<div class=\"wp-block-columns is-layout-flex wp-container-core-columns-is-layout-9d6595d7 wp-block-columns-is-layout-flex\">\n<div class=\"wp-block-column is-layout-flow wp-block-column-is-layout-flow\" style=\"flex-basis:50%\">\n<div class=\"wp-block-group is-layout-constrained wp-block-group-is-layout-constrained\">\n<h2 class=\"wp-block-heading\" style=\"text-transform:uppercase\">Regulations<\/h2>\n\n\n\n<p>See the regulations for driving in the Faroe Islands by clicking on the headers<\/p>\n<\/div>\n<\/div>\n\n\n\n<div class=\"wp-block-column is-layout-flow wp-block-column-is-layout-flow\" style=\"flex-basis:100%\">\n<div class=\"wp-block-group is-layout-constrained wp-block-group-is-layout-constrained\">\n<div id=\"accordion_block_466b2ccc70a39be58bdc9fa6682ec9da\" class=\"lunnar-accordion style- columns-\">\n\n    \n            <div class=\"accordion-item\">\n            <div class=\"accordion-item--title\">\n                <h4>License Requirements<\/h4>\n\n                <img decoding=\"async\" src=\"https:\/\/www.62n.fo\/wp-content\/themes\/lunnar-62n-2023\/images\/icon-chevron.svg\" class=\"injectable\" \/>            <\/div>\n            <div class=\"accordion-item--content\">\n                <div class=\"accordion-item--content--inner\">\n                    <p>A valid drivers license in Latin script is required.<\/p>\n<p>The minimum age for driving in the Faroe Islands is 18.<\/p>\n                <\/div>\n            <\/div>\n        <\/div>\n            <div class=\"accordion-item\">\n            <div class=\"accordion-item--title\">\n                <h4>Driving Side<\/h4>\n\n                <img decoding=\"async\" src=\"https:\/\/www.62n.fo\/wp-content\/themes\/lunnar-62n-2023\/images\/icon-chevron.svg\" class=\"injectable\" \/>            <\/div>\n            <div class=\"accordion-item--content\">\n                <div class=\"accordion-item--content--inner\">\n                    <p>You must drive on the right and overtake on the left.<\/p>\n<p>Vehicles have the steering wheel on the left side of the car.<\/p>\n                <\/div>\n            <\/div>\n        <\/div>\n            <div class=\"accordion-item\">\n            <div class=\"accordion-item--title\">\n                <h4>Speed Limits<\/h4>\n\n                <img decoding=\"async\" src=\"https:\/\/www.62n.fo\/wp-content\/themes\/lunnar-62n-2023\/images\/icon-chevron.svg\" class=\"injectable\" \/>            <\/div>\n            <div class=\"accordion-item--content\">\n                <div class=\"accordion-item--content--inner\">\n                    <p>The speed limit in rural areas is 80 km\/hour, and 50 km\/hour in cities and villages.<br \/>\nIn certain zones within cities and villages, the speed limit can be lower.<\/p>\n                <\/div>\n            <\/div>\n        <\/div>\n            <div class=\"accordion-item\">\n            <div class=\"accordion-item--title\">\n                <h4>Driving Off-Road<\/h4>\n\n                <img decoding=\"async\" src=\"https:\/\/www.62n.fo\/wp-content\/themes\/lunnar-62n-2023\/images\/icon-chevron.svg\" class=\"injectable\" \/>            <\/div>\n            <div class=\"accordion-item--content\">\n                <div class=\"accordion-item--content--inner\">\n                    <p>It is never permitted to drive off-road in the Faroe Islands. This is to conserve the landscape and to ensure the safety of drivers. Fines are issued for driving off-road.<\/p>\n                <\/div>\n            <\/div>\n        <\/div>\n            <div class=\"accordion-item\">\n            <div class=\"accordion-item--title\">\n                <h4>Headlights<\/h4>\n\n                <img decoding=\"async\" src=\"https:\/\/www.62n.fo\/wp-content\/themes\/lunnar-62n-2023\/images\/icon-chevron.svg\" class=\"injectable\" \/>            <\/div>\n            <div class=\"accordion-item--content\">\n                <div class=\"accordion-item--content--inner\">\n                    <p>You are legally obliged to have your headlights on whenever you are driving. This rule applies during the day as well as during the night.<\/p>\n<p>Many car models will automatically turn on the headlights as you start the engine. However, you should always check that your lights are on before driving off.<\/p>\n                <\/div>\n            <\/div>\n        <\/div>\n    \n<\/div>\n\n\n<p><\/p>\n<\/div>\n<\/div>\n<\/div>\n\n\n\n<div style=\"height:100px\" aria-hidden=\"true\" class=\"wp-block-spacer\"><\/div>\n<\/div>\n<\/div>\n\n\n\n<div style=\"height:100px\" aria-hidden=\"true\" class=\"wp-block-spacer\"><\/div>\n\n\n\n<figure class=\"wp-block-embed alignwide is-type-video is-provider-youtube wp-block-embed-youtube wp-embed-aspect-16-9 wp-has-aspect-ratio\"><div class=\"wp-block-embed__wrapper\">\n<iframe loading=\"lazy\" title=\"Driving in the Faroes 2018\" width=\"500\" height=\"281\" src=\"https:\/\/www.youtube.com\/embed\/NhksvxPy1Pk?feature=oembed\" frameborder=\"0\" allow=\"accelerometer; autoplay; clipboard-write; encrypted-media; gyroscope; picture-in-picture; web-share\" referrerpolicy=\"strict-origin-when-cross-origin\" allowfullscreen><\/iframe>\n<\/div><\/figure>\n\n\n\n<div style=\"height:100px\" aria-hidden=\"true\" class=\"wp-block-spacer\"><\/div>\n","protected":false},"excerpt":{"rendered":"<p>easy and flexible Renting a car is a very popular way to get around. It&#8217;s easy and gives you the possibility to decide your own route.&nbsp;Most of the islands are connected&nbsp;via bridges and subsea tunnels, making it effortless to drive around. Driving in the faroe islands Most islands are connected by an excellent infrastructure of [&hellip;]<\/p>\n","protected":false},"author":4,"featured_media":0,"parent":13818,"menu_order":2,"comment_status":"closed","ping_status":"closed","template":"","meta":{"_acf_changed":false,"_uag_custom_page_level_css":"","footnotes":""},"class_list":["post-13821","page","type-page","status-publish","hentry"],"acf":[],"yoast_head":"<!-- This site is optimized with the Yoast SEO plugin v27.4 - https:\/\/yoast.com\/product\/yoast-seo-wordpress\/ -->\n<title>Car - Driving in the Faroe Islands - 62N<\/title>\n<meta name=\"robots\" content=\"index, follow, max-snippet:-1, max-image-preview:large, max-video-preview:-1\" \/>\n<link rel=\"canonical\" href=\"https:\/\/www.62n.fo\/en\/car-rental\/information\/driving-in-the-faroe-islands\/\" \/>\n<meta property=\"og:locale\" content=\"en_US\" \/>\n<meta property=\"og:type\" content=\"article\" \/>\n<meta property=\"og:title\" content=\"Car - Driving in the Faroe Islands - 62N\" \/>\n<meta property=\"og:description\" content=\"easy and flexible Renting a car is a very popular way to get around. It&#8217;s easy and gives you the possibility to decide your own route.&nbsp;Most of the islands are connected&nbsp;via bridges and subsea tunnels, making it effortless to drive around. Driving in the faroe islands Most islands are connected by an excellent infrastructure of [&hellip;]\" \/>\n<meta property=\"og:url\" content=\"https:\/\/www.62n.fo\/en\/car-rental\/information\/driving-in-the-faroe-islands\/\" \/>\n<meta property=\"og:site_name\" content=\"62N\" \/>\n<meta property=\"article:modified_time\" content=\"2024-04-16T16:02:42+00:00\" \/>\n<meta name=\"twitter:card\" content=\"summary_large_image\" \/>\n<meta name=\"twitter:label1\" content=\"Est. reading time\" \/>\n\t<meta name=\"twitter:data1\" content=\"2 minutes\" \/>\n<script type=\"application\/ld+json\" class=\"yoast-schema-graph\">{\"@context\":\"https:\\\/\\\/schema.org\",\"@graph\":[{\"@type\":\"WebPage\",\"@id\":\"https:\\\/\\\/www.62n.fo\\\/en\\\/car-rental\\\/information\\\/driving-in-the-faroe-islands\\\/\",\"url\":\"https:\\\/\\\/www.62n.fo\\\/en\\\/car-rental\\\/information\\\/driving-in-the-faroe-islands\\\/\",\"name\":\"Car - Driving in the Faroe Islands - 62N\",\"isPartOf\":{\"@id\":\"https:\\\/\\\/www.62n.fo\\\/en\\\/#website\"},\"datePublished\":\"2024-03-08T14:21:47+00:00\",\"dateModified\":\"2024-04-16T16:02:42+00:00\",\"breadcrumb\":{\"@id\":\"https:\\\/\\\/www.62n.fo\\\/en\\\/car-rental\\\/information\\\/driving-in-the-faroe-islands\\\/#breadcrumb\"},\"inLanguage\":\"en-US\",\"potentialAction\":[{\"@type\":\"ReadAction\",\"target\":[\"https:\\\/\\\/www.62n.fo\\\/en\\\/car-rental\\\/information\\\/driving-in-the-faroe-islands\\\/\"]}]},{\"@type\":\"BreadcrumbList\",\"@id\":\"https:\\\/\\\/www.62n.fo\\\/en\\\/car-rental\\\/information\\\/driving-in-the-faroe-islands\\\/#breadcrumb\",\"itemListElement\":[{\"@type\":\"ListItem\",\"position\":1,\"name\":\"Home\",\"item\":\"https:\\\/\\\/www.62n.fo\\\/en\\\/\"},{\"@type\":\"ListItem\",\"position\":2,\"name\":\"Car &#8211; 62\u00b0N Car Rental\",\"item\":\"https:\\\/\\\/www.62n.fo\\\/en\\\/car-rental\\\/\"},{\"@type\":\"ListItem\",\"position\":3,\"name\":\"Car &#8211; Information\",\"item\":\"https:\\\/\\\/www.62n.fo\\\/en\\\/car-rental\\\/information\\\/\"},{\"@type\":\"ListItem\",\"position\":4,\"name\":\"Car &#8211; Driving in the Faroe Islands\"}]},{\"@type\":\"WebSite\",\"@id\":\"https:\\\/\\\/www.62n.fo\\\/en\\\/#website\",\"url\":\"https:\\\/\\\/www.62n.fo\\\/en\\\/\",\"name\":\"62N\",\"description\":\"Just another WordPress site\",\"potentialAction\":[{\"@type\":\"SearchAction\",\"target\":{\"@type\":\"EntryPoint\",\"urlTemplate\":\"https:\\\/\\\/www.62n.fo\\\/en\\\/?s={search_term_string}\"},\"query-input\":{\"@type\":\"PropertyValueSpecification\",\"valueRequired\":true,\"valueName\":\"search_term_string\"}}],\"inLanguage\":\"en-US\"}]}<\/script>\n<!-- \/ Yoast SEO plugin. -->","yoast_head_json":{"title":"Car - Driving in the Faroe Islands - 62N","robots":{"index":"index","follow":"follow","max-snippet":"max-snippet:-1","max-image-preview":"max-image-preview:large","max-video-preview":"max-video-preview:-1"},"canonical":"https:\/\/www.62n.fo\/en\/car-rental\/information\/driving-in-the-faroe-islands\/","og_locale":"en_US","og_type":"article","og_title":"Car - Driving in the Faroe Islands - 62N","og_description":"easy and flexible Renting a car is a very popular way to get around. It&#8217;s easy and gives you the possibility to decide your own route.&nbsp;Most of the islands are connected&nbsp;via bridges and subsea tunnels, making it effortless to drive around. Driving in the faroe islands Most islands are connected by an excellent infrastructure of [&hellip;]","og_url":"https:\/\/www.62n.fo\/en\/car-rental\/information\/driving-in-the-faroe-islands\/","og_site_name":"62N","article_modified_time":"2024-04-16T16:02:42+00:00","twitter_card":"summary_large_image","twitter_misc":{"Est. reading time":"2 minutes"},"schema":{"@context":"https:\/\/schema.org","@graph":[{"@type":"WebPage","@id":"https:\/\/www.62n.fo\/en\/car-rental\/information\/driving-in-the-faroe-islands\/","url":"https:\/\/www.62n.fo\/en\/car-rental\/information\/driving-in-the-faroe-islands\/","name":"Car - Driving in the Faroe Islands - 62N","isPartOf":{"@id":"https:\/\/www.62n.fo\/en\/#website"},"datePublished":"2024-03-08T14:21:47+00:00","dateModified":"2024-04-16T16:02:42+00:00","breadcrumb":{"@id":"https:\/\/www.62n.fo\/en\/car-rental\/information\/driving-in-the-faroe-islands\/#breadcrumb"},"inLanguage":"en-US","potentialAction":[{"@type":"ReadAction","target":["https:\/\/www.62n.fo\/en\/car-rental\/information\/driving-in-the-faroe-islands\/"]}]},{"@type":"BreadcrumbList","@id":"https:\/\/www.62n.fo\/en\/car-rental\/information\/driving-in-the-faroe-islands\/#breadcrumb","itemListElement":[{"@type":"ListItem","position":1,"name":"Home","item":"https:\/\/www.62n.fo\/en\/"},{"@type":"ListItem","position":2,"name":"Car &#8211; 62\u00b0N Car Rental","item":"https:\/\/www.62n.fo\/en\/car-rental\/"},{"@type":"ListItem","position":3,"name":"Car &#8211; Information","item":"https:\/\/www.62n.fo\/en\/car-rental\/information\/"},{"@type":"ListItem","position":4,"name":"Car &#8211; Driving in the Faroe Islands"}]},{"@type":"WebSite","@id":"https:\/\/www.62n.fo\/en\/#website","url":"https:\/\/www.62n.fo\/en\/","name":"62N","description":"Just another WordPress site","potentialAction":[{"@type":"SearchAction","target":{"@type":"EntryPoint","urlTemplate":"https:\/\/www.62n.fo\/en\/?s={search_term_string}"},"query-input":{"@type":"PropertyValueSpecification","valueRequired":true,"valueName":"search_term_string"}}],"inLanguage":"en-US"}]}},"uagb_featured_image_src":{"full":false,"thumbnail":false,"medium":false,"medium_large":false,"large":false,"1536x1536":false,"2048x2048":false},"uagb_author_info":{"display_name":"hanus@62n.fo","author_link":"https:\/\/www.62n.fo\/en\/author\/hanus62n-fo\/"},"uagb_comment_info":0,"uagb_excerpt":"easy and flexible Renting a car is a very popular way to get around. It&#8217;s easy and gives you the possibility to decide your own route.&nbsp;Most of the islands are connected&nbsp;via bridges and subsea tunnels, making it effortless to drive around. Driving in the faroe islands Most islands are connected by an excellent infrastructure of&hellip;","_links":{"self":[{"href":"https:\/\/www.62n.fo\/en\/wp-json\/wp\/v2\/pages\/13821","targetHints":{"allow":["GET"]}}],"collection":[{"href":"https:\/\/www.62n.fo\/en\/wp-json\/wp\/v2\/pages"}],"about":[{"href":"https:\/\/www.62n.fo\/en\/wp-json\/wp\/v2\/types\/page"}],"author":[{"embeddable":true,"href":"https:\/\/www.62n.fo\/en\/wp-json\/wp\/v2\/users\/4"}],"replies":[{"embeddable":true,"href":"https:\/\/www.62n.fo\/en\/wp-json\/wp\/v2\/comments?post=13821"}],"version-history":[{"count":1,"href":"https:\/\/www.62n.fo\/en\/wp-json\/wp\/v2\/pages\/13821\/revisions"}],"predecessor-version":[{"id":13822,"href":"https:\/\/www.62n.fo\/en\/wp-json\/wp\/v2\/pages\/13821\/revisions\/13822"}],"up":[{"embeddable":true,"href":"https:\/\/www.62n.fo\/en\/wp-json\/wp\/v2\/pages\/13818"}],"wp:attachment":[{"href":"https:\/\/www.62n.fo\/en\/wp-json\/wp\/v2\/media?parent=13821"}],"curies":[{"name":"wp","href":"https:\/\/api.w.org\/{rel}","templated":true}]}}