{"id":13818,"date":"2024-03-08T14:05:11","date_gmt":"2024-03-08T14:05:11","guid":{"rendered":"https:\/\/www.62n.fo\/?page_id=13818"},"modified":"2024-05-22T13:37:25","modified_gmt":"2024-05-22T12:37:25","slug":"information","status":"publish","type":"page","link":"https:\/\/www.62n.fo\/en\/car-rental\/information\/","title":{"rendered":"Car &#8211; Information"},"content":{"rendered":"\n<div id=\"cover-swiper_block_d0ed4735edc2412845efcde9bf15cef6\" class=\"lunnar-cover-swiper alignwide \">\n    \n            <div class=\"cover-swiper swiper\">\n            <div class=\"swiper-wrapper\">\n                                    <div class=\"swiper-slide cover\">\n                                                    <img loading=\"lazy\" decoding=\"async\" src=\"https:\/\/www.62n.fo\/wp-content\/uploads\/2024\/04\/62N-Car-Rental-Cover-3-1600x1066.png\" width=\"1600\" height=\"1066\">\n                        \n                                                    <div class=\"cover-text\">\n                                                                    <h1>INFORMATION<\/h1>\n                                \n                                \n                                                            <\/div>\n                                            <\/div>\n                            <\/div>\n\n            <div class=\"swiper-buttons\">\n                <div class=\"swiper-button-prev\"><\/div>\n\n                <div class=\"swiper-button-next\"><\/div>\n            <\/div>\n        <\/div>\n    <\/div>\n\n\n<div style=\"height:133px\" aria-hidden=\"true\" class=\"wp-block-spacer\"><\/div>\n\n\n\n<div class=\"wp-block-columns is-layout-flex wp-container-core-columns-is-layout-9d6595d7 wp-block-columns-is-layout-flex\">\n<div class=\"wp-block-column is-layout-flow wp-block-column-is-layout-flow\" style=\"flex-basis:33.33%\">\n<h2 class=\"wp-block-heading\" style=\"text-transform:uppercase\">About 62\u00b0N\u2028Car rental<\/h2>\n<\/div>\n\n\n\n<div class=\"wp-block-column is-layout-flow wp-block-column-is-layout-flow\" style=\"flex-basis:66.66%\">\n<p>62\u00b0N Car Rental is the leading car rental company in the Faroe Islands. With a diverse fleet including compact cars and spacious SUVs, travelers can explore the breathtaking landscapes of the Faroe Islands at their own pace. With high focus on customer service and flexible rental options, 62\u00b0N Car Rental is the go-to choice for a reliable and unforgettable holiday experience in the Faroe Islands.<\/p>\n\n\n\n<p>On this page you will find our terms &amp; policies, as well as the practical information you need to make your car rental experience smooth and hassle-free.<\/p>\n\n\n\n<div style=\"height:32px\" aria-hidden=\"true\" class=\"wp-block-spacer\"><\/div>\n\n\n\n<div class=\"wp-block-buttons is-layout-flex wp-block-buttons-is-layout-flex\">\n<div class=\"wp-block-button\"><a class=\"wp-block-button__link wp-element-button\" href=\"#practical\">Practical<\/a><\/div>\n\n\n\n<div class=\"wp-block-button\"><a class=\"wp-block-button__link wp-element-button\" href=\"#opening-hours\">Opening Hours<\/a><\/div>\n\n\n\n<div class=\"wp-block-button\"><a class=\"wp-block-button__link wp-element-button\" href=\"#terms-policies\">Terms &amp; Policies<\/a><\/div>\n<\/div>\n<\/div>\n<\/div>\n\n\n\n<div style=\"height:133px\" aria-hidden=\"true\" id=\"practical\" class=\"wp-block-spacer\"><\/div>\n\n\n\n<h2 class=\"wp-block-heading alignwide\" style=\"text-transform:uppercase\">practical<\/h2>\n\n\n\n<div id=\"shortcuts_block_c8a0bca7486c63f2716c0e7c6d9264d7\" class=\"lunnar-shortcuts alignwide per-row-3\">\n\n            <a href=\"https:\/\/www.62n.fo\/en\/car-rental\/information\/faq\/\" class=\"shortcut-item\">\n            <div class=\"shortcut-item--image\">\n                                    <img decoding=\"async\" src=\"https:\/\/www.62n.fo\/wp-content\/uploads\/2024\/01\/shutterstock_226649260.jpg\" alt=\"\" \/>\n                            <\/div>\n\n            <div class=\"shortcut-item--action\">\n                <h3>Frequently Asked Questions<\/h3>\n\n                <img decoding=\"async\" src=\"https:\/\/www.62n.fo\/wp-content\/themes\/lunnar-62n-2023\/images\/icon-circle-chevron.svg\" class=\"injectable\" \/>            <\/div>\n        <\/a>\n            <a href=\"https:\/\/www.62n.fo\/en\/car-rental\/car-information\/car-driving-in-the-faroe-islands\/\" class=\"shortcut-item\">\n            <div class=\"shortcut-item--image\">\n                                    <img decoding=\"async\" src=\"https:\/\/www.62n.fo\/wp-content\/uploads\/2024\/02\/philipp-waldhauer-Iay5RmQZo8Q-unsplash-7.jpg\" alt=\"\" \/>\n                            <\/div>\n\n            <div class=\"shortcut-item--action\">\n                <h3>Driving in the Faroe islands<\/h3>\n\n                <img decoding=\"async\" src=\"https:\/\/www.62n.fo\/wp-content\/themes\/lunnar-62n-2023\/images\/icon-circle-chevron.svg\" class=\"injectable\" \/>            <\/div>\n        <\/a>\n            <a href=\"https:\/\/www.62n.fo\/en\/car-rental\/information\/safe-travel\/\" class=\"shortcut-item\">\n            <div class=\"shortcut-item--image\">\n                                    <img decoding=\"async\" src=\"https:\/\/www.62n.fo\/wp-content\/uploads\/2024\/03\/Drive-Safe.png\" alt=\"\" \/>\n                            <\/div>\n\n            <div class=\"shortcut-item--action\">\n                <h3>Safe Travel<\/h3>\n\n                <img decoding=\"async\" src=\"https:\/\/www.62n.fo\/wp-content\/themes\/lunnar-62n-2023\/images\/icon-circle-chevron.svg\" class=\"injectable\" \/>            <\/div>\n        <\/a>\n    <\/div>\n\n\n<div style=\"height:133px\" aria-hidden=\"true\" class=\"wp-block-spacer\"><\/div>\n\n\n\n<div class=\"wp-block-group alignfull has-grey-background-color has-background is-layout-constrained wp-block-group-is-layout-constrained\">\n<div style=\"height:133px\" aria-hidden=\"true\" id=\"opening-hours\" class=\"wp-block-spacer\"><\/div>\n\n\n\n<h2 class=\"wp-block-heading alignwide\" style=\"text-transform:uppercase\">Opening hours<\/h2>\n\n\n\n<div style=\"height:40px\" aria-hidden=\"true\" class=\"wp-block-spacer\"><\/div>\n\n\n\n<div class=\"wp-block-columns alignwide is-layout-flex wp-container-core-columns-is-layout-9d6595d7 wp-block-columns-is-layout-flex\">\n<div class=\"wp-block-column is-layout-flow wp-block-column-is-layout-flow\">\n<figure class=\"wp-block-image size-full is-resized is-style-default\"><img loading=\"lazy\" decoding=\"async\" width=\"2058\" height=\"879\" src=\"https:\/\/www.62n.fo\/wp-content\/uploads\/2024\/03\/vagar-airport-1.png\" alt=\"\" class=\"wp-image-12437\" style=\"width:669px;height:auto\" srcset=\"https:\/\/www.62n.fo\/wp-content\/uploads\/2024\/03\/vagar-airport-1.png 2058w, https:\/\/www.62n.fo\/wp-content\/uploads\/2024\/03\/vagar-airport-1-800x342.png 800w, https:\/\/www.62n.fo\/wp-content\/uploads\/2024\/03\/vagar-airport-1-1600x683.png 1600w, https:\/\/www.62n.fo\/wp-content\/uploads\/2024\/03\/vagar-airport-1-768x328.png 768w, https:\/\/www.62n.fo\/wp-content\/uploads\/2024\/03\/vagar-airport-1-1536x656.png 1536w, https:\/\/www.62n.fo\/wp-content\/uploads\/2024\/03\/vagar-airport-1-2048x875.png 2048w\" sizes=\"auto, (max-width: 2058px) 100vw, 2058px\" \/><\/figure>\n\n\n\n<div style=\"height:32px\" aria-hidden=\"true\" class=\"wp-block-spacer\"><\/div>\n\n\n\n<h3 class=\"wp-block-heading\" style=\"text-transform:uppercase\">V\u00e1gar airport<\/h3>\n\n\n\n<div style=\"height:20px\" aria-hidden=\"true\" class=\"wp-block-spacer\"><\/div>\n\n\n\n<p>V\u00e1gar Airport<br>380 S\u00f8rv\u00e1gur\u2028<br>Faroe Islands<\/p>\n\n\n\n<div style=\"height:20px\" aria-hidden=\"true\" class=\"wp-block-spacer\"><\/div>\n\n\n\n<h4 class=\"wp-block-heading\">Opening hours<\/h4>\n\n\n\n<p>Every day: 08.00 \u2013 21.00<br>Pick ups outside of office hours are possible against payment<\/p>\n\n\n\n<p>Telephone: +298 733 510<br>E-mail: <a href=\"mailto:car@62n.fo\"><strong>car@62n.fo<\/strong><\/a><\/p>\n<\/div>\n\n\n\n<div class=\"wp-block-column is-layout-flow wp-block-column-is-layout-flow\">\n<figure class=\"wp-block-image size-full is-resized is-style-default\"><img loading=\"lazy\" decoding=\"async\" width=\"1024\" height=\"831\" src=\"https:\/\/www.62n.fo\/wp-content\/uploads\/2024\/04\/62N-Office-1.png\" alt=\"\" class=\"wp-image-13438\" style=\"width:352px;height:auto\" srcset=\"https:\/\/www.62n.fo\/wp-content\/uploads\/2024\/04\/62N-Office-1.png 1024w, https:\/\/www.62n.fo\/wp-content\/uploads\/2024\/04\/62N-Office-1-800x649.png 800w, https:\/\/www.62n.fo\/wp-content\/uploads\/2024\/04\/62N-Office-1-768x623.png 768w\" sizes=\"auto, (max-width: 1024px) 100vw, 1024px\" \/><\/figure>\n\n\n\n<div style=\"height:32px\" aria-hidden=\"true\" class=\"wp-block-spacer\"><\/div>\n\n\n\n<h3 class=\"wp-block-heading\" style=\"text-transform:uppercase\">T\u00f3rshavn City center office<\/h3>\n\n\n\n<div style=\"height:20px\" aria-hidden=\"true\" class=\"wp-block-spacer\"><\/div>\n\n\n\n<p>Hoydalsvegur 17<br>100 T\u00f3rshavn<br>Faroe Islands<\/p>\n\n\n\n<div style=\"height:20px\" aria-hidden=\"true\" class=\"wp-block-spacer\"><\/div>\n\n\n\n<h4 class=\"wp-block-heading\">Opening hours<\/h4>\n\n\n\n<p>Monday \u2013 Friday: 08.00 \u2013 16.00<br>Saturday \u2013 Sunday: By appointment<\/p>\n\n\n\n<p>Telephone: +298 733 510<br>E-mail: <a href=\"mailto:car@62n.fo\"><strong>car@62n.fo<\/strong><\/a><\/p>\n<\/div>\n<\/div>\n\n\n\n<div style=\"height:133px\" aria-hidden=\"true\" class=\"wp-block-spacer\"><\/div>\n<\/div>\n\n\n\n<div style=\"height:133px\" aria-hidden=\"true\" id=\"terms-policies\" class=\"wp-block-spacer\"><\/div>\n\n\n\n<h2 class=\"wp-block-heading alignwide\" style=\"text-transform:uppercase\">Terms &amp; policies<\/h2>\n\n\n\n<div style=\"height:40px\" aria-hidden=\"true\" class=\"wp-block-spacer\"><\/div>\n\n\n\n<div id=\"shortcuts_block_ff61d162a55b7ba20742af30ad87c10c\" class=\"lunnar-shortcuts alignwide per-row-4\">\n\n            <a href=\"https:\/\/www.62n.fo\/en\/termsandconditions\/\" class=\"shortcut-item\">\n            <div class=\"shortcut-item--image\">\n                                    <img decoding=\"async\" src=\"https:\/\/www.62n.fo\/wp-content\/uploads\/2024\/03\/terms.jpg\" alt=\"\" \/>\n                            <\/div>\n\n            <div class=\"shortcut-item--action\">\n                <h3>Terms &amp; Conditions of a Rental<\/h3>\n\n                <img decoding=\"async\" src=\"https:\/\/www.62n.fo\/wp-content\/themes\/lunnar-62n-2023\/images\/icon-circle-chevron.svg\" class=\"injectable\" \/>            <\/div>\n        <\/a>\n            <a href=\"#\" class=\"shortcut-item\">\n            <div class=\"shortcut-item--image\">\n                                    <img decoding=\"async\" src=\"https:\/\/www.62n.fo\/wp-content\/uploads\/2024\/03\/rental-agreement.jpg\" alt=\"\" \/>\n                            <\/div>\n\n            <div class=\"shortcut-item--action\">\n                <h3>Rental Agreement<\/h3>\n\n                <img decoding=\"async\" src=\"https:\/\/www.62n.fo\/wp-content\/themes\/lunnar-62n-2023\/images\/icon-circle-chevron.svg\" class=\"injectable\" \/>            <\/div>\n        <\/a>\n            <a href=\"#\" class=\"shortcut-item\">\n            <div class=\"shortcut-item--image\">\n                                    <img decoding=\"async\" src=\"https:\/\/www.62n.fo\/wp-content\/uploads\/2024\/03\/privacy-policy.jpg\" alt=\"\" \/>\n                            <\/div>\n\n            <div class=\"shortcut-item--action\">\n                <h3>Privacy Policy<\/h3>\n\n                <img decoding=\"async\" src=\"https:\/\/www.62n.fo\/wp-content\/themes\/lunnar-62n-2023\/images\/icon-circle-chevron.svg\" class=\"injectable\" \/>            <\/div>\n        <\/a>\n            <a href=\"#\" class=\"shortcut-item\">\n            <div class=\"shortcut-item--image\">\n                                    <img decoding=\"async\" src=\"https:\/\/www.62n.fo\/wp-content\/uploads\/2024\/03\/cookie-policy.jpg\" alt=\"\" \/>\n                            <\/div>\n\n            <div class=\"shortcut-item--action\">\n                <h3>Cookie Policy<\/h3>\n\n                <img decoding=\"async\" src=\"https:\/\/www.62n.fo\/wp-content\/themes\/lunnar-62n-2023\/images\/icon-circle-chevron.svg\" class=\"injectable\" \/>            <\/div>\n        <\/a>\n    <\/div>","protected":false},"excerpt":{"rendered":"<p>About 62\u00b0N\u2028Car rental 62\u00b0N Car Rental is the leading car rental company in the Faroe Islands. With a diverse fleet including compact cars and spacious SUVs, travelers can explore the breathtaking landscapes of the Faroe Islands at their own pace. With high focus on customer service and flexible rental options, 62\u00b0N Car Rental is the [&hellip;]<\/p>\n","protected":false},"author":4,"featured_media":0,"parent":13781,"menu_order":4,"comment_status":"closed","ping_status":"closed","template":"","meta":{"_acf_changed":false,"_uag_custom_page_level_css":"","footnotes":""},"class_list":["post-13818","page","type-page","status-publish","hentry"],"acf":[],"yoast_head":"<!-- This site is optimized with the Yoast SEO plugin v27.4 - https:\/\/yoast.com\/product\/yoast-seo-wordpress\/ -->\n<title>Car - Information - 62N<\/title>\n<meta name=\"robots\" content=\"index, follow, max-snippet:-1, max-image-preview:large, max-video-preview:-1\" \/>\n<link rel=\"canonical\" href=\"https:\/\/www.62n.fo\/en\/car-rental\/information\/\" \/>\n<meta property=\"og:locale\" content=\"en_US\" \/>\n<meta property=\"og:type\" content=\"article\" \/>\n<meta property=\"og:title\" content=\"Car - Information - 62N\" \/>\n<meta property=\"og:description\" content=\"About 62\u00b0N\u2028Car rental 62\u00b0N Car Rental is the leading car rental company in the Faroe Islands. With a diverse fleet including compact cars and spacious SUVs, travelers can explore the breathtaking landscapes of the Faroe Islands at their own pace. With high focus on customer service and flexible rental options, 62\u00b0N Car Rental is the [&hellip;]\" \/>\n<meta property=\"og:url\" content=\"https:\/\/www.62n.fo\/en\/car-rental\/information\/\" \/>\n<meta property=\"og:site_name\" content=\"62N\" \/>\n<meta property=\"article:modified_time\" content=\"2024-05-22T12:37:25+00:00\" \/>\n<meta property=\"og:image\" content=\"https:\/\/www.62n.fo\/wp-content\/uploads\/2024\/03\/vagar-airport-1.png\" \/>\n<meta name=\"twitter:card\" content=\"summary_large_image\" \/>\n<meta name=\"twitter:label1\" content=\"Est. reading time\" \/>\n\t<meta name=\"twitter:data1\" content=\"2 minutes\" \/>\n<script type=\"application\/ld+json\" class=\"yoast-schema-graph\">{\"@context\":\"https:\\\/\\\/schema.org\",\"@graph\":[{\"@type\":\"WebPage\",\"@id\":\"https:\\\/\\\/www.62n.fo\\\/en\\\/car-rental\\\/information\\\/\",\"url\":\"https:\\\/\\\/www.62n.fo\\\/en\\\/car-rental\\\/information\\\/\",\"name\":\"Car - Information - 62N\",\"isPartOf\":{\"@id\":\"https:\\\/\\\/www.62n.fo\\\/en\\\/#website\"},\"primaryImageOfPage\":{\"@id\":\"https:\\\/\\\/www.62n.fo\\\/en\\\/car-rental\\\/information\\\/#primaryimage\"},\"image\":{\"@id\":\"https:\\\/\\\/www.62n.fo\\\/en\\\/car-rental\\\/information\\\/#primaryimage\"},\"thumbnailUrl\":\"https:\\\/\\\/www.62n.fo\\\/wp-content\\\/uploads\\\/2024\\\/03\\\/vagar-airport-1.png\",\"datePublished\":\"2024-03-08T14:05:11+00:00\",\"dateModified\":\"2024-05-22T12:37:25+00:00\",\"breadcrumb\":{\"@id\":\"https:\\\/\\\/www.62n.fo\\\/en\\\/car-rental\\\/information\\\/#breadcrumb\"},\"inLanguage\":\"en-US\",\"potentialAction\":[{\"@type\":\"ReadAction\",\"target\":[\"https:\\\/\\\/www.62n.fo\\\/en\\\/car-rental\\\/information\\\/\"]}]},{\"@type\":\"ImageObject\",\"inLanguage\":\"en-US\",\"@id\":\"https:\\\/\\\/www.62n.fo\\\/en\\\/car-rental\\\/information\\\/#primaryimage\",\"url\":\"https:\\\/\\\/www.62n.fo\\\/wp-content\\\/uploads\\\/2024\\\/03\\\/vagar-airport-1.png\",\"contentUrl\":\"https:\\\/\\\/www.62n.fo\\\/wp-content\\\/uploads\\\/2024\\\/03\\\/vagar-airport-1.png\"},{\"@type\":\"BreadcrumbList\",\"@id\":\"https:\\\/\\\/www.62n.fo\\\/en\\\/car-rental\\\/information\\\/#breadcrumb\",\"itemListElement\":[{\"@type\":\"ListItem\",\"position\":1,\"name\":\"Home\",\"item\":\"https:\\\/\\\/www.62n.fo\\\/en\\\/\"},{\"@type\":\"ListItem\",\"position\":2,\"name\":\"Car &#8211; 62\u00b0N Car Rental\",\"item\":\"https:\\\/\\\/www.62n.fo\\\/en\\\/car-rental\\\/\"},{\"@type\":\"ListItem\",\"position\":3,\"name\":\"Car &#8211; Information\"}]},{\"@type\":\"WebSite\",\"@id\":\"https:\\\/\\\/www.62n.fo\\\/en\\\/#website\",\"url\":\"https:\\\/\\\/www.62n.fo\\\/en\\\/\",\"name\":\"62N\",\"description\":\"Just another WordPress site\",\"potentialAction\":[{\"@type\":\"SearchAction\",\"target\":{\"@type\":\"EntryPoint\",\"urlTemplate\":\"https:\\\/\\\/www.62n.fo\\\/en\\\/?s={search_term_string}\"},\"query-input\":{\"@type\":\"PropertyValueSpecification\",\"valueRequired\":true,\"valueName\":\"search_term_string\"}}],\"inLanguage\":\"en-US\"}]}<\/script>\n<!-- \/ Yoast SEO plugin. -->","yoast_head_json":{"title":"Car - Information - 62N","robots":{"index":"index","follow":"follow","max-snippet":"max-snippet:-1","max-image-preview":"max-image-preview:large","max-video-preview":"max-video-preview:-1"},"canonical":"https:\/\/www.62n.fo\/en\/car-rental\/information\/","og_locale":"en_US","og_type":"article","og_title":"Car - Information - 62N","og_description":"About 62\u00b0N\u2028Car rental 62\u00b0N Car Rental is the leading car rental company in the Faroe Islands. With a diverse fleet including compact cars and spacious SUVs, travelers can explore the breathtaking landscapes of the Faroe Islands at their own pace. With high focus on customer service and flexible rental options, 62\u00b0N Car Rental is the [&hellip;]","og_url":"https:\/\/www.62n.fo\/en\/car-rental\/information\/","og_site_name":"62N","article_modified_time":"2024-05-22T12:37:25+00:00","og_image":[{"url":"https:\/\/www.62n.fo\/wp-content\/uploads\/2024\/03\/vagar-airport-1.png","type":"","width":"","height":""}],"twitter_card":"summary_large_image","twitter_misc":{"Est. reading time":"2 minutes"},"schema":{"@context":"https:\/\/schema.org","@graph":[{"@type":"WebPage","@id":"https:\/\/www.62n.fo\/en\/car-rental\/information\/","url":"https:\/\/www.62n.fo\/en\/car-rental\/information\/","name":"Car - Information - 62N","isPartOf":{"@id":"https:\/\/www.62n.fo\/en\/#website"},"primaryImageOfPage":{"@id":"https:\/\/www.62n.fo\/en\/car-rental\/information\/#primaryimage"},"image":{"@id":"https:\/\/www.62n.fo\/en\/car-rental\/information\/#primaryimage"},"thumbnailUrl":"https:\/\/www.62n.fo\/wp-content\/uploads\/2024\/03\/vagar-airport-1.png","datePublished":"2024-03-08T14:05:11+00:00","dateModified":"2024-05-22T12:37:25+00:00","breadcrumb":{"@id":"https:\/\/www.62n.fo\/en\/car-rental\/information\/#breadcrumb"},"inLanguage":"en-US","potentialAction":[{"@type":"ReadAction","target":["https:\/\/www.62n.fo\/en\/car-rental\/information\/"]}]},{"@type":"ImageObject","inLanguage":"en-US","@id":"https:\/\/www.62n.fo\/en\/car-rental\/information\/#primaryimage","url":"https:\/\/www.62n.fo\/wp-content\/uploads\/2024\/03\/vagar-airport-1.png","contentUrl":"https:\/\/www.62n.fo\/wp-content\/uploads\/2024\/03\/vagar-airport-1.png"},{"@type":"BreadcrumbList","@id":"https:\/\/www.62n.fo\/en\/car-rental\/information\/#breadcrumb","itemListElement":[{"@type":"ListItem","position":1,"name":"Home","item":"https:\/\/www.62n.fo\/en\/"},{"@type":"ListItem","position":2,"name":"Car &#8211; 62\u00b0N Car Rental","item":"https:\/\/www.62n.fo\/en\/car-rental\/"},{"@type":"ListItem","position":3,"name":"Car &#8211; Information"}]},{"@type":"WebSite","@id":"https:\/\/www.62n.fo\/en\/#website","url":"https:\/\/www.62n.fo\/en\/","name":"62N","description":"Just another WordPress site","potentialAction":[{"@type":"SearchAction","target":{"@type":"EntryPoint","urlTemplate":"https:\/\/www.62n.fo\/en\/?s={search_term_string}"},"query-input":{"@type":"PropertyValueSpecification","valueRequired":true,"valueName":"search_term_string"}}],"inLanguage":"en-US"}]}},"uagb_featured_image_src":{"full":false,"thumbnail":false,"medium":false,"medium_large":false,"large":false,"1536x1536":false,"2048x2048":false},"uagb_author_info":{"display_name":"hanus@62n.fo","author_link":"https:\/\/www.62n.fo\/en\/author\/hanus62n-fo\/"},"uagb_comment_info":0,"uagb_excerpt":"About 62\u00b0N\u2028Car rental 62\u00b0N Car Rental is the leading car rental company in the Faroe Islands. With a diverse fleet including compact cars and spacious SUVs, travelers can explore the breathtaking landscapes of the Faroe Islands at their own pace. With high focus on customer service and flexible rental options, 62\u00b0N Car Rental is the&hellip;","_links":{"self":[{"href":"https:\/\/www.62n.fo\/en\/wp-json\/wp\/v2\/pages\/13818","targetHints":{"allow":["GET"]}}],"collection":[{"href":"https:\/\/www.62n.fo\/en\/wp-json\/wp\/v2\/pages"}],"about":[{"href":"https:\/\/www.62n.fo\/en\/wp-json\/wp\/v2\/types\/page"}],"author":[{"embeddable":true,"href":"https:\/\/www.62n.fo\/en\/wp-json\/wp\/v2\/users\/4"}],"replies":[{"embeddable":true,"href":"https:\/\/www.62n.fo\/en\/wp-json\/wp\/v2\/comments?post=13818"}],"version-history":[{"count":13,"href":"https:\/\/www.62n.fo\/en\/wp-json\/wp\/v2\/pages\/13818\/revisions"}],"predecessor-version":[{"id":14418,"href":"https:\/\/www.62n.fo\/en\/wp-json\/wp\/v2\/pages\/13818\/revisions\/14418"}],"up":[{"embeddable":true,"href":"https:\/\/www.62n.fo\/en\/wp-json\/wp\/v2\/pages\/13781"}],"wp:attachment":[{"href":"https:\/\/www.62n.fo\/en\/wp-json\/wp\/v2\/media?parent=13818"}],"curies":[{"name":"wp","href":"https:\/\/api.w.org\/{rel}","templated":true}]}}