{"id":11218,"date":"2024-02-06T10:41:00","date_gmt":"2024-02-06T10:41:00","guid":{"rendered":"https:\/\/www.62n.fo\/?page_id=11218"},"modified":"2024-02-06T10:41:00","modified_gmt":"2024-02-06T10:41:00","slug":"easter-holiday","status":"publish","type":"page","link":"https:\/\/www.62n.fo\/en\/easter-holiday\/","title":{"rendered":"Easter Holiday"},"content":{"rendered":"\n<div id=\"cover-swiper_block_f081d0917dac94d721c94725190a1b60\" class=\"lunnar-cover-swiper alignwide \">\n    \n            <div class=\"cover-swiper swiper\">\n            <div class=\"swiper-wrapper\">\n                                    <div class=\"swiper-slide cover\">\n                                                    <img loading=\"lazy\" decoding=\"async\" src=\"https:\/\/www.62n.fo\/wp-content\/uploads\/2024\/02\/shutterstock_1523955854-1600x1067.jpg\" width=\"1600\" height=\"1067\">\n                        \n                                                    <div class=\"cover-text\">\n                                                                    <h1>Easter Holiday<\/h1>\n                                \n                                \n                                                            <\/div>\n                                            <\/div>\n                            <\/div>\n\n            <div class=\"swiper-buttons\">\n                <div class=\"swiper-button-prev\"><\/div>\n\n                <div class=\"swiper-button-next\"><\/div>\n            <\/div>\n        <\/div>\n    <\/div>\n\n\n<div style=\"height:160px\" aria-hidden=\"true\" class=\"wp-block-spacer\"><\/div>\n\n\n\n<h2 class=\"wp-block-heading alignwide\" style=\"text-transform:uppercase\">Self-drive packages<\/h2>\n\n\n\n<div id=\"trips_block_3675c474c2bfb45ee419540458e1c099\" class=\"lunnar-trips alignwide\">\n    \n    \n    <\/div>\n\n\n<div style=\"height:160px\" aria-hidden=\"true\" class=\"wp-block-spacer\"><\/div>\n\n\n\n<div id=\"destinations_block_369532f8473396f0f30e4f605c75b342\" class=\"lunnar-destinations alignwide\">\n    \n            <div class=\"destinations-background\">\n            <div class=\"destinations-background--image\">\n                <img loading=\"lazy\" decoding=\"async\" src=\"https:\/\/www.62n.fo\/wp-content\/uploads\/2023\/12\/shutterstock_1487986196-1-1600x930.jpg\" width=\"1600\" height=\"930\">\n            <\/div>\n\n            <h1>Highlights of the Faroe Islands<\/h1>\n        <\/div>\n\n        <div class=\"swiper lunnar-destinations-swiper\">\n            <div class=\"swiper-wrapper\">\n                                                        <div class=\"destination-column swiper-slide\">\n                        <div class=\"destination-heading\">\n                            <h1>1<\/h1>\n\n                            <h3>\n                                M\u00falafossur Waterfall                            <\/h3>\n                        <\/div>\n\n                        <div class=\"destination-club--text\">\n                            M\u00falafossur waterfall is a captivating natural wonder nestled in the picturesque village of G\u00e1sadalur in the Faroe Islands. Renowned for its stunning beauty, M\u00falafossur is a powerful waterfall that cascades dramatically from a cliff directly into the North Atlantic Ocean, creating a mesmerizing spectacle.                        <\/div>\n                    <\/div>\n                                                        <div class=\"destination-column swiper-slide\">\n                        <div class=\"destination-heading\">\n                            <h1>2<\/h1>\n\n                            <h3>\n                                James Bond Island (Kalsoy)                            <\/h3>\n                        <\/div>\n\n                        <div class=\"destination-club--text\">\n                            Kalsoy, the stunning island in the Faroe Islands, is known for its natural beauty and two notable attractions. It gained cinematic fame as a location in James Bond&#8217;s &#8220;No Time to Die.&#8221; Additionally, the island is tied to folklore with the tale of the Seal Woman, adding an enchanting touch to its rugged landscapes and picturesque villages.                        <\/div>\n                    <\/div>\n                                                        <div class=\"destination-column swiper-slide\">\n                        <div class=\"destination-heading\">\n                            <h1>3<\/h1>\n\n                            <h3>\n                                Peter Pan Sailing Tour                            <\/h3>\n                        <\/div>\n\n                        <div class=\"destination-club--text\">\n                            The Faroe Islands and the sea around Tindh\u00f3lmur islet are at heart in the newest Peter Pan movie with captivating landscapes and remote charm &#8211; a sense of Neverland. The islands, with their dramatic cliffs, picturesque villages, and unique cultural identity, offer a fairy-tale-like setting that could easily transport one&#8217;s imagination to the magical world of Peter Pan.                        <\/div>\n                    <\/div>\n                                                        <div class=\"destination-column swiper-slide\">\n                        <div class=\"destination-heading\">\n                            <h1>4<\/h1>\n\n                            <h3>\n                                The Lake Above The Ocean                            <\/h3>\n                        <\/div>\n\n                        <div class=\"destination-club--text\">\n                            Leitisvatn, also known as S\u00f8rv\u00e1gsvatn, is the largest lake in the Faroe Islands, and it is situated on the island of V\u00e1gar. It is renowned for an optical illusion that creates a striking visual effect, making it appear as though the lake is elevated above the ocean.                        <\/div>\n                    <\/div>\n                \n            <\/div>\n\n            <div class=\"swiper-pagination\"><\/div>\n\n        <\/div>\n    <\/div>\n\n\n<div style=\"height:160px\" aria-hidden=\"true\" class=\"wp-block-spacer\"><\/div>\n","protected":false},"excerpt":{"rendered":"<p>Self-drive packages<\/p>\n","protected":false},"author":3,"featured_media":0,"parent":0,"menu_order":0,"comment_status":"closed","ping_status":"closed","template":"","meta":{"_acf_changed":false,"_uag_custom_page_level_css":"","footnotes":""},"class_list":["post-11218","page","type-page","status-publish","hentry"],"acf":[],"yoast_head":"<!-- This site is optimized with the Yoast SEO plugin v27.3 - https:\/\/yoast.com\/product\/yoast-seo-wordpress\/ -->\n<title>Easter Holiday - 62N<\/title>\n<meta name=\"robots\" content=\"index, follow, max-snippet:-1, max-image-preview:large, max-video-preview:-1\" \/>\n<link rel=\"canonical\" href=\"https:\/\/www.62n.fo\/en\/easter-holiday\/\" \/>\n<meta property=\"og:locale\" content=\"en_US\" \/>\n<meta property=\"og:type\" content=\"article\" \/>\n<meta property=\"og:title\" content=\"Easter Holiday - 62N\" \/>\n<meta property=\"og:description\" content=\"Self-drive packages\" \/>\n<meta property=\"og:url\" content=\"https:\/\/www.62n.fo\/en\/easter-holiday\/\" \/>\n<meta property=\"og:site_name\" content=\"62N\" \/>\n<meta name=\"twitter:card\" content=\"summary_large_image\" \/>\n<meta name=\"twitter:label1\" content=\"Est. reading time\" \/>\n\t<meta name=\"twitter:data1\" content=\"1 minute\" \/>\n<script type=\"application\/ld+json\" class=\"yoast-schema-graph\">{\"@context\":\"https:\\\/\\\/schema.org\",\"@graph\":[{\"@type\":\"WebPage\",\"@id\":\"https:\\\/\\\/www.62n.fo\\\/en\\\/easter-holiday\\\/\",\"url\":\"https:\\\/\\\/www.62n.fo\\\/en\\\/easter-holiday\\\/\",\"name\":\"Easter Holiday - 62N\",\"isPartOf\":{\"@id\":\"https:\\\/\\\/www.62n.fo\\\/en\\\/#website\"},\"datePublished\":\"2024-02-06T10:41:00+00:00\",\"breadcrumb\":{\"@id\":\"https:\\\/\\\/www.62n.fo\\\/en\\\/easter-holiday\\\/#breadcrumb\"},\"inLanguage\":\"en-US\",\"potentialAction\":[{\"@type\":\"ReadAction\",\"target\":[\"https:\\\/\\\/www.62n.fo\\\/en\\\/easter-holiday\\\/\"]}]},{\"@type\":\"BreadcrumbList\",\"@id\":\"https:\\\/\\\/www.62n.fo\\\/en\\\/easter-holiday\\\/#breadcrumb\",\"itemListElement\":[{\"@type\":\"ListItem\",\"position\":1,\"name\":\"Home\",\"item\":\"https:\\\/\\\/www.62n.fo\\\/en\\\/\"},{\"@type\":\"ListItem\",\"position\":2,\"name\":\"Easter Holiday\"}]},{\"@type\":\"WebSite\",\"@id\":\"https:\\\/\\\/www.62n.fo\\\/en\\\/#website\",\"url\":\"https:\\\/\\\/www.62n.fo\\\/en\\\/\",\"name\":\"62N\",\"description\":\"Just another WordPress site\",\"potentialAction\":[{\"@type\":\"SearchAction\",\"target\":{\"@type\":\"EntryPoint\",\"urlTemplate\":\"https:\\\/\\\/www.62n.fo\\\/en\\\/?s={search_term_string}\"},\"query-input\":{\"@type\":\"PropertyValueSpecification\",\"valueRequired\":true,\"valueName\":\"search_term_string\"}}],\"inLanguage\":\"en-US\"}]}<\/script>\n<!-- \/ Yoast SEO plugin. -->","yoast_head_json":{"title":"Easter Holiday - 62N","robots":{"index":"index","follow":"follow","max-snippet":"max-snippet:-1","max-image-preview":"max-image-preview:large","max-video-preview":"max-video-preview:-1"},"canonical":"https:\/\/www.62n.fo\/en\/easter-holiday\/","og_locale":"en_US","og_type":"article","og_title":"Easter Holiday - 62N","og_description":"Self-drive packages","og_url":"https:\/\/www.62n.fo\/en\/easter-holiday\/","og_site_name":"62N","twitter_card":"summary_large_image","twitter_misc":{"Est. reading time":"1 minute"},"schema":{"@context":"https:\/\/schema.org","@graph":[{"@type":"WebPage","@id":"https:\/\/www.62n.fo\/en\/easter-holiday\/","url":"https:\/\/www.62n.fo\/en\/easter-holiday\/","name":"Easter Holiday - 62N","isPartOf":{"@id":"https:\/\/www.62n.fo\/en\/#website"},"datePublished":"2024-02-06T10:41:00+00:00","breadcrumb":{"@id":"https:\/\/www.62n.fo\/en\/easter-holiday\/#breadcrumb"},"inLanguage":"en-US","potentialAction":[{"@type":"ReadAction","target":["https:\/\/www.62n.fo\/en\/easter-holiday\/"]}]},{"@type":"BreadcrumbList","@id":"https:\/\/www.62n.fo\/en\/easter-holiday\/#breadcrumb","itemListElement":[{"@type":"ListItem","position":1,"name":"Home","item":"https:\/\/www.62n.fo\/en\/"},{"@type":"ListItem","position":2,"name":"Easter Holiday"}]},{"@type":"WebSite","@id":"https:\/\/www.62n.fo\/en\/#website","url":"https:\/\/www.62n.fo\/en\/","name":"62N","description":"Just another WordPress site","potentialAction":[{"@type":"SearchAction","target":{"@type":"EntryPoint","urlTemplate":"https:\/\/www.62n.fo\/en\/?s={search_term_string}"},"query-input":{"@type":"PropertyValueSpecification","valueRequired":true,"valueName":"search_term_string"}}],"inLanguage":"en-US"}]}},"uagb_featured_image_src":{"full":false,"thumbnail":false,"medium":false,"medium_large":false,"large":false,"1536x1536":false,"2048x2048":false},"uagb_author_info":{"display_name":"olav@62n.fo","author_link":"https:\/\/www.62n.fo\/en\/author\/olav62n-fo\/"},"uagb_comment_info":0,"uagb_excerpt":"Self-drive packages","_links":{"self":[{"href":"https:\/\/www.62n.fo\/en\/wp-json\/wp\/v2\/pages\/11218","targetHints":{"allow":["GET"]}}],"collection":[{"href":"https:\/\/www.62n.fo\/en\/wp-json\/wp\/v2\/pages"}],"about":[{"href":"https:\/\/www.62n.fo\/en\/wp-json\/wp\/v2\/types\/page"}],"author":[{"embeddable":true,"href":"https:\/\/www.62n.fo\/en\/wp-json\/wp\/v2\/users\/3"}],"replies":[{"embeddable":true,"href":"https:\/\/www.62n.fo\/en\/wp-json\/wp\/v2\/comments?post=11218"}],"version-history":[{"count":2,"href":"https:\/\/www.62n.fo\/en\/wp-json\/wp\/v2\/pages\/11218\/revisions"}],"predecessor-version":[{"id":11286,"href":"https:\/\/www.62n.fo\/en\/wp-json\/wp\/v2\/pages\/11218\/revisions\/11286"}],"wp:attachment":[{"href":"https:\/\/www.62n.fo\/en\/wp-json\/wp\/v2\/media?parent=11218"}],"curies":[{"name":"wp","href":"https:\/\/api.w.org\/{rel}","templated":true}]}}