{"id":14053,"date":"2024-03-02T17:26:44","date_gmt":"2024-03-02T17:26:44","guid":{"rendered":"https:\/\/www.62n.fo\/?page_id=14053"},"modified":"2024-04-22T15:54:46","modified_gmt":"2024-04-22T14:54:46","slug":"europcar","status":"publish","type":"page","link":"https:\/\/www.62n.fo\/da\/biludlejning\/europcar\/","title":{"rendered":"Car &#8211; Europcar Partner"},"content":{"rendered":"\n<div id=\"cover-swiper_block_2132562f01e84aa522322ff7e32615c0\" class=\"lunnar-cover-swiper alignwide \">\n    \n            <div class=\"cover-swiper swiper\">\n            <div class=\"swiper-wrapper\">\n                                    <div class=\"swiper-slide cover\">\n                                                    <img loading=\"lazy\" decoding=\"async\" src=\"https:\/\/www.62n.fo\/wp-content\/uploads\/2024\/03\/Europcar-Partner-3-1600x683.png\" width=\"1600\" height=\"683\">\n                        \n                                                    <div class=\"cover-text\">\n                                                                    <h1>EUROPCAR PARTNER<\/h1>\n                                \n                                \n                                                            <\/div>\n                                            <\/div>\n                            <\/div>\n\n            <div class=\"swiper-buttons\">\n                <div class=\"swiper-button-prev\"><\/div>\n\n                <div class=\"swiper-button-next\"><\/div>\n            <\/div>\n        <\/div>\n    <\/div>\n\n\n<div style=\"height:160px\" aria-hidden=\"true\" class=\"wp-block-spacer\"><\/div>\n\n\n\n<div class=\"wp-block-columns is-layout-flex wp-container-core-columns-is-layout-9d6595d7 wp-block-columns-is-layout-flex\">\n<div class=\"wp-block-column is-layout-flow wp-block-column-is-layout-flow\" style=\"flex-basis:33.33%\">\n<figure class=\"wp-block-image size-full is-resized is-style-default\"><img loading=\"lazy\" decoding=\"async\" width=\"277\" height=\"382\" src=\"https:\/\/www.62n.fo\/wp-content\/uploads\/2024\/01\/image-14-e1711454477350.png\" alt=\"\" class=\"wp-image-9440\" style=\"width:55px;height:auto\"\/><\/figure>\n\n\n\n<figure class=\"wp-block-image size-full is-style-default\"><img loading=\"lazy\" decoding=\"async\" width=\"851\" height=\"426\" src=\"https:\/\/www.62n.fo\/wp-content\/uploads\/2024\/03\/EUROPCAR-MAIN-LOGO-RGB.png\" alt=\"\" class=\"wp-image-12951\" srcset=\"https:\/\/www.62n.fo\/wp-content\/uploads\/2024\/03\/EUROPCAR-MAIN-LOGO-RGB.png 851w, https:\/\/www.62n.fo\/wp-content\/uploads\/2024\/03\/EUROPCAR-MAIN-LOGO-RGB-800x400.png 800w, https:\/\/www.62n.fo\/wp-content\/uploads\/2024\/03\/EUROPCAR-MAIN-LOGO-RGB-768x384.png 768w\" sizes=\"auto, (max-width: 851px) 100vw, 851px\" \/><\/figure>\n<\/div>\n\n\n\n<div class=\"wp-block-column is-layout-flow wp-block-column-is-layout-flow\" style=\"flex-basis:66.66%\">\n<h2 class=\"wp-block-heading\">EUROPCAR PARTNERSKAB<\/h2>\n\n\n\n<div style=\"height:90px\" aria-hidden=\"true\" class=\"wp-block-spacer\"><\/div>\n\n\n\n<p><\/p>\n\n\n\n<p>Som officiel partner af Europcar er vi stolte af at tilbyde en exceptionel udlejningsservice, bakket op af en global leder inden for biludlejning.<\/p>\n<\/div>\n<\/div>\n\n\n\n<div style=\"height:70px\" aria-hidden=\"true\" class=\"wp-block-spacer\"><\/div>\n\n\n\n<h3 class=\"wp-block-heading has-text-align-center\"><a href=\"https:\/\/www.europcar.com\/\">BOOK DIN BIL HER<\/a><\/h3>\n\n\n\n<div style=\"height:70px\" aria-hidden=\"true\" class=\"wp-block-spacer\"><\/div>\n\n\n\n<div class=\"wp-block-media-text alignwide is-stacked-on-mobile\" id=\"insurance\"><figure class=\"wp-block-media-text__media\"><img loading=\"lazy\" decoding=\"async\" width=\"1600\" height=\"1067\" src=\"https:\/\/www.62n.fo\/wp-content\/uploads\/2024\/03\/Quality-Assurance-1600x1067.jpg\" alt=\"\" class=\"wp-image-12982 size-full\" srcset=\"https:\/\/www.62n.fo\/wp-content\/uploads\/2024\/03\/Quality-Assurance-1600x1067.jpg 1600w, https:\/\/www.62n.fo\/wp-content\/uploads\/2024\/03\/Quality-Assurance-800x534.jpg 800w, https:\/\/www.62n.fo\/wp-content\/uploads\/2024\/03\/Quality-Assurance-768x512.jpg 768w, https:\/\/www.62n.fo\/wp-content\/uploads\/2024\/03\/Quality-Assurance-1536x1025.jpg 1536w, https:\/\/www.62n.fo\/wp-content\/uploads\/2024\/03\/Quality-Assurance-2048x1366.jpg 2048w\" sizes=\"auto, (max-width: 1600px) 100vw, 1600px\" \/><\/figure><div class=\"wp-block-media-text__content\">\n<h2 class=\"wp-block-heading\" style=\"text-transform:uppercase\"><strong>kVALITET<\/strong><\/h2>\n\n\n\n<p>Vores partnerskab med Europcar betyder, at du altid har adgang til biler af f\u00f8rste klasse. Hver bil bliver omhyggeligt inspekteret og vedligeholdt, og vi g\u00e5r ikke p\u00e5 kompromis med sikkerheden og din komfort under rejsen.<\/p>\n<\/div><\/div>\n\n\n\n<div style=\"height:160px\" aria-hidden=\"true\" class=\"wp-block-spacer\"><\/div>\n\n\n\n<div class=\"wp-block-media-text alignwide has-media-on-the-right is-stacked-on-mobile\" id=\"insurance\"><div class=\"wp-block-media-text__content\">\n<h2 class=\"wp-block-heading\" style=\"text-transform:uppercase\"><strong>Lokal viden<\/strong><\/h2>\n\n\n\n<p>Mens Europcar leverer globale standarder, tilbyder vi hos 62\u00b0N Biludlejning den ekstra lokale ekspertise. Vores team br\u00e6nder for F\u00e6r\u00f8erne og giver gerne tips og anbefalinger for at hj\u00e6lpe dig med at f\u00e5 det bedste ud af dit bes\u00f8g.<\/p>\n<\/div><figure class=\"wp-block-media-text__media\"><img loading=\"lazy\" decoding=\"async\" width=\"1600\" height=\"1067\" src=\"https:\/\/www.62n.fo\/wp-content\/uploads\/2024\/03\/Local-Knowledge-1600x1067.jpg\" alt=\"\" class=\"wp-image-12977 size-full\" srcset=\"https:\/\/www.62n.fo\/wp-content\/uploads\/2024\/03\/Local-Knowledge-1600x1067.jpg 1600w, https:\/\/www.62n.fo\/wp-content\/uploads\/2024\/03\/Local-Knowledge-800x533.jpg 800w, https:\/\/www.62n.fo\/wp-content\/uploads\/2024\/03\/Local-Knowledge-768x512.jpg 768w, https:\/\/www.62n.fo\/wp-content\/uploads\/2024\/03\/Local-Knowledge-1536x1024.jpg 1536w, https:\/\/www.62n.fo\/wp-content\/uploads\/2024\/03\/Local-Knowledge-2048x1365.jpg 2048w\" sizes=\"auto, (max-width: 1600px) 100vw, 1600px\" \/><\/figure><\/div>\n\n\n\n<div style=\"height:80px\" aria-hidden=\"true\" class=\"wp-block-spacer\"><\/div>\n","protected":false},"excerpt":{"rendered":"<p>EUROPCAR PARTNERSKAB Som officiel partner af Europcar er vi stolte af at tilbyde en exceptionel udlejningsservice, bakket op af en global leder inden for biludlejning. BOOK DIN BIL HER kVALITET Vores partnerskab med Europcar betyder, at du altid har adgang til biler af f\u00f8rste klasse. Hver bil bliver omhyggeligt inspekteret og vedligeholdt, og vi g\u00e5r [&hellip;]<\/p>\n","protected":false},"author":4,"featured_media":0,"parent":13849,"menu_order":5,"comment_status":"closed","ping_status":"closed","template":"","meta":{"_acf_changed":false,"_uag_custom_page_level_css":"","footnotes":""},"class_list":["post-14053","page","type-page","status-publish","hentry"],"acf":[],"yoast_head":"<!-- This site is optimized with the Yoast SEO plugin v27.4 - https:\/\/yoast.com\/product\/yoast-seo-wordpress\/ -->\n<title>Car - Europcar Partner - 62N<\/title>\n<meta name=\"robots\" content=\"index, follow, max-snippet:-1, max-image-preview:large, max-video-preview:-1\" \/>\n<link rel=\"canonical\" href=\"https:\/\/www.62n.fo\/da\/biludlejning\/europcar\/\" \/>\n<meta property=\"og:locale\" content=\"da_DK\" \/>\n<meta property=\"og:type\" content=\"article\" \/>\n<meta property=\"og:title\" content=\"Car - Europcar Partner - 62N\" \/>\n<meta property=\"og:description\" content=\"EUROPCAR PARTNERSKAB Som officiel partner af Europcar er vi stolte af at tilbyde en exceptionel udlejningsservice, bakket op af en global leder inden for biludlejning. BOOK DIN BIL HER kVALITET Vores partnerskab med Europcar betyder, at du altid har adgang til biler af f\u00f8rste klasse. Hver bil bliver omhyggeligt inspekteret og vedligeholdt, og vi g\u00e5r [&hellip;]\" \/>\n<meta property=\"og:url\" content=\"https:\/\/www.62n.fo\/da\/biludlejning\/europcar\/\" \/>\n<meta property=\"og:site_name\" content=\"62N\" \/>\n<meta property=\"article:modified_time\" content=\"2024-04-22T14:54:46+00:00\" \/>\n<meta property=\"og:image\" content=\"https:\/\/www.62n.fo\/wp-content\/uploads\/2024\/01\/image-14-e1711454477350.png\" \/>\n<meta name=\"twitter:card\" content=\"summary_large_image\" \/>\n<meta name=\"twitter:label1\" content=\"Estimeret l\u00e6setid\" \/>\n\t<meta name=\"twitter:data1\" content=\"2 minutter\" \/>\n<script type=\"application\/ld+json\" class=\"yoast-schema-graph\">{\"@context\":\"https:\\\/\\\/schema.org\",\"@graph\":[{\"@type\":\"WebPage\",\"@id\":\"https:\\\/\\\/www.62n.fo\\\/da\\\/biludlejning\\\/europcar\\\/\",\"url\":\"https:\\\/\\\/www.62n.fo\\\/da\\\/biludlejning\\\/europcar\\\/\",\"name\":\"Car - Europcar Partner - 62N\",\"isPartOf\":{\"@id\":\"https:\\\/\\\/www.62n.fo\\\/da\\\/#website\"},\"primaryImageOfPage\":{\"@id\":\"https:\\\/\\\/www.62n.fo\\\/da\\\/biludlejning\\\/europcar\\\/#primaryimage\"},\"image\":{\"@id\":\"https:\\\/\\\/www.62n.fo\\\/da\\\/biludlejning\\\/europcar\\\/#primaryimage\"},\"thumbnailUrl\":\"https:\\\/\\\/www.62n.fo\\\/wp-content\\\/uploads\\\/2024\\\/01\\\/image-14-e1711454477350.png\",\"datePublished\":\"2024-03-02T17:26:44+00:00\",\"dateModified\":\"2024-04-22T14:54:46+00:00\",\"breadcrumb\":{\"@id\":\"https:\\\/\\\/www.62n.fo\\\/da\\\/biludlejning\\\/europcar\\\/#breadcrumb\"},\"inLanguage\":\"da-DK\",\"potentialAction\":[{\"@type\":\"ReadAction\",\"target\":[\"https:\\\/\\\/www.62n.fo\\\/da\\\/biludlejning\\\/europcar\\\/\"]}]},{\"@type\":\"ImageObject\",\"inLanguage\":\"da-DK\",\"@id\":\"https:\\\/\\\/www.62n.fo\\\/da\\\/biludlejning\\\/europcar\\\/#primaryimage\",\"url\":\"https:\\\/\\\/www.62n.fo\\\/wp-content\\\/uploads\\\/2024\\\/01\\\/image-14-e1711454477350.png\",\"contentUrl\":\"https:\\\/\\\/www.62n.fo\\\/wp-content\\\/uploads\\\/2024\\\/01\\\/image-14-e1711454477350.png\"},{\"@type\":\"BreadcrumbList\",\"@id\":\"https:\\\/\\\/www.62n.fo\\\/da\\\/biludlejning\\\/europcar\\\/#breadcrumb\",\"itemListElement\":[{\"@type\":\"ListItem\",\"position\":1,\"name\":\"Home\",\"item\":\"https:\\\/\\\/www.62n.fo\\\/da\\\/\"},{\"@type\":\"ListItem\",\"position\":2,\"name\":\"Car &#8211; 62\u00b0N Car Rental\",\"item\":\"https:\\\/\\\/www.62n.fo\\\/da\\\/biludlejning\\\/\"},{\"@type\":\"ListItem\",\"position\":3,\"name\":\"Car &#8211; Europcar Partner\"}]},{\"@type\":\"WebSite\",\"@id\":\"https:\\\/\\\/www.62n.fo\\\/da\\\/#website\",\"url\":\"https:\\\/\\\/www.62n.fo\\\/da\\\/\",\"name\":\"62N\",\"description\":\"Just another WordPress site\",\"potentialAction\":[{\"@type\":\"SearchAction\",\"target\":{\"@type\":\"EntryPoint\",\"urlTemplate\":\"https:\\\/\\\/www.62n.fo\\\/da\\\/?s={search_term_string}\"},\"query-input\":{\"@type\":\"PropertyValueSpecification\",\"valueRequired\":true,\"valueName\":\"search_term_string\"}}],\"inLanguage\":\"da-DK\"}]}<\/script>\n<!-- \/ Yoast SEO plugin. -->","yoast_head_json":{"title":"Car - Europcar Partner - 62N","robots":{"index":"index","follow":"follow","max-snippet":"max-snippet:-1","max-image-preview":"max-image-preview:large","max-video-preview":"max-video-preview:-1"},"canonical":"https:\/\/www.62n.fo\/da\/biludlejning\/europcar\/","og_locale":"da_DK","og_type":"article","og_title":"Car - Europcar Partner - 62N","og_description":"EUROPCAR PARTNERSKAB Som officiel partner af Europcar er vi stolte af at tilbyde en exceptionel udlejningsservice, bakket op af en global leder inden for biludlejning. BOOK DIN BIL HER kVALITET Vores partnerskab med Europcar betyder, at du altid har adgang til biler af f\u00f8rste klasse. Hver bil bliver omhyggeligt inspekteret og vedligeholdt, og vi g\u00e5r [&hellip;]","og_url":"https:\/\/www.62n.fo\/da\/biludlejning\/europcar\/","og_site_name":"62N","article_modified_time":"2024-04-22T14:54:46+00:00","og_image":[{"url":"https:\/\/www.62n.fo\/wp-content\/uploads\/2024\/01\/image-14-e1711454477350.png","type":"","width":"","height":""}],"twitter_card":"summary_large_image","twitter_misc":{"Estimeret l\u00e6setid":"2 minutter"},"schema":{"@context":"https:\/\/schema.org","@graph":[{"@type":"WebPage","@id":"https:\/\/www.62n.fo\/da\/biludlejning\/europcar\/","url":"https:\/\/www.62n.fo\/da\/biludlejning\/europcar\/","name":"Car - Europcar Partner - 62N","isPartOf":{"@id":"https:\/\/www.62n.fo\/da\/#website"},"primaryImageOfPage":{"@id":"https:\/\/www.62n.fo\/da\/biludlejning\/europcar\/#primaryimage"},"image":{"@id":"https:\/\/www.62n.fo\/da\/biludlejning\/europcar\/#primaryimage"},"thumbnailUrl":"https:\/\/www.62n.fo\/wp-content\/uploads\/2024\/01\/image-14-e1711454477350.png","datePublished":"2024-03-02T17:26:44+00:00","dateModified":"2024-04-22T14:54:46+00:00","breadcrumb":{"@id":"https:\/\/www.62n.fo\/da\/biludlejning\/europcar\/#breadcrumb"},"inLanguage":"da-DK","potentialAction":[{"@type":"ReadAction","target":["https:\/\/www.62n.fo\/da\/biludlejning\/europcar\/"]}]},{"@type":"ImageObject","inLanguage":"da-DK","@id":"https:\/\/www.62n.fo\/da\/biludlejning\/europcar\/#primaryimage","url":"https:\/\/www.62n.fo\/wp-content\/uploads\/2024\/01\/image-14-e1711454477350.png","contentUrl":"https:\/\/www.62n.fo\/wp-content\/uploads\/2024\/01\/image-14-e1711454477350.png"},{"@type":"BreadcrumbList","@id":"https:\/\/www.62n.fo\/da\/biludlejning\/europcar\/#breadcrumb","itemListElement":[{"@type":"ListItem","position":1,"name":"Home","item":"https:\/\/www.62n.fo\/da\/"},{"@type":"ListItem","position":2,"name":"Car &#8211; 62\u00b0N Car Rental","item":"https:\/\/www.62n.fo\/da\/biludlejning\/"},{"@type":"ListItem","position":3,"name":"Car &#8211; Europcar Partner"}]},{"@type":"WebSite","@id":"https:\/\/www.62n.fo\/da\/#website","url":"https:\/\/www.62n.fo\/da\/","name":"62N","description":"Just another WordPress site","potentialAction":[{"@type":"SearchAction","target":{"@type":"EntryPoint","urlTemplate":"https:\/\/www.62n.fo\/da\/?s={search_term_string}"},"query-input":{"@type":"PropertyValueSpecification","valueRequired":true,"valueName":"search_term_string"}}],"inLanguage":"da-DK"}]}},"uagb_featured_image_src":{"full":false,"thumbnail":false,"medium":false,"medium_large":false,"large":false,"1536x1536":false,"2048x2048":false},"uagb_author_info":{"display_name":"hanus@62n.fo","author_link":"https:\/\/www.62n.fo\/da\/author\/hanus62n-fo\/"},"uagb_comment_info":0,"uagb_excerpt":"EUROPCAR PARTNERSKAB Som officiel partner af Europcar er vi stolte af at tilbyde en exceptionel udlejningsservice, bakket op af en global leder inden for biludlejning. BOOK DIN BIL HER kVALITET Vores partnerskab med Europcar betyder, at du altid har adgang til biler af f\u00f8rste klasse. Hver bil bliver omhyggeligt inspekteret og vedligeholdt, og vi g\u00e5r&hellip;","_links":{"self":[{"href":"https:\/\/www.62n.fo\/da\/wp-json\/wp\/v2\/pages\/14053","targetHints":{"allow":["GET"]}}],"collection":[{"href":"https:\/\/www.62n.fo\/da\/wp-json\/wp\/v2\/pages"}],"about":[{"href":"https:\/\/www.62n.fo\/da\/wp-json\/wp\/v2\/types\/page"}],"author":[{"embeddable":true,"href":"https:\/\/www.62n.fo\/da\/wp-json\/wp\/v2\/users\/4"}],"replies":[{"embeddable":true,"href":"https:\/\/www.62n.fo\/da\/wp-json\/wp\/v2\/comments?post=14053"}],"version-history":[{"count":8,"href":"https:\/\/www.62n.fo\/da\/wp-json\/wp\/v2\/pages\/14053\/revisions"}],"predecessor-version":[{"id":14151,"href":"https:\/\/www.62n.fo\/da\/wp-json\/wp\/v2\/pages\/14053\/revisions\/14151"}],"up":[{"embeddable":true,"href":"https:\/\/www.62n.fo\/da\/wp-json\/wp\/v2\/pages\/13849"}],"wp:attachment":[{"href":"https:\/\/www.62n.fo\/da\/wp-json\/wp\/v2\/media?parent=14053"}],"curies":[{"name":"wp","href":"https:\/\/api.w.org\/{rel}","templated":true}]}}