{"id":13866,"date":"2024-03-08T14:56:14","date_gmt":"2024-03-08T14:56:14","guid":{"rendered":"https:\/\/www.62n.fo\/?page_id=13866"},"modified":"2024-04-23T15:20:45","modified_gmt":"2024-04-23T14:20:45","slug":"faq","status":"publish","type":"page","link":"https:\/\/www.62n.fo\/da\/biludlejning\/information\/faq\/","title":{"rendered":"Car &#8211; Frequently Asked Questions"},"content":{"rendered":"\n<div id=\"cover-swiper_block_93c1cd65900297e3d01be10fd43760ac\" class=\"lunnar-cover-swiper alignwide \">\n    \n            <div class=\"cover-swiper swiper\">\n            <div class=\"swiper-wrapper\">\n                                    <div class=\"swiper-slide cover\">\n                                                    <img loading=\"lazy\" decoding=\"async\" src=\"https:\/\/www.62n.fo\/wp-content\/uploads\/2024\/04\/62N-Car-Rental-Cover-3-1600x1066.png\" width=\"1600\" height=\"1066\">\n                        \n                                                    <div class=\"cover-text\">\n                                                                    <h1>Oftest Spurgte Sp\u00f8rgsm\u00e5l<\/h1>\n                                \n                                \n                                                            <\/div>\n                                            <\/div>\n                            <\/div>\n\n            <div class=\"swiper-buttons\">\n                <div class=\"swiper-button-prev\"><\/div>\n\n                <div class=\"swiper-button-next\"><\/div>\n            <\/div>\n        <\/div>\n    <\/div>\n\n\n<div style=\"height:100px\" aria-hidden=\"true\" class=\"wp-block-spacer\"><\/div>\n\n\n\n<div class=\"wp-block-columns is-layout-flex wp-container-core-columns-is-layout-9d6595d7 wp-block-columns-is-layout-flex\">\n<div class=\"wp-block-column is-layout-flow wp-block-column-is-layout-flow\" style=\"flex-basis:50%\">\n<h2 class=\"wp-block-heading\">Oftest Spurgte Sp\u00f8rgsm\u00e5l<\/h2>\n<\/div>\n\n\n\n<div class=\"wp-block-column is-layout-flow wp-block-column-is-layout-flow\" style=\"flex-basis:50%\">\n<p>Planl\u00e6gger du dit f\u00f8rste bes\u00f8g p\u00e5 F\u00e6r\u00f8erne? Vi forst\u00e5r, at du m\u00e5ske har nogle sp\u00f8rgsm\u00e5l. For at hj\u00e6lpe dig med at f\u00e5 mest muligt ud af din rejse har vi sammensat en omfattende liste over svar p\u00e5 de sp\u00f8rgsm\u00e5l, vores kunder ofte stiller.<\/p>\n\n\n\n<p>Hvis du ikke finder de svar, du leder efter her, er du velkommen til at kontakte os direkte via mail eller telefon.<\/p>\n<\/div>\n<\/div>\n\n\n\n<div style=\"height:100px\" aria-hidden=\"true\" class=\"wp-block-spacer\"><\/div>\n\n\n\n<h3 class=\"wp-block-heading\" style=\"text-transform:capitalize\">Inden<\/h3>\n\n\n\n<div id=\"accordion_block_ef008820b47d05fb4019330bdd445a68\" class=\"lunnar-accordion style- columns-\">\n\n    \n            <div class=\"accordion-item\">\n            <div class=\"accordion-item--title\">\n                <h4>Hvad er k\u00f8rekortskravene?<\/h4>\n\n                <img decoding=\"async\" src=\"https:\/\/www.62n.fo\/wp-content\/themes\/lunnar-62n-2023\/images\/icon-chevron.svg\" class=\"injectable\" \/>            <\/div>\n            <div class=\"accordion-item--content\">\n                <div class=\"accordion-item--content--inner\">\n                    <p>Et gyldigt k\u00f8rekort p\u00e5 latin kr\u00e6ves.<\/p>\n                <\/div>\n            <\/div>\n        <\/div>\n            <div class=\"accordion-item\">\n            <div class=\"accordion-item--title\">\n                <h4>Hvor gammel skal jeg v\u00e6re for at leje en bil p\u00e5 F\u00e6r\u00f8erne?<\/h4>\n\n                <img decoding=\"async\" src=\"https:\/\/www.62n.fo\/wp-content\/themes\/lunnar-62n-2023\/images\/icon-chevron.svg\" class=\"injectable\" \/>            <\/div>\n            <div class=\"accordion-item--content\">\n                <div class=\"accordion-item--content--inner\">\n                    <p>Mindstealderen for at k\u00f8re p\u00e5 F\u00e6r\u00f8erne er 18 \u00e5r.<\/p>\n                <\/div>\n            <\/div>\n        <\/div>\n            <div class=\"accordion-item\">\n            <div class=\"accordion-item--title\">\n                <h4>Skal jeg bruge et kreditkort?<\/h4>\n\n                <img decoding=\"async\" src=\"https:\/\/www.62n.fo\/wp-content\/themes\/lunnar-62n-2023\/images\/icon-chevron.svg\" class=\"injectable\" \/>            <\/div>\n            <div class=\"accordion-item--content\">\n                <div class=\"accordion-item--content--inner\">\n                    <p>Du skal enten bruge et kreditkort eller et betalingskort med tilstr\u00e6kkelige midler til at sikre en depositumbetaling ved ankomst.<\/p>\n                <\/div>\n            <\/div>\n        <\/div>\n            <div class=\"accordion-item\">\n            <div class=\"accordion-item--title\">\n                <h4>Hvilke betalingsmetoder accepteres for leje?<\/h4>\n\n                <img decoding=\"async\" src=\"https:\/\/www.62n.fo\/wp-content\/themes\/lunnar-62n-2023\/images\/icon-chevron.svg\" class=\"injectable\" \/>            <\/div>\n            <div class=\"accordion-item--content\">\n                <div class=\"accordion-item--content--inner\">\n                    <p>Vi accepterer f\u00f8lgende betalingsmetoder: Visa, Mastercard, Diners Club, JCB, VPAY.<\/p>\n                <\/div>\n            <\/div>\n        <\/div>\n            <div class=\"accordion-item\">\n            <div class=\"accordion-item--title\">\n                <h4>Er der krav om depositum?<\/h4>\n\n                <img decoding=\"async\" src=\"https:\/\/www.62n.fo\/wp-content\/themes\/lunnar-62n-2023\/images\/icon-chevron.svg\" class=\"injectable\" \/>            <\/div>\n            <div class=\"accordion-item--content\">\n                <div class=\"accordion-item--content--inner\">\n                    <p>En depositum er p\u00e5kr\u00e6vet ved afhentning for at sikre midler til potentielle betalinger for vejafgifter, p\u00e5fyldning af tank ved returnering eller skader, der er opst\u00e5et i lejeperioden.<\/p>\n                <\/div>\n            <\/div>\n        <\/div>\n            <div class=\"accordion-item\">\n            <div class=\"accordion-item--title\">\n                <h4>Hvordan \u00e6ndrer eller afbestiller jeg min reservation?<\/h4>\n\n                <img decoding=\"async\" src=\"https:\/\/www.62n.fo\/wp-content\/themes\/lunnar-62n-2023\/images\/icon-chevron.svg\" class=\"injectable\" \/>            <\/div>\n            <div class=\"accordion-item--content\">\n                <div class=\"accordion-item--content--inner\">\n                    <p>Send venligst en e-mail p\u00e5 car@62n.fo.<\/p>\n                <\/div>\n            <\/div>\n        <\/div>\n            <div class=\"accordion-item\">\n            <div class=\"accordion-item--title\">\n                <h4>Hvad hvis mit fly er forsinket?<\/h4>\n\n                <img decoding=\"async\" src=\"https:\/\/www.62n.fo\/wp-content\/themes\/lunnar-62n-2023\/images\/icon-chevron.svg\" class=\"injectable\" \/>            <\/div>\n            <div class=\"accordion-item--content\">\n                <div class=\"accordion-item--content--inner\">\n                    <p>I tilf\u00e6lde af flyforsinkelse bedes du venligst underrette os via e-mail p\u00e5 <a target=\"_new\">car@62n.fo<\/a>. Vi s\u00f8rger for at din bil er klar ved ankomst. V\u00e6r dog opm\u00e6rksom p\u00e5, at der p\u00e5l\u00e6gges et till\u00e6gsgebyr ved afhentning uden for vores \u00e5bningstider (08:00-21:00).<\/p>\n                <\/div>\n            <\/div>\n        <\/div>\n            <div class=\"accordion-item\">\n            <div class=\"accordion-item--title\">\n                <h4>Kan jeg returnere min udlejningsbil, hvis jeres kontor er lukket?<\/h4>\n\n                <img decoding=\"async\" src=\"https:\/\/www.62n.fo\/wp-content\/themes\/lunnar-62n-2023\/images\/icon-chevron.svg\" class=\"injectable\" \/>            <\/div>\n            <div class=\"accordion-item--content\">\n                <div class=\"accordion-item--content--inner\">\n                    <p>Hvis du skal returnere din bil uden for vores \u00e5bningstider, skal du blot l\u00e6gge n\u00f8glerne i drop-boksen, der befinder sig lige uden for vores kontor. S\u00f8rg for at tage billeder af bilen efter parkering, da vores personale vil inspektere bilen i dit frav\u00e6r.<\/p>\n                <\/div>\n            <\/div>\n        <\/div>\n            <div class=\"accordion-item\">\n            <div class=\"accordion-item--title\">\n                <h4>Kan jeg forudbetale for br\u00e6ndstof?<\/h4>\n\n                <img decoding=\"async\" src=\"https:\/\/www.62n.fo\/wp-content\/themes\/lunnar-62n-2023\/images\/icon-chevron.svg\" class=\"injectable\" \/>            <\/div>\n            <div class=\"accordion-item--content\">\n                <div class=\"accordion-item--content--inner\">\n                    <p>Ja, du kan forudbetale for br\u00e6ndstof for at undg\u00e5 tankning ved returnering. Prisen for denne service er DKK 800,- for en personbil.<\/p>\n                <\/div>\n            <\/div>\n        <\/div>\n            <div class=\"accordion-item\">\n            <div class=\"accordion-item--title\">\n                <h4>Tilbyder I ubegr\u00e6nset kilometer?<\/h4>\n\n                <img decoding=\"async\" src=\"https:\/\/www.62n.fo\/wp-content\/themes\/lunnar-62n-2023\/images\/icon-chevron.svg\" class=\"injectable\" \/>            <\/div>\n            <div class=\"accordion-item--content\">\n                <div class=\"accordion-item--content--inner\">\n                    <p>Ubegr\u00e6nset kilometer er inkluderet i prisen for alle vores biler.<\/p>\n                <\/div>\n            <\/div>\n        <\/div>\n            <div class=\"accordion-item\">\n            <div class=\"accordion-item--title\">\n                <h4>Hvordan betaler jeg for vejafgifter\/tuneller?<\/h4>\n\n                <img decoding=\"async\" src=\"https:\/\/www.62n.fo\/wp-content\/themes\/lunnar-62n-2023\/images\/icon-chevron.svg\" class=\"injectable\" \/>            <\/div>\n            <div class=\"accordion-item--content\">\n                <div class=\"accordion-item--content--inner\">\n                    <p>Vejafgifter vil blive fratrukket depositumbetalingen.<\/p>\n                <\/div>\n            <\/div>\n        <\/div>\n            <div class=\"accordion-item\">\n            <div class=\"accordion-item--title\">\n                <h4>Hvilke dokumenter skal jeg fremvise ved afhentning?<\/h4>\n\n                <img decoding=\"async\" src=\"https:\/\/www.62n.fo\/wp-content\/themes\/lunnar-62n-2023\/images\/icon-chevron.svg\" class=\"injectable\" \/>            <\/div>\n            <div class=\"accordion-item--content\">\n                <div class=\"accordion-item--content--inner\">\n                    <p>Vi beh\u00f8ver kun at se et gyldigt k\u00f8rekort ved afhentning.<\/p>\n                <\/div>\n            <\/div>\n        <\/div>\n            <div class=\"accordion-item\">\n            <div class=\"accordion-item--title\">\n                <h4>Tilbyder I ekstra udstyr s\u00e5som GPS eller b\u00f8rnes\u00e6der?<\/h4>\n\n                <img decoding=\"async\" src=\"https:\/\/www.62n.fo\/wp-content\/themes\/lunnar-62n-2023\/images\/icon-chevron.svg\" class=\"injectable\" \/>            <\/div>\n            <div class=\"accordion-item--content\">\n                <div class=\"accordion-item--content--inner\">\n                    <p>Ja, se venligst vores ekstra udstyr <a href=\"https:\/\/www.62n.fo\/da\/biludlejning\/tilvalg-og-beskyttelse\/\">her!<\/a><\/p>\n                <\/div>\n            <\/div>\n        <\/div>\n    \n<\/div>\n\n\n<div style=\"height:50px\" aria-hidden=\"true\" class=\"wp-block-spacer\"><\/div>\n\n\n\n<h3 class=\"wp-block-heading\">Imens<\/h3>\n\n\n\n<div id=\"accordion_block_7f4222c62679b29d2aa5bb41589b8cf5\" class=\"lunnar-accordion style- columns-\">\n\n    \n            <div class=\"accordion-item\">\n            <div class=\"accordion-item--title\">\n                <h4>Kan jeg forl\u00e6nge lejeperioden?<\/h4>\n\n                <img decoding=\"async\" src=\"https:\/\/www.62n.fo\/wp-content\/themes\/lunnar-62n-2023\/images\/icon-chevron.svg\" class=\"injectable\" \/>            <\/div>\n            <div class=\"accordion-item--content\">\n                <div class=\"accordion-item--content--inner\">\n                    <p>For at anmode om en forl\u00e6ngelse af din leje, bedes du kontakte os ved at sende os en e-mail p\u00e5 <a target=\"_new\">car@62n.fo<\/a> eller ringe til os p\u00e5 +298 733 510.<\/p>\n                <\/div>\n            <\/div>\n        <\/div>\n            <div class=\"accordion-item\">\n            <div class=\"accordion-item--title\">\n                <h4>Jeg er kommet ud for en ulykke. Hvad g\u00f8r jeg?<\/h4>\n\n                <img decoding=\"async\" src=\"https:\/\/www.62n.fo\/wp-content\/themes\/lunnar-62n-2023\/images\/icon-chevron.svg\" class=\"injectable\" \/>            <\/div>\n            <div class=\"accordion-item--content\">\n                <div class=\"accordion-item--content--inner\">\n                    <p>Det f\u00f8rste du skal g\u00f8re, er at rapportere h\u00e6ndelsen til lokale myndigheder ved at ringe 112. Sidenhen bedes du rapportere h\u00e6ndelsen til vores personale.<\/p>\n                <\/div>\n            <\/div>\n        <\/div>\n            <div class=\"accordion-item\">\n            <div class=\"accordion-item--title\">\n                <h4>Hvad g\u00f8r jeg, hvis min lejebil er stoppet op?<\/h4>\n\n                <img decoding=\"async\" src=\"https:\/\/www.62n.fo\/wp-content\/themes\/lunnar-62n-2023\/images\/icon-chevron.svg\" class=\"injectable\" \/>            <\/div>\n            <div class=\"accordion-item--content\">\n                <div class=\"accordion-item--content--inner\">\n                    <p>Hvis din lejebil stopper op sender vi hurtigt assistance. Ring eller skriv til os, og fort\u00e6l hvor du er.<\/p>\n                <\/div>\n            <\/div>\n        <\/div>\n            <div class=\"accordion-item\">\n            <div class=\"accordion-item--title\">\n                <h4>Skal jeg tanke bilen op, inden jeg returnerer den?<\/h4>\n\n                <img decoding=\"async\" src=\"https:\/\/www.62n.fo\/wp-content\/themes\/lunnar-62n-2023\/images\/icon-chevron.svg\" class=\"injectable\" \/>            <\/div>\n            <div class=\"accordion-item--content\">\n                <div class=\"accordion-item--content--inner\">\n                    <p>Medmindre du allerede har forudbetalt for en fuld tank, skal du returnere bilen fuldt tanket.<\/p>\n                <\/div>\n            <\/div>\n        <\/div>\n            <div class=\"accordion-item\">\n            <div class=\"accordion-item--title\">\n                <h4>Er der specifikke trafikregler, jeg skal v\u00e6re opm\u00e6rksom p\u00e5?<\/h4>\n\n                <img decoding=\"async\" src=\"https:\/\/www.62n.fo\/wp-content\/themes\/lunnar-62n-2023\/images\/icon-chevron.svg\" class=\"injectable\" \/>            <\/div>\n            <div class=\"accordion-item--content\">\n                <div class=\"accordion-item--content--inner\">\n                    <p>Se venligst vores guide til <a href=\"https:\/\/www.62n.fo\/da\/biludlejning\/information\/koersel-paa-faeroerne\/\">k\u00f8rsel p\u00e5 F\u00e6r\u00f8erne.<\/a><\/p>\n                <\/div>\n            <\/div>\n        <\/div>\n    \n<\/div>\n\n\n<div style=\"height:50px\" aria-hidden=\"true\" class=\"wp-block-spacer\"><\/div>\n\n\n\n<h3 class=\"wp-block-heading\">Efter<\/h3>\n\n\n\n<div id=\"accordion_block_8d026dae8707cb3dbbec925af16f9105\" class=\"lunnar-accordion style- columns-\">\n\n    \n            <div class=\"accordion-item\">\n            <div class=\"accordion-item--title\">\n                <h4>Hvorn\u00e5r modtager jeg den endelige faktura?<\/h4>\n\n                <img decoding=\"async\" src=\"https:\/\/www.62n.fo\/wp-content\/themes\/lunnar-62n-2023\/images\/icon-chevron.svg\" class=\"injectable\" \/>            <\/div>\n            <div class=\"accordion-item--content\">\n                <div class=\"accordion-item--content--inner\">\n                    <p>Vores m\u00e5l er at sende fakturaer inden for 24 timer efter returnering af bilen. Hvis du ikke har modtaget din faktura, bedes du kontakte os, da der kan v\u00e6re et problem med den e-mail-adresse, vi har registreret.<\/p>\n                <\/div>\n            <\/div>\n        <\/div>\n            <div class=\"accordion-item\">\n            <div class=\"accordion-item--title\">\n                <h4>Hvorn\u00e5r bliver depositumet refunderet?<\/h4>\n\n                <img decoding=\"async\" src=\"https:\/\/www.62n.fo\/wp-content\/themes\/lunnar-62n-2023\/images\/icon-chevron.svg\" class=\"injectable\" \/>            <\/div>\n            <div class=\"accordion-item--content\">\n                <div class=\"accordion-item--content--inner\">\n                    <p>Vi afregner saldoer 24 timer efter returnering. Dog afh\u00e6nger tilbagebetalingen af depositummet af din bank og tager typisk op til en uge.<\/p>\n                <\/div>\n            <\/div>\n        <\/div>\n            <div class=\"accordion-item\">\n            <div class=\"accordion-item--title\">\n                <h4>Hvordan returnerer jeg udlejningsbilen, og hvad er afleveringsproceduren?<\/h4>\n\n                <img decoding=\"async\" src=\"https:\/\/www.62n.fo\/wp-content\/themes\/lunnar-62n-2023\/images\/icon-chevron.svg\" class=\"injectable\" \/>            <\/div>\n            <div class=\"accordion-item--content\">\n                <div class=\"accordion-item--content--inner\">\n                    <p>Park\u00e9r venligst din bil p\u00e5 P3 B\/D, p\u00e5 en af vores parkeringspladser og returner biln\u00f8glerne ved vores kontor. Vi anbefaler at tage billeder af bilen, n\u00e5r den er parkeret.<\/p>\n                <\/div>\n            <\/div>\n        <\/div>\n            <div class=\"accordion-item\">\n            <div class=\"accordion-item--title\">\n                <h4>Hvad sker der, hvis jeg returnerer bilen for sent?<\/h4>\n\n                <img decoding=\"async\" src=\"https:\/\/www.62n.fo\/wp-content\/themes\/lunnar-62n-2023\/images\/icon-chevron.svg\" class=\"injectable\" \/>            <\/div>\n            <div class=\"accordion-item--content\">\n                <div class=\"accordion-item--content--inner\">\n                    <p>Hvis du returnerer bilen senere end aftalt, kan der tilf\u00f8jes en ekstra lejedag til fakturaen.<\/p>\n                <\/div>\n            <\/div>\n        <\/div>\n    \n<\/div>\n\n\n<div style=\"height:100px\" aria-hidden=\"true\" class=\"wp-block-spacer\"><\/div>\n","protected":false},"excerpt":{"rendered":"<p>Oftest Spurgte Sp\u00f8rgsm\u00e5l Planl\u00e6gger du dit f\u00f8rste bes\u00f8g p\u00e5 F\u00e6r\u00f8erne? Vi forst\u00e5r, at du m\u00e5ske har nogle sp\u00f8rgsm\u00e5l. For at hj\u00e6lpe dig med at f\u00e5 mest muligt ud af din rejse har vi sammensat en omfattende liste over svar p\u00e5 de sp\u00f8rgsm\u00e5l, vores kunder ofte stiller. Hvis du ikke finder de svar, du leder efter [&hellip;]<\/p>\n","protected":false},"author":4,"featured_media":0,"parent":13862,"menu_order":1,"comment_status":"closed","ping_status":"closed","template":"","meta":{"_acf_changed":false,"_uag_custom_page_level_css":"","footnotes":""},"class_list":["post-13866","page","type-page","status-publish","hentry"],"acf":[],"yoast_head":"<!-- This site is optimized with the Yoast SEO plugin v27.4 - https:\/\/yoast.com\/product\/yoast-seo-wordpress\/ -->\n<title>Car - Frequently Asked Questions - 62N<\/title>\n<meta name=\"robots\" content=\"index, follow, max-snippet:-1, max-image-preview:large, max-video-preview:-1\" \/>\n<link rel=\"canonical\" href=\"https:\/\/www.62n.fo\/da\/biludlejning\/information\/faq\/\" \/>\n<meta property=\"og:locale\" content=\"da_DK\" \/>\n<meta property=\"og:type\" content=\"article\" \/>\n<meta property=\"og:title\" content=\"Car - Frequently Asked Questions - 62N\" \/>\n<meta property=\"og:description\" content=\"Oftest Spurgte Sp\u00f8rgsm\u00e5l Planl\u00e6gger du dit f\u00f8rste bes\u00f8g p\u00e5 F\u00e6r\u00f8erne? Vi forst\u00e5r, at du m\u00e5ske har nogle sp\u00f8rgsm\u00e5l. For at hj\u00e6lpe dig med at f\u00e5 mest muligt ud af din rejse har vi sammensat en omfattende liste over svar p\u00e5 de sp\u00f8rgsm\u00e5l, vores kunder ofte stiller. Hvis du ikke finder de svar, du leder efter [&hellip;]\" \/>\n<meta property=\"og:url\" content=\"https:\/\/www.62n.fo\/da\/biludlejning\/information\/faq\/\" \/>\n<meta property=\"og:site_name\" content=\"62N\" \/>\n<meta property=\"article:modified_time\" content=\"2024-04-23T14:20:45+00:00\" \/>\n<meta name=\"twitter:card\" content=\"summary_large_image\" \/>\n<meta name=\"twitter:label1\" content=\"Estimeret l\u00e6setid\" \/>\n\t<meta name=\"twitter:data1\" content=\"1 minut\" \/>\n<script type=\"application\/ld+json\" class=\"yoast-schema-graph\">{\"@context\":\"https:\\\/\\\/schema.org\",\"@graph\":[{\"@type\":\"WebPage\",\"@id\":\"https:\\\/\\\/www.62n.fo\\\/da\\\/biludlejning\\\/information\\\/faq\\\/\",\"url\":\"https:\\\/\\\/www.62n.fo\\\/da\\\/biludlejning\\\/information\\\/faq\\\/\",\"name\":\"Car - Frequently Asked Questions - 62N\",\"isPartOf\":{\"@id\":\"https:\\\/\\\/www.62n.fo\\\/da\\\/#website\"},\"datePublished\":\"2024-03-08T14:56:14+00:00\",\"dateModified\":\"2024-04-23T14:20:45+00:00\",\"breadcrumb\":{\"@id\":\"https:\\\/\\\/www.62n.fo\\\/da\\\/biludlejning\\\/information\\\/faq\\\/#breadcrumb\"},\"inLanguage\":\"da-DK\",\"potentialAction\":[{\"@type\":\"ReadAction\",\"target\":[\"https:\\\/\\\/www.62n.fo\\\/da\\\/biludlejning\\\/information\\\/faq\\\/\"]}]},{\"@type\":\"BreadcrumbList\",\"@id\":\"https:\\\/\\\/www.62n.fo\\\/da\\\/biludlejning\\\/information\\\/faq\\\/#breadcrumb\",\"itemListElement\":[{\"@type\":\"ListItem\",\"position\":1,\"name\":\"Home\",\"item\":\"https:\\\/\\\/www.62n.fo\\\/da\\\/\"},{\"@type\":\"ListItem\",\"position\":2,\"name\":\"Car &#8211; 62\u00b0N Car Rental\",\"item\":\"https:\\\/\\\/www.62n.fo\\\/da\\\/biludlejning\\\/\"},{\"@type\":\"ListItem\",\"position\":3,\"name\":\"Car &#8211; Information\",\"item\":\"https:\\\/\\\/www.62n.fo\\\/da\\\/biludlejning\\\/information\\\/\"},{\"@type\":\"ListItem\",\"position\":4,\"name\":\"Car &#8211; Frequently Asked Questions\"}]},{\"@type\":\"WebSite\",\"@id\":\"https:\\\/\\\/www.62n.fo\\\/da\\\/#website\",\"url\":\"https:\\\/\\\/www.62n.fo\\\/da\\\/\",\"name\":\"62N\",\"description\":\"Just another WordPress site\",\"potentialAction\":[{\"@type\":\"SearchAction\",\"target\":{\"@type\":\"EntryPoint\",\"urlTemplate\":\"https:\\\/\\\/www.62n.fo\\\/da\\\/?s={search_term_string}\"},\"query-input\":{\"@type\":\"PropertyValueSpecification\",\"valueRequired\":true,\"valueName\":\"search_term_string\"}}],\"inLanguage\":\"da-DK\"}]}<\/script>\n<!-- \/ Yoast SEO plugin. -->","yoast_head_json":{"title":"Car - Frequently Asked Questions - 62N","robots":{"index":"index","follow":"follow","max-snippet":"max-snippet:-1","max-image-preview":"max-image-preview:large","max-video-preview":"max-video-preview:-1"},"canonical":"https:\/\/www.62n.fo\/da\/biludlejning\/information\/faq\/","og_locale":"da_DK","og_type":"article","og_title":"Car - Frequently Asked Questions - 62N","og_description":"Oftest Spurgte Sp\u00f8rgsm\u00e5l Planl\u00e6gger du dit f\u00f8rste bes\u00f8g p\u00e5 F\u00e6r\u00f8erne? Vi forst\u00e5r, at du m\u00e5ske har nogle sp\u00f8rgsm\u00e5l. For at hj\u00e6lpe dig med at f\u00e5 mest muligt ud af din rejse har vi sammensat en omfattende liste over svar p\u00e5 de sp\u00f8rgsm\u00e5l, vores kunder ofte stiller. Hvis du ikke finder de svar, du leder efter [&hellip;]","og_url":"https:\/\/www.62n.fo\/da\/biludlejning\/information\/faq\/","og_site_name":"62N","article_modified_time":"2024-04-23T14:20:45+00:00","twitter_card":"summary_large_image","twitter_misc":{"Estimeret l\u00e6setid":"1 minut"},"schema":{"@context":"https:\/\/schema.org","@graph":[{"@type":"WebPage","@id":"https:\/\/www.62n.fo\/da\/biludlejning\/information\/faq\/","url":"https:\/\/www.62n.fo\/da\/biludlejning\/information\/faq\/","name":"Car - Frequently Asked Questions - 62N","isPartOf":{"@id":"https:\/\/www.62n.fo\/da\/#website"},"datePublished":"2024-03-08T14:56:14+00:00","dateModified":"2024-04-23T14:20:45+00:00","breadcrumb":{"@id":"https:\/\/www.62n.fo\/da\/biludlejning\/information\/faq\/#breadcrumb"},"inLanguage":"da-DK","potentialAction":[{"@type":"ReadAction","target":["https:\/\/www.62n.fo\/da\/biludlejning\/information\/faq\/"]}]},{"@type":"BreadcrumbList","@id":"https:\/\/www.62n.fo\/da\/biludlejning\/information\/faq\/#breadcrumb","itemListElement":[{"@type":"ListItem","position":1,"name":"Home","item":"https:\/\/www.62n.fo\/da\/"},{"@type":"ListItem","position":2,"name":"Car &#8211; 62\u00b0N Car Rental","item":"https:\/\/www.62n.fo\/da\/biludlejning\/"},{"@type":"ListItem","position":3,"name":"Car &#8211; Information","item":"https:\/\/www.62n.fo\/da\/biludlejning\/information\/"},{"@type":"ListItem","position":4,"name":"Car &#8211; Frequently Asked Questions"}]},{"@type":"WebSite","@id":"https:\/\/www.62n.fo\/da\/#website","url":"https:\/\/www.62n.fo\/da\/","name":"62N","description":"Just another WordPress site","potentialAction":[{"@type":"SearchAction","target":{"@type":"EntryPoint","urlTemplate":"https:\/\/www.62n.fo\/da\/?s={search_term_string}"},"query-input":{"@type":"PropertyValueSpecification","valueRequired":true,"valueName":"search_term_string"}}],"inLanguage":"da-DK"}]}},"uagb_featured_image_src":{"full":false,"thumbnail":false,"medium":false,"medium_large":false,"large":false,"1536x1536":false,"2048x2048":false},"uagb_author_info":{"display_name":"hanus@62n.fo","author_link":"https:\/\/www.62n.fo\/da\/author\/hanus62n-fo\/"},"uagb_comment_info":0,"uagb_excerpt":"Oftest Spurgte Sp\u00f8rgsm\u00e5l Planl\u00e6gger du dit f\u00f8rste bes\u00f8g p\u00e5 F\u00e6r\u00f8erne? Vi forst\u00e5r, at du m\u00e5ske har nogle sp\u00f8rgsm\u00e5l. For at hj\u00e6lpe dig med at f\u00e5 mest muligt ud af din rejse har vi sammensat en omfattende liste over svar p\u00e5 de sp\u00f8rgsm\u00e5l, vores kunder ofte stiller. Hvis du ikke finder de svar, du leder efter&hellip;","_links":{"self":[{"href":"https:\/\/www.62n.fo\/da\/wp-json\/wp\/v2\/pages\/13866","targetHints":{"allow":["GET"]}}],"collection":[{"href":"https:\/\/www.62n.fo\/da\/wp-json\/wp\/v2\/pages"}],"about":[{"href":"https:\/\/www.62n.fo\/da\/wp-json\/wp\/v2\/types\/page"}],"author":[{"embeddable":true,"href":"https:\/\/www.62n.fo\/da\/wp-json\/wp\/v2\/users\/4"}],"replies":[{"embeddable":true,"href":"https:\/\/www.62n.fo\/da\/wp-json\/wp\/v2\/comments?post=13866"}],"version-history":[{"count":5,"href":"https:\/\/www.62n.fo\/da\/wp-json\/wp\/v2\/pages\/13866\/revisions"}],"predecessor-version":[{"id":14176,"href":"https:\/\/www.62n.fo\/da\/wp-json\/wp\/v2\/pages\/13866\/revisions\/14176"}],"up":[{"embeddable":true,"href":"https:\/\/www.62n.fo\/da\/wp-json\/wp\/v2\/pages\/13862"}],"wp:attachment":[{"href":"https:\/\/www.62n.fo\/da\/wp-json\/wp\/v2\/media?parent=13866"}],"curies":[{"name":"wp","href":"https:\/\/api.w.org\/{rel}","templated":true}]}}