{"id":13864,"date":"2024-03-08T13:37:07","date_gmt":"2024-03-08T13:37:07","guid":{"rendered":"https:\/\/www.62n.fo\/?page_id=13864"},"modified":"2024-04-18T22:22:02","modified_gmt":"2024-04-18T21:22:02","slug":"rejs-sikkert","status":"publish","type":"page","link":"https:\/\/www.62n.fo\/da\/biludlejning\/information\/rejs-sikkert\/","title":{"rendered":"Car &#8211; Safe Travel"},"content":{"rendered":"\n<div id=\"cover-swiper_block_90fb2e74609588086e67427de26e1fa5\" class=\"lunnar-cover-swiper alignwide \">\n    \n            <div class=\"cover-swiper swiper\">\n            <div class=\"swiper-wrapper\">\n                                    <div class=\"swiper-slide cover\">\n                                                    <img loading=\"lazy\" decoding=\"async\" src=\"https:\/\/www.62n.fo\/wp-content\/uploads\/2024\/03\/Drive-Safe-1600x1068.png\" width=\"1600\" height=\"1068\">\n                        \n                                                    <div class=\"cover-text\">\n                                                                    <h1>Rejs Sikkert<\/h1>\n                                \n                                \n                                                            <\/div>\n                                            <\/div>\n                            <\/div>\n\n            <div class=\"swiper-buttons\">\n                <div class=\"swiper-button-prev\"><\/div>\n\n                <div class=\"swiper-button-next\"><\/div>\n            <\/div>\n        <\/div>\n    <\/div>\n\n\n<div style=\"height:100px\" aria-hidden=\"true\" class=\"wp-block-spacer\"><\/div>\n\n\n\n<div class=\"wp-block-columns is-layout-flex wp-container-core-columns-is-layout-9d6595d7 wp-block-columns-is-layout-flex\">\n<div class=\"wp-block-column is-layout-flow wp-block-column-is-layout-flow\" style=\"flex-basis:33.33%\">\n<h2 class=\"wp-block-heading has-text-align-left\" style=\"text-transform:uppercase\">REJS SIKKERT<\/h2>\n<\/div>\n\n\n\n<div class=\"wp-block-column is-layout-flow wp-block-column-is-layout-flow\" style=\"flex-basis:66.66%\">\n<p>N\u00e5r du forbereder dig til din rejse, er det vigtigt at prioritere sikkerhed. P\u00e5 F\u00e6r\u00f8erne er der skiftende vejrforhold, snoede veje og fritg\u00e5ende f\u00e5r, hvilket g\u00f8r det vigtigt for bilister at s\u00e6tte sig ind i lokale k\u00f8rselsnormer forinden. <\/p>\n\n\n\n<div style=\"height:32px\" aria-hidden=\"true\" class=\"wp-block-spacer\"><\/div>\n\n\n\n<div class=\"wp-block-buttons is-layout-flex wp-block-buttons-is-layout-flex\">\n<div class=\"wp-block-button\"><a class=\"wp-block-button__link wp-element-button\" href=\"https:\/\/visitfaroeislands.com\/dk\/planlag-din-rejse\/transport1\/rejs-sikkert\">Rejs Sikkert (Visit Faroe Islands)<\/a><\/div>\n<\/div>\n<\/div>\n<\/div>\n\n\n\n<div style=\"height:100px\" aria-hidden=\"true\" class=\"wp-block-spacer\"><\/div>\n\n\n\n<div class=\"wp-block-group alignfull has-grey-background-color has-background is-layout-constrained wp-block-group-is-layout-constrained\">\n<div style=\"height:100px\" aria-hidden=\"true\" class=\"wp-block-spacer\"><\/div>\n\n\n\n<div class=\"wp-block-columns is-layout-flex wp-container-core-columns-is-layout-9d6595d7 wp-block-columns-is-layout-flex\">\n<div class=\"wp-block-column is-layout-flow wp-block-column-is-layout-flow\" style=\"flex-basis:100%\">\n<div class=\"wp-block-group is-layout-constrained wp-block-group-is-layout-constrained\">\n<p><strong>Selvom F\u00e6r\u00f8erne er et af de mest sikre lande i verden, s\u00e5 kan bilk\u00f8rsel v\u00e6re meget andeledes end det, du er vant til. Det er vigtigt, at du er opm\u00e6rksom p\u00e5 det omskiftelige vejr og de sm\u00e5, snoede veje samt de lokale regler for billister, inden du tager afsted p\u00e5 tur.<\/strong><\/p>\n\n\n\n<p>Hav altid det n\u00f8dvendige udstyr med, uanset om du skal hike, campere, dykke eller kigge p\u00e5 fugle. Du kan l\u00e6se om, hvad vi anbefaler, at du tager med p\u00e5 de enkelte ture. Uanset hvad du skal, er det altid en god ide at have varmt t\u00f8j og telefon med.<\/p>\n\n\n\n<p>S\u00f8rg for at fort\u00e6lle nogen om dine rejseplaner, inden du begynder at udforske F\u00e6r\u00f8erne. Det kan fx v\u00e6re din guide, en rejsearrang\u00f8r eller det lokale informationscenter i det omr\u00e5de, du vil udforske. Vi anbefaler ogs\u00e5 at bringe et kort, et kompas og en GPS med dig, is\u00e6r n\u00e5r du rejser i isolerede omr\u00e5der.<\/p>\n\n\n\n<p>Alle hovedveje er asfalterede, men nogle veje, is\u00e6r til de mindre landsbyer, er stadig grusveje. Husk at k\u00f8re forsigtigt her, da l\u00f8st grus kan g\u00f8re vejen mere usikker. Mange veje og tunneler, der f\u00f8rer til landsbyer, kan v\u00e6re meget smalle, s\u00e5 her er det vigtigt, at du overholder hastighedsgr\u00e6nserne. Der er ogs\u00e5 andre veje, der kan v\u00e6re meget smalle. For at holde trafikken i gang, har disse veje nogle omr\u00e5der med lidt ekstra plads til at tr\u00e6kke ud, hvis der kommer en modk\u00f8rende \u2013 bem\u00e6rk, at det IKKE er tilladt at parkere her!<\/p>\n\n\n\n<p>Er du i n\u00f8d p\u00e5 F\u00e6r\u00f8erne, s\u00e5 ring 112!<\/p>\n\n\n\n<p>Hvis du farer vild, s\u00e5 bliv, hvor du er. At blive p\u00e5 det samme sted g\u00f8r det lettere for redningsholdet at finde dig.<\/p>\n\n\n\n<p>Det allervigtigste er, at du er velforberedt, n\u00e5r du rejser p\u00e5 F\u00e6r\u00f8erne. At s\u00e6tte sig ind i forholdende, giver optimale foruds\u00e6tninger for en sikker rejse<\/p>\n\n\n\n<p>Pas p\u00e5 dig selv og nyd eventyret p\u00e5 F\u00e6r\u00f8erne.<\/p>\n<\/div>\n<\/div>\n<\/div>\n\n\n\n<div style=\"height:100px\" aria-hidden=\"true\" class=\"wp-block-spacer\"><\/div>\n<\/div>\n\n\n\n<div style=\"height:100px\" aria-hidden=\"true\" class=\"wp-block-spacer\"><\/div>\n\n\n\n<figure class=\"wp-block-embed alignwide is-type-video is-provider-vimeo wp-block-embed-vimeo wp-embed-aspect-16-9 wp-has-aspect-ratio\"><div class=\"wp-block-embed__wrapper\">\n<iframe loading=\"lazy\" title=\"Safe travel in the Faroe Islands\" src=\"https:\/\/player.vimeo.com\/video\/548389872?dnt=1&amp;app_id=122963\" width=\"500\" height=\"281\" frameborder=\"0\" allow=\"autoplay; fullscreen; picture-in-picture; clipboard-write\"><\/iframe>\n<\/div><\/figure>\n\n\n\n<div style=\"height:100px\" aria-hidden=\"true\" class=\"wp-block-spacer\"><\/div>\n","protected":false},"excerpt":{"rendered":"<p>REJS SIKKERT N\u00e5r du forbereder dig til din rejse, er det vigtigt at prioritere sikkerhed. P\u00e5 F\u00e6r\u00f8erne er der skiftende vejrforhold, snoede veje og fritg\u00e5ende f\u00e5r, hvilket g\u00f8r det vigtigt for bilister at s\u00e6tte sig ind i lokale k\u00f8rselsnormer forinden. Selvom F\u00e6r\u00f8erne er et af de mest sikre lande i verden, s\u00e5 kan bilk\u00f8rsel v\u00e6re [&hellip;]<\/p>\n","protected":false},"author":4,"featured_media":12250,"parent":13862,"menu_order":3,"comment_status":"closed","ping_status":"closed","template":"","meta":{"_acf_changed":false,"_uag_custom_page_level_css":"","footnotes":""},"class_list":["post-13864","page","type-page","status-publish","has-post-thumbnail","hentry"],"acf":[],"yoast_head":"<!-- This site is optimized with the Yoast SEO plugin v27.4 - https:\/\/yoast.com\/product\/yoast-seo-wordpress\/ -->\n<title>Car - Safe Travel - 62N<\/title>\n<meta name=\"robots\" content=\"index, follow, max-snippet:-1, max-image-preview:large, max-video-preview:-1\" \/>\n<link rel=\"canonical\" href=\"https:\/\/www.62n.fo\/da\/biludlejning\/information\/rejs-sikkert\/\" \/>\n<meta property=\"og:locale\" content=\"da_DK\" \/>\n<meta property=\"og:type\" content=\"article\" \/>\n<meta property=\"og:title\" content=\"Car - Safe Travel - 62N\" \/>\n<meta property=\"og:description\" content=\"REJS SIKKERT N\u00e5r du forbereder dig til din rejse, er det vigtigt at prioritere sikkerhed. P\u00e5 F\u00e6r\u00f8erne er der skiftende vejrforhold, snoede veje og fritg\u00e5ende f\u00e5r, hvilket g\u00f8r det vigtigt for bilister at s\u00e6tte sig ind i lokale k\u00f8rselsnormer forinden. Selvom F\u00e6r\u00f8erne er et af de mest sikre lande i verden, s\u00e5 kan bilk\u00f8rsel v\u00e6re [&hellip;]\" \/>\n<meta property=\"og:url\" content=\"https:\/\/www.62n.fo\/da\/biludlejning\/information\/rejs-sikkert\/\" \/>\n<meta property=\"og:site_name\" content=\"62N\" \/>\n<meta property=\"article:modified_time\" content=\"2024-04-18T21:22:02+00:00\" \/>\n<meta property=\"og:image\" content=\"https:\/\/www.62n.fo\/wp-content\/uploads\/2024\/02\/philipp-waldhauer-Iay5RmQZo8Q-unsplash-5.jpg\" \/>\n\t<meta property=\"og:image:width\" content=\"2725\" \/>\n\t<meta property=\"og:image:height\" content=\"1761\" \/>\n\t<meta property=\"og:image:type\" content=\"image\/jpeg\" \/>\n<meta name=\"twitter:card\" content=\"summary_large_image\" \/>\n<meta name=\"twitter:label1\" content=\"Estimeret l\u00e6setid\" \/>\n\t<meta name=\"twitter:data1\" content=\"2 minutter\" \/>\n<script type=\"application\/ld+json\" class=\"yoast-schema-graph\">{\"@context\":\"https:\\\/\\\/schema.org\",\"@graph\":[{\"@type\":\"WebPage\",\"@id\":\"https:\\\/\\\/www.62n.fo\\\/da\\\/biludlejning\\\/information\\\/rejs-sikkert\\\/\",\"url\":\"https:\\\/\\\/www.62n.fo\\\/da\\\/biludlejning\\\/information\\\/rejs-sikkert\\\/\",\"name\":\"Car - Safe Travel - 62N\",\"isPartOf\":{\"@id\":\"https:\\\/\\\/www.62n.fo\\\/da\\\/#website\"},\"primaryImageOfPage\":{\"@id\":\"https:\\\/\\\/www.62n.fo\\\/da\\\/biludlejning\\\/information\\\/rejs-sikkert\\\/#primaryimage\"},\"image\":{\"@id\":\"https:\\\/\\\/www.62n.fo\\\/da\\\/biludlejning\\\/information\\\/rejs-sikkert\\\/#primaryimage\"},\"thumbnailUrl\":\"https:\\\/\\\/www.62n.fo\\\/wp-content\\\/uploads\\\/2024\\\/02\\\/philipp-waldhauer-Iay5RmQZo8Q-unsplash-5.jpg\",\"datePublished\":\"2024-03-08T13:37:07+00:00\",\"dateModified\":\"2024-04-18T21:22:02+00:00\",\"breadcrumb\":{\"@id\":\"https:\\\/\\\/www.62n.fo\\\/da\\\/biludlejning\\\/information\\\/rejs-sikkert\\\/#breadcrumb\"},\"inLanguage\":\"da-DK\",\"potentialAction\":[{\"@type\":\"ReadAction\",\"target\":[\"https:\\\/\\\/www.62n.fo\\\/da\\\/biludlejning\\\/information\\\/rejs-sikkert\\\/\"]}]},{\"@type\":\"ImageObject\",\"inLanguage\":\"da-DK\",\"@id\":\"https:\\\/\\\/www.62n.fo\\\/da\\\/biludlejning\\\/information\\\/rejs-sikkert\\\/#primaryimage\",\"url\":\"https:\\\/\\\/www.62n.fo\\\/wp-content\\\/uploads\\\/2024\\\/02\\\/philipp-waldhauer-Iay5RmQZo8Q-unsplash-5.jpg\",\"contentUrl\":\"https:\\\/\\\/www.62n.fo\\\/wp-content\\\/uploads\\\/2024\\\/02\\\/philipp-waldhauer-Iay5RmQZo8Q-unsplash-5.jpg\",\"width\":2725,\"height\":1761},{\"@type\":\"BreadcrumbList\",\"@id\":\"https:\\\/\\\/www.62n.fo\\\/da\\\/biludlejning\\\/information\\\/rejs-sikkert\\\/#breadcrumb\",\"itemListElement\":[{\"@type\":\"ListItem\",\"position\":1,\"name\":\"Home\",\"item\":\"https:\\\/\\\/www.62n.fo\\\/da\\\/\"},{\"@type\":\"ListItem\",\"position\":2,\"name\":\"Car &#8211; 62\u00b0N Car Rental\",\"item\":\"https:\\\/\\\/www.62n.fo\\\/da\\\/biludlejning\\\/\"},{\"@type\":\"ListItem\",\"position\":3,\"name\":\"Car &#8211; Information\",\"item\":\"https:\\\/\\\/www.62n.fo\\\/da\\\/biludlejning\\\/information\\\/\"},{\"@type\":\"ListItem\",\"position\":4,\"name\":\"Car &#8211; Safe Travel\"}]},{\"@type\":\"WebSite\",\"@id\":\"https:\\\/\\\/www.62n.fo\\\/da\\\/#website\",\"url\":\"https:\\\/\\\/www.62n.fo\\\/da\\\/\",\"name\":\"62N\",\"description\":\"Just another WordPress site\",\"potentialAction\":[{\"@type\":\"SearchAction\",\"target\":{\"@type\":\"EntryPoint\",\"urlTemplate\":\"https:\\\/\\\/www.62n.fo\\\/da\\\/?s={search_term_string}\"},\"query-input\":{\"@type\":\"PropertyValueSpecification\",\"valueRequired\":true,\"valueName\":\"search_term_string\"}}],\"inLanguage\":\"da-DK\"}]}<\/script>\n<!-- \/ Yoast SEO plugin. -->","yoast_head_json":{"title":"Car - Safe Travel - 62N","robots":{"index":"index","follow":"follow","max-snippet":"max-snippet:-1","max-image-preview":"max-image-preview:large","max-video-preview":"max-video-preview:-1"},"canonical":"https:\/\/www.62n.fo\/da\/biludlejning\/information\/rejs-sikkert\/","og_locale":"da_DK","og_type":"article","og_title":"Car - Safe Travel - 62N","og_description":"REJS SIKKERT N\u00e5r du forbereder dig til din rejse, er det vigtigt at prioritere sikkerhed. P\u00e5 F\u00e6r\u00f8erne er der skiftende vejrforhold, snoede veje og fritg\u00e5ende f\u00e5r, hvilket g\u00f8r det vigtigt for bilister at s\u00e6tte sig ind i lokale k\u00f8rselsnormer forinden. Selvom F\u00e6r\u00f8erne er et af de mest sikre lande i verden, s\u00e5 kan bilk\u00f8rsel v\u00e6re [&hellip;]","og_url":"https:\/\/www.62n.fo\/da\/biludlejning\/information\/rejs-sikkert\/","og_site_name":"62N","article_modified_time":"2024-04-18T21:22:02+00:00","og_image":[{"width":2725,"height":1761,"url":"https:\/\/www.62n.fo\/wp-content\/uploads\/2024\/02\/philipp-waldhauer-Iay5RmQZo8Q-unsplash-5.jpg","type":"image\/jpeg"}],"twitter_card":"summary_large_image","twitter_misc":{"Estimeret l\u00e6setid":"2 minutter"},"schema":{"@context":"https:\/\/schema.org","@graph":[{"@type":"WebPage","@id":"https:\/\/www.62n.fo\/da\/biludlejning\/information\/rejs-sikkert\/","url":"https:\/\/www.62n.fo\/da\/biludlejning\/information\/rejs-sikkert\/","name":"Car - Safe Travel - 62N","isPartOf":{"@id":"https:\/\/www.62n.fo\/da\/#website"},"primaryImageOfPage":{"@id":"https:\/\/www.62n.fo\/da\/biludlejning\/information\/rejs-sikkert\/#primaryimage"},"image":{"@id":"https:\/\/www.62n.fo\/da\/biludlejning\/information\/rejs-sikkert\/#primaryimage"},"thumbnailUrl":"https:\/\/www.62n.fo\/wp-content\/uploads\/2024\/02\/philipp-waldhauer-Iay5RmQZo8Q-unsplash-5.jpg","datePublished":"2024-03-08T13:37:07+00:00","dateModified":"2024-04-18T21:22:02+00:00","breadcrumb":{"@id":"https:\/\/www.62n.fo\/da\/biludlejning\/information\/rejs-sikkert\/#breadcrumb"},"inLanguage":"da-DK","potentialAction":[{"@type":"ReadAction","target":["https:\/\/www.62n.fo\/da\/biludlejning\/information\/rejs-sikkert\/"]}]},{"@type":"ImageObject","inLanguage":"da-DK","@id":"https:\/\/www.62n.fo\/da\/biludlejning\/information\/rejs-sikkert\/#primaryimage","url":"https:\/\/www.62n.fo\/wp-content\/uploads\/2024\/02\/philipp-waldhauer-Iay5RmQZo8Q-unsplash-5.jpg","contentUrl":"https:\/\/www.62n.fo\/wp-content\/uploads\/2024\/02\/philipp-waldhauer-Iay5RmQZo8Q-unsplash-5.jpg","width":2725,"height":1761},{"@type":"BreadcrumbList","@id":"https:\/\/www.62n.fo\/da\/biludlejning\/information\/rejs-sikkert\/#breadcrumb","itemListElement":[{"@type":"ListItem","position":1,"name":"Home","item":"https:\/\/www.62n.fo\/da\/"},{"@type":"ListItem","position":2,"name":"Car &#8211; 62\u00b0N Car Rental","item":"https:\/\/www.62n.fo\/da\/biludlejning\/"},{"@type":"ListItem","position":3,"name":"Car &#8211; Information","item":"https:\/\/www.62n.fo\/da\/biludlejning\/information\/"},{"@type":"ListItem","position":4,"name":"Car &#8211; Safe Travel"}]},{"@type":"WebSite","@id":"https:\/\/www.62n.fo\/da\/#website","url":"https:\/\/www.62n.fo\/da\/","name":"62N","description":"Just another WordPress site","potentialAction":[{"@type":"SearchAction","target":{"@type":"EntryPoint","urlTemplate":"https:\/\/www.62n.fo\/da\/?s={search_term_string}"},"query-input":{"@type":"PropertyValueSpecification","valueRequired":true,"valueName":"search_term_string"}}],"inLanguage":"da-DK"}]}},"uagb_featured_image_src":{"full":["https:\/\/www.62n.fo\/wp-content\/uploads\/2024\/02\/philipp-waldhauer-Iay5RmQZo8Q-unsplash-5.jpg",2725,1761,false],"thumbnail":["https:\/\/www.62n.fo\/wp-content\/uploads\/2024\/02\/philipp-waldhauer-Iay5RmQZo8Q-unsplash-5-300x300.jpg",300,300,true],"medium":["https:\/\/www.62n.fo\/wp-content\/uploads\/2024\/02\/philipp-waldhauer-Iay5RmQZo8Q-unsplash-5-800x517.jpg",800,517,true],"medium_large":["https:\/\/www.62n.fo\/wp-content\/uploads\/2024\/02\/philipp-waldhauer-Iay5RmQZo8Q-unsplash-5-768x496.jpg",768,496,true],"large":["https:\/\/www.62n.fo\/wp-content\/uploads\/2024\/02\/philipp-waldhauer-Iay5RmQZo8Q-unsplash-5-1600x1034.jpg",1600,1034,true],"1536x1536":["https:\/\/www.62n.fo\/wp-content\/uploads\/2024\/02\/philipp-waldhauer-Iay5RmQZo8Q-unsplash-5-1536x993.jpg",1536,993,true],"2048x2048":["https:\/\/www.62n.fo\/wp-content\/uploads\/2024\/02\/philipp-waldhauer-Iay5RmQZo8Q-unsplash-5-2048x1323.jpg",2048,1323,true]},"uagb_author_info":{"display_name":"hanus@62n.fo","author_link":"https:\/\/www.62n.fo\/da\/author\/hanus62n-fo\/"},"uagb_comment_info":0,"uagb_excerpt":"REJS SIKKERT N\u00e5r du forbereder dig til din rejse, er det vigtigt at prioritere sikkerhed. P\u00e5 F\u00e6r\u00f8erne er der skiftende vejrforhold, snoede veje og fritg\u00e5ende f\u00e5r, hvilket g\u00f8r det vigtigt for bilister at s\u00e6tte sig ind i lokale k\u00f8rselsnormer forinden. Selvom F\u00e6r\u00f8erne er et af de mest sikre lande i verden, s\u00e5 kan bilk\u00f8rsel v\u00e6re&hellip;","_links":{"self":[{"href":"https:\/\/www.62n.fo\/da\/wp-json\/wp\/v2\/pages\/13864","targetHints":{"allow":["GET"]}}],"collection":[{"href":"https:\/\/www.62n.fo\/da\/wp-json\/wp\/v2\/pages"}],"about":[{"href":"https:\/\/www.62n.fo\/da\/wp-json\/wp\/v2\/types\/page"}],"author":[{"embeddable":true,"href":"https:\/\/www.62n.fo\/da\/wp-json\/wp\/v2\/users\/4"}],"replies":[{"embeddable":true,"href":"https:\/\/www.62n.fo\/da\/wp-json\/wp\/v2\/comments?post=13864"}],"version-history":[{"count":4,"href":"https:\/\/www.62n.fo\/da\/wp-json\/wp\/v2\/pages\/13864\/revisions"}],"predecessor-version":[{"id":13997,"href":"https:\/\/www.62n.fo\/da\/wp-json\/wp\/v2\/pages\/13864\/revisions\/13997"}],"up":[{"embeddable":true,"href":"https:\/\/www.62n.fo\/da\/wp-json\/wp\/v2\/pages\/13862"}],"wp:featuredmedia":[{"embeddable":true,"href":"https:\/\/www.62n.fo\/da\/wp-json\/wp\/v2\/media\/12250"}],"wp:attachment":[{"href":"https:\/\/www.62n.fo\/da\/wp-json\/wp\/v2\/media?parent=13864"}],"curies":[{"name":"wp","href":"https:\/\/api.w.org\/{rel}","templated":true}]}}