{"id":13862,"date":"2024-03-08T14:05:11","date_gmt":"2024-03-08T14:05:11","guid":{"rendered":"https:\/\/www.62n.fo\/?page_id=13862"},"modified":"2025-02-20T16:14:56","modified_gmt":"2025-02-20T16:14:56","slug":"information","status":"publish","type":"page","link":"https:\/\/www.62n.fo\/da\/biludlejning\/information\/","title":{"rendered":"Car &#8211; Information"},"content":{"rendered":"\n<div id=\"cover-swiper_block_d62c988ef011ce658c40921e9b5f266d\" class=\"lunnar-cover-swiper alignwide \">\n    \n            <div class=\"cover-swiper swiper\">\n            <div class=\"swiper-wrapper\">\n                                    <div class=\"swiper-slide cover\">\n                                                    <img loading=\"lazy\" decoding=\"async\" src=\"https:\/\/www.62n.fo\/wp-content\/uploads\/2024\/04\/62N-Car-Rental-Cover-3-1600x1066.png\" width=\"1600\" height=\"1066\">\n                        \n                                                    <div class=\"cover-text\">\n                                                                    <h1>INFORMATION<\/h1>\n                                \n                                \n                                                            <\/div>\n                                            <\/div>\n                            <\/div>\n\n            <div class=\"swiper-buttons\">\n                <div class=\"swiper-button-prev\"><\/div>\n\n                <div class=\"swiper-button-next\"><\/div>\n            <\/div>\n        <\/div>\n    <\/div>\n\n\n<div style=\"height:133px\" aria-hidden=\"true\" class=\"wp-block-spacer\"><\/div>\n\n\n\n<div class=\"wp-block-columns is-layout-flex wp-container-core-columns-is-layout-9d6595d7 wp-block-columns-is-layout-flex\">\n<div class=\"wp-block-column is-layout-flow wp-block-column-is-layout-flow\" style=\"flex-basis:33.33%\">\n<h2 class=\"wp-block-heading\" style=\"text-transform:uppercase\">OM 62\u00b0N\u2028BILUDLEJNING<\/h2>\n<\/div>\n\n\n\n<div class=\"wp-block-column is-layout-flow wp-block-column-is-layout-flow\" style=\"flex-basis:66.66%\">\n<p>62\u00b0N Biludlejning er det f\u00f8rende biludlejningsfirma p\u00e5 F\u00e6r\u00f8erne. Med en varieret fl\u00e5de, herunder kompakte biler og rummelige SUV\u2019er, kan rejsende udforske de betagende landskaber p\u00e5 F\u00e6r\u00f8erne i eget tempo. Med stor fokus p\u00e5 kundeservice og fleksible udlejningsmuligheder er 62\u00b0N Biludlejning det sikre valg for en p\u00e5lidelig og uforglemmelig ferieoplevelse p\u00e5 F\u00e6r\u00f8erne.<\/p>\n\n\n\n<p>P\u00e5 denne side finder du praktiske informationer, \u00e5bningstider og regler &amp; betingelser <\/p>\n\n\n\n<div style=\"height:32px\" aria-hidden=\"true\" class=\"wp-block-spacer\"><\/div>\n\n\n\n<div class=\"wp-block-buttons is-layout-flex wp-block-buttons-is-layout-flex\">\n<div class=\"wp-block-button\"><a class=\"wp-block-button__link wp-element-button\" href=\"#praktisk\">Praktisk<\/a><\/div>\n\n\n\n<div class=\"wp-block-button\"><a class=\"wp-block-button__link wp-element-button\" href=\"#\u00e5bningstider\">\u00c5bningstider<\/a><\/div>\n\n\n\n<div class=\"wp-block-button\"><a class=\"wp-block-button__link wp-element-button\" href=\"#vilk\u00e5r-betingelser\">Vilk\u00e5r &amp; Betingelser<\/a><\/div>\n<\/div>\n<\/div>\n<\/div>\n\n\n\n<div style=\"height:133px\" aria-hidden=\"true\" id=\"praktisk\" class=\"wp-block-spacer\"><\/div>\n\n\n\n<h2 class=\"wp-block-heading alignwide\" style=\"text-transform:uppercase\">praKTISK<\/h2>\n\n\n\n<div id=\"shortcuts_block_3700a44a8b9fad7a3d0d8a4c20dd756d\" class=\"lunnar-shortcuts alignwide per-row-3\">\n\n            <a href=\"https:\/\/www.62n.fo\/da\/biludlejning\/information\/faq\/\" class=\"shortcut-item\">\n            <div class=\"shortcut-item--image\">\n                                    <img decoding=\"async\" src=\"https:\/\/www.62n.fo\/wp-content\/uploads\/2024\/01\/shutterstock_226649260.jpg\" alt=\"\" \/>\n                            <\/div>\n\n            <div class=\"shortcut-item--action\">\n                <h3>Oftest Stillede Sp\u00f8rgsm\u00e5l<\/h3>\n\n                <img decoding=\"async\" src=\"https:\/\/www.62n.fo\/wp-content\/themes\/lunnar-62n-2023\/images\/icon-circle-chevron.svg\" class=\"injectable\" \/>            <\/div>\n        <\/a>\n            <a href=\"https:\/\/www.62n.fo\/da\/biludlejning\/information\/koersel-paa-faeroerne\/\" class=\"shortcut-item\">\n            <div class=\"shortcut-item--image\">\n                                    <img decoding=\"async\" src=\"https:\/\/www.62n.fo\/wp-content\/uploads\/2024\/02\/philipp-waldhauer-Iay5RmQZo8Q-unsplash-7.jpg\" alt=\"\" \/>\n                            <\/div>\n\n            <div class=\"shortcut-item--action\">\n                <h3>K\u00f8rsel P\u00e5 F\u00e6r\u00f8erne<\/h3>\n\n                <img decoding=\"async\" src=\"https:\/\/www.62n.fo\/wp-content\/themes\/lunnar-62n-2023\/images\/icon-circle-chevron.svg\" class=\"injectable\" \/>            <\/div>\n        <\/a>\n            <a href=\"https:\/\/www.62n.fo\/da\/biludlejning\/information\/rejs-sikkert\/\" class=\"shortcut-item\">\n            <div class=\"shortcut-item--image\">\n                                    <img decoding=\"async\" src=\"https:\/\/www.62n.fo\/wp-content\/uploads\/2024\/03\/Drive-Safe.png\" alt=\"\" \/>\n                            <\/div>\n\n            <div class=\"shortcut-item--action\">\n                <h3>Rejs Sikkert<\/h3>\n\n                <img decoding=\"async\" src=\"https:\/\/www.62n.fo\/wp-content\/themes\/lunnar-62n-2023\/images\/icon-circle-chevron.svg\" class=\"injectable\" \/>            <\/div>\n        <\/a>\n    <\/div>\n\n\n<div style=\"height:133px\" aria-hidden=\"true\" class=\"wp-block-spacer\"><\/div>\n\n\n\n<div class=\"wp-block-group alignfull has-grey-background-color has-background is-layout-constrained wp-block-group-is-layout-constrained\">\n<div style=\"height:133px\" aria-hidden=\"true\" id=\"\u00e5bningstider\" class=\"wp-block-spacer\"><\/div>\n\n\n\n<h2 class=\"wp-block-heading alignwide\" style=\"text-transform:uppercase\">\u00e5bningstider<\/h2>\n\n\n\n<div style=\"height:40px\" aria-hidden=\"true\" class=\"wp-block-spacer\"><\/div>\n\n\n\n<div class=\"wp-block-columns alignwide is-layout-flex wp-container-core-columns-is-layout-9d6595d7 wp-block-columns-is-layout-flex\">\n<div class=\"wp-block-column is-layout-flow wp-block-column-is-layout-flow\">\n<figure class=\"wp-block-image size-full is-resized is-style-default\"><img loading=\"lazy\" decoding=\"async\" width=\"2058\" height=\"879\" src=\"https:\/\/www.62n.fo\/wp-content\/uploads\/2024\/03\/vagar-airport-1.png\" alt=\"\" class=\"wp-image-12437\" style=\"width:669px;height:auto\" srcset=\"https:\/\/www.62n.fo\/wp-content\/uploads\/2024\/03\/vagar-airport-1.png 2058w, https:\/\/www.62n.fo\/wp-content\/uploads\/2024\/03\/vagar-airport-1-800x342.png 800w, https:\/\/www.62n.fo\/wp-content\/uploads\/2024\/03\/vagar-airport-1-1600x683.png 1600w, https:\/\/www.62n.fo\/wp-content\/uploads\/2024\/03\/vagar-airport-1-768x328.png 768w, https:\/\/www.62n.fo\/wp-content\/uploads\/2024\/03\/vagar-airport-1-1536x656.png 1536w, https:\/\/www.62n.fo\/wp-content\/uploads\/2024\/03\/vagar-airport-1-2048x875.png 2048w\" sizes=\"auto, (max-width: 2058px) 100vw, 2058px\" \/><\/figure>\n\n\n\n<div style=\"height:32px\" aria-hidden=\"true\" class=\"wp-block-spacer\"><\/div>\n\n\n\n<h3 class=\"wp-block-heading\" style=\"text-transform:uppercase\">V\u00e1gar lufthavn<\/h3>\n\n\n\n<div style=\"height:20px\" aria-hidden=\"true\" class=\"wp-block-spacer\"><\/div>\n\n\n\n<p>V\u00e1gar Lufthavn<br>380 S\u00f8rv\u00e1gur\u2028<br>F\u00e6r\u00f8erne<\/p>\n\n\n\n<div style=\"height:20px\" aria-hidden=\"true\" class=\"wp-block-spacer\"><\/div>\n\n\n\n<h4 class=\"wp-block-heading\">\u00c5bningstider<\/h4>\n\n\n\n<p>Hver dag: 08.00 \u2013 21.00<br>Lej bil uden for \u00e5bningstider ved henvendelse p\u00e5 mail<\/p>\n\n\n\n<p>Telefon: +298 733 510<br>E-mail: <a href=\"mailto:car@62n.fo\"><strong>car@62n.fo<\/strong><\/a><\/p>\n<\/div>\n\n\n\n<div class=\"wp-block-column is-layout-flow wp-block-column-is-layout-flow\">\n<figure class=\"wp-block-image size-full is-resized is-style-default\"><img loading=\"lazy\" decoding=\"async\" width=\"1024\" height=\"831\" src=\"https:\/\/www.62n.fo\/wp-content\/uploads\/2024\/04\/62N-Office-1.png\" alt=\"\" class=\"wp-image-13438\" style=\"width:352px;height:auto\" srcset=\"https:\/\/www.62n.fo\/wp-content\/uploads\/2024\/04\/62N-Office-1.png 1024w, https:\/\/www.62n.fo\/wp-content\/uploads\/2024\/04\/62N-Office-1-800x649.png 800w, https:\/\/www.62n.fo\/wp-content\/uploads\/2024\/04\/62N-Office-1-768x623.png 768w\" sizes=\"auto, (max-width: 1024px) 100vw, 1024px\" \/><\/figure>\n\n\n\n<div style=\"height:32px\" aria-hidden=\"true\" class=\"wp-block-spacer\"><\/div>\n\n\n\n<h3 class=\"wp-block-heading\" style=\"text-transform:uppercase\">T\u00f3rshavn centrum<\/h3>\n\n\n\n<div style=\"height:20px\" aria-hidden=\"true\" class=\"wp-block-spacer\"><\/div>\n\n\n\n<p>Hoydalsvegur 17<br>100 T\u00f3rshavn<br>F\u00e6r\u00f8erne<\/p>\n\n\n\n<div style=\"height:20px\" aria-hidden=\"true\" class=\"wp-block-spacer\"><\/div>\n\n\n\n<h4 class=\"wp-block-heading\">\u00c5bningstider<\/h4>\n\n\n\n<p>Mandag \u2013 Fredag: 08.00 \u2013 16.00<br>L\u00f8rdag \u2013 S\u00f8ndag: Efter aftale<\/p>\n\n\n\n<p>Lej bil uden for \u00e5bningstider ved henvendelse p\u00e5 mail<\/p>\n\n\n\n<p>Telefon: +298 733 510<br>E-mail: <a href=\"mailto:car@62n.fo\"><strong>car@62n.fo<\/strong><\/a><\/p>\n<\/div>\n<\/div>\n\n\n\n<div style=\"height:133px\" aria-hidden=\"true\" class=\"wp-block-spacer\"><\/div>\n<\/div>\n\n\n\n<div style=\"height:133px\" aria-hidden=\"true\" id=\"vilk\u00e5r-betingelser\" class=\"wp-block-spacer\"><\/div>\n\n\n\n<h2 class=\"wp-block-heading alignwide\" style=\"text-transform:uppercase\">vilk\u00e5r &amp; betingelser<\/h2>\n\n\n\n<div style=\"height:40px\" aria-hidden=\"true\" class=\"wp-block-spacer\"><\/div>\n\n\n\n<div id=\"shortcuts_block_e46122a0374e6263d001db034fa3cebe\" class=\"lunnar-shortcuts alignwide per-row-4\">\n\n            <a href=\"https:\/\/www.62n.fo\/da\/biludlejning\/information\/termsandconditions\/\" class=\"shortcut-item\">\n            <div class=\"shortcut-item--image\">\n                                    <img decoding=\"async\" src=\"https:\/\/www.62n.fo\/wp-content\/uploads\/2024\/03\/terms.jpg\" alt=\"\" \/>\n                            <\/div>\n\n            <div class=\"shortcut-item--action\">\n                <h3>Terms &amp; Conditions of a Rental<\/h3>\n\n                <img decoding=\"async\" src=\"https:\/\/www.62n.fo\/wp-content\/themes\/lunnar-62n-2023\/images\/icon-circle-chevron.svg\" class=\"injectable\" \/>            <\/div>\n        <\/a>\n            <a href=\"#\" class=\"shortcut-item\">\n            <div class=\"shortcut-item--image\">\n                                    <img decoding=\"async\" src=\"https:\/\/www.62n.fo\/wp-content\/uploads\/2024\/03\/rental-agreement.jpg\" alt=\"\" \/>\n                            <\/div>\n\n            <div class=\"shortcut-item--action\">\n                <h3>Rental Agreement<\/h3>\n\n                <img decoding=\"async\" src=\"https:\/\/www.62n.fo\/wp-content\/themes\/lunnar-62n-2023\/images\/icon-circle-chevron.svg\" class=\"injectable\" \/>            <\/div>\n        <\/a>\n            <a href=\"#\" class=\"shortcut-item\">\n            <div class=\"shortcut-item--image\">\n                                    <img decoding=\"async\" src=\"https:\/\/www.62n.fo\/wp-content\/uploads\/2024\/03\/privacy-policy.jpg\" alt=\"\" \/>\n                            <\/div>\n\n            <div class=\"shortcut-item--action\">\n                <h3>Privacy Policy<\/h3>\n\n                <img decoding=\"async\" src=\"https:\/\/www.62n.fo\/wp-content\/themes\/lunnar-62n-2023\/images\/icon-circle-chevron.svg\" class=\"injectable\" \/>            <\/div>\n        <\/a>\n            <a href=\"#\" class=\"shortcut-item\">\n            <div class=\"shortcut-item--image\">\n                                    <img decoding=\"async\" src=\"https:\/\/www.62n.fo\/wp-content\/uploads\/2024\/03\/cookie-policy.jpg\" alt=\"\" \/>\n                            <\/div>\n\n            <div class=\"shortcut-item--action\">\n                <h3>Cookie Policy<\/h3>\n\n                <img decoding=\"async\" src=\"https:\/\/www.62n.fo\/wp-content\/themes\/lunnar-62n-2023\/images\/icon-circle-chevron.svg\" class=\"injectable\" \/>            <\/div>\n        <\/a>\n    <\/div>","protected":false},"excerpt":{"rendered":"<p>OM 62\u00b0N\u2028BILUDLEJNING 62\u00b0N Biludlejning er det f\u00f8rende biludlejningsfirma p\u00e5 F\u00e6r\u00f8erne. Med en varieret fl\u00e5de, herunder kompakte biler og rummelige SUV\u2019er, kan rejsende udforske de betagende landskaber p\u00e5 F\u00e6r\u00f8erne i eget tempo. Med stor fokus p\u00e5 kundeservice og fleksible udlejningsmuligheder er 62\u00b0N Biludlejning det sikre valg for en p\u00e5lidelig og uforglemmelig ferieoplevelse p\u00e5 F\u00e6r\u00f8erne. P\u00e5 denne [&hellip;]<\/p>\n","protected":false},"author":4,"featured_media":0,"parent":13849,"menu_order":4,"comment_status":"closed","ping_status":"closed","template":"","meta":{"_acf_changed":false,"_uag_custom_page_level_css":"","footnotes":""},"class_list":["post-13862","page","type-page","status-publish","hentry"],"acf":[],"yoast_head":"<!-- This site is optimized with the Yoast SEO plugin v27.4 - https:\/\/yoast.com\/product\/yoast-seo-wordpress\/ -->\n<title>Car - Information - 62N<\/title>\n<meta name=\"robots\" content=\"index, follow, max-snippet:-1, max-image-preview:large, max-video-preview:-1\" \/>\n<link rel=\"canonical\" href=\"https:\/\/www.62n.fo\/da\/biludlejning\/information\/\" \/>\n<meta property=\"og:locale\" content=\"da_DK\" \/>\n<meta property=\"og:type\" content=\"article\" \/>\n<meta property=\"og:title\" content=\"Car - Information - 62N\" \/>\n<meta property=\"og:description\" content=\"OM 62\u00b0N\u2028BILUDLEJNING 62\u00b0N Biludlejning er det f\u00f8rende biludlejningsfirma p\u00e5 F\u00e6r\u00f8erne. Med en varieret fl\u00e5de, herunder kompakte biler og rummelige SUV\u2019er, kan rejsende udforske de betagende landskaber p\u00e5 F\u00e6r\u00f8erne i eget tempo. Med stor fokus p\u00e5 kundeservice og fleksible udlejningsmuligheder er 62\u00b0N Biludlejning det sikre valg for en p\u00e5lidelig og uforglemmelig ferieoplevelse p\u00e5 F\u00e6r\u00f8erne. P\u00e5 denne [&hellip;]\" \/>\n<meta property=\"og:url\" content=\"https:\/\/www.62n.fo\/da\/biludlejning\/information\/\" \/>\n<meta property=\"og:site_name\" content=\"62N\" \/>\n<meta property=\"article:modified_time\" content=\"2025-02-20T16:14:56+00:00\" \/>\n<meta property=\"og:image\" content=\"https:\/\/www.62n.fo\/wp-content\/uploads\/2024\/03\/vagar-airport-1.png\" \/>\n<meta name=\"twitter:card\" content=\"summary_large_image\" \/>\n<meta name=\"twitter:label1\" content=\"Estimeret l\u00e6setid\" \/>\n\t<meta name=\"twitter:data1\" content=\"1 minut\" \/>\n<script type=\"application\/ld+json\" class=\"yoast-schema-graph\">{\"@context\":\"https:\\\/\\\/schema.org\",\"@graph\":[{\"@type\":\"WebPage\",\"@id\":\"https:\\\/\\\/www.62n.fo\\\/da\\\/biludlejning\\\/information\\\/\",\"url\":\"https:\\\/\\\/www.62n.fo\\\/da\\\/biludlejning\\\/information\\\/\",\"name\":\"Car - Information - 62N\",\"isPartOf\":{\"@id\":\"https:\\\/\\\/www.62n.fo\\\/da\\\/#website\"},\"primaryImageOfPage\":{\"@id\":\"https:\\\/\\\/www.62n.fo\\\/da\\\/biludlejning\\\/information\\\/#primaryimage\"},\"image\":{\"@id\":\"https:\\\/\\\/www.62n.fo\\\/da\\\/biludlejning\\\/information\\\/#primaryimage\"},\"thumbnailUrl\":\"https:\\\/\\\/www.62n.fo\\\/wp-content\\\/uploads\\\/2024\\\/03\\\/vagar-airport-1.png\",\"datePublished\":\"2024-03-08T14:05:11+00:00\",\"dateModified\":\"2025-02-20T16:14:56+00:00\",\"breadcrumb\":{\"@id\":\"https:\\\/\\\/www.62n.fo\\\/da\\\/biludlejning\\\/information\\\/#breadcrumb\"},\"inLanguage\":\"da-DK\",\"potentialAction\":[{\"@type\":\"ReadAction\",\"target\":[\"https:\\\/\\\/www.62n.fo\\\/da\\\/biludlejning\\\/information\\\/\"]}]},{\"@type\":\"ImageObject\",\"inLanguage\":\"da-DK\",\"@id\":\"https:\\\/\\\/www.62n.fo\\\/da\\\/biludlejning\\\/information\\\/#primaryimage\",\"url\":\"https:\\\/\\\/www.62n.fo\\\/wp-content\\\/uploads\\\/2024\\\/03\\\/vagar-airport-1.png\",\"contentUrl\":\"https:\\\/\\\/www.62n.fo\\\/wp-content\\\/uploads\\\/2024\\\/03\\\/vagar-airport-1.png\"},{\"@type\":\"BreadcrumbList\",\"@id\":\"https:\\\/\\\/www.62n.fo\\\/da\\\/biludlejning\\\/information\\\/#breadcrumb\",\"itemListElement\":[{\"@type\":\"ListItem\",\"position\":1,\"name\":\"Home\",\"item\":\"https:\\\/\\\/www.62n.fo\\\/da\\\/\"},{\"@type\":\"ListItem\",\"position\":2,\"name\":\"Car &#8211; 62\u00b0N Car Rental\",\"item\":\"https:\\\/\\\/www.62n.fo\\\/da\\\/biludlejning\\\/\"},{\"@type\":\"ListItem\",\"position\":3,\"name\":\"Car &#8211; Information\"}]},{\"@type\":\"WebSite\",\"@id\":\"https:\\\/\\\/www.62n.fo\\\/da\\\/#website\",\"url\":\"https:\\\/\\\/www.62n.fo\\\/da\\\/\",\"name\":\"62N\",\"description\":\"Just another WordPress site\",\"potentialAction\":[{\"@type\":\"SearchAction\",\"target\":{\"@type\":\"EntryPoint\",\"urlTemplate\":\"https:\\\/\\\/www.62n.fo\\\/da\\\/?s={search_term_string}\"},\"query-input\":{\"@type\":\"PropertyValueSpecification\",\"valueRequired\":true,\"valueName\":\"search_term_string\"}}],\"inLanguage\":\"da-DK\"}]}<\/script>\n<!-- \/ Yoast SEO plugin. -->","yoast_head_json":{"title":"Car - Information - 62N","robots":{"index":"index","follow":"follow","max-snippet":"max-snippet:-1","max-image-preview":"max-image-preview:large","max-video-preview":"max-video-preview:-1"},"canonical":"https:\/\/www.62n.fo\/da\/biludlejning\/information\/","og_locale":"da_DK","og_type":"article","og_title":"Car - Information - 62N","og_description":"OM 62\u00b0N\u2028BILUDLEJNING 62\u00b0N Biludlejning er det f\u00f8rende biludlejningsfirma p\u00e5 F\u00e6r\u00f8erne. Med en varieret fl\u00e5de, herunder kompakte biler og rummelige SUV\u2019er, kan rejsende udforske de betagende landskaber p\u00e5 F\u00e6r\u00f8erne i eget tempo. Med stor fokus p\u00e5 kundeservice og fleksible udlejningsmuligheder er 62\u00b0N Biludlejning det sikre valg for en p\u00e5lidelig og uforglemmelig ferieoplevelse p\u00e5 F\u00e6r\u00f8erne. P\u00e5 denne [&hellip;]","og_url":"https:\/\/www.62n.fo\/da\/biludlejning\/information\/","og_site_name":"62N","article_modified_time":"2025-02-20T16:14:56+00:00","og_image":[{"url":"https:\/\/www.62n.fo\/wp-content\/uploads\/2024\/03\/vagar-airport-1.png","type":"","width":"","height":""}],"twitter_card":"summary_large_image","twitter_misc":{"Estimeret l\u00e6setid":"1 minut"},"schema":{"@context":"https:\/\/schema.org","@graph":[{"@type":"WebPage","@id":"https:\/\/www.62n.fo\/da\/biludlejning\/information\/","url":"https:\/\/www.62n.fo\/da\/biludlejning\/information\/","name":"Car - Information - 62N","isPartOf":{"@id":"https:\/\/www.62n.fo\/da\/#website"},"primaryImageOfPage":{"@id":"https:\/\/www.62n.fo\/da\/biludlejning\/information\/#primaryimage"},"image":{"@id":"https:\/\/www.62n.fo\/da\/biludlejning\/information\/#primaryimage"},"thumbnailUrl":"https:\/\/www.62n.fo\/wp-content\/uploads\/2024\/03\/vagar-airport-1.png","datePublished":"2024-03-08T14:05:11+00:00","dateModified":"2025-02-20T16:14:56+00:00","breadcrumb":{"@id":"https:\/\/www.62n.fo\/da\/biludlejning\/information\/#breadcrumb"},"inLanguage":"da-DK","potentialAction":[{"@type":"ReadAction","target":["https:\/\/www.62n.fo\/da\/biludlejning\/information\/"]}]},{"@type":"ImageObject","inLanguage":"da-DK","@id":"https:\/\/www.62n.fo\/da\/biludlejning\/information\/#primaryimage","url":"https:\/\/www.62n.fo\/wp-content\/uploads\/2024\/03\/vagar-airport-1.png","contentUrl":"https:\/\/www.62n.fo\/wp-content\/uploads\/2024\/03\/vagar-airport-1.png"},{"@type":"BreadcrumbList","@id":"https:\/\/www.62n.fo\/da\/biludlejning\/information\/#breadcrumb","itemListElement":[{"@type":"ListItem","position":1,"name":"Home","item":"https:\/\/www.62n.fo\/da\/"},{"@type":"ListItem","position":2,"name":"Car &#8211; 62\u00b0N Car Rental","item":"https:\/\/www.62n.fo\/da\/biludlejning\/"},{"@type":"ListItem","position":3,"name":"Car &#8211; Information"}]},{"@type":"WebSite","@id":"https:\/\/www.62n.fo\/da\/#website","url":"https:\/\/www.62n.fo\/da\/","name":"62N","description":"Just another WordPress site","potentialAction":[{"@type":"SearchAction","target":{"@type":"EntryPoint","urlTemplate":"https:\/\/www.62n.fo\/da\/?s={search_term_string}"},"query-input":{"@type":"PropertyValueSpecification","valueRequired":true,"valueName":"search_term_string"}}],"inLanguage":"da-DK"}]}},"uagb_featured_image_src":{"full":false,"thumbnail":false,"medium":false,"medium_large":false,"large":false,"1536x1536":false,"2048x2048":false},"uagb_author_info":{"display_name":"hanus@62n.fo","author_link":"https:\/\/www.62n.fo\/da\/author\/hanus62n-fo\/"},"uagb_comment_info":0,"uagb_excerpt":"OM 62\u00b0N\u2028BILUDLEJNING 62\u00b0N Biludlejning er det f\u00f8rende biludlejningsfirma p\u00e5 F\u00e6r\u00f8erne. Med en varieret fl\u00e5de, herunder kompakte biler og rummelige SUV\u2019er, kan rejsende udforske de betagende landskaber p\u00e5 F\u00e6r\u00f8erne i eget tempo. Med stor fokus p\u00e5 kundeservice og fleksible udlejningsmuligheder er 62\u00b0N Biludlejning det sikre valg for en p\u00e5lidelig og uforglemmelig ferieoplevelse p\u00e5 F\u00e6r\u00f8erne. P\u00e5 denne&hellip;","_links":{"self":[{"href":"https:\/\/www.62n.fo\/da\/wp-json\/wp\/v2\/pages\/13862","targetHints":{"allow":["GET"]}}],"collection":[{"href":"https:\/\/www.62n.fo\/da\/wp-json\/wp\/v2\/pages"}],"about":[{"href":"https:\/\/www.62n.fo\/da\/wp-json\/wp\/v2\/types\/page"}],"author":[{"embeddable":true,"href":"https:\/\/www.62n.fo\/da\/wp-json\/wp\/v2\/users\/4"}],"replies":[{"embeddable":true,"href":"https:\/\/www.62n.fo\/da\/wp-json\/wp\/v2\/comments?post=13862"}],"version-history":[{"count":14,"href":"https:\/\/www.62n.fo\/da\/wp-json\/wp\/v2\/pages\/13862\/revisions"}],"predecessor-version":[{"id":18099,"href":"https:\/\/www.62n.fo\/da\/wp-json\/wp\/v2\/pages\/13862\/revisions\/18099"}],"up":[{"embeddable":true,"href":"https:\/\/www.62n.fo\/da\/wp-json\/wp\/v2\/pages\/13849"}],"wp:attachment":[{"href":"https:\/\/www.62n.fo\/da\/wp-json\/wp\/v2\/media?parent=13862"}],"curies":[{"name":"wp","href":"https:\/\/api.w.org\/{rel}","templated":true}]}}