{"id":13859,"date":"2024-03-08T14:21:47","date_gmt":"2024-03-08T14:21:47","guid":{"rendered":"https:\/\/www.62n.fo\/?page_id=13859"},"modified":"2024-04-22T15:37:16","modified_gmt":"2024-04-22T14:37:16","slug":"koersel-paa-faeroerne","status":"publish","type":"page","link":"https:\/\/www.62n.fo\/da\/biludlejning\/information\/koersel-paa-faeroerne\/","title":{"rendered":"Car &#8211; Driving in the Faroe Islands"},"content":{"rendered":"\n<div id=\"cover-swiper_block_663ad5a9eb0a8fd36c46fb5ee97da648\" class=\"lunnar-cover-swiper alignwide \">\n    \n            <div class=\"cover-swiper swiper\">\n            <div class=\"swiper-wrapper\">\n                                    <div class=\"swiper-slide cover\">\n                                                    <img loading=\"lazy\" decoding=\"async\" src=\"https:\/\/www.62n.fo\/wp-content\/uploads\/2024\/02\/philipp-waldhauer-Iay5RmQZo8Q-unsplash-7-1600x900.jpg\" width=\"1600\" height=\"900\">\n                        \n                                                    <div class=\"cover-text\">\n                                                                    <h1>K\u00d8RSEL P\u00c5 F\u00c6R\u00d8ERNE<\/h1>\n                                \n                                \n                                                            <\/div>\n                                            <\/div>\n                            <\/div>\n\n            <div class=\"swiper-buttons\">\n                <div class=\"swiper-button-prev\"><\/div>\n\n                <div class=\"swiper-button-next\"><\/div>\n            <\/div>\n        <\/div>\n    <\/div>\n\n\n<div style=\"height:100px\" aria-hidden=\"true\" class=\"wp-block-spacer\"><\/div>\n\n\n\n<div class=\"wp-block-columns is-layout-flex wp-container-core-columns-is-layout-9d6595d7 wp-block-columns-is-layout-flex\">\n<div class=\"wp-block-column is-layout-flow wp-block-column-is-layout-flow\" style=\"flex-basis:33.33%\">\n<h2 class=\"wp-block-heading\" style=\"text-transform:uppercase\">Nemt og fleksibelt<\/h2>\n<\/div>\n\n\n\n<div class=\"wp-block-column is-layout-flow wp-block-column-is-layout-flow\" style=\"flex-basis:66.66%\">\n<p>At leje en bil er en meget popul\u00e6r m\u00e5de at komme rundt p\u00e5. Det er nemt og giver dig mulighed for at bestemme din egen rute. De fleste af \u00f8erne er forbundet via broer og unders\u00f8iske tunneler, hvilket g\u00f8r det nemt at komme rundt i landet med lejebil.<\/p>\n<\/div>\n<\/div>\n\n\n\n<div style=\"height:100px\" aria-hidden=\"true\" class=\"wp-block-spacer\"><\/div>\n\n\n\n<div class=\"wp-block-group alignfull has-grey-background-color has-background is-layout-constrained wp-block-group-is-layout-constrained\">\n<div class=\"wp-block-columns are-vertically-aligned-top is-layout-flex wp-container-core-columns-is-layout-9d6595d7 wp-block-columns-is-layout-flex\">\n<div class=\"wp-block-column is-vertically-aligned-top is-layout-flow wp-block-column-is-layout-flow\" style=\"flex-basis:100%\">\n<div style=\"height:100px\" aria-hidden=\"true\" class=\"wp-block-spacer\"><\/div>\n\n\n\n<h2 class=\"wp-block-heading has-text-align-left\" style=\"text-transform:uppercase\">k\u00f8rsel p\u00e5 f\u00e6r\u00f8erne<\/h2>\n\n\n\n<p>At udforske F\u00e6r\u00f8ernes smukke landskaber i bil er en popul\u00e6r m\u00e5de at komme rundt p\u00e5. Det er let, fleksibelt og du kan bestemme dit eget tempo \u2013 ligesom en \u00e6gte f\u00e6ring.<\/p>\n\n\n\n<p>De fleste \u00f8er er forbundet af veje, broer og undervandstunneler, hvilket g\u00f8r det nemt at komme rundt. Du kan for eksempel nyde den fantastiske udsigt over M\u00falafossur-vandfaldet i G\u00e5sedal, udforske den betagende lagune i Saksun, vandre ud til Kallurin-fyret p\u00e5 Kals\u00f8 og nyde en dejlig middag i Torshavn p\u00e5 \u00e9n og samme dag. (Dette afh\u00e6nger selvf\u00f8lgelig af, hvor mange billeder du planl\u00e6gger at tage p\u00e5 hvert sted \u2013 hvilket normalt er ret mange!).<\/p>\n\n\n\n<p><strong>L\u00c6S VENLIGST DETTE, INDEN DU K\u00d8RER BIL P\u00c5 F\u00c6R\u00d8ERNE<\/strong><br><\/p>\n\n\n\n<div class=\"wp-block-group is-layout-constrained wp-block-group-is-layout-constrained\">\n<p>Alle hovedveje er asfalterede, men nogle veje, is\u00e6r til de mindre landsbyer, er stadig grusveje. Husk at k\u00f8re forsigtigt her, da l\u00f8st grus kan g\u00f8re vejen mere usikker. Mange veje og tunneler kan v\u00e6re smalle, s\u00e5 her er det vigtigt, at du overholder hastighedsbegr\u00e6nsningerne. Der er ogs\u00e5 andre veje, der kan v\u00e6re meget smalle. For at holde trafikken i gang, har disse veje nogle omr\u00e5der med lidt ekstra plads til at tr\u00e6kke ud, hvis der kommer en modk\u00f8rende \u2013 bem\u00e6rk, at det IKKE er tilladt at parkere her! <\/p>\n\n\n\n<p>Den generelle hastighedsgr\u00e6nse er 50 km\/t i byomr\u00e5der og 80 km\/t p\u00e5 asfaltveje og grusveje i landdistrikter. <\/p>\n\n\n\n<p>Vejkort er en god hj\u00e6lp, s\u00e5 s\u00f8rg for at du medbringer et p\u00e5 rejsen. Disse kan hentes p\u00e5 regionale informationscentre over hele landet. <\/p>\n\n\n\n<p>Billister skal have forlygterne t\u00e6ndt p\u00e5 alle tidspunkter, b\u00e5de dag og nat. <\/p>\n\n\n\n<p>Passagerer p\u00e5 bilens for- og bags\u00e6der er forpligtet til at bruge sikkerhedsseler. <\/p>\n\n\n\n<p>At tale i mobiltelefon og k\u00f8re under indflydelse af alkohol er strengt forbudt.<\/p>\n\n\n\n<p><em>TIP<\/em><br>Hvis en bil bag dig blinker to gange med lygterne, beder den h\u00f8fligt om at komme forbi. De lokale er vant til at k\u00f8re p\u00e5 smalle, snoede veje og foretr\u00e6kker at k\u00f8re hurtigere, s\u00e5 de vil s\u00e6tte pris p\u00e5, at du holder ind til siden.<\/p>\n<\/div>\n<\/div>\n<\/div>\n\n\n\n<div class=\"wp-block-group alignfull has-grey-background-color has-background is-layout-constrained wp-block-group-is-layout-constrained\">\n<div style=\"height:100px\" aria-hidden=\"true\" class=\"wp-block-spacer\"><\/div>\n\n\n\n<div class=\"wp-block-columns is-layout-flex wp-container-core-columns-is-layout-9d6595d7 wp-block-columns-is-layout-flex\">\n<div class=\"wp-block-column is-layout-flow wp-block-column-is-layout-flow\" style=\"flex-basis:50%\">\n<div class=\"wp-block-group is-layout-constrained wp-block-group-is-layout-constrained\">\n<h2 class=\"wp-block-heading\" style=\"text-transform:uppercase\">F\u00e6rdselslov<\/h2>\n\n\n\n<p>Se reglerne for k\u00f8rsel p\u00e5 F\u00e6r\u00f8erne ved at klikke p\u00e5 overskrifterne.<\/p>\n<\/div>\n<\/div>\n\n\n\n<div class=\"wp-block-column is-layout-flow wp-block-column-is-layout-flow\" style=\"flex-basis:100%\">\n<div class=\"wp-block-group is-layout-constrained wp-block-group-is-layout-constrained\">\n<div id=\"accordion_block_e083aaa638de12e82c68b1e64f34e445\" class=\"lunnar-accordion style- columns-\">\n\n    \n            <div class=\"accordion-item\">\n            <div class=\"accordion-item--title\">\n                <h4>K\u00f8rekort<\/h4>\n\n                <img decoding=\"async\" src=\"https:\/\/www.62n.fo\/wp-content\/themes\/lunnar-62n-2023\/images\/icon-chevron.svg\" class=\"injectable\" \/>            <\/div>\n            <div class=\"accordion-item--content\">\n                <div class=\"accordion-item--content--inner\">\n                    <p>Et gyldigt k\u00f8rek\u00f8rt kr\u00e6ves. Minimums alder er 18 \u00e5r.<\/p>\n                <\/div>\n            <\/div>\n        <\/div>\n            <div class=\"accordion-item\">\n            <div class=\"accordion-item--title\">\n                <h4>K\u00f8reside<\/h4>\n\n                <img decoding=\"async\" src=\"https:\/\/www.62n.fo\/wp-content\/themes\/lunnar-62n-2023\/images\/icon-chevron.svg\" class=\"injectable\" \/>            <\/div>\n            <div class=\"accordion-item--content\">\n                <div class=\"accordion-item--content--inner\">\n                    <p>Du skal k\u00f8re p\u00e5 h\u00f8jre side og overhale p\u00e5 venstre side. Biler har rattet p\u00e5 bilens venstre side.<\/p>\n                <\/div>\n            <\/div>\n        <\/div>\n            <div class=\"accordion-item\">\n            <div class=\"accordion-item--title\">\n                <h4>Hastighedsgr\u00e6nser<\/h4>\n\n                <img decoding=\"async\" src=\"https:\/\/www.62n.fo\/wp-content\/themes\/lunnar-62n-2023\/images\/icon-chevron.svg\" class=\"injectable\" \/>            <\/div>\n            <div class=\"accordion-item--content\">\n                <div class=\"accordion-item--content--inner\">\n                    <p>Hastighedsgr\u00e6nsen p\u00e5 landet er 80 km\/t, og i byer og landsbyer er den 50 km\/t. I visse zoner inden for byer og landsbyer kan hastighedsgr\u00e6nsen v\u00e6re lavere.<\/p>\n                <\/div>\n            <\/div>\n        <\/div>\n            <div class=\"accordion-item\">\n            <div class=\"accordion-item--title\">\n                <h4>K\u00f8rsel uden for vejene<\/h4>\n\n                <img decoding=\"async\" src=\"https:\/\/www.62n.fo\/wp-content\/themes\/lunnar-62n-2023\/images\/icon-chevron.svg\" class=\"injectable\" \/>            <\/div>\n            <div class=\"accordion-item--content\">\n                <div class=\"accordion-item--content--inner\">\n                    <p>Det er aldrig tilladt at k\u00f8re uden for vejene p\u00e5 F\u00e6r\u00f8erne. Dette er for at bevare landskabet og for at sikre f\u00f8rernes sikkerhed. B\u00f8der udstedes for k\u00f8rsel uden for vejene.<\/p>\n                <\/div>\n            <\/div>\n        <\/div>\n            <div class=\"accordion-item\">\n            <div class=\"accordion-item--title\">\n                <h4>Forlygter<\/h4>\n\n                <img decoding=\"async\" src=\"https:\/\/www.62n.fo\/wp-content\/themes\/lunnar-62n-2023\/images\/icon-chevron.svg\" class=\"injectable\" \/>            <\/div>\n            <div class=\"accordion-item--content\">\n                <div class=\"accordion-item--content--inner\">\n                    <p>Du er forpligtet til at have forlygterne t\u00e6ndt, n\u00e5r du k\u00f8rer. Denne regel g\u00e6lder b\u00e5de om dagen og om natten. Mange bilmodeller vil automatisk t\u00e6nde forlygterne, n\u00e5r du starter motoren. Du b\u00f8r dog altid kontrollere, at lygterne er t\u00e6ndt, inden du k\u00f8rer.<\/p>\n                <\/div>\n            <\/div>\n        <\/div>\n    \n<\/div>\n\n\n<p><\/p>\n<\/div>\n<\/div>\n<\/div>\n\n\n\n<div style=\"height:100px\" aria-hidden=\"true\" class=\"wp-block-spacer\"><\/div>\n<\/div>\n<\/div>\n\n\n\n<div style=\"height:100px\" aria-hidden=\"true\" class=\"wp-block-spacer\"><\/div>\n\n\n\n<figure class=\"wp-block-embed alignwide is-type-video is-provider-youtube wp-block-embed-youtube wp-embed-aspect-16-9 wp-has-aspect-ratio\"><div class=\"wp-block-embed__wrapper\">\n<iframe loading=\"lazy\" title=\"Driving in the Faroes 2018\" width=\"500\" height=\"281\" src=\"https:\/\/www.youtube.com\/embed\/NhksvxPy1Pk?feature=oembed\" frameborder=\"0\" allow=\"accelerometer; autoplay; clipboard-write; encrypted-media; gyroscope; picture-in-picture; web-share\" referrerpolicy=\"strict-origin-when-cross-origin\" allowfullscreen><\/iframe>\n<\/div><\/figure>\n\n\n\n<div style=\"height:100px\" aria-hidden=\"true\" class=\"wp-block-spacer\"><\/div>\n","protected":false},"excerpt":{"rendered":"<p>Nemt og fleksibelt At leje en bil er en meget popul\u00e6r m\u00e5de at komme rundt p\u00e5. Det er nemt og giver dig mulighed for at bestemme din egen rute. De fleste af \u00f8erne er forbundet via broer og unders\u00f8iske tunneler, hvilket g\u00f8r det nemt at komme rundt i landet med lejebil. k\u00f8rsel p\u00e5 f\u00e6r\u00f8erne At [&hellip;]<\/p>\n","protected":false},"author":4,"featured_media":0,"parent":13862,"menu_order":2,"comment_status":"closed","ping_status":"closed","template":"","meta":{"_acf_changed":false,"_uag_custom_page_level_css":"","footnotes":""},"class_list":["post-13859","page","type-page","status-publish","hentry"],"acf":[],"yoast_head":"<!-- This site is optimized with the Yoast SEO plugin v27.4 - https:\/\/yoast.com\/product\/yoast-seo-wordpress\/ -->\n<title>Car - Driving in the Faroe Islands - 62N<\/title>\n<meta name=\"robots\" content=\"index, follow, max-snippet:-1, max-image-preview:large, max-video-preview:-1\" \/>\n<link rel=\"canonical\" href=\"https:\/\/www.62n.fo\/da\/biludlejning\/information\/koersel-paa-faeroerne\/\" \/>\n<meta property=\"og:locale\" content=\"da_DK\" \/>\n<meta property=\"og:type\" content=\"article\" \/>\n<meta property=\"og:title\" content=\"Car - Driving in the Faroe Islands - 62N\" \/>\n<meta property=\"og:description\" content=\"Nemt og fleksibelt At leje en bil er en meget popul\u00e6r m\u00e5de at komme rundt p\u00e5. Det er nemt og giver dig mulighed for at bestemme din egen rute. De fleste af \u00f8erne er forbundet via broer og unders\u00f8iske tunneler, hvilket g\u00f8r det nemt at komme rundt i landet med lejebil. k\u00f8rsel p\u00e5 f\u00e6r\u00f8erne At [&hellip;]\" \/>\n<meta property=\"og:url\" content=\"https:\/\/www.62n.fo\/da\/biludlejning\/information\/koersel-paa-faeroerne\/\" \/>\n<meta property=\"og:site_name\" content=\"62N\" \/>\n<meta property=\"article:modified_time\" content=\"2024-04-22T14:37:16+00:00\" \/>\n<meta name=\"twitter:card\" content=\"summary_large_image\" \/>\n<meta name=\"twitter:label1\" content=\"Estimeret l\u00e6setid\" \/>\n\t<meta name=\"twitter:data1\" content=\"2 minutter\" \/>\n<script type=\"application\/ld+json\" class=\"yoast-schema-graph\">{\"@context\":\"https:\\\/\\\/schema.org\",\"@graph\":[{\"@type\":\"WebPage\",\"@id\":\"https:\\\/\\\/www.62n.fo\\\/da\\\/biludlejning\\\/information\\\/koersel-paa-faeroerne\\\/\",\"url\":\"https:\\\/\\\/www.62n.fo\\\/da\\\/biludlejning\\\/information\\\/koersel-paa-faeroerne\\\/\",\"name\":\"Car - Driving in the Faroe Islands - 62N\",\"isPartOf\":{\"@id\":\"https:\\\/\\\/www.62n.fo\\\/da\\\/#website\"},\"datePublished\":\"2024-03-08T14:21:47+00:00\",\"dateModified\":\"2024-04-22T14:37:16+00:00\",\"breadcrumb\":{\"@id\":\"https:\\\/\\\/www.62n.fo\\\/da\\\/biludlejning\\\/information\\\/koersel-paa-faeroerne\\\/#breadcrumb\"},\"inLanguage\":\"da-DK\",\"potentialAction\":[{\"@type\":\"ReadAction\",\"target\":[\"https:\\\/\\\/www.62n.fo\\\/da\\\/biludlejning\\\/information\\\/koersel-paa-faeroerne\\\/\"]}]},{\"@type\":\"BreadcrumbList\",\"@id\":\"https:\\\/\\\/www.62n.fo\\\/da\\\/biludlejning\\\/information\\\/koersel-paa-faeroerne\\\/#breadcrumb\",\"itemListElement\":[{\"@type\":\"ListItem\",\"position\":1,\"name\":\"Home\",\"item\":\"https:\\\/\\\/www.62n.fo\\\/da\\\/\"},{\"@type\":\"ListItem\",\"position\":2,\"name\":\"Car &#8211; 62\u00b0N Car Rental\",\"item\":\"https:\\\/\\\/www.62n.fo\\\/da\\\/biludlejning\\\/\"},{\"@type\":\"ListItem\",\"position\":3,\"name\":\"Car &#8211; Information\",\"item\":\"https:\\\/\\\/www.62n.fo\\\/da\\\/biludlejning\\\/information\\\/\"},{\"@type\":\"ListItem\",\"position\":4,\"name\":\"Car &#8211; Driving in the Faroe Islands\"}]},{\"@type\":\"WebSite\",\"@id\":\"https:\\\/\\\/www.62n.fo\\\/da\\\/#website\",\"url\":\"https:\\\/\\\/www.62n.fo\\\/da\\\/\",\"name\":\"62N\",\"description\":\"Just another WordPress site\",\"potentialAction\":[{\"@type\":\"SearchAction\",\"target\":{\"@type\":\"EntryPoint\",\"urlTemplate\":\"https:\\\/\\\/www.62n.fo\\\/da\\\/?s={search_term_string}\"},\"query-input\":{\"@type\":\"PropertyValueSpecification\",\"valueRequired\":true,\"valueName\":\"search_term_string\"}}],\"inLanguage\":\"da-DK\"}]}<\/script>\n<!-- \/ Yoast SEO plugin. -->","yoast_head_json":{"title":"Car - Driving in the Faroe Islands - 62N","robots":{"index":"index","follow":"follow","max-snippet":"max-snippet:-1","max-image-preview":"max-image-preview:large","max-video-preview":"max-video-preview:-1"},"canonical":"https:\/\/www.62n.fo\/da\/biludlejning\/information\/koersel-paa-faeroerne\/","og_locale":"da_DK","og_type":"article","og_title":"Car - Driving in the Faroe Islands - 62N","og_description":"Nemt og fleksibelt At leje en bil er en meget popul\u00e6r m\u00e5de at komme rundt p\u00e5. Det er nemt og giver dig mulighed for at bestemme din egen rute. De fleste af \u00f8erne er forbundet via broer og unders\u00f8iske tunneler, hvilket g\u00f8r det nemt at komme rundt i landet med lejebil. k\u00f8rsel p\u00e5 f\u00e6r\u00f8erne At [&hellip;]","og_url":"https:\/\/www.62n.fo\/da\/biludlejning\/information\/koersel-paa-faeroerne\/","og_site_name":"62N","article_modified_time":"2024-04-22T14:37:16+00:00","twitter_card":"summary_large_image","twitter_misc":{"Estimeret l\u00e6setid":"2 minutter"},"schema":{"@context":"https:\/\/schema.org","@graph":[{"@type":"WebPage","@id":"https:\/\/www.62n.fo\/da\/biludlejning\/information\/koersel-paa-faeroerne\/","url":"https:\/\/www.62n.fo\/da\/biludlejning\/information\/koersel-paa-faeroerne\/","name":"Car - Driving in the Faroe Islands - 62N","isPartOf":{"@id":"https:\/\/www.62n.fo\/da\/#website"},"datePublished":"2024-03-08T14:21:47+00:00","dateModified":"2024-04-22T14:37:16+00:00","breadcrumb":{"@id":"https:\/\/www.62n.fo\/da\/biludlejning\/information\/koersel-paa-faeroerne\/#breadcrumb"},"inLanguage":"da-DK","potentialAction":[{"@type":"ReadAction","target":["https:\/\/www.62n.fo\/da\/biludlejning\/information\/koersel-paa-faeroerne\/"]}]},{"@type":"BreadcrumbList","@id":"https:\/\/www.62n.fo\/da\/biludlejning\/information\/koersel-paa-faeroerne\/#breadcrumb","itemListElement":[{"@type":"ListItem","position":1,"name":"Home","item":"https:\/\/www.62n.fo\/da\/"},{"@type":"ListItem","position":2,"name":"Car &#8211; 62\u00b0N Car Rental","item":"https:\/\/www.62n.fo\/da\/biludlejning\/"},{"@type":"ListItem","position":3,"name":"Car &#8211; Information","item":"https:\/\/www.62n.fo\/da\/biludlejning\/information\/"},{"@type":"ListItem","position":4,"name":"Car &#8211; Driving in the Faroe Islands"}]},{"@type":"WebSite","@id":"https:\/\/www.62n.fo\/da\/#website","url":"https:\/\/www.62n.fo\/da\/","name":"62N","description":"Just another WordPress site","potentialAction":[{"@type":"SearchAction","target":{"@type":"EntryPoint","urlTemplate":"https:\/\/www.62n.fo\/da\/?s={search_term_string}"},"query-input":{"@type":"PropertyValueSpecification","valueRequired":true,"valueName":"search_term_string"}}],"inLanguage":"da-DK"}]}},"uagb_featured_image_src":{"full":false,"thumbnail":false,"medium":false,"medium_large":false,"large":false,"1536x1536":false,"2048x2048":false},"uagb_author_info":{"display_name":"hanus@62n.fo","author_link":"https:\/\/www.62n.fo\/da\/author\/hanus62n-fo\/"},"uagb_comment_info":0,"uagb_excerpt":"Nemt og fleksibelt At leje en bil er en meget popul\u00e6r m\u00e5de at komme rundt p\u00e5. Det er nemt og giver dig mulighed for at bestemme din egen rute. De fleste af \u00f8erne er forbundet via broer og unders\u00f8iske tunneler, hvilket g\u00f8r det nemt at komme rundt i landet med lejebil. k\u00f8rsel p\u00e5 f\u00e6r\u00f8erne At&hellip;","_links":{"self":[{"href":"https:\/\/www.62n.fo\/da\/wp-json\/wp\/v2\/pages\/13859","targetHints":{"allow":["GET"]}}],"collection":[{"href":"https:\/\/www.62n.fo\/da\/wp-json\/wp\/v2\/pages"}],"about":[{"href":"https:\/\/www.62n.fo\/da\/wp-json\/wp\/v2\/types\/page"}],"author":[{"embeddable":true,"href":"https:\/\/www.62n.fo\/da\/wp-json\/wp\/v2\/users\/4"}],"replies":[{"embeddable":true,"href":"https:\/\/www.62n.fo\/da\/wp-json\/wp\/v2\/comments?post=13859"}],"version-history":[{"count":12,"href":"https:\/\/www.62n.fo\/da\/wp-json\/wp\/v2\/pages\/13859\/revisions"}],"predecessor-version":[{"id":14143,"href":"https:\/\/www.62n.fo\/da\/wp-json\/wp\/v2\/pages\/13859\/revisions\/14143"}],"up":[{"embeddable":true,"href":"https:\/\/www.62n.fo\/da\/wp-json\/wp\/v2\/pages\/13862"}],"wp:attachment":[{"href":"https:\/\/www.62n.fo\/da\/wp-json\/wp\/v2\/media?parent=13859"}],"curies":[{"name":"wp","href":"https:\/\/api.w.org\/{rel}","templated":true}]}}