{"id":10818,"date":"2024-01-30T10:46:42","date_gmt":"2024-01-30T10:46:42","guid":{"rendered":"https:\/\/www.62n.fo\/?page_id=10818"},"modified":"2024-02-05T09:04:54","modified_gmt":"2024-02-05T09:04:54","slug":"suite","status":"publish","type":"page","link":"https:\/\/www.62n.fo\/da\/62n-hotel\/suite\/","title":{"rendered":"Suite"},"content":{"rendered":"\n<h4 class=\"wp-block-heading\">Hvis opholdet skal v\u00e6re lidt bedre og s\u00e6rligt, s\u00e5 anbefaller vi at du v\u00e6lger suiten. Suiten er 30m2 og ligger p\u00e5 \u00f8verste etage, og har balkon med udsigt over helen sentrum af T\u00f3rshavn. Der er et opholdsrum med sofa gruppe, k\u00f8leskab, elkedel med th\u00e9 og kaffe. <\/h4>\n\n\n\n<h4 class=\"wp-block-heading\">Suiten har ogs\u00e5 fladsk\u00e6rm, toilet\/brus, gratis Wi-Fi og dobbeltseng.<\/h4>\n\n\n\n<p><\/p>\n\n\n\n<div style=\"height:53px\" aria-hidden=\"true\" class=\"wp-block-spacer\"><\/div>\n\n\n\n<div class=\"wp-block-buttons has-custom-font-size has-large-font-size is-content-justification-left is-nowrap is-layout-flex wp-container-core-buttons-is-layout-6447b855 wp-block-buttons-is-layout-flex\">\n<div class=\"wp-block-button has-custom-width wp-block-button__width-25 is-style-fill\"><a class=\"wp-block-button__link has-text-align-center wp-element-button\" href=\"https:\/\/booking.octopuspms.com\/RoomBook?Code=cb6d61c6-e295-40b5-bed6-7a1c071c3235\" target=\"_blank\" rel=\"noreferrer noopener\">BOOK NU<\/a><\/div>\n<\/div>\n\n\n\n<div style=\"height:72px\" aria-hidden=\"true\" class=\"wp-block-spacer\"><\/div>\n\n\n\n<div class=\"wp-block-group is-layout-constrained wp-block-group-is-layout-constrained\">\n<div class=\"wp-block-group is-layout-constrained wp-block-group-is-layout-constrained\">\n<div id=\"gallery-slider_block_f8a4fd32b716f04a1725335a0f9a84fa\" class=\"lunnar-gallery-slider alignfull\">\n\n    \n            <div class=\"gallery-slider\">\n                            <div class=\"gallery-swiper--item\">\n                    <img loading=\"lazy\" decoding=\"async\" src=\"https:\/\/www.62n.fo\/wp-content\/uploads\/2024\/01\/7G5A0770-600x800.jpg\" width=\"600\" height=\"800\" alt=\"\" \/>\n                <\/div>\n                            <div class=\"gallery-swiper--item\">\n                    <img loading=\"lazy\" decoding=\"async\" src=\"https:\/\/www.62n.fo\/wp-content\/uploads\/2024\/01\/7G5A0825-800x533.jpg\" width=\"800\" height=\"533\" alt=\"\" \/>\n                <\/div>\n                            <div class=\"gallery-swiper--item\">\n                    <img loading=\"lazy\" decoding=\"async\" src=\"https:\/\/www.62n.fo\/wp-content\/uploads\/2024\/01\/7G5A0817kvadrat-800x800.jpg\" width=\"800\" height=\"800\" alt=\"\" \/>\n                <\/div>\n                            <div class=\"gallery-swiper--item\">\n                    <img loading=\"lazy\" decoding=\"async\" src=\"https:\/\/www.62n.fo\/wp-content\/uploads\/2024\/01\/7G5A0760-600x800.jpg\" width=\"600\" height=\"800\" alt=\"\" \/>\n                <\/div>\n                            <div class=\"gallery-swiper--item\">\n                    <img loading=\"lazy\" decoding=\"async\" src=\"https:\/\/www.62n.fo\/wp-content\/uploads\/2024\/01\/7G5A0700-600x800.jpg\" width=\"600\" height=\"800\" alt=\"\" \/>\n                <\/div>\n                            <div class=\"gallery-swiper--item\">\n                    <img loading=\"lazy\" decoding=\"async\" src=\"https:\/\/www.62n.fo\/wp-content\/uploads\/2024\/01\/7G5A0669-600x800.jpg\" width=\"600\" height=\"800\" alt=\"\" \/>\n                <\/div>\n                            <div class=\"gallery-swiper--item\">\n                    <img loading=\"lazy\" decoding=\"async\" src=\"https:\/\/www.62n.fo\/wp-content\/uploads\/2024\/01\/7G5A0699-600x800.jpg\" width=\"600\" height=\"800\" alt=\"\" \/>\n                <\/div>\n                    <\/div>\n    <\/div>\n\n\n<div style=\"height:100px\" aria-hidden=\"true\" class=\"wp-block-spacer\"><\/div>\n\n\n\n<h1 class=\"wp-block-heading has-text-align-left\">Andre v\u00e6relser<\/h1>\n\n\n\n<div id=\"shortcuts_block_00c703b5c8b28d62d8ef41c712c22e32\" class=\"lunnar-shortcuts per-row-3\">\n\n            <a href=\"https:\/\/www.62n.fo\/da\/62n-hotel\/enkeltvaerelse\/\" class=\"shortcut-item\">\n            <div class=\"shortcut-item--image\">\n                                    <img decoding=\"async\" src=\"https:\/\/www.62n.fo\/wp-content\/uploads\/2024\/01\/7G5A0780.jpg\" alt=\"\" \/>\n                            <\/div>\n\n            <div class=\"shortcut-item--action\">\n                <h3>Enkeltv\u00e6relse<\/h3>\n\n                <img decoding=\"async\" src=\"https:\/\/www.62n.fo\/wp-content\/themes\/lunnar-62n-2023\/images\/icon-circle-chevron.svg\" class=\"injectable\" \/>            <\/div>\n        <\/a>\n            <a href=\"https:\/\/www.62n.fo\/da\/62n-hotel\/dobbeltvaerelse\/\" class=\"shortcut-item\">\n            <div class=\"shortcut-item--image\">\n                                    <img decoding=\"async\" src=\"https:\/\/www.62n.fo\/wp-content\/uploads\/2024\/01\/7G5A0569.jpg\" alt=\"\" \/>\n                            <\/div>\n\n            <div class=\"shortcut-item--action\">\n                <h3>Dobbeltv\u00e6relse<\/h3>\n\n                <img decoding=\"async\" src=\"https:\/\/www.62n.fo\/wp-content\/themes\/lunnar-62n-2023\/images\/icon-circle-chevron.svg\" class=\"injectable\" \/>            <\/div>\n        <\/a>\n            <a href=\"https:\/\/www.62n.fo\/da\/62n-hotel\/superior-vaerelse\/\" class=\"shortcut-item\">\n            <div class=\"shortcut-item--image\">\n                                    <img decoding=\"async\" src=\"https:\/\/www.62n.fo\/wp-content\/uploads\/2023\/12\/33a1584_1280x900.jpg\" alt=\"\" \/>\n                            <\/div>\n\n            <div class=\"shortcut-item--action\">\n                <h3>Superior v\u00e6relse<\/h3>\n\n                <img decoding=\"async\" src=\"https:\/\/www.62n.fo\/wp-content\/themes\/lunnar-62n-2023\/images\/icon-circle-chevron.svg\" class=\"injectable\" \/>            <\/div>\n        <\/a>\n    <\/div>\n\n\n<div style=\"height:100px\" aria-hidden=\"true\" class=\"wp-block-spacer\"><\/div>\n\n\n\n<iframe src=\"https:\/\/www.google.com\/maps\/embed?pb=!1m14!1m8!1m3!1d14979.90832268669!2d-6.778983!3d62.010046!3m2!1i1024!2i768!4f13.1!3m3!1m2!1s0x48bc2e0448038571%3A0x772d4ca323af24c!2s62N%20Hotel%20City%20Center!5e0!3m2!1sda!2sus!4v1706279280818!5m2!1sda!2sus\" width=\"1100\" height=\"550\" style=\"border:0;\" allowfullscreen=\"\" loading=\"lazy\" referrerpolicy=\"no-referrer-when-downgrade\"><\/iframe>\n<\/div>\n<\/div>\n","protected":false},"excerpt":{"rendered":"<p>Hvis opholdet skal v\u00e6re lidt bedre og s\u00e6rligt, s\u00e5 anbefaller vi at du v\u00e6lger suiten. Suiten er 30m2 og ligger p\u00e5 \u00f8verste etage, og har balkon med udsigt over helen sentrum af T\u00f3rshavn. Der er et opholdsrum med sofa gruppe, k\u00f8leskab, elkedel med th\u00e9 og kaffe. Suiten har ogs\u00e5 fladsk\u00e6rm, toilet\/brus, gratis Wi-Fi og dobbeltseng. [&hellip;]<\/p>\n","protected":false},"author":2,"featured_media":0,"parent":10757,"menu_order":0,"comment_status":"closed","ping_status":"closed","template":"","meta":{"_acf_changed":false,"_uag_custom_page_level_css":"","footnotes":""},"class_list":["post-10818","page","type-page","status-publish","hentry"],"acf":[],"yoast_head":"<!-- This site is optimized with the Yoast SEO plugin v27.5 - https:\/\/yoast.com\/product\/yoast-seo-wordpress\/ -->\n<title>Suite - 62N<\/title>\n<meta name=\"robots\" content=\"index, follow, max-snippet:-1, max-image-preview:large, max-video-preview:-1\" \/>\n<link rel=\"canonical\" href=\"https:\/\/www.62n.fo\/da\/62n-hotel\/suite\/\" \/>\n<meta property=\"og:locale\" content=\"da_DK\" \/>\n<meta property=\"og:type\" content=\"article\" \/>\n<meta property=\"og:title\" content=\"Suite - 62N\" \/>\n<meta property=\"og:description\" content=\"Hvis opholdet skal v\u00e6re lidt bedre og s\u00e6rligt, s\u00e5 anbefaller vi at du v\u00e6lger suiten. Suiten er 30m2 og ligger p\u00e5 \u00f8verste etage, og har balkon med udsigt over helen sentrum af T\u00f3rshavn. Der er et opholdsrum med sofa gruppe, k\u00f8leskab, elkedel med th\u00e9 og kaffe. Suiten har ogs\u00e5 fladsk\u00e6rm, toilet\/brus, gratis Wi-Fi og dobbeltseng. [&hellip;]\" \/>\n<meta property=\"og:url\" content=\"https:\/\/www.62n.fo\/da\/62n-hotel\/suite\/\" \/>\n<meta property=\"og:site_name\" content=\"62N\" \/>\n<meta property=\"article:modified_time\" content=\"2024-02-05T09:04:54+00:00\" \/>\n<meta name=\"twitter:card\" content=\"summary_large_image\" \/>\n<meta name=\"twitter:label1\" content=\"Estimeret l\u00e6setid\" \/>\n\t<meta name=\"twitter:data1\" content=\"1 minut\" \/>\n<script type=\"application\/ld+json\" class=\"yoast-schema-graph\">{\"@context\":\"https:\\\/\\\/schema.org\",\"@graph\":[{\"@type\":\"WebPage\",\"@id\":\"https:\\\/\\\/www.62n.fo\\\/da\\\/62n-hotel\\\/suite\\\/\",\"url\":\"https:\\\/\\\/www.62n.fo\\\/da\\\/62n-hotel\\\/suite\\\/\",\"name\":\"Suite - 62N\",\"isPartOf\":{\"@id\":\"https:\\\/\\\/www.62n.fo\\\/da\\\/#website\"},\"datePublished\":\"2024-01-30T10:46:42+00:00\",\"dateModified\":\"2024-02-05T09:04:54+00:00\",\"breadcrumb\":{\"@id\":\"https:\\\/\\\/www.62n.fo\\\/da\\\/62n-hotel\\\/suite\\\/#breadcrumb\"},\"inLanguage\":\"da-DK\",\"potentialAction\":[{\"@type\":\"ReadAction\",\"target\":[\"https:\\\/\\\/www.62n.fo\\\/da\\\/62n-hotel\\\/suite\\\/\"]}]},{\"@type\":\"BreadcrumbList\",\"@id\":\"https:\\\/\\\/www.62n.fo\\\/da\\\/62n-hotel\\\/suite\\\/#breadcrumb\",\"itemListElement\":[{\"@type\":\"ListItem\",\"position\":1,\"name\":\"Home\",\"item\":\"https:\\\/\\\/www.62n.fo\\\/da\\\/\"},{\"@type\":\"ListItem\",\"position\":2,\"name\":\"62\u00b0N Hotel\",\"item\":\"https:\\\/\\\/www.62n.fo\\\/da\\\/62n-hotel\\\/\"},{\"@type\":\"ListItem\",\"position\":3,\"name\":\"Suite\"}]},{\"@type\":\"WebSite\",\"@id\":\"https:\\\/\\\/www.62n.fo\\\/da\\\/#website\",\"url\":\"https:\\\/\\\/www.62n.fo\\\/da\\\/\",\"name\":\"62N\",\"description\":\"Just another WordPress site\",\"potentialAction\":[{\"@type\":\"SearchAction\",\"target\":{\"@type\":\"EntryPoint\",\"urlTemplate\":\"https:\\\/\\\/www.62n.fo\\\/da\\\/?s={search_term_string}\"},\"query-input\":{\"@type\":\"PropertyValueSpecification\",\"valueRequired\":true,\"valueName\":\"search_term_string\"}}],\"inLanguage\":\"da-DK\"}]}<\/script>\n<!-- \/ Yoast SEO plugin. -->","yoast_head_json":{"title":"Suite - 62N","robots":{"index":"index","follow":"follow","max-snippet":"max-snippet:-1","max-image-preview":"max-image-preview:large","max-video-preview":"max-video-preview:-1"},"canonical":"https:\/\/www.62n.fo\/da\/62n-hotel\/suite\/","og_locale":"da_DK","og_type":"article","og_title":"Suite - 62N","og_description":"Hvis opholdet skal v\u00e6re lidt bedre og s\u00e6rligt, s\u00e5 anbefaller vi at du v\u00e6lger suiten. Suiten er 30m2 og ligger p\u00e5 \u00f8verste etage, og har balkon med udsigt over helen sentrum af T\u00f3rshavn. Der er et opholdsrum med sofa gruppe, k\u00f8leskab, elkedel med th\u00e9 og kaffe. Suiten har ogs\u00e5 fladsk\u00e6rm, toilet\/brus, gratis Wi-Fi og dobbeltseng. [&hellip;]","og_url":"https:\/\/www.62n.fo\/da\/62n-hotel\/suite\/","og_site_name":"62N","article_modified_time":"2024-02-05T09:04:54+00:00","twitter_card":"summary_large_image","twitter_misc":{"Estimeret l\u00e6setid":"1 minut"},"schema":{"@context":"https:\/\/schema.org","@graph":[{"@type":"WebPage","@id":"https:\/\/www.62n.fo\/da\/62n-hotel\/suite\/","url":"https:\/\/www.62n.fo\/da\/62n-hotel\/suite\/","name":"Suite - 62N","isPartOf":{"@id":"https:\/\/www.62n.fo\/da\/#website"},"datePublished":"2024-01-30T10:46:42+00:00","dateModified":"2024-02-05T09:04:54+00:00","breadcrumb":{"@id":"https:\/\/www.62n.fo\/da\/62n-hotel\/suite\/#breadcrumb"},"inLanguage":"da-DK","potentialAction":[{"@type":"ReadAction","target":["https:\/\/www.62n.fo\/da\/62n-hotel\/suite\/"]}]},{"@type":"BreadcrumbList","@id":"https:\/\/www.62n.fo\/da\/62n-hotel\/suite\/#breadcrumb","itemListElement":[{"@type":"ListItem","position":1,"name":"Home","item":"https:\/\/www.62n.fo\/da\/"},{"@type":"ListItem","position":2,"name":"62\u00b0N Hotel","item":"https:\/\/www.62n.fo\/da\/62n-hotel\/"},{"@type":"ListItem","position":3,"name":"Suite"}]},{"@type":"WebSite","@id":"https:\/\/www.62n.fo\/da\/#website","url":"https:\/\/www.62n.fo\/da\/","name":"62N","description":"Just another WordPress site","potentialAction":[{"@type":"SearchAction","target":{"@type":"EntryPoint","urlTemplate":"https:\/\/www.62n.fo\/da\/?s={search_term_string}"},"query-input":{"@type":"PropertyValueSpecification","valueRequired":true,"valueName":"search_term_string"}}],"inLanguage":"da-DK"}]}},"uagb_featured_image_src":{"full":false,"thumbnail":false,"medium":false,"medium_large":false,"large":false,"1536x1536":false,"2048x2048":false},"uagb_author_info":{"display_name":"leivur@62n.fo","author_link":"https:\/\/www.62n.fo\/da\/author\/leivur62n-fo\/"},"uagb_comment_info":0,"uagb_excerpt":"Hvis opholdet skal v\u00e6re lidt bedre og s\u00e6rligt, s\u00e5 anbefaller vi at du v\u00e6lger suiten. Suiten er 30m2 og ligger p\u00e5 \u00f8verste etage, og har balkon med udsigt over helen sentrum af T\u00f3rshavn. Der er et opholdsrum med sofa gruppe, k\u00f8leskab, elkedel med th\u00e9 og kaffe. Suiten har ogs\u00e5 fladsk\u00e6rm, toilet\/brus, gratis Wi-Fi og dobbeltseng.&hellip;","_links":{"self":[{"href":"https:\/\/www.62n.fo\/da\/wp-json\/wp\/v2\/pages\/10818","targetHints":{"allow":["GET"]}}],"collection":[{"href":"https:\/\/www.62n.fo\/da\/wp-json\/wp\/v2\/pages"}],"about":[{"href":"https:\/\/www.62n.fo\/da\/wp-json\/wp\/v2\/types\/page"}],"author":[{"embeddable":true,"href":"https:\/\/www.62n.fo\/da\/wp-json\/wp\/v2\/users\/2"}],"replies":[{"embeddable":true,"href":"https:\/\/www.62n.fo\/da\/wp-json\/wp\/v2\/comments?post=10818"}],"version-history":[{"count":8,"href":"https:\/\/www.62n.fo\/da\/wp-json\/wp\/v2\/pages\/10818\/revisions"}],"predecessor-version":[{"id":10901,"href":"https:\/\/www.62n.fo\/da\/wp-json\/wp\/v2\/pages\/10818\/revisions\/10901"}],"up":[{"embeddable":true,"href":"https:\/\/www.62n.fo\/da\/wp-json\/wp\/v2\/pages\/10757"}],"wp:attachment":[{"href":"https:\/\/www.62n.fo\/da\/wp-json\/wp\/v2\/media?parent=10818"}],"curies":[{"name":"wp","href":"https:\/\/api.w.org\/{rel}","templated":true}]}}