{"id":10770,"date":"2024-01-30T10:44:58","date_gmt":"2024-01-30T10:44:58","guid":{"rendered":"https:\/\/www.62n.fo\/?page_id=10770"},"modified":"2024-02-05T09:04:31","modified_gmt":"2024-02-05T09:04:31","slug":"enkeltvaerelse","status":"publish","type":"page","link":"https:\/\/www.62n.fo\/da\/62n-hotel\/enkeltvaerelse\/","title":{"rendered":"Enkeltv\u00e6relse"},"content":{"rendered":"\n<h4 class=\"wp-block-heading\">Alle v\u00e6relserne er indrettede til at d\u00e6kke din behov.<br>Enkeltv\u00e6relserne er 16m2 og forsynet med fladsk\u00e6rm, gratis Wi-Fi, toilet\/bruse og twin senge.<\/h4>\n\n\n\n<div style=\"height:53px\" aria-hidden=\"true\" class=\"wp-block-spacer\"><\/div>\n\n\n\n<div class=\"wp-block-buttons has-custom-font-size has-large-font-size is-content-justification-left is-nowrap is-layout-flex wp-container-core-buttons-is-layout-6447b855 wp-block-buttons-is-layout-flex\">\n<div class=\"wp-block-button has-custom-width wp-block-button__width-25 is-style-fill\"><a class=\"wp-block-button__link has-text-align-center wp-element-button\" href=\"https:\/\/booking.octopuspms.com\/RoomBook?Code=cb6d61c6-e295-40b5-bed6-7a1c071c3235\" target=\"_blank\" rel=\"noreferrer noopener\">BOOK NU<\/a><\/div>\n<\/div>\n\n\n\n<div style=\"height:72px\" aria-hidden=\"true\" class=\"wp-block-spacer\"><\/div>\n\n\n\n<div class=\"wp-block-group is-layout-constrained wp-block-group-is-layout-constrained\">\n<div class=\"wp-block-group is-layout-constrained wp-block-group-is-layout-constrained\">\n<div id=\"gallery-slider_block_b255c8817fa138a88b7ccc9121ad8f82\" class=\"lunnar-gallery-slider alignfull\">\n\n    \n            <div class=\"gallery-slider\">\n                            <div class=\"gallery-swiper--item\">\n                    <img loading=\"lazy\" decoding=\"async\" src=\"https:\/\/www.62n.fo\/wp-content\/uploads\/2024\/01\/7G5A0642-800x533.jpg\" width=\"800\" height=\"533\" alt=\"\" \/>\n                <\/div>\n                            <div class=\"gallery-swiper--item\">\n                    <img loading=\"lazy\" decoding=\"async\" src=\"https:\/\/www.62n.fo\/wp-content\/uploads\/2024\/01\/7G5A0522-600x800.jpg\" width=\"600\" height=\"800\" alt=\"\" \/>\n                <\/div>\n                            <div class=\"gallery-swiper--item\">\n                    <img loading=\"lazy\" decoding=\"async\" src=\"https:\/\/www.62n.fo\/wp-content\/uploads\/2024\/01\/7G5A0569-800x533.jpg\" width=\"800\" height=\"533\" alt=\"\" \/>\n                <\/div>\n                            <div class=\"gallery-swiper--item\">\n                    <img loading=\"lazy\" decoding=\"async\" src=\"https:\/\/www.62n.fo\/wp-content\/uploads\/2024\/01\/7G5A0602-600x800.jpg\" width=\"600\" height=\"800\" alt=\"\" \/>\n                <\/div>\n                            <div class=\"gallery-swiper--item\">\n                    <img loading=\"lazy\" decoding=\"async\" src=\"https:\/\/www.62n.fo\/wp-content\/uploads\/2024\/01\/7G5A0700-600x800.jpg\" width=\"600\" height=\"800\" alt=\"\" \/>\n                <\/div>\n                            <div class=\"gallery-swiper--item\">\n                    <img loading=\"lazy\" decoding=\"async\" src=\"https:\/\/www.62n.fo\/wp-content\/uploads\/2024\/01\/7G5A0699-600x800.jpg\" width=\"600\" height=\"800\" alt=\"\" \/>\n                <\/div>\n                    <\/div>\n    <\/div>\n\n\n<div style=\"height:100px\" aria-hidden=\"true\" class=\"wp-block-spacer\"><\/div>\n\n\n\n<h1 class=\"wp-block-heading has-text-align-left\">Andre v\u00e6relser<\/h1>\n\n\n\n<div id=\"shortcuts_block_3999a43c84294f919bfe1005ed10cce6\" class=\"lunnar-shortcuts per-row-3\">\n\n            <a href=\"https:\/\/www.62n.fo\/da\/62n-hotel\/dobbeltvaerelse\/\" class=\"shortcut-item\">\n            <div class=\"shortcut-item--image\">\n                                    <img decoding=\"async\" src=\"https:\/\/www.62n.fo\/wp-content\/uploads\/2024\/01\/7G5A0569.jpg\" alt=\"\" \/>\n                            <\/div>\n\n            <div class=\"shortcut-item--action\">\n                <h3>Dobbelt v\u00e6relse<\/h3>\n\n                <img decoding=\"async\" src=\"https:\/\/www.62n.fo\/wp-content\/themes\/lunnar-62n-2023\/images\/icon-circle-chevron.svg\" class=\"injectable\" \/>            <\/div>\n        <\/a>\n            <a href=\"https:\/\/www.62n.fo\/da\/62n-hotel\/superior-vaerelse\/\" class=\"shortcut-item\">\n            <div class=\"shortcut-item--image\">\n                                    <img decoding=\"async\" src=\"https:\/\/www.62n.fo\/wp-content\/uploads\/2023\/12\/33a1584_1280x900.jpg\" alt=\"\" \/>\n                            <\/div>\n\n            <div class=\"shortcut-item--action\">\n                <h3>Superior v\u00e6relse<\/h3>\n\n                <img decoding=\"async\" src=\"https:\/\/www.62n.fo\/wp-content\/themes\/lunnar-62n-2023\/images\/icon-circle-chevron.svg\" class=\"injectable\" \/>            <\/div>\n        <\/a>\n            <a href=\"https:\/\/www.62n.fo\/da\/62n-hotel\/suite\/\" class=\"shortcut-item\">\n            <div class=\"shortcut-item--image\">\n                                    <img decoding=\"async\" src=\"https:\/\/www.62n.fo\/wp-content\/uploads\/2023\/12\/7G5A0825kvadrat.jpg\" alt=\"\" \/>\n                            <\/div>\n\n            <div class=\"shortcut-item--action\">\n                <h3>Suite<\/h3>\n\n                <img decoding=\"async\" src=\"https:\/\/www.62n.fo\/wp-content\/themes\/lunnar-62n-2023\/images\/icon-circle-chevron.svg\" class=\"injectable\" \/>            <\/div>\n        <\/a>\n    <\/div>\n\n\n<div style=\"height:100px\" aria-hidden=\"true\" class=\"wp-block-spacer\"><\/div>\n\n\n\n<iframe src=\"https:\/\/www.google.com\/maps\/embed?pb=!1m14!1m8!1m3!1d14979.90832268669!2d-6.778983!3d62.010046!3m2!1i1024!2i768!4f13.1!3m3!1m2!1s0x48bc2e0448038571%3A0x772d4ca323af24c!2s62N%20Hotel%20City%20Center!5e0!3m2!1sda!2sus!4v1706279280818!5m2!1sda!2sus\" width=\"1100\" height=\"550\" style=\"border:0;\" allowfullscreen=\"\" loading=\"lazy\" referrerpolicy=\"no-referrer-when-downgrade\"><\/iframe>\n<\/div>\n<\/div>\n","protected":false},"excerpt":{"rendered":"<p>Alle v\u00e6relserne er indrettede til at d\u00e6kke din behov.Enkeltv\u00e6relserne er 16m2 og forsynet med fladsk\u00e6rm, gratis Wi-Fi, toilet\/bruse og twin senge. Andre v\u00e6relser<\/p>\n","protected":false},"author":2,"featured_media":0,"parent":10757,"menu_order":0,"comment_status":"closed","ping_status":"closed","template":"","meta":{"_acf_changed":false,"_uag_custom_page_level_css":"","footnotes":""},"class_list":["post-10770","page","type-page","status-publish","hentry"],"acf":[],"yoast_head":"<!-- This site is optimized with the Yoast SEO plugin v27.3 - https:\/\/yoast.com\/product\/yoast-seo-wordpress\/ -->\n<title>Enkeltv\u00e6relse - 62N<\/title>\n<meta name=\"robots\" content=\"index, follow, max-snippet:-1, max-image-preview:large, max-video-preview:-1\" \/>\n<link rel=\"canonical\" href=\"https:\/\/www.62n.fo\/da\/62n-hotel\/enkeltvaerelse\/\" \/>\n<meta property=\"og:locale\" content=\"da_DK\" \/>\n<meta property=\"og:type\" content=\"article\" \/>\n<meta property=\"og:title\" content=\"Enkeltv\u00e6relse - 62N\" \/>\n<meta property=\"og:description\" content=\"Alle v\u00e6relserne er indrettede til at d\u00e6kke din behov.Enkeltv\u00e6relserne er 16m2 og forsynet med fladsk\u00e6rm, gratis Wi-Fi, toilet\/bruse og twin senge. Andre v\u00e6relser\" \/>\n<meta property=\"og:url\" content=\"https:\/\/www.62n.fo\/da\/62n-hotel\/enkeltvaerelse\/\" \/>\n<meta property=\"og:site_name\" content=\"62N\" \/>\n<meta property=\"article:modified_time\" content=\"2024-02-05T09:04:31+00:00\" \/>\n<meta name=\"twitter:card\" content=\"summary_large_image\" \/>\n<meta name=\"twitter:label1\" content=\"Estimeret l\u00e6setid\" \/>\n\t<meta name=\"twitter:data1\" content=\"1 minut\" \/>\n<script type=\"application\/ld+json\" class=\"yoast-schema-graph\">{\"@context\":\"https:\\\/\\\/schema.org\",\"@graph\":[{\"@type\":\"WebPage\",\"@id\":\"https:\\\/\\\/www.62n.fo\\\/da\\\/62n-hotel\\\/enkeltvaerelse\\\/\",\"url\":\"https:\\\/\\\/www.62n.fo\\\/da\\\/62n-hotel\\\/enkeltvaerelse\\\/\",\"name\":\"Enkeltv\u00e6relse - 62N\",\"isPartOf\":{\"@id\":\"https:\\\/\\\/www.62n.fo\\\/da\\\/#website\"},\"datePublished\":\"2024-01-30T10:44:58+00:00\",\"dateModified\":\"2024-02-05T09:04:31+00:00\",\"breadcrumb\":{\"@id\":\"https:\\\/\\\/www.62n.fo\\\/da\\\/62n-hotel\\\/enkeltvaerelse\\\/#breadcrumb\"},\"inLanguage\":\"da-DK\",\"potentialAction\":[{\"@type\":\"ReadAction\",\"target\":[\"https:\\\/\\\/www.62n.fo\\\/da\\\/62n-hotel\\\/enkeltvaerelse\\\/\"]}]},{\"@type\":\"BreadcrumbList\",\"@id\":\"https:\\\/\\\/www.62n.fo\\\/da\\\/62n-hotel\\\/enkeltvaerelse\\\/#breadcrumb\",\"itemListElement\":[{\"@type\":\"ListItem\",\"position\":1,\"name\":\"Home\",\"item\":\"https:\\\/\\\/www.62n.fo\\\/da\\\/\"},{\"@type\":\"ListItem\",\"position\":2,\"name\":\"62\u00b0N Hotel\",\"item\":\"https:\\\/\\\/www.62n.fo\\\/da\\\/62n-hotel\\\/\"},{\"@type\":\"ListItem\",\"position\":3,\"name\":\"Enkeltv\u00e6relse\"}]},{\"@type\":\"WebSite\",\"@id\":\"https:\\\/\\\/www.62n.fo\\\/da\\\/#website\",\"url\":\"https:\\\/\\\/www.62n.fo\\\/da\\\/\",\"name\":\"62N\",\"description\":\"Just another WordPress site\",\"potentialAction\":[{\"@type\":\"SearchAction\",\"target\":{\"@type\":\"EntryPoint\",\"urlTemplate\":\"https:\\\/\\\/www.62n.fo\\\/da\\\/?s={search_term_string}\"},\"query-input\":{\"@type\":\"PropertyValueSpecification\",\"valueRequired\":true,\"valueName\":\"search_term_string\"}}],\"inLanguage\":\"da-DK\"}]}<\/script>\n<!-- \/ Yoast SEO plugin. -->","yoast_head_json":{"title":"Enkeltv\u00e6relse - 62N","robots":{"index":"index","follow":"follow","max-snippet":"max-snippet:-1","max-image-preview":"max-image-preview:large","max-video-preview":"max-video-preview:-1"},"canonical":"https:\/\/www.62n.fo\/da\/62n-hotel\/enkeltvaerelse\/","og_locale":"da_DK","og_type":"article","og_title":"Enkeltv\u00e6relse - 62N","og_description":"Alle v\u00e6relserne er indrettede til at d\u00e6kke din behov.Enkeltv\u00e6relserne er 16m2 og forsynet med fladsk\u00e6rm, gratis Wi-Fi, toilet\/bruse og twin senge. Andre v\u00e6relser","og_url":"https:\/\/www.62n.fo\/da\/62n-hotel\/enkeltvaerelse\/","og_site_name":"62N","article_modified_time":"2024-02-05T09:04:31+00:00","twitter_card":"summary_large_image","twitter_misc":{"Estimeret l\u00e6setid":"1 minut"},"schema":{"@context":"https:\/\/schema.org","@graph":[{"@type":"WebPage","@id":"https:\/\/www.62n.fo\/da\/62n-hotel\/enkeltvaerelse\/","url":"https:\/\/www.62n.fo\/da\/62n-hotel\/enkeltvaerelse\/","name":"Enkeltv\u00e6relse - 62N","isPartOf":{"@id":"https:\/\/www.62n.fo\/da\/#website"},"datePublished":"2024-01-30T10:44:58+00:00","dateModified":"2024-02-05T09:04:31+00:00","breadcrumb":{"@id":"https:\/\/www.62n.fo\/da\/62n-hotel\/enkeltvaerelse\/#breadcrumb"},"inLanguage":"da-DK","potentialAction":[{"@type":"ReadAction","target":["https:\/\/www.62n.fo\/da\/62n-hotel\/enkeltvaerelse\/"]}]},{"@type":"BreadcrumbList","@id":"https:\/\/www.62n.fo\/da\/62n-hotel\/enkeltvaerelse\/#breadcrumb","itemListElement":[{"@type":"ListItem","position":1,"name":"Home","item":"https:\/\/www.62n.fo\/da\/"},{"@type":"ListItem","position":2,"name":"62\u00b0N Hotel","item":"https:\/\/www.62n.fo\/da\/62n-hotel\/"},{"@type":"ListItem","position":3,"name":"Enkeltv\u00e6relse"}]},{"@type":"WebSite","@id":"https:\/\/www.62n.fo\/da\/#website","url":"https:\/\/www.62n.fo\/da\/","name":"62N","description":"Just another WordPress site","potentialAction":[{"@type":"SearchAction","target":{"@type":"EntryPoint","urlTemplate":"https:\/\/www.62n.fo\/da\/?s={search_term_string}"},"query-input":{"@type":"PropertyValueSpecification","valueRequired":true,"valueName":"search_term_string"}}],"inLanguage":"da-DK"}]}},"uagb_featured_image_src":{"full":false,"thumbnail":false,"medium":false,"medium_large":false,"large":false,"1536x1536":false,"2048x2048":false},"uagb_author_info":{"display_name":"leivur@62n.fo","author_link":"https:\/\/www.62n.fo\/da\/author\/leivur62n-fo\/"},"uagb_comment_info":0,"uagb_excerpt":"Alle v\u00e6relserne er indrettede til at d\u00e6kke din behov.Enkeltv\u00e6relserne er 16m2 og forsynet med fladsk\u00e6rm, gratis Wi-Fi, toilet\/bruse og twin senge. Andre v\u00e6relser","_links":{"self":[{"href":"https:\/\/www.62n.fo\/da\/wp-json\/wp\/v2\/pages\/10770","targetHints":{"allow":["GET"]}}],"collection":[{"href":"https:\/\/www.62n.fo\/da\/wp-json\/wp\/v2\/pages"}],"about":[{"href":"https:\/\/www.62n.fo\/da\/wp-json\/wp\/v2\/types\/page"}],"author":[{"embeddable":true,"href":"https:\/\/www.62n.fo\/da\/wp-json\/wp\/v2\/users\/2"}],"replies":[{"embeddable":true,"href":"https:\/\/www.62n.fo\/da\/wp-json\/wp\/v2\/comments?post=10770"}],"version-history":[{"count":8,"href":"https:\/\/www.62n.fo\/da\/wp-json\/wp\/v2\/pages\/10770\/revisions"}],"predecessor-version":[{"id":10899,"href":"https:\/\/www.62n.fo\/da\/wp-json\/wp\/v2\/pages\/10770\/revisions\/10899"}],"up":[{"embeddable":true,"href":"https:\/\/www.62n.fo\/da\/wp-json\/wp\/v2\/pages\/10757"}],"wp:attachment":[{"href":"https:\/\/www.62n.fo\/da\/wp-json\/wp\/v2\/media?parent=10770"}],"curies":[{"name":"wp","href":"https:\/\/api.w.org\/{rel}","templated":true}]}}