{"id":10762,"date":"2024-01-23T14:35:48","date_gmt":"2024-01-23T14:35:48","guid":{"rendered":"https:\/\/www.62n.fo\/?page_id=10762"},"modified":"2024-02-05T08:30:33","modified_gmt":"2024-02-05T08:30:33","slug":"62n-guesthouse-marknagil","status":"publish","type":"page","link":"https:\/\/www.62n.fo\/da\/62n-hotel\/62n-guesthouse-marknagil\/","title":{"rendered":"62\u00b0N Guesthouse Marknagil"},"content":{"rendered":"\n<div class=\"wp-block-cover alignfull\"><span aria-hidden=\"true\" class=\"wp-block-cover__background has-background-dim-0 has-background-dim\"><\/span><img loading=\"lazy\" decoding=\"async\" width=\"2560\" height=\"1706\" class=\"wp-block-cover__image-background wp-image-7888\" alt=\"\" src=\"https:\/\/www.62n.fo\/wp-content\/uploads\/2024\/01\/IMG_8247.jpg\" data-object-fit=\"cover\" srcset=\"https:\/\/www.62n.fo\/wp-content\/uploads\/2024\/01\/IMG_8247.jpg 2560w, https:\/\/www.62n.fo\/wp-content\/uploads\/2024\/01\/IMG_8247-800x533.jpg 800w, https:\/\/www.62n.fo\/wp-content\/uploads\/2024\/01\/IMG_8247-1600x1067.jpg 1600w, https:\/\/www.62n.fo\/wp-content\/uploads\/2024\/01\/IMG_8247-768x512.jpg 768w, https:\/\/www.62n.fo\/wp-content\/uploads\/2024\/01\/IMG_8247-1536x1024.jpg 1536w, https:\/\/www.62n.fo\/wp-content\/uploads\/2024\/01\/IMG_8247-2048x1365.jpg 2048w\" sizes=\"auto, (max-width: 2560px) 100vw, 2560px\" \/><div class=\"wp-block-cover__inner-container is-layout-constrained wp-block-cover-is-layout-constrained\">\n<div class=\"wp-block-buttons alignwide is-content-justification-center is-layout-flex wp-container-core-buttons-is-layout-16018d1d wp-block-buttons-is-layout-flex\">\n<div class=\"wp-block-button\"><a class=\"wp-block-button__link wp-element-button\" href=\"https:\/\/booking.octopuspms.com\/RoomBook?Code=dd5c20b2-7b8c-41e6-82d9-1f49da480f15\" target=\"_blank\" rel=\"noreferrer noopener\">BOOK NU<\/a><\/div>\n<\/div>\n<\/div><\/div>\n\n\n\n<div style=\"height:100px\" aria-hidden=\"true\" class=\"wp-block-spacer\"><\/div>\n\n\n\n<h2 class=\"wp-block-heading\">62\u00b0N GUESTHOUSE&nbsp;MARKNAGIL<\/h2>\n\n\n\n<div style=\"height:12px\" aria-hidden=\"true\" class=\"wp-block-spacer\"><\/div>\n\n\n\n<p><strong>62\u00b0N Guesthouse Marknagil har 50 twin v\u00e6relser, og har \u00e5ben fra Juni til August. I 2024 har vi \u00e5bent fra 29. Juni til 10. August.<\/strong><\/p>\n\n\n\n<p>Vi ligger meget bekvemt placeret med kun 20 min gang fra centrum i T\u00f3rshavn.<br>Vores v\u00e6relser har fantastisk panorama udsigt af T\u00f3rshavn, og p\u00e5 den anden side kan du nyde det smukke udsyn p\u00e5 fjellerne. Rummerne er fordelt s\u00e5dan, at to v\u00e6relser har f\u00e6lles entre, med et toilet, en bruse og fire skabe (et for hver person). V\u00e6relserne har to twin senge, og to arbejdsbord. Rygning er forbudt. Venligst bem\u00e6rk, at der er ikke nogen elevator i ejendommen og at v\u00e6relserne har ikke TV og telefon.<br>62\u00b0N Guesthouse Marknagil er et skolehjem, og har kun \u00e5ben i sommerferien.<\/p>\n\n\n\n<p><strong>Vi tilbyder<br><\/strong>&#8211; Twin, single og family v\u00e6relser<br>&#8211; Morgenmad buffet, fra 07:00 til 10:00<br>&#8211; Gratis tr\u00e5dl\u00f8st internet<br>&#8211; Gratis linned pakke ved ankomst<br>&#8211; TV i reception omr\u00e5det<br>&#8211; Gratis parkering<br>&#8211; Kun 20 minutters gang til centrum i T\u00f3rshavn<br>&#8211; Gratis offentlig transport, 100 m<br>&#8211; Stort supermarket, 200 m<\/p>\n\n\n\n<div style=\"height:100px\" aria-hidden=\"true\" class=\"wp-block-spacer\"><\/div>\n\n\n\n<div id=\"gallery-slider_block_a077e11a26a732a4235ab72192e6579d\" class=\"lunnar-gallery-slider alignwide\">\n\n    \n            <div class=\"gallery-slider\">\n                            <div class=\"gallery-swiper--item\">\n                    <img loading=\"lazy\" decoding=\"async\" src=\"https:\/\/www.62n.fo\/wp-content\/uploads\/2024\/01\/IMG_8269-533x800.jpg\" width=\"533\" height=\"800\" alt=\"\" \/>\n                <\/div>\n                            <div class=\"gallery-swiper--item\">\n                    <img loading=\"lazy\" decoding=\"async\" src=\"https:\/\/www.62n.fo\/wp-content\/uploads\/2024\/01\/IMG_8247-800x533.jpg\" width=\"800\" height=\"533\" alt=\"\" \/>\n                <\/div>\n                            <div class=\"gallery-swiper--item\">\n                    <img loading=\"lazy\" decoding=\"async\" src=\"https:\/\/www.62n.fo\/wp-content\/uploads\/2024\/01\/IMG_8293-800x533.jpg\" width=\"800\" height=\"533\" alt=\"\" \/>\n                <\/div>\n                            <div class=\"gallery-swiper--item\">\n                    <img loading=\"lazy\" decoding=\"async\" src=\"https:\/\/www.62n.fo\/wp-content\/uploads\/2024\/01\/IMG_8285-800x533.jpg\" width=\"800\" height=\"533\" alt=\"\" \/>\n                <\/div>\n                            <div class=\"gallery-swiper--item\">\n                    <img loading=\"lazy\" decoding=\"async\" src=\"https:\/\/www.62n.fo\/wp-content\/uploads\/2024\/01\/IMG_8235-kopi-800x533.jpg\" width=\"800\" height=\"533\" alt=\"\" \/>\n                <\/div>\n                            <div class=\"gallery-swiper--item\">\n                    <img loading=\"lazy\" decoding=\"async\" src=\"https:\/\/www.62n.fo\/wp-content\/uploads\/2024\/01\/IMG_8226-533x800.jpg\" width=\"533\" height=\"800\" alt=\"\" \/>\n                <\/div>\n                            <div class=\"gallery-swiper--item\">\n                    <img loading=\"lazy\" decoding=\"async\" src=\"https:\/\/www.62n.fo\/wp-content\/uploads\/2024\/01\/IMG_8243-800x533.jpg\" width=\"800\" height=\"533\" alt=\"\" \/>\n                <\/div>\n                            <div class=\"gallery-swiper--item\">\n                    <img loading=\"lazy\" decoding=\"async\" src=\"https:\/\/www.62n.fo\/wp-content\/uploads\/2024\/01\/IMG_8241-800x533.jpg\" width=\"800\" height=\"533\" alt=\"\" \/>\n                <\/div>\n                            <div class=\"gallery-swiper--item\">\n                    <img loading=\"lazy\" decoding=\"async\" src=\"https:\/\/www.62n.fo\/wp-content\/uploads\/2024\/01\/IMG_8242-533x800.jpg\" width=\"533\" height=\"800\" alt=\"\" \/>\n                <\/div>\n                            <div class=\"gallery-swiper--item\">\n                    <img loading=\"lazy\" decoding=\"async\" src=\"https:\/\/www.62n.fo\/wp-content\/uploads\/2024\/01\/IMG_8232-800x533.jpg\" width=\"800\" height=\"533\" alt=\"\" \/>\n                <\/div>\n                            <div class=\"gallery-swiper--item\">\n                    <img loading=\"lazy\" decoding=\"async\" src=\"https:\/\/www.62n.fo\/wp-content\/uploads\/2024\/01\/IMG_8250-800x533.jpg\" width=\"800\" height=\"533\" alt=\"\" \/>\n                <\/div>\n                            <div class=\"gallery-swiper--item\">\n                    <img loading=\"lazy\" decoding=\"async\" src=\"https:\/\/www.62n.fo\/wp-content\/uploads\/2024\/01\/IMG_8277-533x800.jpg\" width=\"533\" height=\"800\" alt=\"\" \/>\n                <\/div>\n                    <\/div>\n    <\/div>","protected":false},"excerpt":{"rendered":"<p>62\u00b0N GUESTHOUSE&nbsp;MARKNAGIL 62\u00b0N Guesthouse Marknagil har 50 twin v\u00e6relser, og har \u00e5ben fra Juni til August. I 2024 har vi \u00e5bent fra 29. Juni til 10. August. Vi ligger meget bekvemt placeret med kun 20 min gang fra centrum i T\u00f3rshavn.Vores v\u00e6relser har fantastisk panorama udsigt af T\u00f3rshavn, og p\u00e5 den anden side kan du [&hellip;]<\/p>\n","protected":false},"author":2,"featured_media":0,"parent":10757,"menu_order":0,"comment_status":"closed","ping_status":"closed","template":"","meta":{"_acf_changed":false,"_uag_custom_page_level_css":"","footnotes":""},"class_list":["post-10762","page","type-page","status-publish","hentry"],"acf":[],"yoast_head":"<!-- This site is optimized with the Yoast SEO plugin v27.4 - https:\/\/yoast.com\/product\/yoast-seo-wordpress\/ -->\n<title>62\u00b0N Guesthouse Marknagil - 62N<\/title>\n<meta name=\"robots\" content=\"index, follow, max-snippet:-1, max-image-preview:large, max-video-preview:-1\" \/>\n<link rel=\"canonical\" href=\"https:\/\/www.62n.fo\/da\/62n-hotel\/62n-guesthouse-marknagil\/\" \/>\n<meta property=\"og:locale\" content=\"da_DK\" \/>\n<meta property=\"og:type\" content=\"article\" \/>\n<meta property=\"og:title\" content=\"62\u00b0N Guesthouse Marknagil - 62N\" \/>\n<meta property=\"og:description\" content=\"62\u00b0N GUESTHOUSE&nbsp;MARKNAGIL 62\u00b0N Guesthouse Marknagil har 50 twin v\u00e6relser, og har \u00e5ben fra Juni til August. I 2024 har vi \u00e5bent fra 29. Juni til 10. August. Vi ligger meget bekvemt placeret med kun 20 min gang fra centrum i T\u00f3rshavn.Vores v\u00e6relser har fantastisk panorama udsigt af T\u00f3rshavn, og p\u00e5 den anden side kan du [&hellip;]\" \/>\n<meta property=\"og:url\" content=\"https:\/\/www.62n.fo\/da\/62n-hotel\/62n-guesthouse-marknagil\/\" \/>\n<meta property=\"og:site_name\" content=\"62N\" \/>\n<meta property=\"article:modified_time\" content=\"2024-02-05T08:30:33+00:00\" \/>\n<meta property=\"og:image\" content=\"https:\/\/www.62n.fo\/wp-content\/uploads\/2024\/01\/IMG_8247.jpg\" \/>\n<meta name=\"twitter:card\" content=\"summary_large_image\" \/>\n<meta name=\"twitter:label1\" content=\"Estimeret l\u00e6setid\" \/>\n\t<meta name=\"twitter:data1\" content=\"1 minut\" \/>\n<script type=\"application\/ld+json\" class=\"yoast-schema-graph\">{\"@context\":\"https:\\\/\\\/schema.org\",\"@graph\":[{\"@type\":\"WebPage\",\"@id\":\"https:\\\/\\\/www.62n.fo\\\/da\\\/62n-hotel\\\/62n-guesthouse-marknagil\\\/\",\"url\":\"https:\\\/\\\/www.62n.fo\\\/da\\\/62n-hotel\\\/62n-guesthouse-marknagil\\\/\",\"name\":\"62\u00b0N Guesthouse Marknagil - 62N\",\"isPartOf\":{\"@id\":\"https:\\\/\\\/www.62n.fo\\\/da\\\/#website\"},\"primaryImageOfPage\":{\"@id\":\"https:\\\/\\\/www.62n.fo\\\/da\\\/62n-hotel\\\/62n-guesthouse-marknagil\\\/#primaryimage\"},\"image\":{\"@id\":\"https:\\\/\\\/www.62n.fo\\\/da\\\/62n-hotel\\\/62n-guesthouse-marknagil\\\/#primaryimage\"},\"thumbnailUrl\":\"https:\\\/\\\/www.62n.fo\\\/wp-content\\\/uploads\\\/2024\\\/01\\\/IMG_8247.jpg\",\"datePublished\":\"2024-01-23T14:35:48+00:00\",\"dateModified\":\"2024-02-05T08:30:33+00:00\",\"breadcrumb\":{\"@id\":\"https:\\\/\\\/www.62n.fo\\\/da\\\/62n-hotel\\\/62n-guesthouse-marknagil\\\/#breadcrumb\"},\"inLanguage\":\"da-DK\",\"potentialAction\":[{\"@type\":\"ReadAction\",\"target\":[\"https:\\\/\\\/www.62n.fo\\\/da\\\/62n-hotel\\\/62n-guesthouse-marknagil\\\/\"]}]},{\"@type\":\"ImageObject\",\"inLanguage\":\"da-DK\",\"@id\":\"https:\\\/\\\/www.62n.fo\\\/da\\\/62n-hotel\\\/62n-guesthouse-marknagil\\\/#primaryimage\",\"url\":\"https:\\\/\\\/www.62n.fo\\\/wp-content\\\/uploads\\\/2024\\\/01\\\/IMG_8247.jpg\",\"contentUrl\":\"https:\\\/\\\/www.62n.fo\\\/wp-content\\\/uploads\\\/2024\\\/01\\\/IMG_8247.jpg\"},{\"@type\":\"BreadcrumbList\",\"@id\":\"https:\\\/\\\/www.62n.fo\\\/da\\\/62n-hotel\\\/62n-guesthouse-marknagil\\\/#breadcrumb\",\"itemListElement\":[{\"@type\":\"ListItem\",\"position\":1,\"name\":\"Home\",\"item\":\"https:\\\/\\\/www.62n.fo\\\/da\\\/\"},{\"@type\":\"ListItem\",\"position\":2,\"name\":\"62\u00b0N Hotel\",\"item\":\"https:\\\/\\\/www.62n.fo\\\/da\\\/62n-hotel\\\/\"},{\"@type\":\"ListItem\",\"position\":3,\"name\":\"62\u00b0N Guesthouse Marknagil\"}]},{\"@type\":\"WebSite\",\"@id\":\"https:\\\/\\\/www.62n.fo\\\/da\\\/#website\",\"url\":\"https:\\\/\\\/www.62n.fo\\\/da\\\/\",\"name\":\"62N\",\"description\":\"Just another WordPress site\",\"potentialAction\":[{\"@type\":\"SearchAction\",\"target\":{\"@type\":\"EntryPoint\",\"urlTemplate\":\"https:\\\/\\\/www.62n.fo\\\/da\\\/?s={search_term_string}\"},\"query-input\":{\"@type\":\"PropertyValueSpecification\",\"valueRequired\":true,\"valueName\":\"search_term_string\"}}],\"inLanguage\":\"da-DK\"}]}<\/script>\n<!-- \/ Yoast SEO plugin. -->","yoast_head_json":{"title":"62\u00b0N Guesthouse Marknagil - 62N","robots":{"index":"index","follow":"follow","max-snippet":"max-snippet:-1","max-image-preview":"max-image-preview:large","max-video-preview":"max-video-preview:-1"},"canonical":"https:\/\/www.62n.fo\/da\/62n-hotel\/62n-guesthouse-marknagil\/","og_locale":"da_DK","og_type":"article","og_title":"62\u00b0N Guesthouse Marknagil - 62N","og_description":"62\u00b0N GUESTHOUSE&nbsp;MARKNAGIL 62\u00b0N Guesthouse Marknagil har 50 twin v\u00e6relser, og har \u00e5ben fra Juni til August. I 2024 har vi \u00e5bent fra 29. Juni til 10. August. Vi ligger meget bekvemt placeret med kun 20 min gang fra centrum i T\u00f3rshavn.Vores v\u00e6relser har fantastisk panorama udsigt af T\u00f3rshavn, og p\u00e5 den anden side kan du [&hellip;]","og_url":"https:\/\/www.62n.fo\/da\/62n-hotel\/62n-guesthouse-marknagil\/","og_site_name":"62N","article_modified_time":"2024-02-05T08:30:33+00:00","og_image":[{"url":"https:\/\/www.62n.fo\/wp-content\/uploads\/2024\/01\/IMG_8247.jpg","type":"","width":"","height":""}],"twitter_card":"summary_large_image","twitter_misc":{"Estimeret l\u00e6setid":"1 minut"},"schema":{"@context":"https:\/\/schema.org","@graph":[{"@type":"WebPage","@id":"https:\/\/www.62n.fo\/da\/62n-hotel\/62n-guesthouse-marknagil\/","url":"https:\/\/www.62n.fo\/da\/62n-hotel\/62n-guesthouse-marknagil\/","name":"62\u00b0N Guesthouse Marknagil - 62N","isPartOf":{"@id":"https:\/\/www.62n.fo\/da\/#website"},"primaryImageOfPage":{"@id":"https:\/\/www.62n.fo\/da\/62n-hotel\/62n-guesthouse-marknagil\/#primaryimage"},"image":{"@id":"https:\/\/www.62n.fo\/da\/62n-hotel\/62n-guesthouse-marknagil\/#primaryimage"},"thumbnailUrl":"https:\/\/www.62n.fo\/wp-content\/uploads\/2024\/01\/IMG_8247.jpg","datePublished":"2024-01-23T14:35:48+00:00","dateModified":"2024-02-05T08:30:33+00:00","breadcrumb":{"@id":"https:\/\/www.62n.fo\/da\/62n-hotel\/62n-guesthouse-marknagil\/#breadcrumb"},"inLanguage":"da-DK","potentialAction":[{"@type":"ReadAction","target":["https:\/\/www.62n.fo\/da\/62n-hotel\/62n-guesthouse-marknagil\/"]}]},{"@type":"ImageObject","inLanguage":"da-DK","@id":"https:\/\/www.62n.fo\/da\/62n-hotel\/62n-guesthouse-marknagil\/#primaryimage","url":"https:\/\/www.62n.fo\/wp-content\/uploads\/2024\/01\/IMG_8247.jpg","contentUrl":"https:\/\/www.62n.fo\/wp-content\/uploads\/2024\/01\/IMG_8247.jpg"},{"@type":"BreadcrumbList","@id":"https:\/\/www.62n.fo\/da\/62n-hotel\/62n-guesthouse-marknagil\/#breadcrumb","itemListElement":[{"@type":"ListItem","position":1,"name":"Home","item":"https:\/\/www.62n.fo\/da\/"},{"@type":"ListItem","position":2,"name":"62\u00b0N Hotel","item":"https:\/\/www.62n.fo\/da\/62n-hotel\/"},{"@type":"ListItem","position":3,"name":"62\u00b0N Guesthouse Marknagil"}]},{"@type":"WebSite","@id":"https:\/\/www.62n.fo\/da\/#website","url":"https:\/\/www.62n.fo\/da\/","name":"62N","description":"Just another WordPress site","potentialAction":[{"@type":"SearchAction","target":{"@type":"EntryPoint","urlTemplate":"https:\/\/www.62n.fo\/da\/?s={search_term_string}"},"query-input":{"@type":"PropertyValueSpecification","valueRequired":true,"valueName":"search_term_string"}}],"inLanguage":"da-DK"}]}},"uagb_featured_image_src":{"full":false,"thumbnail":false,"medium":false,"medium_large":false,"large":false,"1536x1536":false,"2048x2048":false},"uagb_author_info":{"display_name":"leivur@62n.fo","author_link":"https:\/\/www.62n.fo\/da\/author\/leivur62n-fo\/"},"uagb_comment_info":0,"uagb_excerpt":"62\u00b0N GUESTHOUSE&nbsp;MARKNAGIL 62\u00b0N Guesthouse Marknagil har 50 twin v\u00e6relser, og har \u00e5ben fra Juni til August. I 2024 har vi \u00e5bent fra 29. Juni til 10. August. Vi ligger meget bekvemt placeret med kun 20 min gang fra centrum i T\u00f3rshavn.Vores v\u00e6relser har fantastisk panorama udsigt af T\u00f3rshavn, og p\u00e5 den anden side kan du&hellip;","_links":{"self":[{"href":"https:\/\/www.62n.fo\/da\/wp-json\/wp\/v2\/pages\/10762","targetHints":{"allow":["GET"]}}],"collection":[{"href":"https:\/\/www.62n.fo\/da\/wp-json\/wp\/v2\/pages"}],"about":[{"href":"https:\/\/www.62n.fo\/da\/wp-json\/wp\/v2\/types\/page"}],"author":[{"embeddable":true,"href":"https:\/\/www.62n.fo\/da\/wp-json\/wp\/v2\/users\/2"}],"replies":[{"embeddable":true,"href":"https:\/\/www.62n.fo\/da\/wp-json\/wp\/v2\/comments?post=10762"}],"version-history":[{"count":1,"href":"https:\/\/www.62n.fo\/da\/wp-json\/wp\/v2\/pages\/10762\/revisions"}],"predecessor-version":[{"id":10764,"href":"https:\/\/www.62n.fo\/da\/wp-json\/wp\/v2\/pages\/10762\/revisions\/10764"}],"up":[{"embeddable":true,"href":"https:\/\/www.62n.fo\/da\/wp-json\/wp\/v2\/pages\/10757"}],"wp:attachment":[{"href":"https:\/\/www.62n.fo\/da\/wp-json\/wp\/v2\/media?parent=10762"}],"curies":[{"name":"wp","href":"https:\/\/api.w.org\/{rel}","templated":true}]}}