{"id":10759,"date":"2024-01-23T13:41:39","date_gmt":"2024-01-23T13:41:39","guid":{"rendered":"https:\/\/www.62n.fo\/?page_id=10759"},"modified":"2024-02-05T08:30:55","modified_gmt":"2024-02-05T08:30:55","slug":"10759-2","status":"publish","type":"page","link":"https:\/\/www.62n.fo\/da\/62n-hotel\/10759-2\/","title":{"rendered":"62\u00b0N Guesthouse City Center"},"content":{"rendered":"\n<div class=\"wp-block-cover alignfull\"><span aria-hidden=\"true\" class=\"wp-block-cover__background has-background-dim-20 has-background-dim\"><\/span><img loading=\"lazy\" decoding=\"async\" width=\"1024\" height=\"683\" class=\"wp-block-cover__image-background wp-image-8370\" alt=\"\" src=\"https:\/\/www.62n.fo\/wp-content\/uploads\/2024\/01\/Guesthouse-1.jpg\" data-object-fit=\"cover\" srcset=\"https:\/\/www.62n.fo\/wp-content\/uploads\/2024\/01\/Guesthouse-1.jpg 1024w, https:\/\/www.62n.fo\/wp-content\/uploads\/2024\/01\/Guesthouse-1-800x534.jpg 800w, https:\/\/www.62n.fo\/wp-content\/uploads\/2024\/01\/Guesthouse-1-768x512.jpg 768w\" sizes=\"auto, (max-width: 1024px) 100vw, 1024px\" \/><div class=\"wp-block-cover__inner-container is-layout-constrained wp-block-cover-is-layout-constrained\">\n<p class=\"has-text-align-center has-large-font-size\"><\/p>\n\n\n\n<div class=\"wp-block-buttons alignwide is-content-justification-center is-layout-flex wp-container-core-buttons-is-layout-16018d1d wp-block-buttons-is-layout-flex\">\n<div class=\"wp-block-button\"><a class=\"wp-block-button__link wp-element-button\" href=\"https:\/\/booking.octopuspms.com\/RoomBook?Code=ab46b370-f9bc-4d2e-be8e-ecdfabea3dd3\" target=\"_blank\" rel=\"noreferrer noopener\">BOOK NU<\/a><\/div>\n<\/div>\n<\/div><\/div>\n\n\n\n<div style=\"height:100px\" aria-hidden=\"true\" class=\"wp-block-spacer\"><\/div>\n\n\n\n<h2 class=\"wp-block-heading\">62\u00b0N GUESTHOUSE&nbsp;CITY CENTER<\/h2>\n\n\n\n<div style=\"height:23px\" aria-hidden=\"true\" class=\"wp-block-spacer\"><\/div>\n\n\n\n<p><\/p>\n\n\n\n<p><strong>62\u00b0N Guesthouse City Center har 13 v\u00e6relser.<\/strong><\/p>\n\n\n\n<p>Vi ligger meget god placering midt i centrum af T\u00f3rshavn, i g\u00e5afstand fra restauranter, caf\u00e9er, shopping mm. Alle v\u00e6relserne har wc og bad. Rygning er forbudt.<\/p>\n\n\n\n<p><strong>Vi tilbyder<br><\/strong>&#8211; Twin, single og family v\u00e6relser<br>&#8211; Morgenmad buffet, fra 07:00 til 10:00<br>&#8211; Gratis tr\u00e5dl\u00f8st internet<br>&#8211; Adgang til f\u00e6lles k\u00f8kken<br>&#8211; Gratis offentlig transport, 100 m<br>&#8211; Supermarket, 0 m<\/p>\n\n\n\n<div style=\"height:100px\" aria-hidden=\"true\" class=\"wp-block-spacer\"><\/div>\n\n\n\n<div id=\"gallery-slider_block_679f01e32ce1b8052d1dc5cb5bd4de2a\" class=\"lunnar-gallery-slider alignwide\">\n\n    \n            <div class=\"gallery-slider\">\n                            <div class=\"gallery-swiper--item\">\n                    <img loading=\"lazy\" decoding=\"async\" src=\"https:\/\/www.62n.fo\/wp-content\/uploads\/2024\/01\/gongd1-600x800.jpg\" width=\"600\" height=\"800\" alt=\"\" \/>\n                <\/div>\n                            <div class=\"gallery-swiper--item\">\n                    <img loading=\"lazy\" decoding=\"async\" src=\"https:\/\/www.62n.fo\/wp-content\/uploads\/2024\/01\/33a1820_1280x900-1-800x563.jpg\" width=\"800\" height=\"563\" alt=\"\" \/>\n                <\/div>\n                            <div class=\"gallery-swiper--item\">\n                    <img loading=\"lazy\" decoding=\"async\" src=\"https:\/\/www.62n.fo\/wp-content\/uploads\/2024\/01\/kamar6-600x800.jpg\" width=\"600\" height=\"800\" alt=\"\" \/>\n                <\/div>\n                            <div class=\"gallery-swiper--item\">\n                    <img loading=\"lazy\" decoding=\"async\" src=\"https:\/\/www.62n.fo\/wp-content\/uploads\/2024\/01\/kamar4-600x800.jpg\" width=\"600\" height=\"800\" alt=\"\" \/>\n                <\/div>\n                            <div class=\"gallery-swiper--item\">\n                    <img loading=\"lazy\" decoding=\"async\" src=\"https:\/\/www.62n.fo\/wp-content\/uploads\/2024\/01\/kamar3-600x800.jpg\" width=\"600\" height=\"800\" alt=\"\" \/>\n                <\/div>\n                            <div class=\"gallery-swiper--item\">\n                    <img loading=\"lazy\" decoding=\"async\" src=\"https:\/\/www.62n.fo\/wp-content\/uploads\/2024\/01\/kamar2-800x600.jpg\" width=\"800\" height=\"600\" alt=\"\" \/>\n                <\/div>\n                            <div class=\"gallery-swiper--item\">\n                    <img loading=\"lazy\" decoding=\"async\" src=\"https:\/\/www.62n.fo\/wp-content\/uploads\/2024\/01\/kamar1-800x600.jpg\" width=\"800\" height=\"600\" alt=\"\" \/>\n                <\/div>\n                            <div class=\"gallery-swiper--item\">\n                    <img loading=\"lazy\" decoding=\"async\" src=\"https:\/\/www.62n.fo\/wp-content\/uploads\/2024\/01\/33a1829_1280x900-1-800x563.jpg\" width=\"800\" height=\"563\" alt=\"\" \/>\n                <\/div>\n                    <\/div>\n    <\/div>","protected":false},"excerpt":{"rendered":"<p>62\u00b0N GUESTHOUSE&nbsp;CITY CENTER 62\u00b0N Guesthouse City Center har 13 v\u00e6relser. Vi ligger meget god placering midt i centrum af T\u00f3rshavn, i g\u00e5afstand fra restauranter, caf\u00e9er, shopping mm. Alle v\u00e6relserne har wc og bad. Rygning er forbudt. Vi tilbyder&#8211; Twin, single og family v\u00e6relser&#8211; Morgenmad buffet, fra 07:00 til 10:00&#8211; Gratis tr\u00e5dl\u00f8st internet&#8211; Adgang til f\u00e6lles [&hellip;]<\/p>\n","protected":false},"author":2,"featured_media":0,"parent":10757,"menu_order":0,"comment_status":"closed","ping_status":"closed","template":"","meta":{"_acf_changed":false,"_uag_custom_page_level_css":"","footnotes":""},"class_list":["post-10759","page","type-page","status-publish","hentry"],"acf":[],"yoast_head":"<!-- This site is optimized with the Yoast SEO plugin v27.4 - https:\/\/yoast.com\/product\/yoast-seo-wordpress\/ -->\n<title>62\u00b0N Guesthouse City Center - 62N<\/title>\n<meta name=\"robots\" content=\"index, follow, max-snippet:-1, max-image-preview:large, max-video-preview:-1\" \/>\n<link rel=\"canonical\" href=\"https:\/\/www.62n.fo\/da\/62n-hotel\/10759-2\/\" \/>\n<meta property=\"og:locale\" content=\"da_DK\" \/>\n<meta property=\"og:type\" content=\"article\" \/>\n<meta property=\"og:title\" content=\"62\u00b0N Guesthouse City Center - 62N\" \/>\n<meta property=\"og:description\" content=\"62\u00b0N GUESTHOUSE&nbsp;CITY CENTER 62\u00b0N Guesthouse City Center har 13 v\u00e6relser. Vi ligger meget god placering midt i centrum af T\u00f3rshavn, i g\u00e5afstand fra restauranter, caf\u00e9er, shopping mm. Alle v\u00e6relserne har wc og bad. Rygning er forbudt. Vi tilbyder&#8211; Twin, single og family v\u00e6relser&#8211; Morgenmad buffet, fra 07:00 til 10:00&#8211; Gratis tr\u00e5dl\u00f8st internet&#8211; Adgang til f\u00e6lles [&hellip;]\" \/>\n<meta property=\"og:url\" content=\"https:\/\/www.62n.fo\/da\/62n-hotel\/10759-2\/\" \/>\n<meta property=\"og:site_name\" content=\"62N\" \/>\n<meta property=\"article:modified_time\" content=\"2024-02-05T08:30:55+00:00\" \/>\n<meta property=\"og:image\" content=\"https:\/\/www.62n.fo\/wp-content\/uploads\/2024\/01\/Guesthouse-1.jpg\" \/>\n<meta name=\"twitter:card\" content=\"summary_large_image\" \/>\n<meta name=\"twitter:label1\" content=\"Estimeret l\u00e6setid\" \/>\n\t<meta name=\"twitter:data1\" content=\"1 minut\" \/>\n<script type=\"application\/ld+json\" class=\"yoast-schema-graph\">{\"@context\":\"https:\\\/\\\/schema.org\",\"@graph\":[{\"@type\":\"WebPage\",\"@id\":\"https:\\\/\\\/www.62n.fo\\\/da\\\/62n-hotel\\\/10759-2\\\/\",\"url\":\"https:\\\/\\\/www.62n.fo\\\/da\\\/62n-hotel\\\/10759-2\\\/\",\"name\":\"62\u00b0N Guesthouse City Center - 62N\",\"isPartOf\":{\"@id\":\"https:\\\/\\\/www.62n.fo\\\/da\\\/#website\"},\"primaryImageOfPage\":{\"@id\":\"https:\\\/\\\/www.62n.fo\\\/da\\\/62n-hotel\\\/10759-2\\\/#primaryimage\"},\"image\":{\"@id\":\"https:\\\/\\\/www.62n.fo\\\/da\\\/62n-hotel\\\/10759-2\\\/#primaryimage\"},\"thumbnailUrl\":\"https:\\\/\\\/www.62n.fo\\\/wp-content\\\/uploads\\\/2024\\\/01\\\/Guesthouse-1.jpg\",\"datePublished\":\"2024-01-23T13:41:39+00:00\",\"dateModified\":\"2024-02-05T08:30:55+00:00\",\"breadcrumb\":{\"@id\":\"https:\\\/\\\/www.62n.fo\\\/da\\\/62n-hotel\\\/10759-2\\\/#breadcrumb\"},\"inLanguage\":\"da-DK\",\"potentialAction\":[{\"@type\":\"ReadAction\",\"target\":[\"https:\\\/\\\/www.62n.fo\\\/da\\\/62n-hotel\\\/10759-2\\\/\"]}]},{\"@type\":\"ImageObject\",\"inLanguage\":\"da-DK\",\"@id\":\"https:\\\/\\\/www.62n.fo\\\/da\\\/62n-hotel\\\/10759-2\\\/#primaryimage\",\"url\":\"https:\\\/\\\/www.62n.fo\\\/wp-content\\\/uploads\\\/2024\\\/01\\\/Guesthouse-1.jpg\",\"contentUrl\":\"https:\\\/\\\/www.62n.fo\\\/wp-content\\\/uploads\\\/2024\\\/01\\\/Guesthouse-1.jpg\"},{\"@type\":\"BreadcrumbList\",\"@id\":\"https:\\\/\\\/www.62n.fo\\\/da\\\/62n-hotel\\\/10759-2\\\/#breadcrumb\",\"itemListElement\":[{\"@type\":\"ListItem\",\"position\":1,\"name\":\"Home\",\"item\":\"https:\\\/\\\/www.62n.fo\\\/da\\\/\"},{\"@type\":\"ListItem\",\"position\":2,\"name\":\"62\u00b0N Hotel\",\"item\":\"https:\\\/\\\/www.62n.fo\\\/da\\\/62n-hotel\\\/\"},{\"@type\":\"ListItem\",\"position\":3,\"name\":\"62\u00b0N Guesthouse City Center\"}]},{\"@type\":\"WebSite\",\"@id\":\"https:\\\/\\\/www.62n.fo\\\/da\\\/#website\",\"url\":\"https:\\\/\\\/www.62n.fo\\\/da\\\/\",\"name\":\"62N\",\"description\":\"Just another WordPress site\",\"potentialAction\":[{\"@type\":\"SearchAction\",\"target\":{\"@type\":\"EntryPoint\",\"urlTemplate\":\"https:\\\/\\\/www.62n.fo\\\/da\\\/?s={search_term_string}\"},\"query-input\":{\"@type\":\"PropertyValueSpecification\",\"valueRequired\":true,\"valueName\":\"search_term_string\"}}],\"inLanguage\":\"da-DK\"}]}<\/script>\n<!-- \/ Yoast SEO plugin. -->","yoast_head_json":{"title":"62\u00b0N Guesthouse City Center - 62N","robots":{"index":"index","follow":"follow","max-snippet":"max-snippet:-1","max-image-preview":"max-image-preview:large","max-video-preview":"max-video-preview:-1"},"canonical":"https:\/\/www.62n.fo\/da\/62n-hotel\/10759-2\/","og_locale":"da_DK","og_type":"article","og_title":"62\u00b0N Guesthouse City Center - 62N","og_description":"62\u00b0N GUESTHOUSE&nbsp;CITY CENTER 62\u00b0N Guesthouse City Center har 13 v\u00e6relser. Vi ligger meget god placering midt i centrum af T\u00f3rshavn, i g\u00e5afstand fra restauranter, caf\u00e9er, shopping mm. Alle v\u00e6relserne har wc og bad. Rygning er forbudt. Vi tilbyder&#8211; Twin, single og family v\u00e6relser&#8211; Morgenmad buffet, fra 07:00 til 10:00&#8211; Gratis tr\u00e5dl\u00f8st internet&#8211; Adgang til f\u00e6lles [&hellip;]","og_url":"https:\/\/www.62n.fo\/da\/62n-hotel\/10759-2\/","og_site_name":"62N","article_modified_time":"2024-02-05T08:30:55+00:00","og_image":[{"url":"https:\/\/www.62n.fo\/wp-content\/uploads\/2024\/01\/Guesthouse-1.jpg","type":"","width":"","height":""}],"twitter_card":"summary_large_image","twitter_misc":{"Estimeret l\u00e6setid":"1 minut"},"schema":{"@context":"https:\/\/schema.org","@graph":[{"@type":"WebPage","@id":"https:\/\/www.62n.fo\/da\/62n-hotel\/10759-2\/","url":"https:\/\/www.62n.fo\/da\/62n-hotel\/10759-2\/","name":"62\u00b0N Guesthouse City Center - 62N","isPartOf":{"@id":"https:\/\/www.62n.fo\/da\/#website"},"primaryImageOfPage":{"@id":"https:\/\/www.62n.fo\/da\/62n-hotel\/10759-2\/#primaryimage"},"image":{"@id":"https:\/\/www.62n.fo\/da\/62n-hotel\/10759-2\/#primaryimage"},"thumbnailUrl":"https:\/\/www.62n.fo\/wp-content\/uploads\/2024\/01\/Guesthouse-1.jpg","datePublished":"2024-01-23T13:41:39+00:00","dateModified":"2024-02-05T08:30:55+00:00","breadcrumb":{"@id":"https:\/\/www.62n.fo\/da\/62n-hotel\/10759-2\/#breadcrumb"},"inLanguage":"da-DK","potentialAction":[{"@type":"ReadAction","target":["https:\/\/www.62n.fo\/da\/62n-hotel\/10759-2\/"]}]},{"@type":"ImageObject","inLanguage":"da-DK","@id":"https:\/\/www.62n.fo\/da\/62n-hotel\/10759-2\/#primaryimage","url":"https:\/\/www.62n.fo\/wp-content\/uploads\/2024\/01\/Guesthouse-1.jpg","contentUrl":"https:\/\/www.62n.fo\/wp-content\/uploads\/2024\/01\/Guesthouse-1.jpg"},{"@type":"BreadcrumbList","@id":"https:\/\/www.62n.fo\/da\/62n-hotel\/10759-2\/#breadcrumb","itemListElement":[{"@type":"ListItem","position":1,"name":"Home","item":"https:\/\/www.62n.fo\/da\/"},{"@type":"ListItem","position":2,"name":"62\u00b0N Hotel","item":"https:\/\/www.62n.fo\/da\/62n-hotel\/"},{"@type":"ListItem","position":3,"name":"62\u00b0N Guesthouse City Center"}]},{"@type":"WebSite","@id":"https:\/\/www.62n.fo\/da\/#website","url":"https:\/\/www.62n.fo\/da\/","name":"62N","description":"Just another WordPress site","potentialAction":[{"@type":"SearchAction","target":{"@type":"EntryPoint","urlTemplate":"https:\/\/www.62n.fo\/da\/?s={search_term_string}"},"query-input":{"@type":"PropertyValueSpecification","valueRequired":true,"valueName":"search_term_string"}}],"inLanguage":"da-DK"}]}},"uagb_featured_image_src":{"full":false,"thumbnail":false,"medium":false,"medium_large":false,"large":false,"1536x1536":false,"2048x2048":false},"uagb_author_info":{"display_name":"leivur@62n.fo","author_link":"https:\/\/www.62n.fo\/da\/author\/leivur62n-fo\/"},"uagb_comment_info":0,"uagb_excerpt":"62\u00b0N GUESTHOUSE&nbsp;CITY CENTER 62\u00b0N Guesthouse City Center har 13 v\u00e6relser. Vi ligger meget god placering midt i centrum af T\u00f3rshavn, i g\u00e5afstand fra restauranter, caf\u00e9er, shopping mm. Alle v\u00e6relserne har wc og bad. Rygning er forbudt. Vi tilbyder&#8211; Twin, single og family v\u00e6relser&#8211; Morgenmad buffet, fra 07:00 til 10:00&#8211; Gratis tr\u00e5dl\u00f8st internet&#8211; Adgang til f\u00e6lles&hellip;","_links":{"self":[{"href":"https:\/\/www.62n.fo\/da\/wp-json\/wp\/v2\/pages\/10759","targetHints":{"allow":["GET"]}}],"collection":[{"href":"https:\/\/www.62n.fo\/da\/wp-json\/wp\/v2\/pages"}],"about":[{"href":"https:\/\/www.62n.fo\/da\/wp-json\/wp\/v2\/types\/page"}],"author":[{"embeddable":true,"href":"https:\/\/www.62n.fo\/da\/wp-json\/wp\/v2\/users\/2"}],"replies":[{"embeddable":true,"href":"https:\/\/www.62n.fo\/da\/wp-json\/wp\/v2\/comments?post=10759"}],"version-history":[{"count":3,"href":"https:\/\/www.62n.fo\/da\/wp-json\/wp\/v2\/pages\/10759\/revisions"}],"predecessor-version":[{"id":10765,"href":"https:\/\/www.62n.fo\/da\/wp-json\/wp\/v2\/pages\/10759\/revisions\/10765"}],"up":[{"embeddable":true,"href":"https:\/\/www.62n.fo\/da\/wp-json\/wp\/v2\/pages\/10757"}],"wp:attachment":[{"href":"https:\/\/www.62n.fo\/da\/wp-json\/wp\/v2\/media?parent=10759"}],"curies":[{"name":"wp","href":"https:\/\/api.w.org\/{rel}","templated":true}]}}