{"id":10757,"date":"2023-11-15T12:02:55","date_gmt":"2023-11-15T12:02:55","guid":{"rendered":"https:\/\/www.62n.fo\/?page_id=10757"},"modified":"2025-03-07T15:59:28","modified_gmt":"2025-03-07T15:59:28","slug":"62n-hotel","status":"publish","type":"page","link":"https:\/\/www.62n.fo\/da\/62n-hotel\/","title":{"rendered":"62\u00b0N Hotel"},"content":{"rendered":"\n<div class=\"wp-block-cover alignfull has-large-font-size\" style=\"min-height:100vh;aspect-ratio:unset;\"><span aria-hidden=\"true\" class=\"wp-block-cover__background has-background-dim-0 has-background-dim\"><\/span><video class=\"wp-block-cover__video-background intrinsic-ignore\" autoplay muted loop playsinline src=\"https:\/\/www.62n.fo\/wp-content\/uploads\/2024\/01\/Sammenklip-9-16.mov\" data-object-fit=\"cover\"><\/video><div class=\"wp-block-cover__inner-container is-layout-flow wp-block-cover-is-layout-flow\">\n<div class=\"wp-block-buttons has-custom-font-size has-large-font-size is-content-justification-center is-nowrap is-layout-flex wp-container-core-buttons-is-layout-1fb9aab6 wp-block-buttons-is-layout-flex\">\n<div class=\"wp-block-button is-style-fill\"><a class=\"wp-block-button__link has-text-align-center wp-element-button\" href=\"https:\/\/booking.octopuspms.com\/RoomBook?Code=cb6d61c6-e295-40b5-bed6-7a1c071c3235\" target=\"_blank\" rel=\"noreferrer noopener\">BOOK NU<\/a><\/div>\n<\/div>\n<\/div><\/div>\n\n\n\n<div style=\"height:100px\" aria-hidden=\"true\" class=\"wp-block-spacer\"><\/div>\n\n\n\n<div id=\"gallery-slider_block_4d75de155721f10b65c4c4d9af45bfe2\" class=\"lunnar-gallery-slider alignfull\">\n\n    \n            <div class=\"gallery-slider\">\n                            <div class=\"gallery-swiper--item\">\n                    <img loading=\"lazy\" decoding=\"async\" src=\"https:\/\/www.62n.fo\/wp-content\/uploads\/2023\/12\/62nhotel-3-800x533.jpeg\" width=\"800\" height=\"533\" alt=\"\" \/>\n                <\/div>\n                            <div class=\"gallery-swiper--item\">\n                    <img loading=\"lazy\" decoding=\"async\" src=\"https:\/\/www.62n.fo\/wp-content\/uploads\/2023\/12\/62nhotel-533x800.jpeg\" width=\"533\" height=\"800\" alt=\"\" \/>\n                <\/div>\n                            <div class=\"gallery-swiper--item\">\n                    <img loading=\"lazy\" decoding=\"async\" src=\"https:\/\/www.62n.fo\/wp-content\/uploads\/2023\/12\/62nhotel-1-1-800x533.jpeg\" width=\"800\" height=\"533\" alt=\"\" \/>\n                <\/div>\n                            <div class=\"gallery-swiper--item\">\n                    <img loading=\"lazy\" decoding=\"async\" src=\"https:\/\/www.62n.fo\/wp-content\/uploads\/2023\/12\/7G5A0825kvadrat-800x800.jpg\" width=\"800\" height=\"800\" alt=\"\" \/>\n                <\/div>\n                            <div class=\"gallery-swiper--item\">\n                    <img loading=\"lazy\" decoding=\"async\" src=\"https:\/\/www.62n.fo\/wp-content\/uploads\/2023\/12\/7G5A0569-1-800x533.jpg\" width=\"800\" height=\"533\" alt=\"\" \/>\n                <\/div>\n                            <div class=\"gallery-swiper--item\">\n                    <img loading=\"lazy\" decoding=\"async\" src=\"https:\/\/www.62n.fo\/wp-content\/uploads\/2023\/12\/7G5A0522-600x800.jpg\" width=\"600\" height=\"800\" alt=\"\" \/>\n                <\/div>\n                            <div class=\"gallery-swiper--item\">\n                    <img loading=\"lazy\" decoding=\"async\" src=\"https:\/\/www.62n.fo\/wp-content\/uploads\/2024\/01\/7G5A0787-600x800.jpg\" width=\"600\" height=\"800\" alt=\"\" \/>\n                <\/div>\n                            <div class=\"gallery-swiper--item\">\n                    <img loading=\"lazy\" decoding=\"async\" src=\"https:\/\/www.62n.fo\/wp-content\/uploads\/2024\/01\/7G5A0525-800x533.jpg\" width=\"800\" height=\"533\" alt=\"\" \/>\n                <\/div>\n                            <div class=\"gallery-swiper--item\">\n                    <img loading=\"lazy\" decoding=\"async\" src=\"https:\/\/www.62n.fo\/wp-content\/uploads\/2024\/01\/7G5A0817-600x800.jpg\" width=\"600\" height=\"800\" alt=\"\" \/>\n                <\/div>\n                            <div class=\"gallery-swiper--item\">\n                    <img loading=\"lazy\" decoding=\"async\" src=\"https:\/\/www.62n.fo\/wp-content\/uploads\/2024\/01\/7G5A0700-600x800.jpg\" width=\"600\" height=\"800\" alt=\"\" \/>\n                <\/div>\n                            <div class=\"gallery-swiper--item\">\n                    <img loading=\"lazy\" decoding=\"async\" src=\"https:\/\/www.62n.fo\/wp-content\/uploads\/2024\/01\/7G5A0642b-800x533.jpg\" width=\"800\" height=\"533\" alt=\"\" \/>\n                <\/div>\n                    <\/div>\n    <\/div>\n\n\n<div style=\"height:100px\" aria-hidden=\"true\" class=\"wp-block-spacer\"><\/div>\n\n\n\n<h1 class=\"wp-block-heading alignwide has-text-align-center\">V\u00e6relser<\/h1>\n\n\n\n<div class=\"wp-block-media-text is-stacked-on-mobile is-vertically-aligned-center\"><figure class=\"wp-block-media-text__media\"><a href=\"https:\/\/www.62n.fo\/da\/62n-hotel\/enkeltvaerelse\/\"><img loading=\"lazy\" decoding=\"async\" width=\"1600\" height=\"1067\" src=\"https:\/\/www.62n.fo\/wp-content\/uploads\/2024\/01\/7G5A0780-1600x1067.jpg\" alt=\"\" class=\"wp-image-7028 size-full\" srcset=\"https:\/\/www.62n.fo\/wp-content\/uploads\/2024\/01\/7G5A0780-1600x1067.jpg 1600w, https:\/\/www.62n.fo\/wp-content\/uploads\/2024\/01\/7G5A0780-800x533.jpg 800w, https:\/\/www.62n.fo\/wp-content\/uploads\/2024\/01\/7G5A0780-768x512.jpg 768w, https:\/\/www.62n.fo\/wp-content\/uploads\/2024\/01\/7G5A0780-1536x1024.jpg 1536w, https:\/\/www.62n.fo\/wp-content\/uploads\/2024\/01\/7G5A0780-2048x1365.jpg 2048w\" sizes=\"auto, (max-width: 1600px) 100vw, 1600px\" \/><\/a><\/figure><div class=\"wp-block-media-text__content\">\n<p class=\"has-large-font-size\"><strong>ENKELTV\u00c6RELSE<\/strong><\/p>\n\n\n\n<p><\/p>\n\n\n\n<p>Alle v\u00e6relserne er indrettede til at d\u00e6kke din behov.<br>Enkeltv\u00e6relserne er 16m2 og forsynet med fladsk\u00e6rm, gratis Wi-Fi, toilet\/bruse og twin senge.<\/p>\n\n\n\n<div class=\"wp-block-buttons is-layout-flex wp-block-buttons-is-layout-flex\">\n<div class=\"wp-block-button\"><a class=\"wp-block-button__link wp-element-button\" href=\"https:\/\/www.62n.fo\/da\/62n-hotel\/enkeltvaerelse\/\">Se mere<\/a><\/div>\n<\/div>\n<\/div><\/div>\n\n\n\n<div style=\"height:0px\" aria-hidden=\"true\" class=\"wp-block-spacer\"><\/div>\n\n\n\n<div class=\"wp-block-media-text has-media-on-the-right is-stacked-on-mobile\"><div class=\"wp-block-media-text__content\">\n<p><strong>DOBBELTV\u00c6RELSE<\/strong><\/p>\n\n\n\n<p><\/p>\n\n\n\n<p>Alle v\u00e6relserne er indrettede til at d\u00e6kke din behov.<br>Dobbeltv\u00e6relserne er 16m2 og forsynet med fladsk\u00e6rm, gratis Wi-Fi, toilet\/bruse og twin senge.<\/p>\n\n\n\n<div class=\"wp-block-buttons is-layout-flex wp-block-buttons-is-layout-flex\">\n<div class=\"wp-block-button\"><a class=\"wp-block-button__link wp-element-button\" href=\"https:\/\/www.62n.fo\/da\/62n-hotel\/dobbeltvaerelse\/\">Se mere<\/a><\/div>\n<\/div>\n<\/div><figure class=\"wp-block-media-text__media\"><a href=\"https:\/\/www.62n.fo\/da\/62n-hotel\/dobbeltvaerelse\/\"><img loading=\"lazy\" decoding=\"async\" width=\"1600\" height=\"1067\" src=\"https:\/\/www.62n.fo\/wp-content\/uploads\/2023\/12\/7G5A0569-1-1600x1067.jpg\" alt=\"\" class=\"wp-image-1654 size-full\" srcset=\"https:\/\/www.62n.fo\/wp-content\/uploads\/2023\/12\/7G5A0569-1-1600x1067.jpg 1600w, https:\/\/www.62n.fo\/wp-content\/uploads\/2023\/12\/7G5A0569-1-800x533.jpg 800w, https:\/\/www.62n.fo\/wp-content\/uploads\/2023\/12\/7G5A0569-1-768x512.jpg 768w, https:\/\/www.62n.fo\/wp-content\/uploads\/2023\/12\/7G5A0569-1-1536x1024.jpg 1536w, https:\/\/www.62n.fo\/wp-content\/uploads\/2023\/12\/7G5A0569-1-2048x1365.jpg 2048w\" sizes=\"auto, (max-width: 1600px) 100vw, 1600px\" \/><\/a><\/figure><\/div>\n\n\n\n<div style=\"height:0px\" aria-hidden=\"true\" class=\"wp-block-spacer\"><\/div>\n\n\n\n<div class=\"wp-block-media-text is-stacked-on-mobile is-vertically-aligned-center\"><figure class=\"wp-block-media-text__media\"><a href=\"https:\/\/www.62n.fo\/da\/62n-hotel\/superior-vaerelse\/\"><img loading=\"lazy\" decoding=\"async\" width=\"1280\" height=\"900\" src=\"https:\/\/www.62n.fo\/wp-content\/uploads\/2023\/12\/33a1584_1280x900.jpg\" alt=\"\" class=\"wp-image-1724 size-full\" srcset=\"https:\/\/www.62n.fo\/wp-content\/uploads\/2023\/12\/33a1584_1280x900.jpg 1280w, https:\/\/www.62n.fo\/wp-content\/uploads\/2023\/12\/33a1584_1280x900-800x563.jpg 800w, https:\/\/www.62n.fo\/wp-content\/uploads\/2023\/12\/33a1584_1280x900-768x540.jpg 768w\" sizes=\"auto, (max-width: 1280px) 100vw, 1280px\" \/><\/a><\/figure><div class=\"wp-block-media-text__content\">\n<p class=\"has-large-font-size\"><strong>SUPERIOR V\u00c6RELSE<\/strong><\/p>\n\n\n\n<p><\/p>\n\n\n\n<p>P\u00e5&nbsp;62\u00b0N hotel tilbydervi ophold i s\u00e6rklasse. Bo p\u00e5 vores superior v\u00e6relse og nyd udsigten fra balkonen ud over&nbsp;V\u00e1gsbotn og N\u00f3lsoyfjord. Superior v\u00e6relset er 20m2 og forsynet med fladsk\u00e6rm, balkon, gratis Wi-Fi, toilet\/brus og dobbeltseng.<\/p>\n\n\n\n<div class=\"wp-block-buttons is-layout-flex wp-block-buttons-is-layout-flex\">\n<div class=\"wp-block-button\"><a class=\"wp-block-button__link wp-element-button\" href=\"https:\/\/www.62n.fo\/da\/62n-hotel\/superior-vaerelse\/\">Se mere<\/a><\/div>\n<\/div>\n<\/div><\/div>\n\n\n\n<div style=\"height:0px\" aria-hidden=\"true\" class=\"wp-block-spacer\"><\/div>\n\n\n\n<div class=\"wp-block-media-text has-media-on-the-right is-stacked-on-mobile is-vertically-aligned-center\"><div class=\"wp-block-media-text__content\">\n<p class=\"has-large-font-size\"><strong>SUITE<\/strong><\/p>\n\n\n\n<p><\/p>\n\n\n\n<p>Hvis opholdet skal v\u00e6re lidt bedre og s\u00e6rligt, s\u00e5 anbefaller vi at du v\u00e6lger suiten. Suiten er 30m2 og ligger p\u00e5 \u00f8verste etage, og har balkon med udsigt over helen sentrum af T\u00f3rshavn. Der er et opholdsrum med sofa gruppe, k\u00f8leskab, elkedel med th\u00e9 og kaffe.<\/p>\n\n\n\n<p>Suiten har ogs\u00e5 fladsk\u00e6rm, toilet\/brus, gratis Wi-Fi og dobbeltseng.<\/p>\n\n\n\n<div class=\"wp-block-buttons is-layout-flex wp-block-buttons-is-layout-flex\">\n<div class=\"wp-block-button\"><a class=\"wp-block-button__link wp-element-button\" href=\"https:\/\/www.62n.fo\/da\/62n-hotel\/suite\/\">Se mere<\/a><\/div>\n<\/div>\n<\/div><figure class=\"wp-block-media-text__media\"><a href=\"https:\/\/www.62n.fo\/da\/62n-hotel\/suite\/\"><img loading=\"lazy\" decoding=\"async\" width=\"2560\" height=\"2560\" src=\"https:\/\/www.62n.fo\/wp-content\/uploads\/2023\/12\/7G5A0817kvadrat.jpg\" alt=\"\" class=\"wp-image-1709 size-full\" srcset=\"https:\/\/www.62n.fo\/wp-content\/uploads\/2023\/12\/7G5A0817kvadrat.jpg 2560w, https:\/\/www.62n.fo\/wp-content\/uploads\/2023\/12\/7G5A0817kvadrat-800x800.jpg 800w, https:\/\/www.62n.fo\/wp-content\/uploads\/2023\/12\/7G5A0817kvadrat-1600x1600.jpg 1600w, https:\/\/www.62n.fo\/wp-content\/uploads\/2023\/12\/7G5A0817kvadrat-300x300.jpg 300w, https:\/\/www.62n.fo\/wp-content\/uploads\/2023\/12\/7G5A0817kvadrat-768x768.jpg 768w, https:\/\/www.62n.fo\/wp-content\/uploads\/2023\/12\/7G5A0817kvadrat-1536x1536.jpg 1536w, https:\/\/www.62n.fo\/wp-content\/uploads\/2023\/12\/7G5A0817kvadrat-2048x2048.jpg 2048w\" sizes=\"auto, (max-width: 2560px) 100vw, 2560px\" \/><\/a><\/figure><\/div>\n\n\n\n<div style=\"height:213px\" aria-hidden=\"true\" class=\"wp-block-spacer\"><\/div>\n\n\n\n<div id=\"shortcuts_block_5853bf75acef4201245afcdef2a4a6dd\" class=\"lunnar-shortcuts per-row-4\">\n\n            <a href=\"https:\/\/www.62n.fo\/da\/62n-hotel\/moedelokale\/\" class=\"shortcut-item\">\n            <div class=\"shortcut-item--image\">\n                                    <img decoding=\"async\" src=\"https:\/\/www.62n.fo\/wp-content\/uploads\/2024\/01\/zzSaMCBV-3.jpeg\" alt=\"\" \/>\n                            <\/div>\n\n            <div class=\"shortcut-item--action\">\n                <h3>M\u00f8delokale &#8211; midt i byen<\/h3>\n\n                <img decoding=\"async\" src=\"https:\/\/www.62n.fo\/wp-content\/themes\/lunnar-62n-2023\/images\/icon-circle-chevron.svg\" class=\"injectable\" \/>            <\/div>\n        <\/a>\n            <a href=\"https:\/\/www.62n.fo\/da\/62n-hotel\/10759-2\/\" class=\"shortcut-item\">\n            <div class=\"shortcut-item--image\">\n                                    <img decoding=\"async\" src=\"https:\/\/www.62n.fo\/wp-content\/uploads\/2024\/01\/Guesthouse-1.jpg\" alt=\"\" \/>\n                            <\/div>\n\n            <div class=\"shortcut-item--action\">\n                <h3>62\u00b0N Guesthouse City Center<\/h3>\n\n                <img decoding=\"async\" src=\"https:\/\/www.62n.fo\/wp-content\/themes\/lunnar-62n-2023\/images\/icon-circle-chevron.svg\" class=\"injectable\" \/>            <\/div>\n        <\/a>\n            <a href=\"https:\/\/www.62n.fo\/da\/62n-hotel\/62n-guesthouse-marknagil\/\" class=\"shortcut-item\">\n            <div class=\"shortcut-item--image\">\n                                    <img decoding=\"async\" src=\"https:\/\/www.62n.fo\/wp-content\/uploads\/2024\/01\/IMG_8247.jpg\" alt=\"\" \/>\n                            <\/div>\n\n            <div class=\"shortcut-item--action\">\n                <h3>62\u00b0N Guesthouse Marknagil<\/h3>\n\n                <img decoding=\"async\" src=\"https:\/\/www.62n.fo\/wp-content\/themes\/lunnar-62n-2023\/images\/icon-circle-chevron.svg\" class=\"injectable\" \/>            <\/div>\n        <\/a>\n            <a href=\"https:\/\/www.pazrestaurant.fo\/\" class=\"shortcut-item\">\n            <div class=\"shortcut-item--image\">\n                                    <img decoding=\"async\" src=\"https:\/\/www.62n.fo\/wp-content\/uploads\/2025\/03\/PAZ_Bumerki_primera.png\" alt=\"\" \/>\n                            <\/div>\n\n            <div class=\"shortcut-item--action\">\n                <h3>Paz Restaurant<\/h3>\n\n                <img decoding=\"async\" src=\"https:\/\/www.62n.fo\/wp-content\/themes\/lunnar-62n-2023\/images\/icon-circle-chevron.svg\" class=\"injectable\" \/>            <\/div>\n        <\/a>\n    <\/div>\n\n\n<div style=\"height:8rem\" aria-hidden=\"true\" class=\"wp-block-spacer\"><\/div>\n\n\n\n<h2 class=\"wp-block-heading has-text-align-center has-primary-color has-text-color\" style=\"text-transform:uppercase\">62\u00b0N HOTEL CITY CENTER<\/h2>\n\n\n\n<h4 class=\"wp-block-heading\">62N hotel er et nyt 3-stjernet hotel i Torshavn centrum. Hotellet har 19 v\u00e6relser i alt, 17 standard, et superior og en suite, alle designet og indrettet med moderne og lyse faciliteter.<\/h4>\n\n\n\n<h4 class=\"wp-block-heading\">Alle v\u00e6relser har fladsk\u00e6rms tv, et lille skrivebord, skabe, gratis Wi-Fi og gulvvarme p\u00e5 badev\u00e6relset.<br>V\u00e6relserne er anbragt p\u00e5 tre etager og elevator, med superior og suiten p\u00e5 \u00f8verste etage, som hver har en balkon med udsigt over byen og havnen.<\/h4>\n\n\n\n<h4 class=\"wp-block-heading\">62N Hotel er det rigtige sted til g\u00e6ster, som \u00f8nsker en sammens\u00e6tning af komfort og praktisk beliggenhed, med gode muligheder for at opleve Torshavns butikker, restauranter, offentlig transport, kultur og turist attraktioner til fods.<\/h4>\n\n\n\n<h4 class=\"wp-block-heading\">Hver morgen serveres en varieret buff\u00e9t i restauranten p\u00e5 stueetagen, inkluderet i v\u00e6relsesprisen.<\/h4>\n\n\n\n<h4 class=\"wp-block-heading\">Dette er et hotel til b\u00e5de handels- &amp; fritidsrejsende. Det er ogs\u00e5 popul\u00e6rt til grupper, da alle standardv\u00e6relserne er ens.<\/h4>\n\n\n\n<div style=\"height:8rem\" aria-hidden=\"true\" class=\"wp-block-spacer\"><\/div>\n\n\n\n<div class=\"wp-block-columns alignwide is-layout-flex wp-container-core-columns-is-layout-9d6595d7 wp-block-columns-is-layout-flex\">\n<div class=\"wp-block-column is-layout-flow wp-block-column-is-layout-flow\"><\/div>\n<\/div>\n\n\n\n<div  class=\"lunnar-embed alignwide\" data-type=\"youtube\" data-id=\"zvfe4oeTd7c\">\n    \n            <a href=\"#\" class=\"embed--image lunnar-embed-video-overlay\">\n                            <img decoding=\"async\" src=\"https:\/\/img.youtube.com\/vi\/zvfe4oeTd7c\/maxresdefault.jpg\" \/>\n            \n            <div class=\"embed--image-btn\"><img decoding=\"async\" src=\"https:\/\/www.62n.fo\/wp-content\/themes\/lunnar-62n-2023\/images\/icon-play.svg\" class=\"injectable\" \/><\/div>\n        <\/a>\n    <\/div>\n\n\n<p><\/p>\n\n\n\n<div style=\"height:8rem\" aria-hidden=\"true\" class=\"wp-block-spacer\"><\/div>\n\n\n\n<h3 class=\"wp-block-heading\">Vis p\u00e5 kort<\/h3>\n\n\n\n<p class=\"has-text-align-left\">Doktara Jakobsens g\u00f8ta, 14 16, T\u00f3rshavn 100, Faroe Islands<\/p>\n\n\n\n<iframe src=\"https:\/\/www.google.com\/maps\/embed?pb=!1m14!1m8!1m3!1d14979.90832268669!2d-6.778983!3d62.010046!3m2!1i1024!2i768!4f13.1!3m3!1m2!1s0x48bc2e0448038571%3A0x772d4ca323af24c!2s62N%20Hotel%20City%20Center!5e0!3m2!1sda!2sus!4v1706279280818!5m2!1sda!2sus\" width=\"1100\" height=\"550\" style=\"border:0;\" allowfullscreen=\"\" loading=\"lazy\" referrerpolicy=\"no-referrer-when-downgrade\"><\/iframe>\n\n\n\n<div style=\"height:100px\" aria-hidden=\"true\" class=\"wp-block-spacer\"><\/div>\n","protected":false},"excerpt":{"rendered":"<p>V\u00e6relser 62\u00b0N HOTEL CITY CENTER 62N hotel er et nyt 3-stjernet hotel i Torshavn centrum. Hotellet har 19 v\u00e6relser i alt, 17 standard, et superior og en suite, alle designet og indrettet med moderne og lyse faciliteter. Alle v\u00e6relser har fladsk\u00e6rms tv, et lille skrivebord, skabe, gratis Wi-Fi og gulvvarme p\u00e5 badev\u00e6relset.V\u00e6relserne er anbragt p\u00e5 [&hellip;]<\/p>\n","protected":false},"author":2,"featured_media":0,"parent":0,"menu_order":0,"comment_status":"closed","ping_status":"closed","template":"","meta":{"_acf_changed":false,"_uag_custom_page_level_css":"","footnotes":""},"class_list":["post-10757","page","type-page","status-publish","hentry"],"acf":[],"yoast_head":"<!-- This site is optimized with the Yoast SEO plugin v27.4 - https:\/\/yoast.com\/product\/yoast-seo-wordpress\/ -->\n<title>62\u00b0N Hotel - 62N<\/title>\n<meta name=\"robots\" content=\"index, follow, max-snippet:-1, max-image-preview:large, max-video-preview:-1\" \/>\n<link rel=\"canonical\" href=\"https:\/\/www.62n.fo\/da\/62n-hotel\/\" \/>\n<meta property=\"og:locale\" content=\"da_DK\" \/>\n<meta property=\"og:type\" content=\"article\" \/>\n<meta property=\"og:title\" content=\"62\u00b0N Hotel - 62N\" \/>\n<meta property=\"og:description\" content=\"V\u00e6relser 62\u00b0N HOTEL CITY CENTER 62N hotel er et nyt 3-stjernet hotel i Torshavn centrum. Hotellet har 19 v\u00e6relser i alt, 17 standard, et superior og en suite, alle designet og indrettet med moderne og lyse faciliteter. Alle v\u00e6relser har fladsk\u00e6rms tv, et lille skrivebord, skabe, gratis Wi-Fi og gulvvarme p\u00e5 badev\u00e6relset.V\u00e6relserne er anbragt p\u00e5 [&hellip;]\" \/>\n<meta property=\"og:url\" content=\"https:\/\/www.62n.fo\/da\/62n-hotel\/\" \/>\n<meta property=\"og:site_name\" content=\"62N\" \/>\n<meta property=\"article:modified_time\" content=\"2025-03-07T15:59:28+00:00\" \/>\n<meta property=\"og:image\" content=\"https:\/\/www.62n.fo\/wp-content\/uploads\/2024\/01\/7G5A0780-1600x1067.jpg\" \/>\n<meta name=\"twitter:card\" content=\"summary_large_image\" \/>\n<meta name=\"twitter:label1\" content=\"Estimeret l\u00e6setid\" \/>\n\t<meta name=\"twitter:data1\" content=\"3 minutter\" \/>\n<script type=\"application\/ld+json\" class=\"yoast-schema-graph\">{\"@context\":\"https:\\\/\\\/schema.org\",\"@graph\":[{\"@type\":\"WebPage\",\"@id\":\"https:\\\/\\\/www.62n.fo\\\/da\\\/62n-hotel\\\/\",\"url\":\"https:\\\/\\\/www.62n.fo\\\/da\\\/62n-hotel\\\/\",\"name\":\"62\u00b0N Hotel - 62N\",\"isPartOf\":{\"@id\":\"https:\\\/\\\/www.62n.fo\\\/da\\\/#website\"},\"primaryImageOfPage\":{\"@id\":\"https:\\\/\\\/www.62n.fo\\\/da\\\/62n-hotel\\\/#primaryimage\"},\"image\":{\"@id\":\"https:\\\/\\\/www.62n.fo\\\/da\\\/62n-hotel\\\/#primaryimage\"},\"thumbnailUrl\":\"https:\\\/\\\/www.62n.fo\\\/wp-content\\\/uploads\\\/2024\\\/01\\\/7G5A0780-1600x1067.jpg\",\"datePublished\":\"2023-11-15T12:02:55+00:00\",\"dateModified\":\"2025-03-07T15:59:28+00:00\",\"breadcrumb\":{\"@id\":\"https:\\\/\\\/www.62n.fo\\\/da\\\/62n-hotel\\\/#breadcrumb\"},\"inLanguage\":\"da-DK\",\"potentialAction\":[{\"@type\":\"ReadAction\",\"target\":[\"https:\\\/\\\/www.62n.fo\\\/da\\\/62n-hotel\\\/\"]}]},{\"@type\":\"ImageObject\",\"inLanguage\":\"da-DK\",\"@id\":\"https:\\\/\\\/www.62n.fo\\\/da\\\/62n-hotel\\\/#primaryimage\",\"url\":\"https:\\\/\\\/www.62n.fo\\\/wp-content\\\/uploads\\\/2024\\\/01\\\/7G5A0780-1600x1067.jpg\",\"contentUrl\":\"https:\\\/\\\/www.62n.fo\\\/wp-content\\\/uploads\\\/2024\\\/01\\\/7G5A0780-1600x1067.jpg\"},{\"@type\":\"BreadcrumbList\",\"@id\":\"https:\\\/\\\/www.62n.fo\\\/da\\\/62n-hotel\\\/#breadcrumb\",\"itemListElement\":[{\"@type\":\"ListItem\",\"position\":1,\"name\":\"Home\",\"item\":\"https:\\\/\\\/www.62n.fo\\\/da\\\/\"},{\"@type\":\"ListItem\",\"position\":2,\"name\":\"62\u00b0N Hotel\"}]},{\"@type\":\"WebSite\",\"@id\":\"https:\\\/\\\/www.62n.fo\\\/da\\\/#website\",\"url\":\"https:\\\/\\\/www.62n.fo\\\/da\\\/\",\"name\":\"62N\",\"description\":\"Just another WordPress site\",\"potentialAction\":[{\"@type\":\"SearchAction\",\"target\":{\"@type\":\"EntryPoint\",\"urlTemplate\":\"https:\\\/\\\/www.62n.fo\\\/da\\\/?s={search_term_string}\"},\"query-input\":{\"@type\":\"PropertyValueSpecification\",\"valueRequired\":true,\"valueName\":\"search_term_string\"}}],\"inLanguage\":\"da-DK\"}]}<\/script>\n<!-- \/ Yoast SEO plugin. -->","yoast_head_json":{"title":"62\u00b0N Hotel - 62N","robots":{"index":"index","follow":"follow","max-snippet":"max-snippet:-1","max-image-preview":"max-image-preview:large","max-video-preview":"max-video-preview:-1"},"canonical":"https:\/\/www.62n.fo\/da\/62n-hotel\/","og_locale":"da_DK","og_type":"article","og_title":"62\u00b0N Hotel - 62N","og_description":"V\u00e6relser 62\u00b0N HOTEL CITY CENTER 62N hotel er et nyt 3-stjernet hotel i Torshavn centrum. Hotellet har 19 v\u00e6relser i alt, 17 standard, et superior og en suite, alle designet og indrettet med moderne og lyse faciliteter. Alle v\u00e6relser har fladsk\u00e6rms tv, et lille skrivebord, skabe, gratis Wi-Fi og gulvvarme p\u00e5 badev\u00e6relset.V\u00e6relserne er anbragt p\u00e5 [&hellip;]","og_url":"https:\/\/www.62n.fo\/da\/62n-hotel\/","og_site_name":"62N","article_modified_time":"2025-03-07T15:59:28+00:00","og_image":[{"url":"https:\/\/www.62n.fo\/wp-content\/uploads\/2024\/01\/7G5A0780-1600x1067.jpg","type":"","width":"","height":""}],"twitter_card":"summary_large_image","twitter_misc":{"Estimeret l\u00e6setid":"3 minutter"},"schema":{"@context":"https:\/\/schema.org","@graph":[{"@type":"WebPage","@id":"https:\/\/www.62n.fo\/da\/62n-hotel\/","url":"https:\/\/www.62n.fo\/da\/62n-hotel\/","name":"62\u00b0N Hotel - 62N","isPartOf":{"@id":"https:\/\/www.62n.fo\/da\/#website"},"primaryImageOfPage":{"@id":"https:\/\/www.62n.fo\/da\/62n-hotel\/#primaryimage"},"image":{"@id":"https:\/\/www.62n.fo\/da\/62n-hotel\/#primaryimage"},"thumbnailUrl":"https:\/\/www.62n.fo\/wp-content\/uploads\/2024\/01\/7G5A0780-1600x1067.jpg","datePublished":"2023-11-15T12:02:55+00:00","dateModified":"2025-03-07T15:59:28+00:00","breadcrumb":{"@id":"https:\/\/www.62n.fo\/da\/62n-hotel\/#breadcrumb"},"inLanguage":"da-DK","potentialAction":[{"@type":"ReadAction","target":["https:\/\/www.62n.fo\/da\/62n-hotel\/"]}]},{"@type":"ImageObject","inLanguage":"da-DK","@id":"https:\/\/www.62n.fo\/da\/62n-hotel\/#primaryimage","url":"https:\/\/www.62n.fo\/wp-content\/uploads\/2024\/01\/7G5A0780-1600x1067.jpg","contentUrl":"https:\/\/www.62n.fo\/wp-content\/uploads\/2024\/01\/7G5A0780-1600x1067.jpg"},{"@type":"BreadcrumbList","@id":"https:\/\/www.62n.fo\/da\/62n-hotel\/#breadcrumb","itemListElement":[{"@type":"ListItem","position":1,"name":"Home","item":"https:\/\/www.62n.fo\/da\/"},{"@type":"ListItem","position":2,"name":"62\u00b0N Hotel"}]},{"@type":"WebSite","@id":"https:\/\/www.62n.fo\/da\/#website","url":"https:\/\/www.62n.fo\/da\/","name":"62N","description":"Just another WordPress site","potentialAction":[{"@type":"SearchAction","target":{"@type":"EntryPoint","urlTemplate":"https:\/\/www.62n.fo\/da\/?s={search_term_string}"},"query-input":{"@type":"PropertyValueSpecification","valueRequired":true,"valueName":"search_term_string"}}],"inLanguage":"da-DK"}]}},"uagb_featured_image_src":{"full":false,"thumbnail":false,"medium":false,"medium_large":false,"large":false,"1536x1536":false,"2048x2048":false},"uagb_author_info":{"display_name":"leivur@62n.fo","author_link":"https:\/\/www.62n.fo\/da\/author\/leivur62n-fo\/"},"uagb_comment_info":0,"uagb_excerpt":"V\u00e6relser 62\u00b0N HOTEL CITY CENTER 62N hotel er et nyt 3-stjernet hotel i Torshavn centrum. Hotellet har 19 v\u00e6relser i alt, 17 standard, et superior og en suite, alle designet og indrettet med moderne og lyse faciliteter. Alle v\u00e6relser har fladsk\u00e6rms tv, et lille skrivebord, skabe, gratis Wi-Fi og gulvvarme p\u00e5 badev\u00e6relset.V\u00e6relserne er anbragt p\u00e5&hellip;","_links":{"self":[{"href":"https:\/\/www.62n.fo\/da\/wp-json\/wp\/v2\/pages\/10757","targetHints":{"allow":["GET"]}}],"collection":[{"href":"https:\/\/www.62n.fo\/da\/wp-json\/wp\/v2\/pages"}],"about":[{"href":"https:\/\/www.62n.fo\/da\/wp-json\/wp\/v2\/types\/page"}],"author":[{"embeddable":true,"href":"https:\/\/www.62n.fo\/da\/wp-json\/wp\/v2\/users\/2"}],"replies":[{"embeddable":true,"href":"https:\/\/www.62n.fo\/da\/wp-json\/wp\/v2\/comments?post=10757"}],"version-history":[{"count":13,"href":"https:\/\/www.62n.fo\/da\/wp-json\/wp\/v2\/pages\/10757\/revisions"}],"predecessor-version":[{"id":18161,"href":"https:\/\/www.62n.fo\/da\/wp-json\/wp\/v2\/pages\/10757\/revisions\/18161"}],"wp:attachment":[{"href":"https:\/\/www.62n.fo\/da\/wp-json\/wp\/v2\/media?parent=10757"}],"curies":[{"name":"wp","href":"https:\/\/api.w.org\/{rel}","templated":true}]}}